{"id":1054,"date":"2026-04-14T21:13:04","date_gmt":"2026-04-14T20:13:04","guid":{"rendered":"https:\/\/www.iksz.eu\/?page_id=1054"},"modified":"2026-04-15T23:16:01","modified_gmt":"2026-04-15T22:16:01","slug":"nyugdij-kalkulator","status":"publish","type":"page","link":"https:\/\/www.iksz.eu\/en\/nyugdij-kalkulator\/","title":{"rendered":"Nyugd\u00edj kalkul\u00e1tor"},"content":{"rendered":"<div class=\"tu-retirement-widget\" style=\"max-width: 500px; margin: 20px auto; padding: 30px; background: #ffffff; border: 1px solid #e2e8f0; border-top: 5px solid #dc2626; border-radius: 8px; box-shadow: 0 4px 6px rgba(0,0,0,0.05); font-family: inherit;\">\r\n        <h3 style=\"margin-top: 0; color: #1e293b;\">Mikor mehetek nyugd\u00edjba?<\/h3>\r\n        <p style=\"color: #475569; font-size: 0.95em;\">Sz\u00e1mold ki, h\u00e1ny napod van m\u00e9g h\u00e1tra a hivatalos \u00f6regs\u00e9gi nyugd\u00edjkorhat\u00e1rig a hat\u00e1lyos magyar jogszab\u00e1lyok szerint (65 \u00e9v).<\/p>\r\n        \r\n        <form method=\"POST\" action=\"\" data-trp-original-action=\"\">\r\n            <input type=\"hidden\" id=\"tu_retirement_nonce\" name=\"tu_retirement_nonce\" value=\"bf33a6d347\" \/><input type=\"hidden\" name=\"_wp_http_referer\" value=\"\/en\/wp-json\/wp\/v2\/pages\/1054\" \/>            \r\n            <div style=\"margin-bottom: 15px;\">\r\n                <label for=\"tu_dob\" style=\"display:block; margin-bottom: 8px; font-weight: bold; color: #334155;\">Sz\u00fclet\u00e9si d\u00e1tum:<\/label>\r\n                <input type=\"date\" id=\"tu_dob\" name=\"tu_dob\" value=\"\" required style=\"width: 100%; padding: 10px; border: 1px solid #cbd5e1; border-radius: 4px; box-sizing: border-box;\">\r\n            <\/div>\r\n\r\n            <div style=\"margin-bottom: 20px;\">\r\n                <label for=\"tu_gender\" style=\"display:block; margin-bottom: 8px; font-weight: bold; color: #334155;\">Nem:<\/label>\r\n                <select id=\"tu_gender\" name=\"tu_gender\" required style=\"width: 100%; padding: 10px; border: 1px solid #cbd5e1; border-radius: 4px; box-sizing: border-box;\">\r\n                    <option value=\"\" disabled selected>V\u00e1lasszon...<\/option>\r\n                    <option value=\"male\" >F\u00e9rfi<\/option>\r\n                    <option value=\"female\" >N\u0151<\/option>\r\n                <\/select>\r\n            <\/div>\r\n            \r\n            <button type=\"submit\" name=\"tu_calc_retirement\" style=\"background-color: #dc2626; color: white; border: none; padding: 12px 15px; cursor: pointer; border-radius: 4px; width: 100%; font-size: 1.05em; font-weight: bold; transition: background 0.2s;\">Kisz\u00e1mol\u00e1s<\/button>\r\n        <input type=\"hidden\" name=\"trp-form-language\" value=\"en\"\/><\/form>\r\n\r\n            <\/div>\r\n    \n\n\n\n<p class=\"has-vivid-green-cyan-color has-text-color has-link-color wp-elements-583f2c61406dc5c76abe57e55a7c0622\"><strong>(az itt tal\u00e1lhat\u00f3 adatok t\u00e1j\u00e9koztat\u00f3 jelleg\u0171ek \u00e9s nem felt\u00e9tlen\u00fcl 100%-ban helyesek)<\/strong><\/p>","protected":false},"excerpt":{"rendered":"<p>(az itt tal\u00e1lhat\u00f3 adatok t\u00e1j\u00e9koztat\u00f3 jelleg\u0171ek \u00e9s nem felt\u00e9tlen\u00fcl 100%-ban helyesek)<\/p>","protected":false},"author":1,"featured_media":0,"parent":0,"menu_order":0,"comment_status":"closed","ping_status":"closed","template":"","meta":{"footnotes":""},"class_list":["post-1054","page","type-page","status-publish","hentry"],"yoast_head":"<!-- This site is optimized with the Yoast SEO plugin v27.4 - https:\/\/yoast.com\/product\/yoast-seo-wordpress\/ -->\n<title>Nyugd\u00edj kalkul\u00e1tor - Info Kommunik\u00e1ci\u00f3s Szakszervezet<\/title>\n<meta name=\"robots\" content=\"index, follow, max-snippet:-1, max-image-preview:large, max-video-preview:-1\" \/>\n<link rel=\"canonical\" href=\"https:\/\/www.iksz.eu\/en\/nyugdij-kalkulator\/\" \/>\n<meta property=\"og:locale\" content=\"en_GB\" \/>\n<meta property=\"og:type\" content=\"article\" \/>\n<meta property=\"og:title\" content=\"Nyugd\u00edj kalkul\u00e1tor - Info Kommunik\u00e1ci\u00f3s Szakszervezet\" \/>\n<meta property=\"og:description\" content=\"(az itt tal\u00e1lhat\u00f3 adatok t\u00e1j\u00e9koztat\u00f3 jelleg\u0171ek \u00e9s nem felt\u00e9tlen\u00fcl 100%-ban helyesek)\" \/>\n<meta property=\"og:url\" content=\"https:\/\/www.iksz.eu\/en\/nyugdij-kalkulator\/\" \/>\n<meta property=\"og:site_name\" content=\"Info Kommunik\u00e1ci\u00f3s Szakszervezet\" \/>\n<meta property=\"article:modified_time\" content=\"2026-04-15T22:16:01+00:00\" \/>\n<meta name=\"twitter:card\" content=\"summary_large_image\" \/>\n<meta name=\"twitter:label1\" content=\"Estimated reading time\" \/>\n\t<meta name=\"twitter:data1\" content=\"1 minute\" \/>\n<script type=\"application\/ld+json\" class=\"yoast-schema-graph\">{\"@context\":\"https:\\\/\\\/schema.org\",\"@graph\":[{\"@type\":\"WebPage\",\"@id\":\"https:\\\/\\\/www.iksz.eu\\\/nyugdij-kalkulator\\\/\",\"url\":\"https:\\\/\\\/www.iksz.eu\\\/nyugdij-kalkulator\\\/\",\"name\":\"Nyugd\u00edj kalkul\u00e1tor - Info Kommunik\u00e1ci\u00f3s Szakszervezet\",\"isPartOf\":{\"@id\":\"https:\\\/\\\/www.iksz.eu\\\/#website\"},\"datePublished\":\"2026-04-14T20:13:04+00:00\",\"dateModified\":\"2026-04-15T22:16:01+00:00\",\"breadcrumb\":{\"@id\":\"https:\\\/\\\/www.iksz.eu\\\/nyugdij-kalkulator\\\/#breadcrumb\"},\"inLanguage\":\"en-GB\",\"potentialAction\":[{\"@type\":\"ReadAction\",\"target\":[\"https:\\\/\\\/www.iksz.eu\\\/nyugdij-kalkulator\\\/\"]}]},{\"@type\":\"BreadcrumbList\",\"@id\":\"https:\\\/\\\/www.iksz.eu\\\/nyugdij-kalkulator\\\/#breadcrumb\",\"itemListElement\":[{\"@type\":\"ListItem\",\"position\":1,\"name\":\"Kezd\u0151lap\",\"item\":\"https:\\\/\\\/www.iksz.eu\\\/\"},{\"@type\":\"ListItem\",\"position\":2,\"name\":\"Nyugd\u00edj kalkul\u00e1tor\"}]},{\"@type\":\"WebSite\",\"@id\":\"https:\\\/\\\/www.iksz.eu\\\/#website\",\"url\":\"https:\\\/\\\/www.iksz.eu\\\/\",\"name\":\"Info Kommunik\u00e1ci\u00f3s Szakszervezet \\\/ IKSZ\",\"description\":\"\",\"publisher\":{\"@id\":\"https:\\\/\\\/www.iksz.eu\\\/#organization\"},\"potentialAction\":[{\"@type\":\"SearchAction\",\"target\":{\"@type\":\"EntryPoint\",\"urlTemplate\":\"https:\\\/\\\/www.iksz.eu\\\/?s={search_term_string}\"},\"query-input\":{\"@type\":\"PropertyValueSpecification\",\"valueRequired\":true,\"valueName\":\"search_term_string\"}}],\"inLanguage\":\"en-GB\"},{\"@type\":\"Organization\",\"@id\":\"https:\\\/\\\/www.iksz.eu\\\/#organization\",\"name\":\"Info Kommunik\u00e1ci\u00f3s Szakszervezet \\\/ IKSZ\",\"url\":\"https:\\\/\\\/www.iksz.eu\\\/\",\"logo\":{\"@type\":\"ImageObject\",\"inLanguage\":\"en-GB\",\"@id\":\"https:\\\/\\\/www.iksz.eu\\\/#\\\/schema\\\/logo\\\/image\\\/\",\"url\":\"https:\\\/\\\/www.iksz.eu\\\/wp-content\\\/uploads\\\/2025\\\/01\\\/cropped-ginop_iksz.png\",\"contentUrl\":\"https:\\\/\\\/www.iksz.eu\\\/wp-content\\\/uploads\\\/2025\\\/01\\\/cropped-ginop_iksz.png\",\"width\":1125,\"height\":250,\"caption\":\"Info Kommunik\u00e1ci\u00f3s Szakszervezet \\\/ IKSZ\"},\"image\":{\"@id\":\"https:\\\/\\\/www.iksz.eu\\\/#\\\/schema\\\/logo\\\/image\\\/\"}}]}<\/script>\n<!-- \/ Yoast SEO plugin. -->","yoast_head_json":{"title":"Nyugd\u00edj kalkul\u00e1tor - Info Kommunik\u00e1ci\u00f3s Szakszervezet","robots":{"index":"index","follow":"follow","max-snippet":"max-snippet:-1","max-image-preview":"max-image-preview:large","max-video-preview":"max-video-preview:-1"},"canonical":"https:\/\/www.iksz.eu\/en\/nyugdij-kalkulator\/","og_locale":"en_GB","og_type":"article","og_title":"Nyugd\u00edj kalkul\u00e1tor - Info Kommunik\u00e1ci\u00f3s Szakszervezet","og_description":"(az itt tal\u00e1lhat\u00f3 adatok t\u00e1j\u00e9koztat\u00f3 jelleg\u0171ek \u00e9s nem felt\u00e9tlen\u00fcl 100%-ban helyesek)","og_url":"https:\/\/www.iksz.eu\/en\/nyugdij-kalkulator\/","og_site_name":"Info Kommunik\u00e1ci\u00f3s Szakszervezet","article_modified_time":"2026-04-15T22:16:01+00:00","twitter_card":"summary_large_image","twitter_misc":{"Estimated reading time":"1 minute"},"schema":{"@context":"https:\/\/schema.org","@graph":[{"@type":"WebPage","@id":"https:\/\/www.iksz.eu\/nyugdij-kalkulator\/","url":"https:\/\/www.iksz.eu\/nyugdij-kalkulator\/","name":"Nyugd\u00edj kalkul\u00e1tor - Info Kommunik\u00e1ci\u00f3s Szakszervezet","isPartOf":{"@id":"https:\/\/www.iksz.eu\/#website"},"datePublished":"2026-04-14T20:13:04+00:00","dateModified":"2026-04-15T22:16:01+00:00","breadcrumb":{"@id":"https:\/\/www.iksz.eu\/nyugdij-kalkulator\/#breadcrumb"},"inLanguage":"en-GB","potentialAction":[{"@type":"ReadAction","target":["https:\/\/www.iksz.eu\/nyugdij-kalkulator\/"]}]},{"@type":"BreadcrumbList","@id":"https:\/\/www.iksz.eu\/nyugdij-kalkulator\/#breadcrumb","itemListElement":[{"@type":"ListItem","position":1,"name":"Kezd\u0151lap","item":"https:\/\/www.iksz.eu\/"},{"@type":"ListItem","position":2,"name":"Nyugd\u00edj kalkul\u00e1tor"}]},{"@type":"WebSite","@id":"https:\/\/www.iksz.eu\/#website","url":"https:\/\/www.iksz.eu\/","name":"Info Communication Trade Union \/ ICFTU","description":"","publisher":{"@id":"https:\/\/www.iksz.eu\/#organization"},"potentialAction":[{"@type":"SearchAction","target":{"@type":"EntryPoint","urlTemplate":"https:\/\/www.iksz.eu\/?s={search_term_string}"},"query-input":{"@type":"PropertyValueSpecification","valueRequired":true,"valueName":"search_term_string"}}],"inLanguage":"en-GB"},{"@type":"Organization","@id":"https:\/\/www.iksz.eu\/#organization","name":"Info Communication Trade Union \/ ICFTU","url":"https:\/\/www.iksz.eu\/","logo":{"@type":"ImageObject","inLanguage":"en-GB","@id":"https:\/\/www.iksz.eu\/#\/schema\/logo\/image\/","url":"https:\/\/www.iksz.eu\/wp-content\/uploads\/2025\/01\/cropped-ginop_iksz.png","contentUrl":"https:\/\/www.iksz.eu\/wp-content\/uploads\/2025\/01\/cropped-ginop_iksz.png","width":1125,"height":250,"caption":"Info Kommunik\u00e1ci\u00f3s Szakszervezet \/ IKSZ"},"image":{"@id":"https:\/\/www.iksz.eu\/#\/schema\/logo\/image\/"}}]}},"_links":{"self":[{"href":"https:\/\/www.iksz.eu\/en\/wp-json\/wp\/v2\/pages\/1054","targetHints":{"allow":["GET"]}}],"collection":[{"href":"https:\/\/www.iksz.eu\/en\/wp-json\/wp\/v2\/pages"}],"about":[{"href":"https:\/\/www.iksz.eu\/en\/wp-json\/wp\/v2\/types\/page"}],"author":[{"embeddable":true,"href":"https:\/\/www.iksz.eu\/en\/wp-json\/wp\/v2\/users\/1"}],"replies":[{"embeddable":true,"href":"https:\/\/www.iksz.eu\/en\/wp-json\/wp\/v2\/comments?post=1054"}],"version-history":[{"count":2,"href":"https:\/\/www.iksz.eu\/en\/wp-json\/wp\/v2\/pages\/1054\/revisions"}],"predecessor-version":[{"id":1110,"href":"https:\/\/www.iksz.eu\/en\/wp-json\/wp\/v2\/pages\/1054\/revisions\/1110"}],"wp:attachment":[{"href":"https:\/\/www.iksz.eu\/en\/wp-json\/wp\/v2\/media?parent=1054"}],"curies":[{"name":"wp","href":"https:\/\/api.w.org\/{rel}","templated":true}]}}