{"id":107,"date":"2024-01-05T11:44:13","date_gmt":"2024-01-05T11:44:13","guid":{"rendered":"https:\/\/www.iksz.eu\/?page_id=107"},"modified":"2026-03-30T08:58:22","modified_gmt":"2026-03-30T07:58:22","slug":"belepesi-es-kilepesi-nyilatkozatok","status":"publish","type":"page","link":"https:\/\/www.iksz.eu\/en\/belepesi-es-kilepesi-nyilatkozatok\/","title":{"rendered":"Declarations of connection"},"content":{"rendered":"<p class=\"has-vivid-green-cyan-color has-text-color has-link-color has-small-font-size wp-elements-a31a2eca6434487170a880f7350f65e9\">(A PDF file will be generated with the data provided, which the system will send to you automatically. The data will not be stored on the server. If you do not want to connect via the site, the application forms are also available in a downloadable version at the bottom of the page.)<\/p>\n\n\n\n<p><strong>LO006 - DT-TSI<\/strong><\/p>\n\n\n\n<p><a href=\"https:\/\/www.iksz.eu\/en\/belepesi-es-kilepesi-nyilatkozatok\/asz006-dt-tsi-berbol-levonassal\/\" target=\"_blank\" rel=\"noreferrer noopener\">ASZ006 (DT-TSI) entry declaration (with payroll deduction)<\/a> HU<\/p>\n\n\n\n<p><a href=\"https:\/\/www.iksz.eu\/en\/belepesi-es-kilepesi-nyilatkozatok\/asz006-dt-tsi-rendszeres-banki-atutalassal\/\" target=\"_blank\" rel=\"noreferrer noopener\">ASZ006 (DT-TSI) entry declaration (with voluntary payment)<\/a> HU<\/p>\n\n\n\n<p><a href=\"https:\/\/www.iksz.eu\/en\/belepesi-es-kilepesi-nyilatkozatok\/asz006-dt-tsi-gyakornok-kismama-nyugdijas\/\" target=\"_blank\" rel=\"noreferrer noopener\">ASZ006 (DT-TSI) entry declaration for trainees (with voluntary payment)<\/a> HU<\/p>\n\n\n\n<p><a href=\"https:\/\/www.iksz.eu\/en\/belepesi-es-kilepesi-nyilatkozatok\/lo006-dt-tsi-deduction-from-wages\/\" target=\"_blank\" rel=\"noreferrer noopener\">LO006 (DT-TSI) application form (with deduction by payroll)<\/a> EN<\/p>\n\n\n\n<p><a href=\"https:\/\/www.iksz.eu\/en\/belepesi-es-kilepesi-nyilatkozatok\/lo006-dt-tsi-regular-bank-trasfer\/\" target=\"_blank\" rel=\"noreferrer noopener\">LO006 (DT-TSI) application form (with self payment)<\/a> EN<\/p>\n\n\n\n<p><a href=\"https:\/\/www.iksz.eu\/en\/belepesi-es-kilepesi-nyilatkozatok\/lo006-dt-tsi-trainee-maternity-leave-pensioner\/\" target=\"_blank\" rel=\"noreferrer noopener\">LO006 (DT-TSI) application form for trainees (with self payment)<\/a> EN<\/p>\n\n\n\n<p class=\"has-black-color has-text-color has-link-color wp-elements-3552b2f16ec496c9885b35b156a42a8e\">&#8212;<\/p>\n\n\n\n<p><strong>LO007 - DT-ITTC<\/strong><\/p>\n\n\n\n<p><a href=\"https:\/\/www.iksz.eu\/en\/belepesi-es-kilepesi-nyilatkozatok\/asz007-levonassal\/\" target=\"_blank\" rel=\"noreferrer noopener\">ASZ007 (DT-ITTC) entry declaration (with payroll deduction)<\/a> HU<\/p>\n\n\n\n<p><a href=\"https:\/\/www.iksz.eu\/en\/belepesi-es-kilepesi-nyilatkozatok\/asz007-dt-ittc-rendszeres-banki-atutalassal\/\" target=\"_blank\" rel=\"noreferrer noopener\">ASZ007 (DT-ITTC) entry form (with voluntary payment)<\/a> HU<\/p>\n\n\n\n<p><a href=\"https:\/\/www.iksz.eu\/en\/belepesi-es-kilepesi-nyilatkozatok\/asz007-dt-ittc-gyaroknok-kismama-nyugdijas\/\" target=\"_blank\" rel=\"noreferrer noopener\">ASZ007 (DT-ITTC) entry form for trainees (with voluntary payment)<\/a> HU<\/p>\n\n\n\n<p><a href=\"https:\/\/www.iksz.eu\/en\/belepesi-es-kilepesi-nyilatkozatok\/lo007-dt-ittc-deduction-from-wages\/\" target=\"_blank\" rel=\"noreferrer noopener\">LO007 (DT-ITTC) application form (with deduction by payroll)<\/a> EN<\/p>\n\n\n\n<p><a href=\"https:\/\/www.iksz.eu\/en\/belepesi-es-kilepesi-nyilatkozatok\/lo007-dt-ittc-regular-bank-transfer\/\" target=\"_blank\" rel=\"noreferrer noopener\">LO007 (DT-ITTC) application form (with self payment)<\/a> EN<\/p>\n\n\n\n<p><a href=\"https:\/\/www.iksz.eu\/en\/belepesi-es-kilepesi-nyilatkozatok\/lo007-dt-ittc-trainee-maternity-leave-pensioner\/\" target=\"_blank\" rel=\"noreferrer noopener\">LO007 (DT-ITTC) application form for trainees (with self payment)<\/a> EN<\/p>\n\n\n\n<p class=\"has-black-color has-text-color has-link-color wp-elements-3552b2f16ec496c9885b35b156a42a8e\">&#8212;<\/p>\n\n\n\n<p><strong>LO099 - n\/DT<\/strong><\/p>\n\n\n\n<p><a href=\"https:\/\/www.iksz.eu\/en\/belepesi-es-kilepesi-nyilatkozatok\/asz099-nem-dt-s\/\" target=\"_blank\" rel=\"noreferrer noopener\">ASZ099 (ICT employees outside DT-ITS) entry declaration<\/a> HU<\/p>\n\n\n\n<p><a href=\"https:\/\/www.iksz.eu\/en\/lo099-non-dt\/\" target=\"_blank\" rel=\"noreferrer noopener\">LO099 (ICT employees outside of DT-ITS) application form<\/a> EN<\/p>\n\n\n\n<p class=\"has-black-color has-text-color has-link-color wp-elements-3552b2f16ec496c9885b35b156a42a8e\">&#8212;<\/p>\n\n\n\n<p><strong>Exit<\/strong><\/p>\n\n\n\n<p><a href=\"https:\/\/www.iksz.eu\/en\/belepesi-es-kilepesi-nyilatkozatok\/kilepesi\/\" target=\"_blank\" rel=\"noreferrer noopener\">Exit declaration (all ASZ)<\/a> HU<\/p>\n\n\n\n<p><a href=\"https:\/\/www.iksz.eu\/en\/belepesi-es-kilepesi-nyilatkozatok\/exit-form\/\" target=\"_blank\" rel=\"noreferrer noopener\">Exit form (all LO)<\/a> EN<\/p>\n\n\n\n<p>&#8212;<\/p>\n\n\n\n<p class=\"has-vivid-red-color has-text-color has-link-color has-small-font-size wp-elements-5942be41301711c28d1117dd34a53e7f\"><a href=\"https:\/\/www.iksz.eu\/en\/belepesi-es-kilepesi-nyilatkozatok\/offline-nyilatkozatok\/\" target=\"_blank\" rel=\"noreferrer noopener\">DOWNLOADABLE APPLICATION AND EXIT FORMS<\/a><\/p>","protected":false},"excerpt":{"rendered":"<p>(A megadott adatokkal egy PDF f\u00e1jl ker\u00fcl legener\u00e1l\u00e1sra, amit elk\u00fcld a rendszer sz\u00e1modra automatikusan. Az adatok nem ker\u00fclnek t\u00e1rol\u00e1sra a szerveren. Amennyiben nem az oldalon kereszt\u00fcl szeretn\u00e9l csatlakozni, let\u00f6lthet\u0151 verzi\u00f3ban az oldal alj\u00e1r\u00f3l is el\u00e9rhet\u0151ek a csatlakoz\u00e1si nyilatkozatok.) ASZ006 &#8211; DT-TSI ASZ006 (DT-TSI) bel\u00e9p\u00e9si nyilatkozat (b\u00e9rsz\u00e1mfejt\u0151i levon\u00e1ssal) HU ASZ006 (DT-TSI) bel\u00e9p\u00e9si nyilatkozat (\u00f6nk\u00e9ntes befizet\u00e9ssel) HU &hellip; <\/p>\n<p class=\"link-more\"><a href=\"https:\/\/www.iksz.eu\/en\/belepesi-es-kilepesi-nyilatkozatok\/\" class=\"more-link\">Continue reading<span class=\"screen-reader-text\"> &#8222;Csatlakoz\u00e1si nyilatkozatok&#8221;<\/span><\/a><\/p>","protected":false},"author":1,"featured_media":0,"parent":0,"menu_order":0,"comment_status":"closed","ping_status":"closed","template":"","meta":{"footnotes":""},"class_list":["post-107","page","type-page","status-publish","hentry"],"yoast_head":"<!-- This site is optimized with the Yoast SEO plugin v27.4 - https:\/\/yoast.com\/product\/yoast-seo-wordpress\/ -->\n<title>Csatlakoz\u00e1si nyilatkozatok - Info Kommunik\u00e1ci\u00f3s Szakszervezet<\/title>\n<meta name=\"robots\" content=\"index, follow, max-snippet:-1, max-image-preview:large, max-video-preview:-1\" \/>\n<link rel=\"canonical\" href=\"https:\/\/www.iksz.eu\/en\/belepesi-es-kilepesi-nyilatkozatok\/\" \/>\n<meta property=\"og:locale\" content=\"en_GB\" \/>\n<meta property=\"og:type\" content=\"article\" \/>\n<meta property=\"og:title\" content=\"Csatlakoz\u00e1si nyilatkozatok - Info Kommunik\u00e1ci\u00f3s Szakszervezet\" \/>\n<meta property=\"og:description\" content=\"(A megadott adatokkal egy PDF f\u00e1jl ker\u00fcl legener\u00e1l\u00e1sra, amit elk\u00fcld a rendszer sz\u00e1modra automatikusan. Az adatok nem ker\u00fclnek t\u00e1rol\u00e1sra a szerveren. Amennyiben nem az oldalon kereszt\u00fcl szeretn\u00e9l csatlakozni, let\u00f6lthet\u0151 verzi\u00f3ban az oldal alj\u00e1r\u00f3l is el\u00e9rhet\u0151ek a csatlakoz\u00e1si nyilatkozatok.) ASZ006 &#8211; DT-TSI ASZ006 (DT-TSI) bel\u00e9p\u00e9si nyilatkozat (b\u00e9rsz\u00e1mfejt\u0151i levon\u00e1ssal) HU ASZ006 (DT-TSI) bel\u00e9p\u00e9si nyilatkozat (\u00f6nk\u00e9ntes befizet\u00e9ssel) HU &hellip; Continue reading &quot;Csatlakoz\u00e1si nyilatkozatok&quot;\" \/>\n<meta property=\"og:url\" content=\"https:\/\/www.iksz.eu\/en\/belepesi-es-kilepesi-nyilatkozatok\/\" \/>\n<meta property=\"og:site_name\" content=\"Info Kommunik\u00e1ci\u00f3s Szakszervezet\" \/>\n<meta property=\"article:modified_time\" content=\"2026-03-30T07:58:22+00:00\" \/>\n<meta name=\"twitter:card\" content=\"summary_large_image\" \/>\n<meta name=\"twitter:label1\" content=\"Estimated reading time\" \/>\n\t<meta name=\"twitter:data1\" content=\"1 minute\" \/>\n<script type=\"application\/ld+json\" class=\"yoast-schema-graph\">{\"@context\":\"https:\\\/\\\/schema.org\",\"@graph\":[{\"@type\":\"WebPage\",\"@id\":\"https:\\\/\\\/www.iksz.eu\\\/belepesi-es-kilepesi-nyilatkozatok\\\/\",\"url\":\"https:\\\/\\\/www.iksz.eu\\\/belepesi-es-kilepesi-nyilatkozatok\\\/\",\"name\":\"Csatlakoz\u00e1si nyilatkozatok - Info Kommunik\u00e1ci\u00f3s Szakszervezet\",\"isPartOf\":{\"@id\":\"https:\\\/\\\/www.iksz.eu\\\/#website\"},\"datePublished\":\"2024-01-05T11:44:13+00:00\",\"dateModified\":\"2026-03-30T07:58:22+00:00\",\"breadcrumb\":{\"@id\":\"https:\\\/\\\/www.iksz.eu\\\/belepesi-es-kilepesi-nyilatkozatok\\\/#breadcrumb\"},\"inLanguage\":\"en-GB\",\"potentialAction\":[{\"@type\":\"ReadAction\",\"target\":[\"https:\\\/\\\/www.iksz.eu\\\/belepesi-es-kilepesi-nyilatkozatok\\\/\"]}]},{\"@type\":\"BreadcrumbList\",\"@id\":\"https:\\\/\\\/www.iksz.eu\\\/belepesi-es-kilepesi-nyilatkozatok\\\/#breadcrumb\",\"itemListElement\":[{\"@type\":\"ListItem\",\"position\":1,\"name\":\"Kezd\u0151lap\",\"item\":\"https:\\\/\\\/www.iksz.eu\\\/\"},{\"@type\":\"ListItem\",\"position\":2,\"name\":\"Csatlakoz\u00e1si nyilatkozatok\"}]},{\"@type\":\"WebSite\",\"@id\":\"https:\\\/\\\/www.iksz.eu\\\/#website\",\"url\":\"https:\\\/\\\/www.iksz.eu\\\/\",\"name\":\"Info Kommunik\u00e1ci\u00f3s Szakszervezet \\\/ IKSZ\",\"description\":\"\",\"publisher\":{\"@id\":\"https:\\\/\\\/www.iksz.eu\\\/#organization\"},\"potentialAction\":[{\"@type\":\"SearchAction\",\"target\":{\"@type\":\"EntryPoint\",\"urlTemplate\":\"https:\\\/\\\/www.iksz.eu\\\/?s={search_term_string}\"},\"query-input\":{\"@type\":\"PropertyValueSpecification\",\"valueRequired\":true,\"valueName\":\"search_term_string\"}}],\"inLanguage\":\"en-GB\"},{\"@type\":\"Organization\",\"@id\":\"https:\\\/\\\/www.iksz.eu\\\/#organization\",\"name\":\"Info Kommunik\u00e1ci\u00f3s Szakszervezet \\\/ IKSZ\",\"url\":\"https:\\\/\\\/www.iksz.eu\\\/\",\"logo\":{\"@type\":\"ImageObject\",\"inLanguage\":\"en-GB\",\"@id\":\"https:\\\/\\\/www.iksz.eu\\\/#\\\/schema\\\/logo\\\/image\\\/\",\"url\":\"https:\\\/\\\/www.iksz.eu\\\/wp-content\\\/uploads\\\/2025\\\/01\\\/cropped-ginop_iksz.png\",\"contentUrl\":\"https:\\\/\\\/www.iksz.eu\\\/wp-content\\\/uploads\\\/2025\\\/01\\\/cropped-ginop_iksz.png\",\"width\":1125,\"height\":250,\"caption\":\"Info Kommunik\u00e1ci\u00f3s Szakszervezet \\\/ IKSZ\"},\"image\":{\"@id\":\"https:\\\/\\\/www.iksz.eu\\\/#\\\/schema\\\/logo\\\/image\\\/\"}}]}<\/script>\n<!-- \/ Yoast SEO plugin. -->","yoast_head_json":{"title":"Csatlakoz\u00e1si nyilatkozatok - Info Kommunik\u00e1ci\u00f3s Szakszervezet","robots":{"index":"index","follow":"follow","max-snippet":"max-snippet:-1","max-image-preview":"max-image-preview:large","max-video-preview":"max-video-preview:-1"},"canonical":"https:\/\/www.iksz.eu\/en\/belepesi-es-kilepesi-nyilatkozatok\/","og_locale":"en_GB","og_type":"article","og_title":"Csatlakoz\u00e1si nyilatkozatok - Info Kommunik\u00e1ci\u00f3s Szakszervezet","og_description":"(A megadott adatokkal egy PDF f\u00e1jl ker\u00fcl legener\u00e1l\u00e1sra, amit elk\u00fcld a rendszer sz\u00e1modra automatikusan. Az adatok nem ker\u00fclnek t\u00e1rol\u00e1sra a szerveren. Amennyiben nem az oldalon kereszt\u00fcl szeretn\u00e9l csatlakozni, let\u00f6lthet\u0151 verzi\u00f3ban az oldal alj\u00e1r\u00f3l is el\u00e9rhet\u0151ek a csatlakoz\u00e1si nyilatkozatok.) ASZ006 &#8211; DT-TSI ASZ006 (DT-TSI) bel\u00e9p\u00e9si nyilatkozat (b\u00e9rsz\u00e1mfejt\u0151i levon\u00e1ssal) HU ASZ006 (DT-TSI) bel\u00e9p\u00e9si nyilatkozat (\u00f6nk\u00e9ntes befizet\u00e9ssel) HU &hellip; Continue reading \"Csatlakoz\u00e1si nyilatkozatok\"","og_url":"https:\/\/www.iksz.eu\/en\/belepesi-es-kilepesi-nyilatkozatok\/","og_site_name":"Info Kommunik\u00e1ci\u00f3s Szakszervezet","article_modified_time":"2026-03-30T07:58:22+00:00","twitter_card":"summary_large_image","twitter_misc":{"Estimated reading time":"1 minute"},"schema":{"@context":"https:\/\/schema.org","@graph":[{"@type":"WebPage","@id":"https:\/\/www.iksz.eu\/belepesi-es-kilepesi-nyilatkozatok\/","url":"https:\/\/www.iksz.eu\/belepesi-es-kilepesi-nyilatkozatok\/","name":"Csatlakoz\u00e1si nyilatkozatok - Info Kommunik\u00e1ci\u00f3s Szakszervezet","isPartOf":{"@id":"https:\/\/www.iksz.eu\/#website"},"datePublished":"2024-01-05T11:44:13+00:00","dateModified":"2026-03-30T07:58:22+00:00","breadcrumb":{"@id":"https:\/\/www.iksz.eu\/belepesi-es-kilepesi-nyilatkozatok\/#breadcrumb"},"inLanguage":"en-GB","potentialAction":[{"@type":"ReadAction","target":["https:\/\/www.iksz.eu\/belepesi-es-kilepesi-nyilatkozatok\/"]}]},{"@type":"BreadcrumbList","@id":"https:\/\/www.iksz.eu\/belepesi-es-kilepesi-nyilatkozatok\/#breadcrumb","itemListElement":[{"@type":"ListItem","position":1,"name":"Kezd\u0151lap","item":"https:\/\/www.iksz.eu\/"},{"@type":"ListItem","position":2,"name":"Csatlakoz\u00e1si nyilatkozatok"}]},{"@type":"WebSite","@id":"https:\/\/www.iksz.eu\/#website","url":"https:\/\/www.iksz.eu\/","name":"Info Communication Trade Union \/ ICFTU","description":"","publisher":{"@id":"https:\/\/www.iksz.eu\/#organization"},"potentialAction":[{"@type":"SearchAction","target":{"@type":"EntryPoint","urlTemplate":"https:\/\/www.iksz.eu\/?s={search_term_string}"},"query-input":{"@type":"PropertyValueSpecification","valueRequired":true,"valueName":"search_term_string"}}],"inLanguage":"en-GB"},{"@type":"Organization","@id":"https:\/\/www.iksz.eu\/#organization","name":"Info Communication Trade Union \/ ICFTU","url":"https:\/\/www.iksz.eu\/","logo":{"@type":"ImageObject","inLanguage":"en-GB","@id":"https:\/\/www.iksz.eu\/#\/schema\/logo\/image\/","url":"https:\/\/www.iksz.eu\/wp-content\/uploads\/2025\/01\/cropped-ginop_iksz.png","contentUrl":"https:\/\/www.iksz.eu\/wp-content\/uploads\/2025\/01\/cropped-ginop_iksz.png","width":1125,"height":250,"caption":"Info Kommunik\u00e1ci\u00f3s Szakszervezet \/ IKSZ"},"image":{"@id":"https:\/\/www.iksz.eu\/#\/schema\/logo\/image\/"}}]}},"_links":{"self":[{"href":"https:\/\/www.iksz.eu\/en\/wp-json\/wp\/v2\/pages\/107","targetHints":{"allow":["GET"]}}],"collection":[{"href":"https:\/\/www.iksz.eu\/en\/wp-json\/wp\/v2\/pages"}],"about":[{"href":"https:\/\/www.iksz.eu\/en\/wp-json\/wp\/v2\/types\/page"}],"author":[{"embeddable":true,"href":"https:\/\/www.iksz.eu\/en\/wp-json\/wp\/v2\/users\/1"}],"replies":[{"embeddable":true,"href":"https:\/\/www.iksz.eu\/en\/wp-json\/wp\/v2\/comments?post=107"}],"version-history":[{"count":50,"href":"https:\/\/www.iksz.eu\/en\/wp-json\/wp\/v2\/pages\/107\/revisions"}],"predecessor-version":[{"id":927,"href":"https:\/\/www.iksz.eu\/en\/wp-json\/wp\/v2\/pages\/107\/revisions\/927"}],"wp:attachment":[{"href":"https:\/\/www.iksz.eu\/en\/wp-json\/wp\/v2\/media?parent=107"}],"curies":[{"name":"wp","href":"https:\/\/api.w.org\/{rel}","templated":true}]}}