{"id":1080,"date":"2026-04-15T21:23:03","date_gmt":"2026-04-15T20:23:03","guid":{"rendered":"https:\/\/www.iksz.eu\/?page_id=1080"},"modified":"2026-04-15T21:23:04","modified_gmt":"2026-04-15T20:23:04","slug":"miert-csatlakozz-hozzank","status":"publish","type":"page","link":"https:\/\/www.iksz.eu\/en\/miert-csatlakozz-hozzank\/","title":{"rendered":"Mi\u00e9rt csatlakozz hozz\u00e1nk?"},"content":{"rendered":"<figure class=\"wp-block-image size-large\"><img loading=\"lazy\" decoding=\"async\" width=\"1024\" height=\"962\" src=\"https:\/\/www.iksz.eu\/wp-content\/uploads\/2026\/04\/iksz_promo_hu-1024x962.png\" alt=\"\" class=\"wp-image-1081\" srcset=\"https:\/\/www.iksz.eu\/wp-content\/uploads\/2026\/04\/iksz_promo_hu-1024x962.png 1024w, https:\/\/www.iksz.eu\/wp-content\/uploads\/2026\/04\/iksz_promo_hu-300x282.png 300w, https:\/\/www.iksz.eu\/wp-content\/uploads\/2026\/04\/iksz_promo_hu-768x721.png 768w, https:\/\/www.iksz.eu\/wp-content\/uploads\/2026\/04\/iksz_promo_hu-13x12.png 13w, https:\/\/www.iksz.eu\/wp-content\/uploads\/2026\/04\/iksz_promo_hu.png 1056w\" sizes=\"auto, (max-width: 706px) 89vw, (max-width: 767px) 82vw, 740px\" \/><\/figure>","protected":false},"excerpt":{"rendered":"","protected":false},"author":1,"featured_media":0,"parent":0,"menu_order":0,"comment_status":"closed","ping_status":"closed","template":"","meta":{"footnotes":""},"class_list":["post-1080","page","type-page","status-publish","hentry"],"yoast_head":"<!-- This site is optimized with the Yoast SEO plugin v27.4 - https:\/\/yoast.com\/product\/yoast-seo-wordpress\/ -->\n<title>Mi\u00e9rt csatlakozz hozz\u00e1nk? - Info Kommunik\u00e1ci\u00f3s Szakszervezet<\/title>\n<meta name=\"robots\" content=\"index, follow, max-snippet:-1, max-image-preview:large, max-video-preview:-1\" \/>\n<link rel=\"canonical\" href=\"https:\/\/www.iksz.eu\/en\/miert-csatlakozz-hozzank\/\" \/>\n<meta property=\"og:locale\" content=\"en_GB\" \/>\n<meta property=\"og:type\" content=\"article\" \/>\n<meta property=\"og:title\" content=\"Mi\u00e9rt csatlakozz hozz\u00e1nk? - Info Kommunik\u00e1ci\u00f3s Szakszervezet\" \/>\n<meta property=\"og:url\" content=\"https:\/\/www.iksz.eu\/en\/miert-csatlakozz-hozzank\/\" \/>\n<meta property=\"og:site_name\" content=\"Info Kommunik\u00e1ci\u00f3s Szakszervezet\" \/>\n<meta property=\"article:modified_time\" content=\"2026-04-15T20:23:04+00:00\" \/>\n<meta property=\"og:image\" content=\"https:\/\/www.iksz.eu\/wp-content\/uploads\/2026\/04\/iksz_promo_hu.png\" \/>\n\t<meta property=\"og:image:width\" content=\"1056\" \/>\n\t<meta property=\"og:image:height\" content=\"992\" \/>\n\t<meta property=\"og:image:type\" content=\"image\/png\" \/>\n<meta name=\"twitter:card\" content=\"summary_large_image\" \/>\n<meta name=\"twitter:label1\" content=\"Estimated reading time\" \/>\n\t<meta name=\"twitter:data1\" content=\"1 minute\" \/>\n<script type=\"application\/ld+json\" class=\"yoast-schema-graph\">{\"@context\":\"https:\\\/\\\/schema.org\",\"@graph\":[{\"@type\":\"WebPage\",\"@id\":\"https:\\\/\\\/www.iksz.eu\\\/miert-csatlakozz-hozzank\\\/\",\"url\":\"https:\\\/\\\/www.iksz.eu\\\/miert-csatlakozz-hozzank\\\/\",\"name\":\"Mi\u00e9rt csatlakozz hozz\u00e1nk? - Info Kommunik\u00e1ci\u00f3s Szakszervezet\",\"isPartOf\":{\"@id\":\"https:\\\/\\\/www.iksz.eu\\\/#website\"},\"primaryImageOfPage\":{\"@id\":\"https:\\\/\\\/www.iksz.eu\\\/miert-csatlakozz-hozzank\\\/#primaryimage\"},\"image\":{\"@id\":\"https:\\\/\\\/www.iksz.eu\\\/miert-csatlakozz-hozzank\\\/#primaryimage\"},\"thumbnailUrl\":\"https:\\\/\\\/www.iksz.eu\\\/wp-content\\\/uploads\\\/2026\\\/04\\\/iksz_promo_hu-1024x962.png\",\"datePublished\":\"2026-04-15T20:23:03+00:00\",\"dateModified\":\"2026-04-15T20:23:04+00:00\",\"breadcrumb\":{\"@id\":\"https:\\\/\\\/www.iksz.eu\\\/miert-csatlakozz-hozzank\\\/#breadcrumb\"},\"inLanguage\":\"en-GB\",\"potentialAction\":[{\"@type\":\"ReadAction\",\"target\":[\"https:\\\/\\\/www.iksz.eu\\\/miert-csatlakozz-hozzank\\\/\"]}]},{\"@type\":\"ImageObject\",\"inLanguage\":\"en-GB\",\"@id\":\"https:\\\/\\\/www.iksz.eu\\\/miert-csatlakozz-hozzank\\\/#primaryimage\",\"url\":\"https:\\\/\\\/www.iksz.eu\\\/wp-content\\\/uploads\\\/2026\\\/04\\\/iksz_promo_hu-1024x962.png\",\"contentUrl\":\"https:\\\/\\\/www.iksz.eu\\\/wp-content\\\/uploads\\\/2026\\\/04\\\/iksz_promo_hu-1024x962.png\"},{\"@type\":\"BreadcrumbList\",\"@id\":\"https:\\\/\\\/www.iksz.eu\\\/miert-csatlakozz-hozzank\\\/#breadcrumb\",\"itemListElement\":[{\"@type\":\"ListItem\",\"position\":1,\"name\":\"Kezd\u0151lap\",\"item\":\"https:\\\/\\\/www.iksz.eu\\\/\"},{\"@type\":\"ListItem\",\"position\":2,\"name\":\"Mi\u00e9rt csatlakozz hozz\u00e1nk?\"}]},{\"@type\":\"WebSite\",\"@id\":\"https:\\\/\\\/www.iksz.eu\\\/#website\",\"url\":\"https:\\\/\\\/www.iksz.eu\\\/\",\"name\":\"Info Kommunik\u00e1ci\u00f3s Szakszervezet \\\/ IKSZ\",\"description\":\"\",\"publisher\":{\"@id\":\"https:\\\/\\\/www.iksz.eu\\\/#organization\"},\"potentialAction\":[{\"@type\":\"SearchAction\",\"target\":{\"@type\":\"EntryPoint\",\"urlTemplate\":\"https:\\\/\\\/www.iksz.eu\\\/?s={search_term_string}\"},\"query-input\":{\"@type\":\"PropertyValueSpecification\",\"valueRequired\":true,\"valueName\":\"search_term_string\"}}],\"inLanguage\":\"en-GB\"},{\"@type\":\"Organization\",\"@id\":\"https:\\\/\\\/www.iksz.eu\\\/#organization\",\"name\":\"Info Kommunik\u00e1ci\u00f3s Szakszervezet \\\/ IKSZ\",\"url\":\"https:\\\/\\\/www.iksz.eu\\\/\",\"logo\":{\"@type\":\"ImageObject\",\"inLanguage\":\"en-GB\",\"@id\":\"https:\\\/\\\/www.iksz.eu\\\/#\\\/schema\\\/logo\\\/image\\\/\",\"url\":\"https:\\\/\\\/www.iksz.eu\\\/wp-content\\\/uploads\\\/2025\\\/01\\\/cropped-ginop_iksz.png\",\"contentUrl\":\"https:\\\/\\\/www.iksz.eu\\\/wp-content\\\/uploads\\\/2025\\\/01\\\/cropped-ginop_iksz.png\",\"width\":1125,\"height\":250,\"caption\":\"Info Kommunik\u00e1ci\u00f3s Szakszervezet \\\/ IKSZ\"},\"image\":{\"@id\":\"https:\\\/\\\/www.iksz.eu\\\/#\\\/schema\\\/logo\\\/image\\\/\"}}]}<\/script>\n<!-- \/ Yoast SEO plugin. -->","yoast_head_json":{"title":"Mi\u00e9rt csatlakozz hozz\u00e1nk? - Info Kommunik\u00e1ci\u00f3s Szakszervezet","robots":{"index":"index","follow":"follow","max-snippet":"max-snippet:-1","max-image-preview":"max-image-preview:large","max-video-preview":"max-video-preview:-1"},"canonical":"https:\/\/www.iksz.eu\/en\/miert-csatlakozz-hozzank\/","og_locale":"en_GB","og_type":"article","og_title":"Mi\u00e9rt csatlakozz hozz\u00e1nk? - Info Kommunik\u00e1ci\u00f3s Szakszervezet","og_url":"https:\/\/www.iksz.eu\/en\/miert-csatlakozz-hozzank\/","og_site_name":"Info Kommunik\u00e1ci\u00f3s Szakszervezet","article_modified_time":"2026-04-15T20:23:04+00:00","og_image":[{"width":1056,"height":992,"url":"https:\/\/www.iksz.eu\/wp-content\/uploads\/2026\/04\/iksz_promo_hu.png","type":"image\/png"}],"twitter_card":"summary_large_image","twitter_misc":{"Estimated reading time":"1 minute"},"schema":{"@context":"https:\/\/schema.org","@graph":[{"@type":"WebPage","@id":"https:\/\/www.iksz.eu\/miert-csatlakozz-hozzank\/","url":"https:\/\/www.iksz.eu\/miert-csatlakozz-hozzank\/","name":"Mi\u00e9rt csatlakozz hozz\u00e1nk? - Info Kommunik\u00e1ci\u00f3s Szakszervezet","isPartOf":{"@id":"https:\/\/www.iksz.eu\/#website"},"primaryImageOfPage":{"@id":"https:\/\/www.iksz.eu\/miert-csatlakozz-hozzank\/#primaryimage"},"image":{"@id":"https:\/\/www.iksz.eu\/miert-csatlakozz-hozzank\/#primaryimage"},"thumbnailUrl":"https:\/\/www.iksz.eu\/wp-content\/uploads\/2026\/04\/iksz_promo_hu-1024x962.png","datePublished":"2026-04-15T20:23:03+00:00","dateModified":"2026-04-15T20:23:04+00:00","breadcrumb":{"@id":"https:\/\/www.iksz.eu\/miert-csatlakozz-hozzank\/#breadcrumb"},"inLanguage":"en-GB","potentialAction":[{"@type":"ReadAction","target":["https:\/\/www.iksz.eu\/miert-csatlakozz-hozzank\/"]}]},{"@type":"ImageObject","inLanguage":"en-GB","@id":"https:\/\/www.iksz.eu\/miert-csatlakozz-hozzank\/#primaryimage","url":"https:\/\/www.iksz.eu\/wp-content\/uploads\/2026\/04\/iksz_promo_hu-1024x962.png","contentUrl":"https:\/\/www.iksz.eu\/wp-content\/uploads\/2026\/04\/iksz_promo_hu-1024x962.png"},{"@type":"BreadcrumbList","@id":"https:\/\/www.iksz.eu\/miert-csatlakozz-hozzank\/#breadcrumb","itemListElement":[{"@type":"ListItem","position":1,"name":"Kezd\u0151lap","item":"https:\/\/www.iksz.eu\/"},{"@type":"ListItem","position":2,"name":"Mi\u00e9rt csatlakozz hozz\u00e1nk?"}]},{"@type":"WebSite","@id":"https:\/\/www.iksz.eu\/#website","url":"https:\/\/www.iksz.eu\/","name":"Info Communication Trade Union \/ ICFTU","description":"","publisher":{"@id":"https:\/\/www.iksz.eu\/#organization"},"potentialAction":[{"@type":"SearchAction","target":{"@type":"EntryPoint","urlTemplate":"https:\/\/www.iksz.eu\/?s={search_term_string}"},"query-input":{"@type":"PropertyValueSpecification","valueRequired":true,"valueName":"search_term_string"}}],"inLanguage":"en-GB"},{"@type":"Organization","@id":"https:\/\/www.iksz.eu\/#organization","name":"Info Communication Trade Union \/ ICFTU","url":"https:\/\/www.iksz.eu\/","logo":{"@type":"ImageObject","inLanguage":"en-GB","@id":"https:\/\/www.iksz.eu\/#\/schema\/logo\/image\/","url":"https:\/\/www.iksz.eu\/wp-content\/uploads\/2025\/01\/cropped-ginop_iksz.png","contentUrl":"https:\/\/www.iksz.eu\/wp-content\/uploads\/2025\/01\/cropped-ginop_iksz.png","width":1125,"height":250,"caption":"Info Kommunik\u00e1ci\u00f3s Szakszervezet \/ IKSZ"},"image":{"@id":"https:\/\/www.iksz.eu\/#\/schema\/logo\/image\/"}}]}},"_links":{"self":[{"href":"https:\/\/www.iksz.eu\/en\/wp-json\/wp\/v2\/pages\/1080","targetHints":{"allow":["GET"]}}],"collection":[{"href":"https:\/\/www.iksz.eu\/en\/wp-json\/wp\/v2\/pages"}],"about":[{"href":"https:\/\/www.iksz.eu\/en\/wp-json\/wp\/v2\/types\/page"}],"author":[{"embeddable":true,"href":"https:\/\/www.iksz.eu\/en\/wp-json\/wp\/v2\/users\/1"}],"replies":[{"embeddable":true,"href":"https:\/\/www.iksz.eu\/en\/wp-json\/wp\/v2\/comments?post=1080"}],"version-history":[{"count":1,"href":"https:\/\/www.iksz.eu\/en\/wp-json\/wp\/v2\/pages\/1080\/revisions"}],"predecessor-version":[{"id":1082,"href":"https:\/\/www.iksz.eu\/en\/wp-json\/wp\/v2\/pages\/1080\/revisions\/1082"}],"wp:attachment":[{"href":"https:\/\/www.iksz.eu\/en\/wp-json\/wp\/v2\/media?parent=1080"}],"curies":[{"name":"wp","href":"https:\/\/api.w.org\/{rel}","templated":true}]}}