{"id":1099,"date":"2026-04-15T22:05:08","date_gmt":"2026-04-15T21:05:08","guid":{"rendered":"https:\/\/www.iksz.eu\/?page_id=1099"},"modified":"2026-04-15T23:17:15","modified_gmt":"2026-04-15T22:17:15","slug":"netto-ber-kalkulator","status":"publish","type":"page","link":"https:\/\/www.iksz.eu\/en\/netto-ber-kalkulator\/","title":{"rendered":"Nett\u00f3 b\u00e9r kalkul\u00e1tor"},"content":{"rendered":"<div style=\"max-width: 600px; margin: 0 auto; padding: 25px; border: 1px solid #e0e0e0; border-radius: 8px; background: #ffffff; font-family: sans-serif; box-shadow: 0 4px 6px rgba(0,0,0,0.05);\">\r\n        <h3 style=\"margin-top: 0; color: #333; border-bottom: 2px solid #0073aa; padding-bottom: 10px;\">Magyar B\u00e9rkalkul\u00e1tor<\/h3>\r\n        <p style=\"font-size: 0.85em; color: #666; margin-bottom: 20px;\">Kalkul\u00e1ld ki a nett\u00f3 b\u00e9redet a hat\u00e1lyos magyar ad\u00f3jogszab\u00e1lyok \u00e9s az \u00f6sszes el\u00e9rhet\u0151 ad\u00f3kedvezm\u00e9ny figyelembev\u00e9tel\u00e9vel.<\/p>\r\n        \r\n        <form method=\"post\" action=\"\" data-trp-original-action=\"\">\r\n            <div style=\"margin-bottom: 20px;\">\r\n                <label style=\"display: block; font-weight: 600; margin-bottom: 5px; color: #444;\">Havi brutt\u00f3 b\u00e9r (Ft)<\/label>\r\n                <input type=\"number\" name=\"brutto\" value=\"\" required style=\"width: 100%; padding: 10px; border: 1px solid #ccc; border-radius: 4px; box-sizing: border-box;\" placeholder=\"pl. 600000\">\r\n            <\/div>\r\n            \r\n            <div style=\"margin-bottom: 20px; background: #f9f9f9; padding: 15px; border-radius: 6px; border: 1px solid #eee;\">\r\n                <p style=\"margin-top: 0; font-weight: 600; font-size: 0.95em; color: #333; margin-bottom: 10px;\">Ig\u00e9nybe vehet\u0151 ad\u00f3kedvezm\u00e9nyek<\/p>\r\n                \r\n                <label style=\"display: flex; align-items: center; margin-bottom: 8px; cursor: pointer;\">\r\n                    <input type=\"checkbox\" name=\"u25\"  style=\"margin-right: 10px; width: 16px; height: 16px;\">\r\n                    <span style=\"font-size: 0.9em; color: #444;\">25 \u00e9v alattiak kedvezm\u00e9nye<\/span>\r\n                <\/label>\r\n                \r\n                <label style=\"display: flex; align-items: center; margin-bottom: 8px; cursor: pointer;\">\r\n                    <input type=\"checkbox\" name=\"u30_anya\"  style=\"margin-right: 10px; width: 16px; height: 16px;\">\r\n                    <span style=\"font-size: 0.9em; color: #444;\">30 \u00e9v alatti any\u00e1k kedvezm\u00e9nye<\/span>\r\n                <\/label>\r\n                \r\n                <label style=\"display: flex; align-items: center; margin-bottom: 8px; cursor: pointer;\">\r\n                    <input type=\"checkbox\" name=\"ntak\"  style=\"margin-right: 10px; width: 16px; height: 16px;\">\r\n                    <span style=\"font-size: 0.9em; color: #444;\">N\u00e9gy vagy t\u00f6bb gyermeket nevel\u0151 any\u00e1k kedvezm\u00e9nye<\/span>\r\n                <\/label>\r\n\r\n                <label style=\"display: flex; align-items: center; margin-bottom: 8px; cursor: pointer;\">\r\n                    <input type=\"checkbox\" name=\"hazas\"  style=\"margin-right: 10px; width: 16px; height: 16px;\">\r\n                    <span style=\"font-size: 0.9em; color: #444;\">Els\u0151 h\u00e1zasok kedvezm\u00e9nye (Ha te \u00e9rv\u00e9nyes\u00edted a teljes \u00f6sszeget)<\/span>\r\n                <\/label>\r\n\r\n                <label style=\"display: flex; align-items: center; cursor: pointer;\">\r\n                    <input type=\"checkbox\" name=\"szemelyi\"  style=\"margin-right: 10px; width: 16px; height: 16px;\">\r\n                    <span style=\"font-size: 0.9em; color: #444;\">Szem\u00e9lyi kedvezm\u00e9ny (S\u00falyos fogyat\u00e9koss\u00e1g, pl. bizonyos betegs\u00e9gek)<\/span>\r\n                <\/label>\r\n            <\/div>\r\n\r\n            <div style=\"margin-bottom: 20px; background: #e3f2fd; padding: 15px; border-radius: 6px; border: 1px solid #bbdefb;\">\r\n                <p style=\"margin-top: 0; font-weight: 600; font-size: 0.95em; color: #1565c0; margin-bottom: 10px;\">Csal\u00e1di ad\u00f3kedvezm\u00e9ny<\/p>\r\n                <div style=\"display: flex; gap: 15px;\">\r\n                    <div style=\"flex: 1;\">\r\n                        <label style=\"display: block; font-size: 0.85em; margin-bottom: 4px; color: #444;\">Eltartott gyermekek sz\u00e1ma<\/label>\r\n                        <select name=\"eltartott\" style=\"width: 100%; padding: 8px; border: 1px solid #ccc; border-radius: 4px;\">\r\n                                                            <option value=\"0\"  selected='selected'>0<\/option>\r\n                                                            <option value=\"1\" >1<\/option>\r\n                                                            <option value=\"2\" >2<\/option>\r\n                                                            <option value=\"3\" >3<\/option>\r\n                                                            <option value=\"4\" >4<\/option>\r\n                                                            <option value=\"5\" >5<\/option>\r\n                                                            <option value=\"6\" >6<\/option>\r\n                                                            <option value=\"7\" >7<\/option>\r\n                                                            <option value=\"8\" >8<\/option>\r\n                                                            <option value=\"9\" >9<\/option>\r\n                                                            <option value=\"10\" >10<\/option>\r\n                                                    <\/select>\r\n                    <\/div>\r\n                    <div style=\"flex: 1;\">\r\n                        <label style=\"display: block; font-size: 0.85em; margin-bottom: 4px; color: #444;\">Ebb\u0151l kedvezm\u00e9nyezett<\/label>\r\n                        <select name=\"kedvezmenyezett\" style=\"width: 100%; padding: 8px; border: 1px solid #ccc; border-radius: 4px;\">\r\n                                                            <option value=\"0\"  selected='selected'>0<\/option>\r\n                                                            <option value=\"1\" >1<\/option>\r\n                                                            <option value=\"2\" >2<\/option>\r\n                                                            <option value=\"3\" >3<\/option>\r\n                                                            <option value=\"4\" >4<\/option>\r\n                                                            <option value=\"5\" >5<\/option>\r\n                                                            <option value=\"6\" >6<\/option>\r\n                                                            <option value=\"7\" >7<\/option>\r\n                                                            <option value=\"8\" >8<\/option>\r\n                                                            <option value=\"9\" >9<\/option>\r\n                                                            <option value=\"10\" >10<\/option>\r\n                                                    <\/select>\r\n                    <\/div>\r\n                <\/div>\r\n            <\/div>\r\n            \r\n            <button type=\"submit\" name=\"berkalkulator_submit\" style=\"width: 100%; padding: 12px; background: #0073aa; color: #ffffff; border: none; border-radius: 4px; font-size: 1.05em; font-weight: bold; cursor: pointer; transition: background 0.3s;\">Nett\u00f3 B\u00e9r Kisz\u00e1m\u00edt\u00e1sa<\/button>\r\n        <input type=\"hidden\" name=\"trp-form-language\" value=\"en\"\/><\/form>\r\n        \r\n            <\/div>\r\n    \n\n\n\n<p class=\"has-vivid-green-cyan-color has-text-color has-link-color wp-elements-583f2c61406dc5c76abe57e55a7c0622\"><strong>(az itt tal\u00e1lhat\u00f3 adatok t\u00e1j\u00e9koztat\u00f3 jelleg\u0171ek \u00e9s nem felt\u00e9tlen\u00fcl 100%-ban helyesek)<\/strong><\/p>","protected":false},"excerpt":{"rendered":"<p>(az itt tal\u00e1lhat\u00f3 adatok t\u00e1j\u00e9koztat\u00f3 jelleg\u0171ek \u00e9s nem felt\u00e9tlen\u00fcl 100%-ban helyesek)<\/p>","protected":false},"author":1,"featured_media":0,"parent":0,"menu_order":0,"comment_status":"closed","ping_status":"closed","template":"","meta":{"footnotes":""},"class_list":["post-1099","page","type-page","status-publish","hentry"],"yoast_head":"<!-- This site is optimized with the Yoast SEO plugin v27.4 - https:\/\/yoast.com\/product\/yoast-seo-wordpress\/ -->\n<title>Nett\u00f3 b\u00e9r kalkul\u00e1tor - Info Kommunik\u00e1ci\u00f3s Szakszervezet<\/title>\n<meta name=\"robots\" content=\"index, follow, max-snippet:-1, max-image-preview:large, max-video-preview:-1\" \/>\n<link rel=\"canonical\" href=\"https:\/\/www.iksz.eu\/en\/netto-ber-kalkulator\/\" \/>\n<meta property=\"og:locale\" content=\"en_GB\" \/>\n<meta property=\"og:type\" content=\"article\" \/>\n<meta property=\"og:title\" content=\"Nett\u00f3 b\u00e9r kalkul\u00e1tor - Info Kommunik\u00e1ci\u00f3s Szakszervezet\" \/>\n<meta property=\"og:description\" content=\"(az itt tal\u00e1lhat\u00f3 adatok t\u00e1j\u00e9koztat\u00f3 jelleg\u0171ek \u00e9s nem felt\u00e9tlen\u00fcl 100%-ban helyesek)\" \/>\n<meta property=\"og:url\" content=\"https:\/\/www.iksz.eu\/en\/netto-ber-kalkulator\/\" \/>\n<meta property=\"og:site_name\" content=\"Info Kommunik\u00e1ci\u00f3s Szakszervezet\" \/>\n<meta property=\"article:modified_time\" content=\"2026-04-15T22:17:15+00:00\" \/>\n<meta name=\"twitter:card\" content=\"summary_large_image\" \/>\n<meta name=\"twitter:label1\" content=\"Estimated reading time\" \/>\n\t<meta name=\"twitter:data1\" content=\"1 minute\" \/>\n<script type=\"application\/ld+json\" class=\"yoast-schema-graph\">{\"@context\":\"https:\\\/\\\/schema.org\",\"@graph\":[{\"@type\":\"WebPage\",\"@id\":\"https:\\\/\\\/www.iksz.eu\\\/netto-ber-kalkulator\\\/\",\"url\":\"https:\\\/\\\/www.iksz.eu\\\/netto-ber-kalkulator\\\/\",\"name\":\"Nett\u00f3 b\u00e9r kalkul\u00e1tor - Info Kommunik\u00e1ci\u00f3s Szakszervezet\",\"isPartOf\":{\"@id\":\"https:\\\/\\\/www.iksz.eu\\\/#website\"},\"datePublished\":\"2026-04-15T21:05:08+00:00\",\"dateModified\":\"2026-04-15T22:17:15+00:00\",\"breadcrumb\":{\"@id\":\"https:\\\/\\\/www.iksz.eu\\\/netto-ber-kalkulator\\\/#breadcrumb\"},\"inLanguage\":\"en-GB\",\"potentialAction\":[{\"@type\":\"ReadAction\",\"target\":[\"https:\\\/\\\/www.iksz.eu\\\/netto-ber-kalkulator\\\/\"]}]},{\"@type\":\"BreadcrumbList\",\"@id\":\"https:\\\/\\\/www.iksz.eu\\\/netto-ber-kalkulator\\\/#breadcrumb\",\"itemListElement\":[{\"@type\":\"ListItem\",\"position\":1,\"name\":\"Kezd\u0151lap\",\"item\":\"https:\\\/\\\/www.iksz.eu\\\/\"},{\"@type\":\"ListItem\",\"position\":2,\"name\":\"Nett\u00f3 b\u00e9r kalkul\u00e1tor\"}]},{\"@type\":\"WebSite\",\"@id\":\"https:\\\/\\\/www.iksz.eu\\\/#website\",\"url\":\"https:\\\/\\\/www.iksz.eu\\\/\",\"name\":\"Info Kommunik\u00e1ci\u00f3s Szakszervezet \\\/ IKSZ\",\"description\":\"\",\"publisher\":{\"@id\":\"https:\\\/\\\/www.iksz.eu\\\/#organization\"},\"potentialAction\":[{\"@type\":\"SearchAction\",\"target\":{\"@type\":\"EntryPoint\",\"urlTemplate\":\"https:\\\/\\\/www.iksz.eu\\\/?s={search_term_string}\"},\"query-input\":{\"@type\":\"PropertyValueSpecification\",\"valueRequired\":true,\"valueName\":\"search_term_string\"}}],\"inLanguage\":\"en-GB\"},{\"@type\":\"Organization\",\"@id\":\"https:\\\/\\\/www.iksz.eu\\\/#organization\",\"name\":\"Info Kommunik\u00e1ci\u00f3s Szakszervezet \\\/ IKSZ\",\"url\":\"https:\\\/\\\/www.iksz.eu\\\/\",\"logo\":{\"@type\":\"ImageObject\",\"inLanguage\":\"en-GB\",\"@id\":\"https:\\\/\\\/www.iksz.eu\\\/#\\\/schema\\\/logo\\\/image\\\/\",\"url\":\"https:\\\/\\\/www.iksz.eu\\\/wp-content\\\/uploads\\\/2025\\\/01\\\/cropped-ginop_iksz.png\",\"contentUrl\":\"https:\\\/\\\/www.iksz.eu\\\/wp-content\\\/uploads\\\/2025\\\/01\\\/cropped-ginop_iksz.png\",\"width\":1125,\"height\":250,\"caption\":\"Info Kommunik\u00e1ci\u00f3s Szakszervezet \\\/ IKSZ\"},\"image\":{\"@id\":\"https:\\\/\\\/www.iksz.eu\\\/#\\\/schema\\\/logo\\\/image\\\/\"}}]}<\/script>\n<!-- \/ Yoast SEO plugin. -->","yoast_head_json":{"title":"Nett\u00f3 b\u00e9r kalkul\u00e1tor - Info Kommunik\u00e1ci\u00f3s Szakszervezet","robots":{"index":"index","follow":"follow","max-snippet":"max-snippet:-1","max-image-preview":"max-image-preview:large","max-video-preview":"max-video-preview:-1"},"canonical":"https:\/\/www.iksz.eu\/en\/netto-ber-kalkulator\/","og_locale":"en_GB","og_type":"article","og_title":"Nett\u00f3 b\u00e9r kalkul\u00e1tor - Info Kommunik\u00e1ci\u00f3s Szakszervezet","og_description":"(az itt tal\u00e1lhat\u00f3 adatok t\u00e1j\u00e9koztat\u00f3 jelleg\u0171ek \u00e9s nem felt\u00e9tlen\u00fcl 100%-ban helyesek)","og_url":"https:\/\/www.iksz.eu\/en\/netto-ber-kalkulator\/","og_site_name":"Info Kommunik\u00e1ci\u00f3s Szakszervezet","article_modified_time":"2026-04-15T22:17:15+00:00","twitter_card":"summary_large_image","twitter_misc":{"Estimated reading time":"1 minute"},"schema":{"@context":"https:\/\/schema.org","@graph":[{"@type":"WebPage","@id":"https:\/\/www.iksz.eu\/netto-ber-kalkulator\/","url":"https:\/\/www.iksz.eu\/netto-ber-kalkulator\/","name":"Nett\u00f3 b\u00e9r kalkul\u00e1tor - Info Kommunik\u00e1ci\u00f3s Szakszervezet","isPartOf":{"@id":"https:\/\/www.iksz.eu\/#website"},"datePublished":"2026-04-15T21:05:08+00:00","dateModified":"2026-04-15T22:17:15+00:00","breadcrumb":{"@id":"https:\/\/www.iksz.eu\/netto-ber-kalkulator\/#breadcrumb"},"inLanguage":"en-GB","potentialAction":[{"@type":"ReadAction","target":["https:\/\/www.iksz.eu\/netto-ber-kalkulator\/"]}]},{"@type":"BreadcrumbList","@id":"https:\/\/www.iksz.eu\/netto-ber-kalkulator\/#breadcrumb","itemListElement":[{"@type":"ListItem","position":1,"name":"Kezd\u0151lap","item":"https:\/\/www.iksz.eu\/"},{"@type":"ListItem","position":2,"name":"Nett\u00f3 b\u00e9r kalkul\u00e1tor"}]},{"@type":"WebSite","@id":"https:\/\/www.iksz.eu\/#website","url":"https:\/\/www.iksz.eu\/","name":"Info Communication Trade Union \/ ICFTU","description":"","publisher":{"@id":"https:\/\/www.iksz.eu\/#organization"},"potentialAction":[{"@type":"SearchAction","target":{"@type":"EntryPoint","urlTemplate":"https:\/\/www.iksz.eu\/?s={search_term_string}"},"query-input":{"@type":"PropertyValueSpecification","valueRequired":true,"valueName":"search_term_string"}}],"inLanguage":"en-GB"},{"@type":"Organization","@id":"https:\/\/www.iksz.eu\/#organization","name":"Info Communication Trade Union \/ ICFTU","url":"https:\/\/www.iksz.eu\/","logo":{"@type":"ImageObject","inLanguage":"en-GB","@id":"https:\/\/www.iksz.eu\/#\/schema\/logo\/image\/","url":"https:\/\/www.iksz.eu\/wp-content\/uploads\/2025\/01\/cropped-ginop_iksz.png","contentUrl":"https:\/\/www.iksz.eu\/wp-content\/uploads\/2025\/01\/cropped-ginop_iksz.png","width":1125,"height":250,"caption":"Info Kommunik\u00e1ci\u00f3s Szakszervezet \/ IKSZ"},"image":{"@id":"https:\/\/www.iksz.eu\/#\/schema\/logo\/image\/"}}]}},"_links":{"self":[{"href":"https:\/\/www.iksz.eu\/en\/wp-json\/wp\/v2\/pages\/1099","targetHints":{"allow":["GET"]}}],"collection":[{"href":"https:\/\/www.iksz.eu\/en\/wp-json\/wp\/v2\/pages"}],"about":[{"href":"https:\/\/www.iksz.eu\/en\/wp-json\/wp\/v2\/types\/page"}],"author":[{"embeddable":true,"href":"https:\/\/www.iksz.eu\/en\/wp-json\/wp\/v2\/users\/1"}],"replies":[{"embeddable":true,"href":"https:\/\/www.iksz.eu\/en\/wp-json\/wp\/v2\/comments?post=1099"}],"version-history":[{"count":2,"href":"https:\/\/www.iksz.eu\/en\/wp-json\/wp\/v2\/pages\/1099\/revisions"}],"predecessor-version":[{"id":1114,"href":"https:\/\/www.iksz.eu\/en\/wp-json\/wp\/v2\/pages\/1099\/revisions\/1114"}],"wp:attachment":[{"href":"https:\/\/www.iksz.eu\/en\/wp-json\/wp\/v2\/media?parent=1099"}],"curies":[{"name":"wp","href":"https:\/\/api.w.org\/{rel}","templated":true}]}}