{"id":1117,"date":"2026-04-15T23:28:59","date_gmt":"2026-04-15T22:28:59","guid":{"rendered":"https:\/\/www.iksz.eu\/?page_id=1117"},"modified":"2026-04-15T23:29:00","modified_gmt":"2026-04-15T22:29:00","slug":"szabadsag-kalkulator","status":"publish","type":"page","link":"https:\/\/www.iksz.eu\/en\/szabadsag-kalkulator\/","title":{"rendered":"Szabads\u00e1g kalkul\u00e1tor"},"content":{"rendered":"<div id=\"szabadsag-kalkulator-wrapper\" style=\"max-width: 500px; margin: 0 auto; padding: 20px; background: #f9f9f9; border-radius: 8px; border: 1px solid #ddd;\">\r\n        <h3 style=\"margin-top: 0;\">Szabads\u00e1g Kalkul\u00e1tor (2026)<\/h3>\r\n        \r\n        <form id=\"szabadsag-form\" action=\"\">\r\n            <div style=\"margin-bottom: 15px;\">\r\n                <label for=\"szab_dob\" style=\"display: block; font-weight: bold; margin-bottom: 5px;\">Sz\u00fclet\u00e9si d\u00e1tum:<\/label>\r\n                <input type=\"date\" id=\"szab_dob\" name=\"dob\" required style=\"width: 100%; padding: 8px;\">\r\n            <\/div>\r\n\r\n            <div style=\"margin-bottom: 15px;\">\r\n                <label for=\"szab_start\" style=\"display: block; font-weight: bold; margin-bottom: 5px;\">Munkaviszony kezdete a jelenlegi munk\u00e1ltat\u00f3n\u00e1l:<\/label>\r\n                <input type=\"date\" id=\"szab_start\" name=\"start_date\" required style=\"width: 100%; padding: 8px;\">\r\n            <\/div>\r\n\r\n            <div style=\"margin-bottom: 15px;\">\r\n                <label for=\"szab_kids\" style=\"display: block; font-weight: bold; margin-bottom: 5px;\">16 \u00e9v alatti gyermekek sz\u00e1ma:<\/label>\r\n                <select id=\"szab_kids\" name=\"kids\" style=\"width: 100%; padding: 8px;\">\r\n                    <option value=\"0\">Nincs<\/option>\r\n                    <option value=\"1\">1 gyermek<\/option>\r\n                    <option value=\"2\">2 gyermek<\/option>\r\n                    <option value=\"3\">3 vagy t\u00f6bb gyermek<\/option>\r\n                <\/select>\r\n            <\/div>\r\n\r\n            <div style=\"margin-bottom: 20px;\">\r\n                <label style=\"display: block; font-weight: bold; margin-bottom: 5px;\">\r\n                    <input type=\"checkbox\" id=\"szab_disability\" name=\"disability\" value=\"1\">\r\n                    Megv\u00e1ltozott munkak\u00e9pess\u00e9g\u0171 \/ fogyat\u00e9koss\u00e1gi t\u00e1mogat\u00e1sra jogosult?\r\n                <\/label>\r\n            <\/div>\r\n\r\n            <input type=\"hidden\" name=\"action\" value=\"calculate_szabadsag\">\r\n            <input type=\"hidden\" name=\"security\" value=\"99616488d1\">\r\n\r\n            <button type=\"submit\" style=\"width: 100%; padding: 10px; background: #0073aa; color: #fff; border: none; border-radius: 4px; font-weight: bold; cursor: pointer;\">Kisz\u00e1mol<\/button>\r\n        <input type=\"hidden\" name=\"trp-form-language\" value=\"en\"\/><\/form>\r\n\r\n        <div id=\"szabadsag-eredmeny\" style=\"margin-top: 20px; padding: 15px; background: #eef7e6; border: 1px solid #c3e6cb; color: #155724; font-weight: bold; font-size: 1.2em; display: none; text-align: center; border-radius: 4px;\">\r\n            <\/div>\r\n\r\n        <p style=\"margin-top: 15px; font-size: 0.85em; color: #666; line-height: 1.4;\">\r\n            <em>* Figyelem: Ez a kalkul\u00e1tor a Munka T\u00f6rv\u00e9nyk\u00f6nyve szerinti <strong>k\u00f6telez\u0151 minimumot<\/strong> sz\u00e1molja ki a jelenlegi \u00e9vre. Bizonyos munk\u00e1ltat\u00f3kn\u00e1l, illetve kollekt\u00edv szerz\u0151d\u00e9s alapj\u00e1n enn\u00e9l t\u00f6bb szabads\u00e1g is j\u00e1rhat.<\/em>\r\n        <\/p>\r\n    <\/div>\r\n\r\n    <script>\r\n    document.addEventListener(\"DOMContentLoaded\", function() {\r\n        const form = document.getElementById('szabadsag-form');\r\n        const resultDiv = document.getElementById('szabadsag-eredmeny');\r\n\r\n        form.addEventListener('submit', function(e) {\r\n            e.preventDefault();\r\n            \r\n            resultDiv.style.display = 'none';\r\n            resultDiv.innerHTML = 'Sz\u00e1mol\u00e1s...';\r\n            resultDiv.style.display = 'block';\r\n\r\n            const formData = new FormData(form);\r\n\r\n            fetch(\"https:\/\/www.iksz.eu\/wp-admin\/admin-ajax.php\", {\r\n                method: \"POST\",\r\n                body: formData\r\n            })\r\n            .then(response => response.json())\r\n            .then(data => {\r\n                if(data.success) {\r\n                    resultDiv.innerHTML = data.data.message;\r\n                } else {\r\n                    resultDiv.style.background = '#f8d7da';\r\n                    resultDiv.style.color = '#721c24';\r\n                    resultDiv.innerHTML = 'Hiba t\u00f6rt\u00e9nt: ' + data.data;\r\n                }\r\n            })\r\n            .catch(error => {\r\n                resultDiv.innerHTML = 'H\u00e1l\u00f3zati hiba t\u00f6rt\u00e9nt.';\r\n            });\r\n        });\r\n    });\r\n    <\/script>\r\n\r\n    \n\n\n\n<p class=\"has-vivid-green-cyan-color has-text-color has-link-color wp-elements-583f2c61406dc5c76abe57e55a7c0622\"><strong>(az itt tal\u00e1lhat\u00f3 adatok t\u00e1j\u00e9koztat\u00f3 jelleg\u0171ek \u00e9s nem felt\u00e9tlen\u00fcl 100%-ban helyesek)<\/strong><\/p>","protected":false},"excerpt":{"rendered":"<p>(az itt tal\u00e1lhat\u00f3 adatok t\u00e1j\u00e9koztat\u00f3 jelleg\u0171ek \u00e9s nem felt\u00e9tlen\u00fcl 100%-ban helyesek)<\/p>","protected":false},"author":1,"featured_media":0,"parent":0,"menu_order":0,"comment_status":"closed","ping_status":"closed","template":"","meta":{"footnotes":""},"class_list":["post-1117","page","type-page","status-publish","hentry"],"yoast_head":"<!-- This site is optimized with the Yoast SEO plugin v27.4 - https:\/\/yoast.com\/product\/yoast-seo-wordpress\/ -->\n<title>Szabads\u00e1g kalkul\u00e1tor - Info Kommunik\u00e1ci\u00f3s Szakszervezet<\/title>\n<meta name=\"robots\" content=\"index, follow, max-snippet:-1, max-image-preview:large, max-video-preview:-1\" \/>\n<link rel=\"canonical\" href=\"https:\/\/www.iksz.eu\/en\/szabadsag-kalkulator\/\" \/>\n<meta property=\"og:locale\" content=\"en_GB\" \/>\n<meta property=\"og:type\" content=\"article\" \/>\n<meta property=\"og:title\" content=\"Szabads\u00e1g kalkul\u00e1tor - Info Kommunik\u00e1ci\u00f3s Szakszervezet\" \/>\n<meta property=\"og:description\" content=\"(az itt tal\u00e1lhat\u00f3 adatok t\u00e1j\u00e9koztat\u00f3 jelleg\u0171ek \u00e9s nem felt\u00e9tlen\u00fcl 100%-ban helyesek)\" \/>\n<meta property=\"og:url\" content=\"https:\/\/www.iksz.eu\/en\/szabadsag-kalkulator\/\" \/>\n<meta property=\"og:site_name\" content=\"Info Kommunik\u00e1ci\u00f3s Szakszervezet\" \/>\n<meta property=\"article:modified_time\" content=\"2026-04-15T22:29:00+00:00\" \/>\n<meta name=\"twitter:card\" content=\"summary_large_image\" \/>\n<meta name=\"twitter:label1\" content=\"Estimated reading time\" \/>\n\t<meta name=\"twitter:data1\" content=\"1 minute\" \/>\n<script type=\"application\/ld+json\" class=\"yoast-schema-graph\">{\"@context\":\"https:\\\/\\\/schema.org\",\"@graph\":[{\"@type\":\"WebPage\",\"@id\":\"https:\\\/\\\/www.iksz.eu\\\/szabadsag-kalkulator\\\/\",\"url\":\"https:\\\/\\\/www.iksz.eu\\\/szabadsag-kalkulator\\\/\",\"name\":\"Szabads\u00e1g kalkul\u00e1tor - Info Kommunik\u00e1ci\u00f3s Szakszervezet\",\"isPartOf\":{\"@id\":\"https:\\\/\\\/www.iksz.eu\\\/#website\"},\"datePublished\":\"2026-04-15T22:28:59+00:00\",\"dateModified\":\"2026-04-15T22:29:00+00:00\",\"breadcrumb\":{\"@id\":\"https:\\\/\\\/www.iksz.eu\\\/szabadsag-kalkulator\\\/#breadcrumb\"},\"inLanguage\":\"en-GB\",\"potentialAction\":[{\"@type\":\"ReadAction\",\"target\":[\"https:\\\/\\\/www.iksz.eu\\\/szabadsag-kalkulator\\\/\"]}]},{\"@type\":\"BreadcrumbList\",\"@id\":\"https:\\\/\\\/www.iksz.eu\\\/szabadsag-kalkulator\\\/#breadcrumb\",\"itemListElement\":[{\"@type\":\"ListItem\",\"position\":1,\"name\":\"Kezd\u0151lap\",\"item\":\"https:\\\/\\\/www.iksz.eu\\\/\"},{\"@type\":\"ListItem\",\"position\":2,\"name\":\"Szabads\u00e1g kalkul\u00e1tor\"}]},{\"@type\":\"WebSite\",\"@id\":\"https:\\\/\\\/www.iksz.eu\\\/#website\",\"url\":\"https:\\\/\\\/www.iksz.eu\\\/\",\"name\":\"Info Kommunik\u00e1ci\u00f3s Szakszervezet \\\/ IKSZ\",\"description\":\"\",\"publisher\":{\"@id\":\"https:\\\/\\\/www.iksz.eu\\\/#organization\"},\"potentialAction\":[{\"@type\":\"SearchAction\",\"target\":{\"@type\":\"EntryPoint\",\"urlTemplate\":\"https:\\\/\\\/www.iksz.eu\\\/?s={search_term_string}\"},\"query-input\":{\"@type\":\"PropertyValueSpecification\",\"valueRequired\":true,\"valueName\":\"search_term_string\"}}],\"inLanguage\":\"en-GB\"},{\"@type\":\"Organization\",\"@id\":\"https:\\\/\\\/www.iksz.eu\\\/#organization\",\"name\":\"Info Kommunik\u00e1ci\u00f3s Szakszervezet \\\/ IKSZ\",\"url\":\"https:\\\/\\\/www.iksz.eu\\\/\",\"logo\":{\"@type\":\"ImageObject\",\"inLanguage\":\"en-GB\",\"@id\":\"https:\\\/\\\/www.iksz.eu\\\/#\\\/schema\\\/logo\\\/image\\\/\",\"url\":\"https:\\\/\\\/www.iksz.eu\\\/wp-content\\\/uploads\\\/2025\\\/01\\\/cropped-ginop_iksz.png\",\"contentUrl\":\"https:\\\/\\\/www.iksz.eu\\\/wp-content\\\/uploads\\\/2025\\\/01\\\/cropped-ginop_iksz.png\",\"width\":1125,\"height\":250,\"caption\":\"Info Kommunik\u00e1ci\u00f3s Szakszervezet \\\/ IKSZ\"},\"image\":{\"@id\":\"https:\\\/\\\/www.iksz.eu\\\/#\\\/schema\\\/logo\\\/image\\\/\"}}]}<\/script>\n<!-- \/ Yoast SEO plugin. -->","yoast_head_json":{"title":"Szabads\u00e1g kalkul\u00e1tor - Info Kommunik\u00e1ci\u00f3s Szakszervezet","robots":{"index":"index","follow":"follow","max-snippet":"max-snippet:-1","max-image-preview":"max-image-preview:large","max-video-preview":"max-video-preview:-1"},"canonical":"https:\/\/www.iksz.eu\/en\/szabadsag-kalkulator\/","og_locale":"en_GB","og_type":"article","og_title":"Szabads\u00e1g kalkul\u00e1tor - Info Kommunik\u00e1ci\u00f3s Szakszervezet","og_description":"(az itt tal\u00e1lhat\u00f3 adatok t\u00e1j\u00e9koztat\u00f3 jelleg\u0171ek \u00e9s nem felt\u00e9tlen\u00fcl 100%-ban helyesek)","og_url":"https:\/\/www.iksz.eu\/en\/szabadsag-kalkulator\/","og_site_name":"Info Kommunik\u00e1ci\u00f3s Szakszervezet","article_modified_time":"2026-04-15T22:29:00+00:00","twitter_card":"summary_large_image","twitter_misc":{"Estimated reading time":"1 minute"},"schema":{"@context":"https:\/\/schema.org","@graph":[{"@type":"WebPage","@id":"https:\/\/www.iksz.eu\/szabadsag-kalkulator\/","url":"https:\/\/www.iksz.eu\/szabadsag-kalkulator\/","name":"Szabads\u00e1g kalkul\u00e1tor - Info Kommunik\u00e1ci\u00f3s Szakszervezet","isPartOf":{"@id":"https:\/\/www.iksz.eu\/#website"},"datePublished":"2026-04-15T22:28:59+00:00","dateModified":"2026-04-15T22:29:00+00:00","breadcrumb":{"@id":"https:\/\/www.iksz.eu\/szabadsag-kalkulator\/#breadcrumb"},"inLanguage":"en-GB","potentialAction":[{"@type":"ReadAction","target":["https:\/\/www.iksz.eu\/szabadsag-kalkulator\/"]}]},{"@type":"BreadcrumbList","@id":"https:\/\/www.iksz.eu\/szabadsag-kalkulator\/#breadcrumb","itemListElement":[{"@type":"ListItem","position":1,"name":"Kezd\u0151lap","item":"https:\/\/www.iksz.eu\/"},{"@type":"ListItem","position":2,"name":"Szabads\u00e1g kalkul\u00e1tor"}]},{"@type":"WebSite","@id":"https:\/\/www.iksz.eu\/#website","url":"https:\/\/www.iksz.eu\/","name":"Info Communication Trade Union \/ ICFTU","description":"","publisher":{"@id":"https:\/\/www.iksz.eu\/#organization"},"potentialAction":[{"@type":"SearchAction","target":{"@type":"EntryPoint","urlTemplate":"https:\/\/www.iksz.eu\/?s={search_term_string}"},"query-input":{"@type":"PropertyValueSpecification","valueRequired":true,"valueName":"search_term_string"}}],"inLanguage":"en-GB"},{"@type":"Organization","@id":"https:\/\/www.iksz.eu\/#organization","name":"Info Communication Trade Union \/ ICFTU","url":"https:\/\/www.iksz.eu\/","logo":{"@type":"ImageObject","inLanguage":"en-GB","@id":"https:\/\/www.iksz.eu\/#\/schema\/logo\/image\/","url":"https:\/\/www.iksz.eu\/wp-content\/uploads\/2025\/01\/cropped-ginop_iksz.png","contentUrl":"https:\/\/www.iksz.eu\/wp-content\/uploads\/2025\/01\/cropped-ginop_iksz.png","width":1125,"height":250,"caption":"Info Kommunik\u00e1ci\u00f3s Szakszervezet \/ IKSZ"},"image":{"@id":"https:\/\/www.iksz.eu\/#\/schema\/logo\/image\/"}}]}},"_links":{"self":[{"href":"https:\/\/www.iksz.eu\/en\/wp-json\/wp\/v2\/pages\/1117","targetHints":{"allow":["GET"]}}],"collection":[{"href":"https:\/\/www.iksz.eu\/en\/wp-json\/wp\/v2\/pages"}],"about":[{"href":"https:\/\/www.iksz.eu\/en\/wp-json\/wp\/v2\/types\/page"}],"author":[{"embeddable":true,"href":"https:\/\/www.iksz.eu\/en\/wp-json\/wp\/v2\/users\/1"}],"replies":[{"embeddable":true,"href":"https:\/\/www.iksz.eu\/en\/wp-json\/wp\/v2\/comments?post=1117"}],"version-history":[{"count":1,"href":"https:\/\/www.iksz.eu\/en\/wp-json\/wp\/v2\/pages\/1117\/revisions"}],"predecessor-version":[{"id":1118,"href":"https:\/\/www.iksz.eu\/en\/wp-json\/wp\/v2\/pages\/1117\/revisions\/1118"}],"wp:attachment":[{"href":"https:\/\/www.iksz.eu\/en\/wp-json\/wp\/v2\/media?parent=1117"}],"curies":[{"name":"wp","href":"https:\/\/api.w.org\/{rel}","templated":true}]}}