{"id":1157,"date":"2026-04-16T13:34:51","date_gmt":"2026-04-16T12:34:51","guid":{"rendered":"https:\/\/www.iksz.eu\/?page_id=1157"},"modified":"2026-04-16T13:34:52","modified_gmt":"2026-04-16T12:34:52","slug":"netto-ber-valuta-kalkulator","status":"publish","type":"page","link":"https:\/\/www.iksz.eu\/en\/netto-ber-valuta-kalkulator\/","title":{"rendered":"Nett\u00f3 b\u00e9r &#8211; valuta kalkul\u00e1tor"},"content":{"rendered":"    <div id=\"mnb-calc-container\" style=\"background: #ffffff; padding: 25px; border-radius: 12px; border: 1px solid #e0e0e0; max-width: 450px; font-family: sans-serif; box-shadow: 0 4px 6px rgba(0,0,0,0.05);\">\r\n        <h3 style=\"margin-top:0; color: #2c3e50; border-bottom: 2px solid #0073aa; padding-bottom: 10px;\">Fizet\u00e9s Kalkul\u00e1tor<\/h3>\r\n        \r\n        <div style=\"margin-bottom: 15px;\">\r\n            <label style=\"display:block; font-weight: bold; margin-bottom: 5px;\">Nett\u00f3 fizet\u00e9s (Ft):<\/label>\r\n            <input type=\"number\" id=\"net_salary\" placeholder=\"Pl. 450 000\" style=\"width: 100%; padding: 10px; border: 1px solid #ccc; border-radius: 4px; font-size: 16px;\">\r\n        <\/div>\r\n\r\n        <div style=\"background: #fcfcfc; padding: 15px; border-radius: 8px; margin-bottom: 15px;\">\r\n            <p style=\"margin-top:0; font-weight: bold; color: #555;\">F\u0151bb deviz\u00e1k:<\/p>\r\n            <ul style=\"list-style: none; padding: 0; margin: 0; line-height: 1.8;\">\r\n                <li>EUR: <span id=\"res-EUR\" style=\"font-weight:bold;\">-<\/span> <small id=\"unit-EUR\" style=\"color:#888; margin-left:10px;\"><\/small><\/li>\r\n                <li>USD: <span id=\"res-USD\" style=\"font-weight:bold;\">-<\/span> <small id=\"unit-USD\" style=\"color:#888; margin-left:10px;\"><\/small><\/li>\r\n                <li>PLN: <span id=\"res-PLN\" style=\"font-weight:bold;\">-<\/span> <small id=\"unit-PLN\" style=\"color:#888; margin-left:10px;\"><\/small><\/li>\r\n            <\/ul>\r\n        <\/div>\r\n\r\n        <div>\r\n            <label style=\"display:block; font-weight: bold; margin-bottom: 5px;\">Egy\u00e9b deviza v\u00e1laszt\u00e1sa:<\/label>\r\n            <select id=\"other_currency\" style=\"width: 100%; padding: 10px; border: 1px solid #ccc; border-radius: 4px;\">\r\n                <option value=\"\">-- V\u00e1lasszon deviz\u00e1t --<\/option>\r\n                                    <option value=\"AUD\">AUD<\/option>\r\n                                    <option value=\"BRL\">BRL<\/option>\r\n                                    <option value=\"CAD\">CAD<\/option>\r\n                                    <option value=\"CHF\">CHF<\/option>\r\n                                    <option value=\"CNY\">CNY<\/option>\r\n                                    <option value=\"CZK\">CZK<\/option>\r\n                                    <option value=\"DKK\">DKK<\/option>\r\n                                    <option value=\"EUR\">EUR<\/option>\r\n                                    <option value=\"GBP\">GBP<\/option>\r\n                                    <option value=\"HKD\">HKD<\/option>\r\n                                    <option value=\"IDR\">IDR<\/option>\r\n                                    <option value=\"ILS\">ILS<\/option>\r\n                                    <option value=\"INR\">INR<\/option>\r\n                                    <option value=\"ISK\">ISK<\/option>\r\n                                    <option value=\"JPY\">JPY<\/option>\r\n                                    <option value=\"KRW\">KRW<\/option>\r\n                                    <option value=\"MXN\">MXN<\/option>\r\n                                    <option value=\"MYR\">MYR<\/option>\r\n                                    <option value=\"NOK\">NOK<\/option>\r\n                                    <option value=\"NZD\">NZD<\/option>\r\n                                    <option value=\"PHP\">PHP<\/option>\r\n                                    <option value=\"PLN\">PLN<\/option>\r\n                                    <option value=\"RON\">RON<\/option>\r\n                                    <option value=\"RSD\">RSD<\/option>\r\n                                    <option value=\"RUB\">RUB<\/option>\r\n                                    <option value=\"SEK\">SEK<\/option>\r\n                                    <option value=\"SGD\">SGD<\/option>\r\n                                    <option value=\"THB\">THB<\/option>\r\n                                    <option value=\"TRY\">TRY<\/option>\r\n                                    <option value=\"UAH\">UAH<\/option>\r\n                                    <option value=\"USD\">USD<\/option>\r\n                                    <option value=\"ZAR\">ZAR<\/option>\r\n                            <\/select>\r\n        <\/div>\r\n        \r\n        <div id=\"custom-result-row\" style=\"display:none; margin-top: 15px; padding-top: 15px; border-top: 1px solid #eee;\">\r\n            <strong>Eredm\u00e9ny (<span id=\"selected-label\"><\/span>):<\/strong> \r\n            <span id=\"res-custom\" style=\"font-size: 1.1em; color: #0073aa; font-weight: bold;\">-<\/span>\r\n            <div id=\"unit-custom\" style=\"font-size: 0.85em; color: #888; margin-top: 4px;\"><\/div>\r\n        <\/div>\r\n        \r\n        <p style=\"font-size: 11px; color: #999; margin-top: 20px; font-style: italic;\">\r\n            * Az adatok a Magyar Nemzeti Bank hivatalos \u00e1rfolyamai alapj\u00e1n k\u00e9sz\u00fcltek.\r\n        <\/p>\r\n    <\/div>\r\n\r\n    <script>\r\n    (function() {\r\n        const ratesData = {\"AUD\":{\"rate\":221.52000000000001,\"display_rate\":\"221,52\",\"unit\":1},\"BRL\":{\"rate\":61.780000000000001,\"display_rate\":\"61,78\",\"unit\":1},\"CAD\":{\"rate\":225.63999999999999,\"display_rate\":\"225,64\",\"unit\":1},\"CHF\":{\"rate\":394.43000000000001,\"display_rate\":\"394,43\",\"unit\":1},\"CNY\":{\"rate\":45.210000000000001,\"display_rate\":\"45,21\",\"unit\":1},\"CZK\":{\"rate\":14.960000000000001,\"display_rate\":\"14,96\",\"unit\":1},\"DKK\":{\"rate\":48.689999999999998,\"display_rate\":\"48,69\",\"unit\":1},\"EUR\":{\"rate\":363.87,\"display_rate\":\"363,87\",\"unit\":1},\"GBP\":{\"rate\":417.49000000000001,\"display_rate\":\"417,49\",\"unit\":1},\"HKD\":{\"rate\":39.399999999999999,\"display_rate\":\"39,40\",\"unit\":1},\"IDR\":{\"rate\":0.018000000000000002,\"display_rate\":\"1,80\",\"unit\":100},\"ILS\":{\"rate\":103.19,\"display_rate\":\"103,19\",\"unit\":1},\"INR\":{\"rate\":3.3199999999999998,\"display_rate\":\"3,32\",\"unit\":1},\"ISK\":{\"rate\":2.5299999999999998,\"display_rate\":\"2,53\",\"unit\":1},\"JPY\":{\"rate\":1.9387000000000001,\"display_rate\":\"193,87\",\"unit\":100},\"KRW\":{\"rate\":0.2084,\"display_rate\":\"20,84\",\"unit\":100},\"MXN\":{\"rate\":17.91,\"display_rate\":\"17,91\",\"unit\":1},\"MYR\":{\"rate\":78.010000000000005,\"display_rate\":\"78,01\",\"unit\":1},\"NOK\":{\"rate\":33.030000000000001,\"display_rate\":\"33,03\",\"unit\":1},\"NZD\":{\"rate\":181.81,\"display_rate\":\"181,81\",\"unit\":1},\"PHP\":{\"rate\":5.1399999999999997,\"display_rate\":\"5,14\",\"unit\":1},\"PLN\":{\"rate\":85.909999999999997,\"display_rate\":\"85,91\",\"unit\":1},\"RON\":{\"rate\":71.359999999999999,\"display_rate\":\"71,36\",\"unit\":1},\"RSD\":{\"rate\":3.1000000000000001,\"display_rate\":\"3,10\",\"unit\":1},\"RUB\":{\"rate\":4.04,\"display_rate\":\"4,04\",\"unit\":1},\"SEK\":{\"rate\":33.670000000000002,\"display_rate\":\"33,67\",\"unit\":1},\"SGD\":{\"rate\":242.56999999999999,\"display_rate\":\"242,57\",\"unit\":1},\"THB\":{\"rate\":9.6199999999999992,\"display_rate\":\"9,62\",\"unit\":1},\"TRY\":{\"rate\":6.8799999999999999,\"display_rate\":\"6,88\",\"unit\":1},\"UAH\":{\"rate\":7.0300000000000002,\"display_rate\":\"7,03\",\"unit\":1},\"USD\":{\"rate\":308.51999999999998,\"display_rate\":\"308,52\",\"unit\":1},\"ZAR\":{\"rate\":18.850000000000001,\"display_rate\":\"18,85\",\"unit\":1}};\r\n        const salaryInput = document.getElementById('net_salary');\r\n        const otherSelect = document.getElementById('other_currency');\r\n\r\n        function updateDisplay() {\r\n            const salary = parseFloat(salaryInput.value);\r\n            \r\n            \/\/ Alap deviz\u00e1k friss\u00edt\u00e9se\r\n            ['EUR', 'USD', 'PLN'].forEach(curr => {\r\n                const info = ratesData[curr];\r\n                const resSpan = document.getElementById('res-' + curr);\r\n                const unitSpan = document.getElementById('unit-' + curr);\r\n\r\n                if (!isNaN(salary) && salary > 0) {\r\n                    resSpan.innerText = (salary \/ info.rate).toLocaleString('hu-HU', {maximumFractionDigits: 2}) + ' ' + curr;\r\n                    unitSpan.innerText = `(1 ${curr} = ${info.display_rate} Ft)`;\r\n                } else {\r\n                    resSpan.innerText = '-';\r\n                    unitSpan.innerText = `(1 ${curr} = ${info.display_rate} Ft)`;\r\n                }\r\n            });\r\n\r\n            \/\/ V\u00e1lasztott deviza friss\u00edt\u00e9se\r\n            const selected = otherSelect.value;\r\n            const customRow = document.getElementById('custom-result-row');\r\n            \r\n            if (selected && ratesData[selected]) {\r\n                const info = ratesData[selected];\r\n                customRow.style.display = 'block';\r\n                document.getElementById('selected-label').innerText = selected;\r\n                document.getElementById('unit-custom').innerText = `Aktu\u00e1lis \u00e1rfolyam: ${info.unit} ${selected} = ${info.display_rate} Ft`;\r\n                \r\n                if (!isNaN(salary) && salary > 0) {\r\n                    document.getElementById('res-custom').innerText = (salary \/ info.rate).toLocaleString('hu-HU', {maximumFractionDigits: 2}) + ' ' + selected;\r\n                } else {\r\n                    document.getElementById('res-custom').innerText = '-';\r\n                }\r\n            } else {\r\n                customRow.style.display = 'none';\r\n            }\r\n        }\r\n\r\n        salaryInput.addEventListener('input', updateDisplay);\r\n        otherSelect.addEventListener('change', updateDisplay);\r\n        \r\n        \/\/ Kezd\u0151 \u00e9rt\u00e9kek megjelen\u00edt\u00e9se (\u00e1rfolyamok bet\u00f6lt\u00e9se alaphelyzetben)\r\n        updateDisplay();\r\n    })();\r\n    <\/script>\r\n    \n","protected":false},"excerpt":{"rendered":"","protected":false},"author":1,"featured_media":0,"parent":0,"menu_order":0,"comment_status":"closed","ping_status":"closed","template":"","meta":{"footnotes":""},"class_list":["post-1157","page","type-page","status-publish","hentry"],"yoast_head":"<!-- This site is optimized with the Yoast SEO plugin v27.4 - https:\/\/yoast.com\/product\/yoast-seo-wordpress\/ -->\n<title>Nett\u00f3 b\u00e9r - valuta kalkul\u00e1tor - Info Kommunik\u00e1ci\u00f3s Szakszervezet<\/title>\n<meta name=\"robots\" content=\"index, follow, max-snippet:-1, max-image-preview:large, max-video-preview:-1\" \/>\n<link rel=\"canonical\" href=\"https:\/\/www.iksz.eu\/en\/netto-ber-valuta-kalkulator\/\" \/>\n<meta property=\"og:locale\" content=\"en_GB\" \/>\n<meta property=\"og:type\" content=\"article\" \/>\n<meta property=\"og:title\" content=\"Nett\u00f3 b\u00e9r - valuta kalkul\u00e1tor - Info Kommunik\u00e1ci\u00f3s Szakszervezet\" \/>\n<meta property=\"og:url\" content=\"https:\/\/www.iksz.eu\/en\/netto-ber-valuta-kalkulator\/\" \/>\n<meta property=\"og:site_name\" content=\"Info Kommunik\u00e1ci\u00f3s Szakszervezet\" \/>\n<meta property=\"article:modified_time\" content=\"2026-04-16T12:34:52+00:00\" \/>\n<meta name=\"twitter:card\" content=\"summary_large_image\" \/>\n<script type=\"application\/ld+json\" class=\"yoast-schema-graph\">{\"@context\":\"https:\\\/\\\/schema.org\",\"@graph\":[{\"@type\":\"WebPage\",\"@id\":\"https:\\\/\\\/www.iksz.eu\\\/netto-ber-valuta-kalkulator\\\/\",\"url\":\"https:\\\/\\\/www.iksz.eu\\\/netto-ber-valuta-kalkulator\\\/\",\"name\":\"Nett\u00f3 b\u00e9r - valuta kalkul\u00e1tor - Info Kommunik\u00e1ci\u00f3s Szakszervezet\",\"isPartOf\":{\"@id\":\"https:\\\/\\\/www.iksz.eu\\\/#website\"},\"datePublished\":\"2026-04-16T12:34:51+00:00\",\"dateModified\":\"2026-04-16T12:34:52+00:00\",\"breadcrumb\":{\"@id\":\"https:\\\/\\\/www.iksz.eu\\\/netto-ber-valuta-kalkulator\\\/#breadcrumb\"},\"inLanguage\":\"en-GB\",\"potentialAction\":[{\"@type\":\"ReadAction\",\"target\":[\"https:\\\/\\\/www.iksz.eu\\\/netto-ber-valuta-kalkulator\\\/\"]}]},{\"@type\":\"BreadcrumbList\",\"@id\":\"https:\\\/\\\/www.iksz.eu\\\/netto-ber-valuta-kalkulator\\\/#breadcrumb\",\"itemListElement\":[{\"@type\":\"ListItem\",\"position\":1,\"name\":\"Kezd\u0151lap\",\"item\":\"https:\\\/\\\/www.iksz.eu\\\/\"},{\"@type\":\"ListItem\",\"position\":2,\"name\":\"Nett\u00f3 b\u00e9r &#8211; valuta kalkul\u00e1tor\"}]},{\"@type\":\"WebSite\",\"@id\":\"https:\\\/\\\/www.iksz.eu\\\/#website\",\"url\":\"https:\\\/\\\/www.iksz.eu\\\/\",\"name\":\"Info Kommunik\u00e1ci\u00f3s Szakszervezet \\\/ IKSZ\",\"description\":\"\",\"publisher\":{\"@id\":\"https:\\\/\\\/www.iksz.eu\\\/#organization\"},\"potentialAction\":[{\"@type\":\"SearchAction\",\"target\":{\"@type\":\"EntryPoint\",\"urlTemplate\":\"https:\\\/\\\/www.iksz.eu\\\/?s={search_term_string}\"},\"query-input\":{\"@type\":\"PropertyValueSpecification\",\"valueRequired\":true,\"valueName\":\"search_term_string\"}}],\"inLanguage\":\"en-GB\"},{\"@type\":\"Organization\",\"@id\":\"https:\\\/\\\/www.iksz.eu\\\/#organization\",\"name\":\"Info Kommunik\u00e1ci\u00f3s Szakszervezet \\\/ IKSZ\",\"url\":\"https:\\\/\\\/www.iksz.eu\\\/\",\"logo\":{\"@type\":\"ImageObject\",\"inLanguage\":\"en-GB\",\"@id\":\"https:\\\/\\\/www.iksz.eu\\\/#\\\/schema\\\/logo\\\/image\\\/\",\"url\":\"https:\\\/\\\/www.iksz.eu\\\/wp-content\\\/uploads\\\/2025\\\/01\\\/cropped-ginop_iksz.png\",\"contentUrl\":\"https:\\\/\\\/www.iksz.eu\\\/wp-content\\\/uploads\\\/2025\\\/01\\\/cropped-ginop_iksz.png\",\"width\":1125,\"height\":250,\"caption\":\"Info Kommunik\u00e1ci\u00f3s Szakszervezet \\\/ IKSZ\"},\"image\":{\"@id\":\"https:\\\/\\\/www.iksz.eu\\\/#\\\/schema\\\/logo\\\/image\\\/\"}}]}<\/script>\n<!-- \/ Yoast SEO plugin. -->","yoast_head_json":{"title":"Nett\u00f3 b\u00e9r - valuta kalkul\u00e1tor - Info Kommunik\u00e1ci\u00f3s Szakszervezet","robots":{"index":"index","follow":"follow","max-snippet":"max-snippet:-1","max-image-preview":"max-image-preview:large","max-video-preview":"max-video-preview:-1"},"canonical":"https:\/\/www.iksz.eu\/en\/netto-ber-valuta-kalkulator\/","og_locale":"en_GB","og_type":"article","og_title":"Nett\u00f3 b\u00e9r - valuta kalkul\u00e1tor - Info Kommunik\u00e1ci\u00f3s Szakszervezet","og_url":"https:\/\/www.iksz.eu\/en\/netto-ber-valuta-kalkulator\/","og_site_name":"Info Kommunik\u00e1ci\u00f3s Szakszervezet","article_modified_time":"2026-04-16T12:34:52+00:00","twitter_card":"summary_large_image","schema":{"@context":"https:\/\/schema.org","@graph":[{"@type":"WebPage","@id":"https:\/\/www.iksz.eu\/netto-ber-valuta-kalkulator\/","url":"https:\/\/www.iksz.eu\/netto-ber-valuta-kalkulator\/","name":"Nett\u00f3 b\u00e9r - valuta kalkul\u00e1tor - Info Kommunik\u00e1ci\u00f3s Szakszervezet","isPartOf":{"@id":"https:\/\/www.iksz.eu\/#website"},"datePublished":"2026-04-16T12:34:51+00:00","dateModified":"2026-04-16T12:34:52+00:00","breadcrumb":{"@id":"https:\/\/www.iksz.eu\/netto-ber-valuta-kalkulator\/#breadcrumb"},"inLanguage":"en-GB","potentialAction":[{"@type":"ReadAction","target":["https:\/\/www.iksz.eu\/netto-ber-valuta-kalkulator\/"]}]},{"@type":"BreadcrumbList","@id":"https:\/\/www.iksz.eu\/netto-ber-valuta-kalkulator\/#breadcrumb","itemListElement":[{"@type":"ListItem","position":1,"name":"Kezd\u0151lap","item":"https:\/\/www.iksz.eu\/"},{"@type":"ListItem","position":2,"name":"Nett\u00f3 b\u00e9r &#8211; valuta kalkul\u00e1tor"}]},{"@type":"WebSite","@id":"https:\/\/www.iksz.eu\/#website","url":"https:\/\/www.iksz.eu\/","name":"Info Communication Trade Union \/ ICFTU","description":"","publisher":{"@id":"https:\/\/www.iksz.eu\/#organization"},"potentialAction":[{"@type":"SearchAction","target":{"@type":"EntryPoint","urlTemplate":"https:\/\/www.iksz.eu\/?s={search_term_string}"},"query-input":{"@type":"PropertyValueSpecification","valueRequired":true,"valueName":"search_term_string"}}],"inLanguage":"en-GB"},{"@type":"Organization","@id":"https:\/\/www.iksz.eu\/#organization","name":"Info Communication Trade Union \/ ICFTU","url":"https:\/\/www.iksz.eu\/","logo":{"@type":"ImageObject","inLanguage":"en-GB","@id":"https:\/\/www.iksz.eu\/#\/schema\/logo\/image\/","url":"https:\/\/www.iksz.eu\/wp-content\/uploads\/2025\/01\/cropped-ginop_iksz.png","contentUrl":"https:\/\/www.iksz.eu\/wp-content\/uploads\/2025\/01\/cropped-ginop_iksz.png","width":1125,"height":250,"caption":"Info Kommunik\u00e1ci\u00f3s Szakszervezet \/ IKSZ"},"image":{"@id":"https:\/\/www.iksz.eu\/#\/schema\/logo\/image\/"}}]}},"_links":{"self":[{"href":"https:\/\/www.iksz.eu\/en\/wp-json\/wp\/v2\/pages\/1157","targetHints":{"allow":["GET"]}}],"collection":[{"href":"https:\/\/www.iksz.eu\/en\/wp-json\/wp\/v2\/pages"}],"about":[{"href":"https:\/\/www.iksz.eu\/en\/wp-json\/wp\/v2\/types\/page"}],"author":[{"embeddable":true,"href":"https:\/\/www.iksz.eu\/en\/wp-json\/wp\/v2\/users\/1"}],"replies":[{"embeddable":true,"href":"https:\/\/www.iksz.eu\/en\/wp-json\/wp\/v2\/comments?post=1157"}],"version-history":[{"count":1,"href":"https:\/\/www.iksz.eu\/en\/wp-json\/wp\/v2\/pages\/1157\/revisions"}],"predecessor-version":[{"id":1158,"href":"https:\/\/www.iksz.eu\/en\/wp-json\/wp\/v2\/pages\/1157\/revisions\/1158"}],"wp:attachment":[{"href":"https:\/\/www.iksz.eu\/en\/wp-json\/wp\/v2\/media?parent=1157"}],"curies":[{"name":"wp","href":"https:\/\/api.w.org\/{rel}","templated":true}]}}