{"id":1161,"date":"2026-04-16T13:48:53","date_gmt":"2026-04-16T12:48:53","guid":{"rendered":"https:\/\/www.iksz.eu\/?page_id=1161"},"modified":"2026-04-16T13:48:53","modified_gmt":"2026-04-16T12:48:53","slug":"auto-vasarlas-kalkulator","status":"publish","type":"page","link":"https:\/\/www.iksz.eu\/en\/auto-vasarlas-kalkulator\/","title":{"rendered":"Aut\u00f3 v\u00e1s\u00e1rl\u00e1s kalkul\u00e1tor"},"content":{"rendered":"<div id=\"car-calc-huf\" style=\"background: #ffffff; padding: 25px; border-radius: 15px; border: 1px solid #eaeaea; max-width: 500px; font-family: 'Segoe UI', Roboto, Helvetica, Arial, sans-serif; box-shadow: 0 10px 25px rgba(0,0,0,0.05); color: #333; margin: 20px auto;\">\r\n        <h2 style=\"margin-top:0; color: #2c3e50; font-size: 22px; text-align: center; border-bottom: 2px solid #f1f1f1; padding-bottom: 15px;\">Aut\u00f3v\u00e1s\u00e1rl\u00e1si Kalkul\u00e1tor<\/h2>\r\n        \r\n        <div style=\"margin: 20px 0;\">\r\n            <label style=\"display:block; font-weight: bold; margin-bottom: 8px; color: #555;\">Havi nett\u00f3 fizet\u00e9sed (Ft):<\/label>\r\n            <input type=\"number\" id=\"huf_salary\" placeholder=\"Pl. 450 000\" style=\"width: 100%; padding: 12px; border: 2px solid #ddd; border-radius: 8px; font-size: 18px; transition: border-color 0.3s;\" onfocus=\"this.style.borderColor='#2c3e50'\" onblur=\"this.style.borderColor='#ddd'\">\r\n        <\/div>\r\n\r\n        <div style=\"margin-bottom: 25px;\">\r\n            <label style=\"display:block; font-weight: bold; margin-bottom: 8px; color: #555;\">P\u00e9nz\u00fcgyi strat\u00e9gia:<\/label>\r\n            <select id=\"huf_risk\" style=\"width: 100%; padding: 12px; border: 1px solid #ccc; border-radius: 8px; background: #fff; font-size: 16px; cursor: pointer;\">\r\n                <option value=\"0.3\">Konzervat\u00edv (\u00c9ves bev\u00e9tel 30%-a)<\/option>\r\n                <option value=\"0.5\" selected>\u00c1tlagos (\u00c9ves bev\u00e9tel 50%-a)<\/option>\r\n                <option value=\"0.8\">Aut\u00f3rajong\u00f3 (\u00c9ves bev\u00e9tel 80%-a)<\/option>\r\n            <\/select>\r\n        <\/div>\r\n\r\n        <div id=\"huf-results\" style=\"background: #fdfdfd; padding: 20px; border-radius: 12px; border: 1px solid #f0f0f0;\">\r\n            <div style=\"margin-bottom: 20px;\">\r\n                <p style=\"margin: 0 0 5px 0; font-size: 14px; color: #888; text-transform: uppercase; letter-spacing: 1px;\">Javasolt max. v\u00e9tel\u00e1r:<\/p>\r\n                <div id=\"huf-max-price\" style=\"font-size: 32px; font-weight: 800; color: #27ae60;\">0 Ft<\/div>\r\n            <\/div>\r\n            \r\n            <div style=\"padding-top: 15px; border-top: 1px solid #eee;\">\r\n                <p style=\"margin: 0 0 5px 0; font-weight: bold; color: #c0392b;\">Becs\u00fclt havi fenntart\u00e1si k\u00f6lts\u00e9g:<\/p>\r\n                <div id=\"huf-run-cost\" style=\"font-size: 20px; font-weight: bold; color: #333;\">0 Ft \/ h\u00f3<\/div>\r\n                <ul style=\"font-size: 12px; color: #777; margin-top: 10px; padding-left: 18px; line-height: 1.6;\">\r\n                    <li>\u00dczemanyag \u00e9s biztos\u00edt\u00e1s (KGFB\/Casco)<\/li>\r\n                    <li>Id\u0151szakos szerviz \u00e9s gumicsere alap<\/li>\r\n                    <li>Amortiz\u00e1ci\u00f3 (\u00e9rt\u00e9kveszt\u00e9s)<\/li>\r\n                <\/ul>\r\n            <\/div>\r\n        <\/div>\r\n\r\n        <p style=\"font-size: 11px; color: #aaa; margin-top: 20px; font-style: italic; line-height: 1.4; text-align: center;\">\r\n            A kalkul\u00e1ci\u00f3 a nett\u00f3 \u00e9ves j\u00f6vedelem alap\u00fa szak\u00e9rt\u0151i aj\u00e1nl\u00e1sokat veszi figyelembe. <br>\r\n            Az \u00fczemeltet\u00e9si k\u00f6lts\u00e9g a v\u00e9tel\u00e1r ~1.5%-\u00e1val kalkul\u00e1l havonta.\r\n        <\/p>\r\n    <\/div>\r\n\r\n    <script>\r\n    (function() {\r\n        const salInput = document.getElementById('huf_salary');\r\n        const riskSelect = document.getElementById('huf_risk');\r\n        const priceDisplay = document.getElementById('huf-max-price');\r\n        const runDisplay = document.getElementById('huf-run-cost');\r\n\r\n        function formatHuf(val) {\r\n            return Math.round(val).toLocaleString('hu-HU') + ' Ft';\r\n        }\r\n\r\n        function updateCalc() {\r\n            const monthlyNet = parseFloat(salInput.value) || 0;\r\n            const multiplier = parseFloat(riskSelect.value);\r\n            \r\n            if (monthlyNet <= 0) {\r\n                priceDisplay.innerText = \"0 Ft\";\r\n                runDisplay.innerText = \"0 Ft \/ h\u00f3\";\r\n                return;\r\n            }\r\n\r\n            const annualNet = monthlyNet * 12;\r\n            const maxPrice = annualNet * multiplier;\r\n            const monthlyRunning = maxPrice * 0.015; \/\/ 1.5% fenntart\u00e1si szab\u00e1ly\r\n\r\n            priceDisplay.innerText = formatHuf(maxPrice);\r\n            runDisplay.innerText = formatHuf(monthlyRunning) + ' \/ h\u00f3';\r\n        }\r\n\r\n        salInput.addEventListener('input', updateCalc);\r\n        riskSelect.addEventListener('change', updateCalc);\r\n    })();\r\n    <\/script>","protected":false},"excerpt":{"rendered":"","protected":false},"author":1,"featured_media":0,"parent":0,"menu_order":0,"comment_status":"closed","ping_status":"closed","template":"","meta":{"footnotes":""},"class_list":["post-1161","page","type-page","status-publish","hentry"],"yoast_head":"<!-- This site is optimized with the Yoast SEO plugin v27.4 - https:\/\/yoast.com\/product\/yoast-seo-wordpress\/ -->\n<title>Aut\u00f3 v\u00e1s\u00e1rl\u00e1s kalkul\u00e1tor - Info Kommunik\u00e1ci\u00f3s Szakszervezet<\/title>\n<meta name=\"robots\" content=\"index, follow, max-snippet:-1, max-image-preview:large, max-video-preview:-1\" \/>\n<link rel=\"canonical\" href=\"https:\/\/www.iksz.eu\/en\/auto-vasarlas-kalkulator\/\" \/>\n<meta property=\"og:locale\" content=\"en_GB\" \/>\n<meta property=\"og:type\" content=\"article\" \/>\n<meta property=\"og:title\" content=\"Aut\u00f3 v\u00e1s\u00e1rl\u00e1s kalkul\u00e1tor - Info Kommunik\u00e1ci\u00f3s Szakszervezet\" \/>\n<meta property=\"og:url\" content=\"https:\/\/www.iksz.eu\/en\/auto-vasarlas-kalkulator\/\" \/>\n<meta property=\"og:site_name\" content=\"Info Kommunik\u00e1ci\u00f3s Szakszervezet\" \/>\n<meta name=\"twitter:card\" content=\"summary_large_image\" \/>\n<script type=\"application\/ld+json\" class=\"yoast-schema-graph\">{\"@context\":\"https:\\\/\\\/schema.org\",\"@graph\":[{\"@type\":\"WebPage\",\"@id\":\"https:\\\/\\\/www.iksz.eu\\\/auto-vasarlas-kalkulator\\\/\",\"url\":\"https:\\\/\\\/www.iksz.eu\\\/auto-vasarlas-kalkulator\\\/\",\"name\":\"Aut\u00f3 v\u00e1s\u00e1rl\u00e1s kalkul\u00e1tor - Info Kommunik\u00e1ci\u00f3s Szakszervezet\",\"isPartOf\":{\"@id\":\"https:\\\/\\\/www.iksz.eu\\\/#website\"},\"datePublished\":\"2026-04-16T12:48:53+00:00\",\"breadcrumb\":{\"@id\":\"https:\\\/\\\/www.iksz.eu\\\/auto-vasarlas-kalkulator\\\/#breadcrumb\"},\"inLanguage\":\"en-GB\",\"potentialAction\":[{\"@type\":\"ReadAction\",\"target\":[\"https:\\\/\\\/www.iksz.eu\\\/auto-vasarlas-kalkulator\\\/\"]}]},{\"@type\":\"BreadcrumbList\",\"@id\":\"https:\\\/\\\/www.iksz.eu\\\/auto-vasarlas-kalkulator\\\/#breadcrumb\",\"itemListElement\":[{\"@type\":\"ListItem\",\"position\":1,\"name\":\"Kezd\u0151lap\",\"item\":\"https:\\\/\\\/www.iksz.eu\\\/\"},{\"@type\":\"ListItem\",\"position\":2,\"name\":\"Aut\u00f3 v\u00e1s\u00e1rl\u00e1s kalkul\u00e1tor\"}]},{\"@type\":\"WebSite\",\"@id\":\"https:\\\/\\\/www.iksz.eu\\\/#website\",\"url\":\"https:\\\/\\\/www.iksz.eu\\\/\",\"name\":\"Info Kommunik\u00e1ci\u00f3s Szakszervezet \\\/ IKSZ\",\"description\":\"\",\"publisher\":{\"@id\":\"https:\\\/\\\/www.iksz.eu\\\/#organization\"},\"potentialAction\":[{\"@type\":\"SearchAction\",\"target\":{\"@type\":\"EntryPoint\",\"urlTemplate\":\"https:\\\/\\\/www.iksz.eu\\\/?s={search_term_string}\"},\"query-input\":{\"@type\":\"PropertyValueSpecification\",\"valueRequired\":true,\"valueName\":\"search_term_string\"}}],\"inLanguage\":\"en-GB\"},{\"@type\":\"Organization\",\"@id\":\"https:\\\/\\\/www.iksz.eu\\\/#organization\",\"name\":\"Info Kommunik\u00e1ci\u00f3s Szakszervezet \\\/ IKSZ\",\"url\":\"https:\\\/\\\/www.iksz.eu\\\/\",\"logo\":{\"@type\":\"ImageObject\",\"inLanguage\":\"en-GB\",\"@id\":\"https:\\\/\\\/www.iksz.eu\\\/#\\\/schema\\\/logo\\\/image\\\/\",\"url\":\"https:\\\/\\\/www.iksz.eu\\\/wp-content\\\/uploads\\\/2025\\\/01\\\/cropped-ginop_iksz.png\",\"contentUrl\":\"https:\\\/\\\/www.iksz.eu\\\/wp-content\\\/uploads\\\/2025\\\/01\\\/cropped-ginop_iksz.png\",\"width\":1125,\"height\":250,\"caption\":\"Info Kommunik\u00e1ci\u00f3s Szakszervezet \\\/ IKSZ\"},\"image\":{\"@id\":\"https:\\\/\\\/www.iksz.eu\\\/#\\\/schema\\\/logo\\\/image\\\/\"}}]}<\/script>\n<!-- \/ Yoast SEO plugin. -->","yoast_head_json":{"title":"Aut\u00f3 v\u00e1s\u00e1rl\u00e1s kalkul\u00e1tor - Info Kommunik\u00e1ci\u00f3s Szakszervezet","robots":{"index":"index","follow":"follow","max-snippet":"max-snippet:-1","max-image-preview":"max-image-preview:large","max-video-preview":"max-video-preview:-1"},"canonical":"https:\/\/www.iksz.eu\/en\/auto-vasarlas-kalkulator\/","og_locale":"en_GB","og_type":"article","og_title":"Aut\u00f3 v\u00e1s\u00e1rl\u00e1s kalkul\u00e1tor - Info Kommunik\u00e1ci\u00f3s Szakszervezet","og_url":"https:\/\/www.iksz.eu\/en\/auto-vasarlas-kalkulator\/","og_site_name":"Info Kommunik\u00e1ci\u00f3s Szakszervezet","twitter_card":"summary_large_image","schema":{"@context":"https:\/\/schema.org","@graph":[{"@type":"WebPage","@id":"https:\/\/www.iksz.eu\/auto-vasarlas-kalkulator\/","url":"https:\/\/www.iksz.eu\/auto-vasarlas-kalkulator\/","name":"Aut\u00f3 v\u00e1s\u00e1rl\u00e1s kalkul\u00e1tor - Info Kommunik\u00e1ci\u00f3s Szakszervezet","isPartOf":{"@id":"https:\/\/www.iksz.eu\/#website"},"datePublished":"2026-04-16T12:48:53+00:00","breadcrumb":{"@id":"https:\/\/www.iksz.eu\/auto-vasarlas-kalkulator\/#breadcrumb"},"inLanguage":"en-GB","potentialAction":[{"@type":"ReadAction","target":["https:\/\/www.iksz.eu\/auto-vasarlas-kalkulator\/"]}]},{"@type":"BreadcrumbList","@id":"https:\/\/www.iksz.eu\/auto-vasarlas-kalkulator\/#breadcrumb","itemListElement":[{"@type":"ListItem","position":1,"name":"Kezd\u0151lap","item":"https:\/\/www.iksz.eu\/"},{"@type":"ListItem","position":2,"name":"Aut\u00f3 v\u00e1s\u00e1rl\u00e1s kalkul\u00e1tor"}]},{"@type":"WebSite","@id":"https:\/\/www.iksz.eu\/#website","url":"https:\/\/www.iksz.eu\/","name":"Info Communication Trade Union \/ ICFTU","description":"","publisher":{"@id":"https:\/\/www.iksz.eu\/#organization"},"potentialAction":[{"@type":"SearchAction","target":{"@type":"EntryPoint","urlTemplate":"https:\/\/www.iksz.eu\/?s={search_term_string}"},"query-input":{"@type":"PropertyValueSpecification","valueRequired":true,"valueName":"search_term_string"}}],"inLanguage":"en-GB"},{"@type":"Organization","@id":"https:\/\/www.iksz.eu\/#organization","name":"Info Communication Trade Union \/ ICFTU","url":"https:\/\/www.iksz.eu\/","logo":{"@type":"ImageObject","inLanguage":"en-GB","@id":"https:\/\/www.iksz.eu\/#\/schema\/logo\/image\/","url":"https:\/\/www.iksz.eu\/wp-content\/uploads\/2025\/01\/cropped-ginop_iksz.png","contentUrl":"https:\/\/www.iksz.eu\/wp-content\/uploads\/2025\/01\/cropped-ginop_iksz.png","width":1125,"height":250,"caption":"Info Kommunik\u00e1ci\u00f3s Szakszervezet \/ IKSZ"},"image":{"@id":"https:\/\/www.iksz.eu\/#\/schema\/logo\/image\/"}}]}},"_links":{"self":[{"href":"https:\/\/www.iksz.eu\/en\/wp-json\/wp\/v2\/pages\/1161","targetHints":{"allow":["GET"]}}],"collection":[{"href":"https:\/\/www.iksz.eu\/en\/wp-json\/wp\/v2\/pages"}],"about":[{"href":"https:\/\/www.iksz.eu\/en\/wp-json\/wp\/v2\/types\/page"}],"author":[{"embeddable":true,"href":"https:\/\/www.iksz.eu\/en\/wp-json\/wp\/v2\/users\/1"}],"replies":[{"embeddable":true,"href":"https:\/\/www.iksz.eu\/en\/wp-json\/wp\/v2\/comments?post=1161"}],"version-history":[{"count":1,"href":"https:\/\/www.iksz.eu\/en\/wp-json\/wp\/v2\/pages\/1161\/revisions"}],"predecessor-version":[{"id":1162,"href":"https:\/\/www.iksz.eu\/en\/wp-json\/wp\/v2\/pages\/1161\/revisions\/1162"}],"wp:attachment":[{"href":"https:\/\/www.iksz.eu\/en\/wp-json\/wp\/v2\/media?parent=1161"}],"curies":[{"name":"wp","href":"https:\/\/api.w.org\/{rel}","templated":true}]}}