{"id":1176,"date":"2026-04-16T22:14:58","date_gmt":"2026-04-16T21:14:58","guid":{"rendered":"https:\/\/www.iksz.eu\/?page_id=1176"},"modified":"2026-04-16T22:14:58","modified_gmt":"2026-04-16T21:14:58","slug":"autogumi-ajanlo","status":"publish","type":"page","link":"https:\/\/www.iksz.eu\/en\/autogumi-ajanlo\/","title":{"rendered":"Aut\u00f3gumi aj\u00e1nl\u00f3"},"content":{"rendered":"<div style=\"background: #ffffff; padding: 25px; border: 1px solid #ddd; border-radius: 10px; max-width: 550px; margin: 20px auto; font-family: Arial, sans-serif;\">\r\n        <h3 style=\"color: #c0392b; text-align: center; margin-bottom: 20px;\">Gumiabroncs Tan\u00e1csad\u00f3 2026<\/h3>\r\n        \r\n        <form method=\"post\" action=\"\" data-trp-original-action=\"\">\r\n            <div style=\"margin-bottom: 15px;\">\r\n                <label><b>Meghajt\u00e1s:<\/b><\/label>\r\n                <select name=\"car_type\" style=\"width:100%; padding: 10px; margin-top:5px;\">\r\n                    <option value='ice'>Bels\u0151 \u00e9g\u00e9s\u0171 (Benzin\/D\u00edzel)<\/option><option value='hybrid'>Hibrid (HEV\/PHEV)<\/option><option value='ev'>Tiszt\u00e1n Elektromos (Full EV)<\/option>                <\/select>\r\n            <\/div>\r\n\r\n            <div style=\"margin-bottom: 15px;\">\r\n                <label><b>Szezon:<\/b><\/label>\r\n                <select name=\"gumi_tipus\" style=\"width:100%; padding: 10px; margin-top:5px;\">\r\n                    <option value='nyari'>Ny\u00e1ri gumi (Radial)<\/option><option value='teli'>T\u00e9li gumi (Radial)<\/option><option value='negyevszakos'>N\u00e9gy\u00e9vszakos gumi (Radial)<\/option>                <\/select>\r\n            <\/div>\r\n\r\n            <div style=\"display: flex; gap: 10px; margin-bottom: 20px;\">\r\n                <div style=\"flex: 1;\"><label>Sz\u00e9less\u00e9g<\/label>\r\n                    <select name=\"width\" style=\"width:100%; padding: 8px;\">\r\n                        <option value='175' >175<\/option><option value='185' >185<\/option><option value='195' >195<\/option><option value='205' selected>205<\/option><option value='215' >215<\/option><option value='225' >225<\/option><option value='235' >235<\/option><option value='245' >245<\/option><option value='255' >255<\/option><option value='275' >275<\/option>                    <\/select><\/div>\r\n                <div style=\"flex: 1;\"><label>Profil<\/label>\r\n                    <select name=\"ratio\" style=\"width:100%; padding: 8px;\">\r\n                        <option value='35' >35<\/option><option value='40' >40<\/option><option value='45' >45<\/option><option value='50' >50<\/option><option value='55' selected>55<\/option><option value='60' >60<\/option><option value='65' >65<\/option><option value='70' >70<\/option><option value='75' >75<\/option><option value='80' >80<\/option>                    <\/select><\/div>\r\n                <div style=\"flex: 1;\"><label>\u00c1tm\u00e9r\u0151<\/label>\r\n                    <select name=\"diameter\" style=\"width:100%; padding: 8px;\">\r\n                        <option value='14' >14<\/option><option value='15' >15<\/option><option value='16' selected>16<\/option><option value='17' >17<\/option><option value='18' >18<\/option><option value='19' >19<\/option><option value='20' >20<\/option><option value='21' >21<\/option><option value='22' >22<\/option>                    <\/select><\/div>\r\n            <\/div>\r\n\r\n            <button type=\"submit\" name=\"gumi_submit\" style=\"width:100%; background: #c0392b; color: white; border: none; padding: 15px; font-weight: bold; cursor: pointer; border-radius: 5px;\">JAVASLATOK MEGJELEN\u00cdT\u00c9SE<\/button>\r\n        <input type=\"hidden\" name=\"trp-form-language\" value=\"en\"\/><\/form>\r\n\r\n            <\/div>","protected":false},"excerpt":{"rendered":"","protected":false},"author":1,"featured_media":0,"parent":0,"menu_order":0,"comment_status":"closed","ping_status":"closed","template":"","meta":{"footnotes":""},"class_list":["post-1176","page","type-page","status-publish","hentry"],"yoast_head":"<!-- This site is optimized with the Yoast SEO plugin v27.4 - https:\/\/yoast.com\/product\/yoast-seo-wordpress\/ -->\n<title>Aut\u00f3gumi aj\u00e1nl\u00f3 - Info Kommunik\u00e1ci\u00f3s Szakszervezet<\/title>\n<meta name=\"robots\" content=\"index, follow, max-snippet:-1, max-image-preview:large, max-video-preview:-1\" \/>\n<link rel=\"canonical\" href=\"https:\/\/www.iksz.eu\/en\/autogumi-ajanlo\/\" \/>\n<meta property=\"og:locale\" content=\"en_GB\" \/>\n<meta property=\"og:type\" content=\"article\" \/>\n<meta property=\"og:title\" content=\"Aut\u00f3gumi aj\u00e1nl\u00f3 - Info Kommunik\u00e1ci\u00f3s Szakszervezet\" \/>\n<meta property=\"og:url\" content=\"https:\/\/www.iksz.eu\/en\/autogumi-ajanlo\/\" \/>\n<meta property=\"og:site_name\" content=\"Info Kommunik\u00e1ci\u00f3s Szakszervezet\" \/>\n<meta name=\"twitter:card\" content=\"summary_large_image\" \/>\n<script type=\"application\/ld+json\" class=\"yoast-schema-graph\">{\"@context\":\"https:\\\/\\\/schema.org\",\"@graph\":[{\"@type\":\"WebPage\",\"@id\":\"https:\\\/\\\/www.iksz.eu\\\/autogumi-ajanlo\\\/\",\"url\":\"https:\\\/\\\/www.iksz.eu\\\/autogumi-ajanlo\\\/\",\"name\":\"Aut\u00f3gumi aj\u00e1nl\u00f3 - Info Kommunik\u00e1ci\u00f3s Szakszervezet\",\"isPartOf\":{\"@id\":\"https:\\\/\\\/www.iksz.eu\\\/#website\"},\"datePublished\":\"2026-04-16T21:14:58+00:00\",\"breadcrumb\":{\"@id\":\"https:\\\/\\\/www.iksz.eu\\\/autogumi-ajanlo\\\/#breadcrumb\"},\"inLanguage\":\"en-GB\",\"potentialAction\":[{\"@type\":\"ReadAction\",\"target\":[\"https:\\\/\\\/www.iksz.eu\\\/autogumi-ajanlo\\\/\"]}]},{\"@type\":\"BreadcrumbList\",\"@id\":\"https:\\\/\\\/www.iksz.eu\\\/autogumi-ajanlo\\\/#breadcrumb\",\"itemListElement\":[{\"@type\":\"ListItem\",\"position\":1,\"name\":\"Kezd\u0151lap\",\"item\":\"https:\\\/\\\/www.iksz.eu\\\/\"},{\"@type\":\"ListItem\",\"position\":2,\"name\":\"Aut\u00f3gumi aj\u00e1nl\u00f3\"}]},{\"@type\":\"WebSite\",\"@id\":\"https:\\\/\\\/www.iksz.eu\\\/#website\",\"url\":\"https:\\\/\\\/www.iksz.eu\\\/\",\"name\":\"Info Kommunik\u00e1ci\u00f3s Szakszervezet \\\/ IKSZ\",\"description\":\"\",\"publisher\":{\"@id\":\"https:\\\/\\\/www.iksz.eu\\\/#organization\"},\"potentialAction\":[{\"@type\":\"SearchAction\",\"target\":{\"@type\":\"EntryPoint\",\"urlTemplate\":\"https:\\\/\\\/www.iksz.eu\\\/?s={search_term_string}\"},\"query-input\":{\"@type\":\"PropertyValueSpecification\",\"valueRequired\":true,\"valueName\":\"search_term_string\"}}],\"inLanguage\":\"en-GB\"},{\"@type\":\"Organization\",\"@id\":\"https:\\\/\\\/www.iksz.eu\\\/#organization\",\"name\":\"Info Kommunik\u00e1ci\u00f3s Szakszervezet \\\/ IKSZ\",\"url\":\"https:\\\/\\\/www.iksz.eu\\\/\",\"logo\":{\"@type\":\"ImageObject\",\"inLanguage\":\"en-GB\",\"@id\":\"https:\\\/\\\/www.iksz.eu\\\/#\\\/schema\\\/logo\\\/image\\\/\",\"url\":\"https:\\\/\\\/www.iksz.eu\\\/wp-content\\\/uploads\\\/2025\\\/01\\\/cropped-ginop_iksz.png\",\"contentUrl\":\"https:\\\/\\\/www.iksz.eu\\\/wp-content\\\/uploads\\\/2025\\\/01\\\/cropped-ginop_iksz.png\",\"width\":1125,\"height\":250,\"caption\":\"Info Kommunik\u00e1ci\u00f3s Szakszervezet \\\/ IKSZ\"},\"image\":{\"@id\":\"https:\\\/\\\/www.iksz.eu\\\/#\\\/schema\\\/logo\\\/image\\\/\"}}]}<\/script>\n<!-- \/ Yoast SEO plugin. -->","yoast_head_json":{"title":"Aut\u00f3gumi aj\u00e1nl\u00f3 - Info Kommunik\u00e1ci\u00f3s Szakszervezet","robots":{"index":"index","follow":"follow","max-snippet":"max-snippet:-1","max-image-preview":"max-image-preview:large","max-video-preview":"max-video-preview:-1"},"canonical":"https:\/\/www.iksz.eu\/en\/autogumi-ajanlo\/","og_locale":"en_GB","og_type":"article","og_title":"Aut\u00f3gumi aj\u00e1nl\u00f3 - Info Kommunik\u00e1ci\u00f3s Szakszervezet","og_url":"https:\/\/www.iksz.eu\/en\/autogumi-ajanlo\/","og_site_name":"Info Kommunik\u00e1ci\u00f3s Szakszervezet","twitter_card":"summary_large_image","schema":{"@context":"https:\/\/schema.org","@graph":[{"@type":"WebPage","@id":"https:\/\/www.iksz.eu\/autogumi-ajanlo\/","url":"https:\/\/www.iksz.eu\/autogumi-ajanlo\/","name":"Aut\u00f3gumi aj\u00e1nl\u00f3 - Info Kommunik\u00e1ci\u00f3s Szakszervezet","isPartOf":{"@id":"https:\/\/www.iksz.eu\/#website"},"datePublished":"2026-04-16T21:14:58+00:00","breadcrumb":{"@id":"https:\/\/www.iksz.eu\/autogumi-ajanlo\/#breadcrumb"},"inLanguage":"en-GB","potentialAction":[{"@type":"ReadAction","target":["https:\/\/www.iksz.eu\/autogumi-ajanlo\/"]}]},{"@type":"BreadcrumbList","@id":"https:\/\/www.iksz.eu\/autogumi-ajanlo\/#breadcrumb","itemListElement":[{"@type":"ListItem","position":1,"name":"Kezd\u0151lap","item":"https:\/\/www.iksz.eu\/"},{"@type":"ListItem","position":2,"name":"Aut\u00f3gumi aj\u00e1nl\u00f3"}]},{"@type":"WebSite","@id":"https:\/\/www.iksz.eu\/#website","url":"https:\/\/www.iksz.eu\/","name":"Info Communication Trade Union \/ ICFTU","description":"","publisher":{"@id":"https:\/\/www.iksz.eu\/#organization"},"potentialAction":[{"@type":"SearchAction","target":{"@type":"EntryPoint","urlTemplate":"https:\/\/www.iksz.eu\/?s={search_term_string}"},"query-input":{"@type":"PropertyValueSpecification","valueRequired":true,"valueName":"search_term_string"}}],"inLanguage":"en-GB"},{"@type":"Organization","@id":"https:\/\/www.iksz.eu\/#organization","name":"Info Communication Trade Union \/ ICFTU","url":"https:\/\/www.iksz.eu\/","logo":{"@type":"ImageObject","inLanguage":"en-GB","@id":"https:\/\/www.iksz.eu\/#\/schema\/logo\/image\/","url":"https:\/\/www.iksz.eu\/wp-content\/uploads\/2025\/01\/cropped-ginop_iksz.png","contentUrl":"https:\/\/www.iksz.eu\/wp-content\/uploads\/2025\/01\/cropped-ginop_iksz.png","width":1125,"height":250,"caption":"Info Kommunik\u00e1ci\u00f3s Szakszervezet \/ IKSZ"},"image":{"@id":"https:\/\/www.iksz.eu\/#\/schema\/logo\/image\/"}}]}},"_links":{"self":[{"href":"https:\/\/www.iksz.eu\/en\/wp-json\/wp\/v2\/pages\/1176","targetHints":{"allow":["GET"]}}],"collection":[{"href":"https:\/\/www.iksz.eu\/en\/wp-json\/wp\/v2\/pages"}],"about":[{"href":"https:\/\/www.iksz.eu\/en\/wp-json\/wp\/v2\/types\/page"}],"author":[{"embeddable":true,"href":"https:\/\/www.iksz.eu\/en\/wp-json\/wp\/v2\/users\/1"}],"replies":[{"embeddable":true,"href":"https:\/\/www.iksz.eu\/en\/wp-json\/wp\/v2\/comments?post=1176"}],"version-history":[{"count":1,"href":"https:\/\/www.iksz.eu\/en\/wp-json\/wp\/v2\/pages\/1176\/revisions"}],"predecessor-version":[{"id":1177,"href":"https:\/\/www.iksz.eu\/en\/wp-json\/wp\/v2\/pages\/1176\/revisions\/1177"}],"wp:attachment":[{"href":"https:\/\/www.iksz.eu\/en\/wp-json\/wp\/v2\/media?parent=1176"}],"curies":[{"name":"wp","href":"https:\/\/api.w.org\/{rel}","templated":true}]}}