{"id":360,"date":"2025-01-29T12:21:06","date_gmt":"2025-01-29T11:21:06","guid":{"rendered":"https:\/\/www.iksz.eu\/?page_id=360"},"modified":"2025-02-26T12:35:32","modified_gmt":"2025-02-26T11:35:32","slug":"ginop-palyazat","status":"publish","type":"page","link":"https:\/\/www.iksz.eu\/en\/ginop-palyazat\/","title":{"rendered":"GINOP Plus 3.2.3.-24"},"content":{"rendered":"<p>From&nbsp;<strong>Info Kommunik\u00e1ci\u00f3s Szakszervezet receives 79.994.778 HUF in the framework of the GINOP Plus 3.2.3.-24 - Support for capacity building of social partners<\/strong>&nbsp;over the next 3 years, which can be used to increase capacity. The aim of the call is to strengthen the capacity of social dialogue organisations and to promote cooperation so that they are able to represent the interests of workers and employers effectively and in a well-prepared way and to channel their views and proposals effectively into the labour and policy-making process.<\/p>\n\n\n\n<p>A&nbsp;<strong>GINOP_PLUSZ-3.2.3-24-2024-00099, \u201eCapacity building at the Info Communication Trade Union\u201d<\/strong>&nbsp;project will allow us to employ 5 new workers, purchase equipment and provide training.<\/p>\n\n\n\n<p>Project completion date: 12 December 2027.<\/p>\n\n\n\n<figure class=\"wp-block-image size-full\"><img loading=\"lazy\" decoding=\"async\" width=\"934\" height=\"284\" src=\"https:\/\/www.iksz.eu\/wp-content\/uploads\/2025\/01\/ginop.png\" alt=\"\" class=\"wp-image-361\" srcset=\"https:\/\/www.iksz.eu\/wp-content\/uploads\/2025\/01\/ginop.png 934w, https:\/\/www.iksz.eu\/wp-content\/uploads\/2025\/01\/ginop-300x91.png 300w, https:\/\/www.iksz.eu\/wp-content\/uploads\/2025\/01\/ginop-768x234.png 768w\" sizes=\"auto, (max-width: 706px) 89vw, (max-width: 767px) 82vw, 740px\" \/><\/figure>","protected":false},"excerpt":{"rendered":"<p>Az&nbsp;Info Kommunik\u00e1ci\u00f3s Szakszervezet 79.994.778 Ft t\u00e1mogat\u00e1sban r\u00e9szes\u00fcl a GINOP Plusz 3.2.3.-24 \u2013 Szoci\u00e1lis partnerek kapacit\u00e1s\u00e9p\u00edt\u00e9s\u00e9nek t\u00e1mogat\u00e1sa p\u00e1ly\u00e1zat keret\u00e9ben&nbsp;a k\u00f6vetkez\u0151 3 \u00e9ves id\u0151szakban, amelyet kapacit\u00e1sb\u0151v\u00edt\u00e9sre haszn\u00e1lhat fel. A felh\u00edv\u00e1s c\u00e9lja a szoci\u00e1lis p\u00e1rbesz\u00e9dben r\u00e9sztvev\u0151 szervezetek kapacit\u00e1s\u00e1nak meger\u0151s\u00edt\u00e9se \u00e9s egy\u00fcttm\u0171k\u00f6d\u00e9s\u00e9nek el\u0151seg\u00edt\u00e9se annak \u00e9rdek\u00e9ben, hogy hat\u00e9konyan \u00e9s felk\u00e9sz\u00fclten tudj\u00e1k k\u00e9pviselni a munkav\u00e1llal\u00f3k \u00e9s munk\u00e1ltat\u00f3k \u00e9rdekeit \u00e9s legyenek k\u00e9pesek &hellip; <\/p>\n<p class=\"link-more\"><a href=\"https:\/\/www.iksz.eu\/en\/ginop-palyazat\/\" class=\"more-link\">Continue reading<span class=\"screen-reader-text\"> &#8222;GINOP Plusz 3.2.3.-24&#8221;<\/span><\/a><\/p>","protected":false},"author":1,"featured_media":0,"parent":0,"menu_order":0,"comment_status":"closed","ping_status":"closed","template":"","meta":{"footnotes":""},"class_list":["post-360","page","type-page","status-publish","hentry"],"yoast_head":"<!-- This site is optimized with the Yoast SEO plugin v27.4 - https:\/\/yoast.com\/product\/yoast-seo-wordpress\/ -->\n<title>GINOP Plusz 3.2.3.-24 - Info Kommunik\u00e1ci\u00f3s Szakszervezet<\/title>\n<meta name=\"robots\" content=\"index, follow, max-snippet:-1, max-image-preview:large, max-video-preview:-1\" \/>\n<link rel=\"canonical\" href=\"https:\/\/www.iksz.eu\/en\/ginop-palyazat\/\" \/>\n<meta property=\"og:locale\" content=\"en_GB\" \/>\n<meta property=\"og:type\" content=\"article\" \/>\n<meta property=\"og:title\" content=\"GINOP Plusz 3.2.3.-24 - Info Kommunik\u00e1ci\u00f3s Szakszervezet\" \/>\n<meta property=\"og:description\" content=\"Az&nbsp;Info Kommunik\u00e1ci\u00f3s Szakszervezet 79.994.778 Ft t\u00e1mogat\u00e1sban r\u00e9szes\u00fcl a GINOP Plusz 3.2.3.-24 \u2013 Szoci\u00e1lis partnerek kapacit\u00e1s\u00e9p\u00edt\u00e9s\u00e9nek t\u00e1mogat\u00e1sa p\u00e1ly\u00e1zat keret\u00e9ben&nbsp;a k\u00f6vetkez\u0151 3 \u00e9ves id\u0151szakban, amelyet kapacit\u00e1sb\u0151v\u00edt\u00e9sre haszn\u00e1lhat fel. A felh\u00edv\u00e1s c\u00e9lja a szoci\u00e1lis p\u00e1rbesz\u00e9dben r\u00e9sztvev\u0151 szervezetek kapacit\u00e1s\u00e1nak meger\u0151s\u00edt\u00e9se \u00e9s egy\u00fcttm\u0171k\u00f6d\u00e9s\u00e9nek el\u0151seg\u00edt\u00e9se annak \u00e9rdek\u00e9ben, hogy hat\u00e9konyan \u00e9s felk\u00e9sz\u00fclten tudj\u00e1k k\u00e9pviselni a munkav\u00e1llal\u00f3k \u00e9s munk\u00e1ltat\u00f3k \u00e9rdekeit \u00e9s legyenek k\u00e9pesek &hellip; Continue reading &quot;GINOP Plusz 3.2.3.-24&quot;\" \/>\n<meta property=\"og:url\" content=\"https:\/\/www.iksz.eu\/en\/ginop-palyazat\/\" \/>\n<meta property=\"og:site_name\" content=\"Info Kommunik\u00e1ci\u00f3s Szakszervezet\" \/>\n<meta property=\"article:modified_time\" content=\"2025-02-26T11:35:32+00:00\" \/>\n<meta property=\"og:image\" content=\"https:\/\/www.iksz.eu\/wp-content\/uploads\/2025\/01\/ginop.png\" \/>\n<meta name=\"twitter:card\" content=\"summary_large_image\" \/>\n<meta name=\"twitter:label1\" content=\"Estimated reading time\" \/>\n\t<meta name=\"twitter:data1\" content=\"1 minute\" \/>\n<script type=\"application\/ld+json\" class=\"yoast-schema-graph\">{\"@context\":\"https:\\\/\\\/schema.org\",\"@graph\":[{\"@type\":\"WebPage\",\"@id\":\"https:\\\/\\\/www.iksz.eu\\\/ginop-palyazat\\\/\",\"url\":\"https:\\\/\\\/www.iksz.eu\\\/ginop-palyazat\\\/\",\"name\":\"GINOP Plusz 3.2.3.-24 - Info Kommunik\u00e1ci\u00f3s Szakszervezet\",\"isPartOf\":{\"@id\":\"https:\\\/\\\/www.iksz.eu\\\/#website\"},\"primaryImageOfPage\":{\"@id\":\"https:\\\/\\\/www.iksz.eu\\\/ginop-palyazat\\\/#primaryimage\"},\"image\":{\"@id\":\"https:\\\/\\\/www.iksz.eu\\\/ginop-palyazat\\\/#primaryimage\"},\"thumbnailUrl\":\"https:\\\/\\\/www.iksz.eu\\\/wp-content\\\/uploads\\\/2025\\\/01\\\/ginop.png\",\"datePublished\":\"2025-01-29T11:21:06+00:00\",\"dateModified\":\"2025-02-26T11:35:32+00:00\",\"breadcrumb\":{\"@id\":\"https:\\\/\\\/www.iksz.eu\\\/ginop-palyazat\\\/#breadcrumb\"},\"inLanguage\":\"en-GB\",\"potentialAction\":[{\"@type\":\"ReadAction\",\"target\":[\"https:\\\/\\\/www.iksz.eu\\\/ginop-palyazat\\\/\"]}]},{\"@type\":\"ImageObject\",\"inLanguage\":\"en-GB\",\"@id\":\"https:\\\/\\\/www.iksz.eu\\\/ginop-palyazat\\\/#primaryimage\",\"url\":\"https:\\\/\\\/www.iksz.eu\\\/wp-content\\\/uploads\\\/2025\\\/01\\\/ginop.png\",\"contentUrl\":\"https:\\\/\\\/www.iksz.eu\\\/wp-content\\\/uploads\\\/2025\\\/01\\\/ginop.png\"},{\"@type\":\"BreadcrumbList\",\"@id\":\"https:\\\/\\\/www.iksz.eu\\\/ginop-palyazat\\\/#breadcrumb\",\"itemListElement\":[{\"@type\":\"ListItem\",\"position\":1,\"name\":\"Kezd\u0151lap\",\"item\":\"https:\\\/\\\/www.iksz.eu\\\/\"},{\"@type\":\"ListItem\",\"position\":2,\"name\":\"GINOP Plusz 3.2.3.-24\"}]},{\"@type\":\"WebSite\",\"@id\":\"https:\\\/\\\/www.iksz.eu\\\/#website\",\"url\":\"https:\\\/\\\/www.iksz.eu\\\/\",\"name\":\"Info Kommunik\u00e1ci\u00f3s Szakszervezet \\\/ IKSZ\",\"description\":\"\",\"publisher\":{\"@id\":\"https:\\\/\\\/www.iksz.eu\\\/#organization\"},\"potentialAction\":[{\"@type\":\"SearchAction\",\"target\":{\"@type\":\"EntryPoint\",\"urlTemplate\":\"https:\\\/\\\/www.iksz.eu\\\/?s={search_term_string}\"},\"query-input\":{\"@type\":\"PropertyValueSpecification\",\"valueRequired\":true,\"valueName\":\"search_term_string\"}}],\"inLanguage\":\"en-GB\"},{\"@type\":\"Organization\",\"@id\":\"https:\\\/\\\/www.iksz.eu\\\/#organization\",\"name\":\"Info Kommunik\u00e1ci\u00f3s Szakszervezet \\\/ IKSZ\",\"url\":\"https:\\\/\\\/www.iksz.eu\\\/\",\"logo\":{\"@type\":\"ImageObject\",\"inLanguage\":\"en-GB\",\"@id\":\"https:\\\/\\\/www.iksz.eu\\\/#\\\/schema\\\/logo\\\/image\\\/\",\"url\":\"https:\\\/\\\/www.iksz.eu\\\/wp-content\\\/uploads\\\/2025\\\/01\\\/cropped-ginop_iksz.png\",\"contentUrl\":\"https:\\\/\\\/www.iksz.eu\\\/wp-content\\\/uploads\\\/2025\\\/01\\\/cropped-ginop_iksz.png\",\"width\":1125,\"height\":250,\"caption\":\"Info Kommunik\u00e1ci\u00f3s Szakszervezet \\\/ IKSZ\"},\"image\":{\"@id\":\"https:\\\/\\\/www.iksz.eu\\\/#\\\/schema\\\/logo\\\/image\\\/\"}}]}<\/script>\n<!-- \/ Yoast SEO plugin. -->","yoast_head_json":{"title":"GINOP Plusz 3.2.3.-24 - Info Kommunik\u00e1ci\u00f3s Szakszervezet","robots":{"index":"index","follow":"follow","max-snippet":"max-snippet:-1","max-image-preview":"max-image-preview:large","max-video-preview":"max-video-preview:-1"},"canonical":"https:\/\/www.iksz.eu\/en\/ginop-palyazat\/","og_locale":"en_GB","og_type":"article","og_title":"GINOP Plusz 3.2.3.-24 - Info Kommunik\u00e1ci\u00f3s Szakszervezet","og_description":"Az&nbsp;Info Kommunik\u00e1ci\u00f3s Szakszervezet 79.994.778 Ft t\u00e1mogat\u00e1sban r\u00e9szes\u00fcl a GINOP Plusz 3.2.3.-24 \u2013 Szoci\u00e1lis partnerek kapacit\u00e1s\u00e9p\u00edt\u00e9s\u00e9nek t\u00e1mogat\u00e1sa p\u00e1ly\u00e1zat keret\u00e9ben&nbsp;a k\u00f6vetkez\u0151 3 \u00e9ves id\u0151szakban, amelyet kapacit\u00e1sb\u0151v\u00edt\u00e9sre haszn\u00e1lhat fel. A felh\u00edv\u00e1s c\u00e9lja a szoci\u00e1lis p\u00e1rbesz\u00e9dben r\u00e9sztvev\u0151 szervezetek kapacit\u00e1s\u00e1nak meger\u0151s\u00edt\u00e9se \u00e9s egy\u00fcttm\u0171k\u00f6d\u00e9s\u00e9nek el\u0151seg\u00edt\u00e9se annak \u00e9rdek\u00e9ben, hogy hat\u00e9konyan \u00e9s felk\u00e9sz\u00fclten tudj\u00e1k k\u00e9pviselni a munkav\u00e1llal\u00f3k \u00e9s munk\u00e1ltat\u00f3k \u00e9rdekeit \u00e9s legyenek k\u00e9pesek &hellip; Continue reading \"GINOP Plusz 3.2.3.-24\"","og_url":"https:\/\/www.iksz.eu\/en\/ginop-palyazat\/","og_site_name":"Info Kommunik\u00e1ci\u00f3s Szakszervezet","article_modified_time":"2025-02-26T11:35:32+00:00","og_image":[{"url":"https:\/\/www.iksz.eu\/wp-content\/uploads\/2025\/01\/ginop.png","type":"","width":"","height":""}],"twitter_card":"summary_large_image","twitter_misc":{"Estimated reading time":"1 minute"},"schema":{"@context":"https:\/\/schema.org","@graph":[{"@type":"WebPage","@id":"https:\/\/www.iksz.eu\/ginop-palyazat\/","url":"https:\/\/www.iksz.eu\/ginop-palyazat\/","name":"GINOP Plusz 3.2.3.-24 - Info Kommunik\u00e1ci\u00f3s Szakszervezet","isPartOf":{"@id":"https:\/\/www.iksz.eu\/#website"},"primaryImageOfPage":{"@id":"https:\/\/www.iksz.eu\/ginop-palyazat\/#primaryimage"},"image":{"@id":"https:\/\/www.iksz.eu\/ginop-palyazat\/#primaryimage"},"thumbnailUrl":"https:\/\/www.iksz.eu\/wp-content\/uploads\/2025\/01\/ginop.png","datePublished":"2025-01-29T11:21:06+00:00","dateModified":"2025-02-26T11:35:32+00:00","breadcrumb":{"@id":"https:\/\/www.iksz.eu\/ginop-palyazat\/#breadcrumb"},"inLanguage":"en-GB","potentialAction":[{"@type":"ReadAction","target":["https:\/\/www.iksz.eu\/ginop-palyazat\/"]}]},{"@type":"ImageObject","inLanguage":"en-GB","@id":"https:\/\/www.iksz.eu\/ginop-palyazat\/#primaryimage","url":"https:\/\/www.iksz.eu\/wp-content\/uploads\/2025\/01\/ginop.png","contentUrl":"https:\/\/www.iksz.eu\/wp-content\/uploads\/2025\/01\/ginop.png"},{"@type":"BreadcrumbList","@id":"https:\/\/www.iksz.eu\/ginop-palyazat\/#breadcrumb","itemListElement":[{"@type":"ListItem","position":1,"name":"Kezd\u0151lap","item":"https:\/\/www.iksz.eu\/"},{"@type":"ListItem","position":2,"name":"GINOP Plusz 3.2.3.-24"}]},{"@type":"WebSite","@id":"https:\/\/www.iksz.eu\/#website","url":"https:\/\/www.iksz.eu\/","name":"Info Communication Trade Union \/ ICFTU","description":"","publisher":{"@id":"https:\/\/www.iksz.eu\/#organization"},"potentialAction":[{"@type":"SearchAction","target":{"@type":"EntryPoint","urlTemplate":"https:\/\/www.iksz.eu\/?s={search_term_string}"},"query-input":{"@type":"PropertyValueSpecification","valueRequired":true,"valueName":"search_term_string"}}],"inLanguage":"en-GB"},{"@type":"Organization","@id":"https:\/\/www.iksz.eu\/#organization","name":"Info Communication Trade Union \/ ICFTU","url":"https:\/\/www.iksz.eu\/","logo":{"@type":"ImageObject","inLanguage":"en-GB","@id":"https:\/\/www.iksz.eu\/#\/schema\/logo\/image\/","url":"https:\/\/www.iksz.eu\/wp-content\/uploads\/2025\/01\/cropped-ginop_iksz.png","contentUrl":"https:\/\/www.iksz.eu\/wp-content\/uploads\/2025\/01\/cropped-ginop_iksz.png","width":1125,"height":250,"caption":"Info Kommunik\u00e1ci\u00f3s Szakszervezet \/ IKSZ"},"image":{"@id":"https:\/\/www.iksz.eu\/#\/schema\/logo\/image\/"}}]}},"_links":{"self":[{"href":"https:\/\/www.iksz.eu\/en\/wp-json\/wp\/v2\/pages\/360","targetHints":{"allow":["GET"]}}],"collection":[{"href":"https:\/\/www.iksz.eu\/en\/wp-json\/wp\/v2\/pages"}],"about":[{"href":"https:\/\/www.iksz.eu\/en\/wp-json\/wp\/v2\/types\/page"}],"author":[{"embeddable":true,"href":"https:\/\/www.iksz.eu\/en\/wp-json\/wp\/v2\/users\/1"}],"replies":[{"embeddable":true,"href":"https:\/\/www.iksz.eu\/en\/wp-json\/wp\/v2\/comments?post=360"}],"version-history":[{"count":5,"href":"https:\/\/www.iksz.eu\/en\/wp-json\/wp\/v2\/pages\/360\/revisions"}],"predecessor-version":[{"id":430,"href":"https:\/\/www.iksz.eu\/en\/wp-json\/wp\/v2\/pages\/360\/revisions\/430"}],"wp:attachment":[{"href":"https:\/\/www.iksz.eu\/en\/wp-json\/wp\/v2\/media?parent=360"}],"curies":[{"name":"wp","href":"https:\/\/api.w.org\/{rel}","templated":true}]}}