{"id":375,"date":"2025-01-30T20:46:05","date_gmt":"2025-01-30T19:46:05","guid":{"rendered":"https:\/\/www.iksz.eu\/?page_id=375"},"modified":"2026-03-31T05:44:56","modified_gmt":"2026-03-31T04:44:56","slug":"kedvezmenyek","status":"publish","type":"page","link":"https:\/\/www.iksz.eu\/en\/kedvezmenyek\/","title":{"rendered":"Discounts"},"content":{"rendered":"<div class=\"wp-block-group is-vertical is-layout-flex wp-container-core-group-is-layout-8cf370e7 wp-block-group-is-layout-flex\">\n<div class=\"wp-block-columns is-layout-flex wp-container-core-columns-is-layout-9d6595d7 wp-block-columns-is-layout-flex\">\n<div class=\"wp-block-column is-layout-flow wp-block-column-is-layout-flow\">\n<figure class=\"wp-block-image size-full\"><a href=\"https:\/\/www.liganet.hu\/\" target=\"_blank\" rel=\" noreferrer noopener\"><img loading=\"lazy\" decoding=\"async\" width=\"571\" height=\"520\" src=\"https:\/\/www.iksz.eu\/wp-content\/uploads\/2025\/01\/LIGA_final-3.png\" alt=\"\" class=\"wp-image-392\" srcset=\"https:\/\/www.iksz.eu\/wp-content\/uploads\/2025\/01\/LIGA_final-3.png 571w, https:\/\/www.iksz.eu\/wp-content\/uploads\/2025\/01\/LIGA_final-3-300x273.png 300w\" sizes=\"auto, (max-width: 571px) 100vw, 571px\" \/><\/a><\/figure>\n<\/div>\n\n\n\n<div class=\"wp-block-column is-vertically-aligned-center is-layout-flow wp-block-column-is-layout-flow\">\n<p class=\"has-small-font-size\">Discounts provided by the League of Trade Unions:<br><a href=\"https:\/\/www.liganet.hu\/s1169-mobiltelefon.html\">Mobile phone<\/a><br><a href=\"https:\/\/www.liganet.hu\/s1167-penzugyi-szolgaltatasok.html\">Financial services<\/a><br><a href=\"https:\/\/www.liganet.hu\/k1188-vasarlasi-kedvezmenyek.html\">Purchase discounts<\/a><br><a href=\"https:\/\/www.liganet.hu\/k1183-udules.html\">Holiday<\/a><br><a href=\"https:\/\/www.liganet.hu\/k1301-kulturalis-es-sportkedvezmenyek.html\">Cultural and sporting events<\/a><br><a href=\"https:\/\/www.liganet.hu\/k1329-egeszsegugyi-kedvezmenyek.html\">Health discounts<\/a><\/p>\n<\/div>\n<\/div>\n\n\n\n<div class=\"wp-block-columns is-layout-flex wp-container-core-columns-is-layout-9d6595d7 wp-block-columns-is-layout-flex\">\n<div class=\"wp-block-column is-layout-flow wp-block-column-is-layout-flow\"><\/div>\n\n\n\n<div class=\"wp-block-column is-layout-flow wp-block-column-is-layout-flow\"><\/div>\n<\/div>\n\n\n\n<div class=\"wp-block-columns is-layout-flex wp-container-core-columns-is-layout-9d6595d7 wp-block-columns-is-layout-flex\">\n<div class=\"wp-block-column is-vertically-aligned-center is-layout-flow wp-block-column-is-layout-flow\">\n<p class=\"has-text-align-right has-small-font-size\">Discounted legal advice (employment law, civil law, etc.), upon prior appointment, within 2 days of the appointment at the lawyer's office, if personal advice is required. The reduced price is 18.000 HUF + VAT\/hour.<br>When writing a sales contract, the legal fee is 0,4% of the contract purchase price and is a minimum of HUF 50.000, but a maximum of HUF 160.000.<\/p>\n<\/div>\n\n\n\n<div class=\"wp-block-column is-layout-flow wp-block-column-is-layout-flow\">\n<figure class=\"wp-block-image size-full\"><a href=\"https:\/\/drdobrossy.hu\/\" target=\"_blank\" rel=\" noreferrer noopener\"><img loading=\"lazy\" decoding=\"async\" width=\"571\" height=\"520\" src=\"https:\/\/www.iksz.eu\/wp-content\/uploads\/2025\/01\/dobrossy_final-2.png\" alt=\"\" class=\"wp-image-394\" srcset=\"https:\/\/www.iksz.eu\/wp-content\/uploads\/2025\/01\/dobrossy_final-2.png 571w, https:\/\/www.iksz.eu\/wp-content\/uploads\/2025\/01\/dobrossy_final-2-300x273.png 300w\" sizes=\"auto, (max-width: 571px) 100vw, 571px\" \/><\/a><\/figure>\n<\/div>\n<\/div>\n\n\n\n<div class=\"wp-block-columns is-layout-flex wp-container-core-columns-is-layout-9d6595d7 wp-block-columns-is-layout-flex\">\n<div class=\"wp-block-column is-layout-flow wp-block-column-is-layout-flow\"><\/div>\n\n\n\n<div class=\"wp-block-column is-layout-flow wp-block-column-is-layout-flow\"><\/div>\n<\/div>\n\n\n\n<div class=\"wp-block-columns is-layout-flex wp-container-core-columns-is-layout-9d6595d7 wp-block-columns-is-layout-flex\">\n<div class=\"wp-block-column is-layout-flow wp-block-column-is-layout-flow\">\n<figure class=\"wp-block-image size-full\"><a href=\"https:\/\/automosowebshop.hu\/\" target=\"_blank\" rel=\" noreferrer noopener\"><img loading=\"lazy\" decoding=\"async\" width=\"571\" height=\"520\" src=\"https:\/\/www.iksz.eu\/wp-content\/uploads\/2025\/01\/automoso_final-1.png\" alt=\"\" class=\"wp-image-396\" srcset=\"https:\/\/www.iksz.eu\/wp-content\/uploads\/2025\/01\/automoso_final-1.png 571w, https:\/\/www.iksz.eu\/wp-content\/uploads\/2025\/01\/automoso_final-1-300x273.png 300w\" sizes=\"auto, (max-width: 571px) 100vw, 571px\" \/><\/a><\/figure>\n<\/div>\n\n\n\n<div class=\"wp-block-column is-vertically-aligned-center is-layout-flow wp-block-column-is-layout-flow\">\n<p class=\"has-small-font-size\">10% discount on ADBL, KiurLab, Cleantle, MJJC, Auto Graph Detailing, Soft99, Booski Car Care, Marolex, FoxedCare and Heaven Scents products (excluding products already on sale). Discount code available at info@iksz.eu.<\/p>\n<\/div>\n<\/div>\n\n\n\n<div class=\"wp-block-columns is-layout-flex wp-container-core-columns-is-layout-9d6595d7 wp-block-columns-is-layout-flex\">\n<div class=\"wp-block-column is-layout-flow wp-block-column-is-layout-flow\"><\/div>\n<\/div>\n\n\n\n<div class=\"wp-block-columns is-layout-flex wp-container-core-columns-is-layout-9d6595d7 wp-block-columns-is-layout-flex\">\n<div class=\"wp-block-column is-vertically-aligned-center is-layout-flow wp-block-column-is-layout-flow\">\n<p class=\"has-text-align-right has-small-font-size\">30% with Club Karos discount<\/p>\n<\/div>\n\n\n\n<div class=\"wp-block-column is-layout-flow wp-block-column-is-layout-flow\">\n<figure class=\"wp-block-image size-full\"><a href=\"http:\/\/www.clubkaros.hu\/\" target=\"_blank\" rel=\" noreferrer noopener\"><img loading=\"lazy\" decoding=\"async\" width=\"571\" height=\"520\" src=\"https:\/\/www.iksz.eu\/wp-content\/uploads\/2025\/01\/karos_kep_final-4.png\" alt=\"\" class=\"wp-image-401\" srcset=\"https:\/\/www.iksz.eu\/wp-content\/uploads\/2025\/01\/karos_kep_final-4.png 571w, https:\/\/www.iksz.eu\/wp-content\/uploads\/2025\/01\/karos_kep_final-4-300x273.png 300w\" sizes=\"auto, (max-width: 571px) 100vw, 571px\" \/><\/a><\/figure>\n<\/div>\n<\/div>\n\n\n\n<div class=\"wp-block-columns is-layout-flex wp-container-core-columns-is-layout-9d6595d7 wp-block-columns-is-layout-flex\">\n<div class=\"wp-block-column is-layout-flow wp-block-column-is-layout-flow\">\n<figure class=\"wp-block-image size-full\"><a href=\"https:\/\/www.signdesign.hu\/hu\/\" target=\"_blank\" rel=\" noreferrer noopener\"><img loading=\"lazy\" decoding=\"async\" width=\"571\" height=\"520\" src=\"https:\/\/www.iksz.eu\/wp-content\/uploads\/2025\/01\/signdesign_final-1.png\" alt=\"\" class=\"wp-image-402\" srcset=\"https:\/\/www.iksz.eu\/wp-content\/uploads\/2025\/01\/signdesign_final-1.png 571w, https:\/\/www.iksz.eu\/wp-content\/uploads\/2025\/01\/signdesign_final-1-300x273.png 300w\" sizes=\"auto, (max-width: 571px) 100vw, 571px\" \/><\/a><\/figure>\n<\/div>\n\n\n\n<div class=\"wp-block-column is-vertically-aligned-center is-layout-flow wp-block-column-is-layout-flow\">\n<p class=\"has-small-font-size\">10% discount for interior design, interior decoration, visual design, design drawings. The discount is valid throughout Hungary.<\/p>\n<\/div>\n<\/div>\n\n\n\n<div class=\"wp-block-columns is-layout-flex wp-container-core-columns-is-layout-9d6595d7 wp-block-columns-is-layout-flex\">\n<div class=\"wp-block-column is-vertically-aligned-center is-layout-flow wp-block-column-is-layout-flow\">\n<p class=\"has-text-align-right has-small-font-size\">Discounted Generali insurance offers for trade union members. KGFB, Casco, information on home insurance. A League\/IKSZ membership card or a certificate of membership of the IKSZ is required.<\/p>\n<\/div>\n\n\n\n<div class=\"wp-block-column is-layout-flow wp-block-column-is-layout-flow\">\n<figure class=\"wp-block-image size-full\"><a href=\"https:\/\/generali-hungary.my.site.com\/partner\/a0A7Q00000JPbBp\/konczgabriella\" target=\"_blank\" rel=\" noreferrer noopener\"><img loading=\"lazy\" decoding=\"async\" width=\"571\" height=\"520\" src=\"https:\/\/www.iksz.eu\/wp-content\/uploads\/2025\/01\/generali_final-1.png\" alt=\"\" class=\"wp-image-405\" srcset=\"https:\/\/www.iksz.eu\/wp-content\/uploads\/2025\/01\/generali_final-1.png 571w, https:\/\/www.iksz.eu\/wp-content\/uploads\/2025\/01\/generali_final-1-300x273.png 300w\" sizes=\"auto, (max-width: 571px) 100vw, 571px\" \/><\/a><\/figure>\n<\/div>\n<\/div>\n\n\n\n<div class=\"wp-block-columns is-layout-flex wp-container-core-columns-is-layout-9d6595d7 wp-block-columns-is-layout-flex\">\n<div class=\"wp-block-column is-layout-flow wp-block-column-is-layout-flow\">\n<figure class=\"wp-block-image size-full\"><a href=\"https:\/\/futuresmile.hu\/\" target=\"_blank\" rel=\" noreferrer noopener\"><img loading=\"lazy\" decoding=\"async\" width=\"571\" height=\"520\" src=\"https:\/\/www.iksz.eu\/wp-content\/uploads\/2025\/01\/futuresmile_final-1.png\" alt=\"\" class=\"wp-image-407\" srcset=\"https:\/\/www.iksz.eu\/wp-content\/uploads\/2025\/01\/futuresmile_final-1.png 571w, https:\/\/www.iksz.eu\/wp-content\/uploads\/2025\/01\/futuresmile_final-1-300x273.png 300w\" sizes=\"auto, (max-width: 571px) 100vw, 571px\" \/><\/a><\/figure>\n<\/div>\n\n\n\n<div class=\"wp-block-column is-vertically-aligned-center is-layout-flow wp-block-column-is-layout-flow\">\n<p class=\"has-small-font-size\">10% discount<br>more information<\/p>\n<\/div>\n<\/div>\n\n\n\n<div class=\"wp-block-columns is-layout-flex wp-container-core-columns-is-layout-9d6595d7 wp-block-columns-is-layout-flex\">\n<div class=\"wp-block-column is-vertically-aligned-center is-layout-flow wp-block-column-is-layout-flow\">\n<p class=\"has-text-align-right has-small-font-size\">10% discount<\/p>\n<\/div>\n\n\n\n<div class=\"wp-block-column is-layout-flow wp-block-column-is-layout-flow\">\n<figure class=\"wp-block-image size-full\"><a href=\"https:\/\/ofoldeaki.hu\/\" target=\"_blank\" rel=\" noreferrer noopener\"><img loading=\"lazy\" decoding=\"async\" width=\"571\" height=\"520\" src=\"https:\/\/www.iksz.eu\/wp-content\/uploads\/2025\/01\/ofoldeak_final-1.png\" alt=\"\" class=\"wp-image-410\" srcset=\"https:\/\/www.iksz.eu\/wp-content\/uploads\/2025\/01\/ofoldeak_final-1.png 571w, https:\/\/www.iksz.eu\/wp-content\/uploads\/2025\/01\/ofoldeak_final-1-300x273.png 300w\" sizes=\"auto, (max-width: 571px) 100vw, 571px\" \/><\/a><\/figure>\n<\/div>\n<\/div>\n<\/div>\n\n\n\n<div class=\"wp-block-columns is-layout-flex wp-container-core-columns-is-layout-9d6595d7 wp-block-columns-is-layout-flex\">\n<div class=\"wp-block-column is-layout-flow wp-block-column-is-layout-flow\">\n<figure class=\"wp-block-gallery has-nested-images columns-default is-cropped wp-block-gallery-1 is-layout-flex wp-block-gallery-is-layout-flex\">\n<figure class=\"wp-block-image size-full\"><img loading=\"lazy\" decoding=\"async\" width=\"576\" height=\"576\" data-id=\"930\" src=\"https:\/\/www.iksz.eu\/wp-content\/uploads\/2026\/03\/eclat.jpeg\" alt=\"\" class=\"wp-image-930\" srcset=\"https:\/\/www.iksz.eu\/wp-content\/uploads\/2026\/03\/eclat.jpeg 576w, https:\/\/www.iksz.eu\/wp-content\/uploads\/2026\/03\/eclat-300x300.jpeg 300w, https:\/\/www.iksz.eu\/wp-content\/uploads\/2026\/03\/eclat-150x150.jpeg 150w, https:\/\/www.iksz.eu\/wp-content\/uploads\/2026\/03\/eclat-12x12.jpeg 12w, https:\/\/www.iksz.eu\/wp-content\/uploads\/2026\/03\/eclat-100x100.jpeg 100w\" sizes=\"auto, (max-width: 576px) 100vw, 576px\" \/><\/figure>\n<\/figure>\n<\/div>\n\n\n\n<div class=\"wp-block-column is-vertically-aligned-center is-layout-flow wp-block-column-is-layout-flow\">\n<p class=\"has-small-font-size\">10% discount<br><a href=\"https:\/\/eclateyelashes.setmore.com\" target=\"_blank\" rel=\"noreferrer noopener\">more information<\/a><\/p>\n<\/div>\n<\/div>","protected":false},"excerpt":{"rendered":"<p>A Liga Szakszervezetek \u00e1ltal ny\u00fajtott kedvezm\u00e9nyek:MobiltelefonP\u00e9nz\u00fcgyi szolg\u00e1ltat\u00e1sokV\u00e1s\u00e1rl\u00e1si kedvezm\u00e9nyek\u00dcd\u00fcl\u00e9sKultur\u00e1lis \u00e9s sportrendezv\u00e9nyekEg\u00e9szs\u00e9g\u00fcgyi kedvezm\u00e9nyek Kedvezm\u00e9nyes jogi tan\u00e1csad\u00e1st (munkajog, polg\u00e1rjog stb.), el\u0151zetes bejelentkez\u00e9s alapj\u00e1n, a bejelentkez\u00e9st\u0151l sz\u00e1m\u00edtott 2 napon bel\u00fcl az \u00fcgyv\u00e9di irod\u00e1ban, amennyiben szem\u00e9lyes tan\u00e1csad\u00e1sra van ig\u00e9ny. Ennek kedvezm\u00e9nyes \u00e1ra 18.000 Ft + \u00c1FA\/\u00f3ra.Ad\u00e1sv\u00e9teli szerz\u0151d\u00e9s \u00edr\u00e1sakor az \u00dcgyv\u00e9di k\u00f6lts\u00e9g a szerz\u0151d\u00e9ses v\u00e9tel\u00e1r 0,4%-a \u00e9s minimum 50.000 Ft, de &hellip; <\/p>\n<p class=\"link-more\"><a href=\"https:\/\/www.iksz.eu\/en\/kedvezmenyek\/\" class=\"more-link\">Continue reading<span class=\"screen-reader-text\"> &#8222;Kedvezm\u00e9nyek&#8221;<\/span><\/a><\/p>","protected":false},"author":2,"featured_media":0,"parent":0,"menu_order":0,"comment_status":"closed","ping_status":"closed","template":"","meta":{"footnotes":""},"class_list":["post-375","page","type-page","status-publish","hentry"],"yoast_head":"<!-- This site is optimized with the Yoast SEO plugin v27.4 - https:\/\/yoast.com\/product\/yoast-seo-wordpress\/ -->\n<title>Kedvezm\u00e9nyek - Info Kommunik\u00e1ci\u00f3s Szakszervezet<\/title>\n<meta name=\"robots\" content=\"index, follow, max-snippet:-1, max-image-preview:large, max-video-preview:-1\" \/>\n<link rel=\"canonical\" href=\"https:\/\/www.iksz.eu\/en\/kedvezmenyek\/\" \/>\n<meta property=\"og:locale\" content=\"en_GB\" \/>\n<meta property=\"og:type\" content=\"article\" \/>\n<meta property=\"og:title\" content=\"Kedvezm\u00e9nyek - Info Kommunik\u00e1ci\u00f3s Szakszervezet\" \/>\n<meta property=\"og:description\" content=\"A Liga Szakszervezetek \u00e1ltal ny\u00fajtott kedvezm\u00e9nyek:MobiltelefonP\u00e9nz\u00fcgyi szolg\u00e1ltat\u00e1sokV\u00e1s\u00e1rl\u00e1si kedvezm\u00e9nyek\u00dcd\u00fcl\u00e9sKultur\u00e1lis \u00e9s sportrendezv\u00e9nyekEg\u00e9szs\u00e9g\u00fcgyi kedvezm\u00e9nyek Kedvezm\u00e9nyes jogi tan\u00e1csad\u00e1st (munkajog, polg\u00e1rjog stb.), el\u0151zetes bejelentkez\u00e9s alapj\u00e1n, a bejelentkez\u00e9st\u0151l sz\u00e1m\u00edtott 2 napon bel\u00fcl az \u00fcgyv\u00e9di irod\u00e1ban, amennyiben szem\u00e9lyes tan\u00e1csad\u00e1sra van ig\u00e9ny. Ennek kedvezm\u00e9nyes \u00e1ra 18.000 Ft + \u00c1FA\/\u00f3ra.Ad\u00e1sv\u00e9teli szerz\u0151d\u00e9s \u00edr\u00e1sakor az \u00dcgyv\u00e9di k\u00f6lts\u00e9g a szerz\u0151d\u00e9ses v\u00e9tel\u00e1r 0,4%-a \u00e9s minimum 50.000 Ft, de &hellip; Continue reading &quot;Kedvezm\u00e9nyek&quot;\" \/>\n<meta property=\"og:url\" content=\"https:\/\/www.iksz.eu\/en\/kedvezmenyek\/\" \/>\n<meta property=\"og:site_name\" content=\"Info Kommunik\u00e1ci\u00f3s Szakszervezet\" \/>\n<meta property=\"article:modified_time\" content=\"2026-03-31T04:44:56+00:00\" \/>\n<meta property=\"og:image\" content=\"https:\/\/www.iksz.eu\/wp-content\/uploads\/2025\/01\/LIGA_final-3.png\" \/>\n\t<meta property=\"og:image:width\" content=\"571\" \/>\n\t<meta property=\"og:image:height\" content=\"520\" \/>\n\t<meta property=\"og:image:type\" content=\"image\/png\" \/>\n<meta name=\"twitter:card\" content=\"summary_large_image\" \/>\n<meta name=\"twitter:label1\" content=\"Estimated reading time\" \/>\n\t<meta name=\"twitter:data1\" content=\"3 minutes\" \/>\n<script type=\"application\/ld+json\" class=\"yoast-schema-graph\">{\"@context\":\"https:\\\/\\\/schema.org\",\"@graph\":[{\"@type\":\"WebPage\",\"@id\":\"https:\\\/\\\/www.iksz.eu\\\/kedvezmenyek\\\/\",\"url\":\"https:\\\/\\\/www.iksz.eu\\\/kedvezmenyek\\\/\",\"name\":\"Kedvezm\u00e9nyek - Info Kommunik\u00e1ci\u00f3s Szakszervezet\",\"isPartOf\":{\"@id\":\"https:\\\/\\\/www.iksz.eu\\\/#website\"},\"primaryImageOfPage\":{\"@id\":\"https:\\\/\\\/www.iksz.eu\\\/kedvezmenyek\\\/#primaryimage\"},\"image\":{\"@id\":\"https:\\\/\\\/www.iksz.eu\\\/kedvezmenyek\\\/#primaryimage\"},\"thumbnailUrl\":\"https:\\\/\\\/www.iksz.eu\\\/wp-content\\\/uploads\\\/2025\\\/01\\\/LIGA_final-3.png\",\"datePublished\":\"2025-01-30T19:46:05+00:00\",\"dateModified\":\"2026-03-31T04:44:56+00:00\",\"breadcrumb\":{\"@id\":\"https:\\\/\\\/www.iksz.eu\\\/kedvezmenyek\\\/#breadcrumb\"},\"inLanguage\":\"en-GB\",\"potentialAction\":[{\"@type\":\"ReadAction\",\"target\":[\"https:\\\/\\\/www.iksz.eu\\\/kedvezmenyek\\\/\"]}]},{\"@type\":\"ImageObject\",\"inLanguage\":\"en-GB\",\"@id\":\"https:\\\/\\\/www.iksz.eu\\\/kedvezmenyek\\\/#primaryimage\",\"url\":\"https:\\\/\\\/www.iksz.eu\\\/wp-content\\\/uploads\\\/2025\\\/01\\\/LIGA_final-3.png\",\"contentUrl\":\"https:\\\/\\\/www.iksz.eu\\\/wp-content\\\/uploads\\\/2025\\\/01\\\/LIGA_final-3.png\"},{\"@type\":\"BreadcrumbList\",\"@id\":\"https:\\\/\\\/www.iksz.eu\\\/kedvezmenyek\\\/#breadcrumb\",\"itemListElement\":[{\"@type\":\"ListItem\",\"position\":1,\"name\":\"Kezd\u0151lap\",\"item\":\"https:\\\/\\\/www.iksz.eu\\\/\"},{\"@type\":\"ListItem\",\"position\":2,\"name\":\"Kedvezm\u00e9nyek\"}]},{\"@type\":\"WebSite\",\"@id\":\"https:\\\/\\\/www.iksz.eu\\\/#website\",\"url\":\"https:\\\/\\\/www.iksz.eu\\\/\",\"name\":\"Info Kommunik\u00e1ci\u00f3s Szakszervezet \\\/ IKSZ\",\"description\":\"\",\"publisher\":{\"@id\":\"https:\\\/\\\/www.iksz.eu\\\/#organization\"},\"potentialAction\":[{\"@type\":\"SearchAction\",\"target\":{\"@type\":\"EntryPoint\",\"urlTemplate\":\"https:\\\/\\\/www.iksz.eu\\\/?s={search_term_string}\"},\"query-input\":{\"@type\":\"PropertyValueSpecification\",\"valueRequired\":true,\"valueName\":\"search_term_string\"}}],\"inLanguage\":\"en-GB\"},{\"@type\":\"Organization\",\"@id\":\"https:\\\/\\\/www.iksz.eu\\\/#organization\",\"name\":\"Info Kommunik\u00e1ci\u00f3s Szakszervezet \\\/ IKSZ\",\"url\":\"https:\\\/\\\/www.iksz.eu\\\/\",\"logo\":{\"@type\":\"ImageObject\",\"inLanguage\":\"en-GB\",\"@id\":\"https:\\\/\\\/www.iksz.eu\\\/#\\\/schema\\\/logo\\\/image\\\/\",\"url\":\"https:\\\/\\\/www.iksz.eu\\\/wp-content\\\/uploads\\\/2025\\\/01\\\/cropped-ginop_iksz.png\",\"contentUrl\":\"https:\\\/\\\/www.iksz.eu\\\/wp-content\\\/uploads\\\/2025\\\/01\\\/cropped-ginop_iksz.png\",\"width\":1125,\"height\":250,\"caption\":\"Info Kommunik\u00e1ci\u00f3s Szakszervezet \\\/ IKSZ\"},\"image\":{\"@id\":\"https:\\\/\\\/www.iksz.eu\\\/#\\\/schema\\\/logo\\\/image\\\/\"}}]}<\/script>\n<!-- \/ Yoast SEO plugin. -->","yoast_head_json":{"title":"Kedvezm\u00e9nyek - Info Kommunik\u00e1ci\u00f3s Szakszervezet","robots":{"index":"index","follow":"follow","max-snippet":"max-snippet:-1","max-image-preview":"max-image-preview:large","max-video-preview":"max-video-preview:-1"},"canonical":"https:\/\/www.iksz.eu\/en\/kedvezmenyek\/","og_locale":"en_GB","og_type":"article","og_title":"Kedvezm\u00e9nyek - Info Kommunik\u00e1ci\u00f3s Szakszervezet","og_description":"A Liga Szakszervezetek \u00e1ltal ny\u00fajtott kedvezm\u00e9nyek:MobiltelefonP\u00e9nz\u00fcgyi szolg\u00e1ltat\u00e1sokV\u00e1s\u00e1rl\u00e1si kedvezm\u00e9nyek\u00dcd\u00fcl\u00e9sKultur\u00e1lis \u00e9s sportrendezv\u00e9nyekEg\u00e9szs\u00e9g\u00fcgyi kedvezm\u00e9nyek Kedvezm\u00e9nyes jogi tan\u00e1csad\u00e1st (munkajog, polg\u00e1rjog stb.), el\u0151zetes bejelentkez\u00e9s alapj\u00e1n, a bejelentkez\u00e9st\u0151l sz\u00e1m\u00edtott 2 napon bel\u00fcl az \u00fcgyv\u00e9di irod\u00e1ban, amennyiben szem\u00e9lyes tan\u00e1csad\u00e1sra van ig\u00e9ny. Ennek kedvezm\u00e9nyes \u00e1ra 18.000 Ft + \u00c1FA\/\u00f3ra.Ad\u00e1sv\u00e9teli szerz\u0151d\u00e9s \u00edr\u00e1sakor az \u00dcgyv\u00e9di k\u00f6lts\u00e9g a szerz\u0151d\u00e9ses v\u00e9tel\u00e1r 0,4%-a \u00e9s minimum 50.000 Ft, de &hellip; Continue reading \"Kedvezm\u00e9nyek\"","og_url":"https:\/\/www.iksz.eu\/en\/kedvezmenyek\/","og_site_name":"Info Kommunik\u00e1ci\u00f3s Szakszervezet","article_modified_time":"2026-03-31T04:44:56+00:00","og_image":[{"width":571,"height":520,"url":"https:\/\/www.iksz.eu\/wp-content\/uploads\/2025\/01\/LIGA_final-3.png","type":"image\/png"}],"twitter_card":"summary_large_image","twitter_misc":{"Estimated reading time":"3 minutes"},"schema":{"@context":"https:\/\/schema.org","@graph":[{"@type":"WebPage","@id":"https:\/\/www.iksz.eu\/kedvezmenyek\/","url":"https:\/\/www.iksz.eu\/kedvezmenyek\/","name":"Kedvezm\u00e9nyek - Info Kommunik\u00e1ci\u00f3s Szakszervezet","isPartOf":{"@id":"https:\/\/www.iksz.eu\/#website"},"primaryImageOfPage":{"@id":"https:\/\/www.iksz.eu\/kedvezmenyek\/#primaryimage"},"image":{"@id":"https:\/\/www.iksz.eu\/kedvezmenyek\/#primaryimage"},"thumbnailUrl":"https:\/\/www.iksz.eu\/wp-content\/uploads\/2025\/01\/LIGA_final-3.png","datePublished":"2025-01-30T19:46:05+00:00","dateModified":"2026-03-31T04:44:56+00:00","breadcrumb":{"@id":"https:\/\/www.iksz.eu\/kedvezmenyek\/#breadcrumb"},"inLanguage":"en-GB","potentialAction":[{"@type":"ReadAction","target":["https:\/\/www.iksz.eu\/kedvezmenyek\/"]}]},{"@type":"ImageObject","inLanguage":"en-GB","@id":"https:\/\/www.iksz.eu\/kedvezmenyek\/#primaryimage","url":"https:\/\/www.iksz.eu\/wp-content\/uploads\/2025\/01\/LIGA_final-3.png","contentUrl":"https:\/\/www.iksz.eu\/wp-content\/uploads\/2025\/01\/LIGA_final-3.png"},{"@type":"BreadcrumbList","@id":"https:\/\/www.iksz.eu\/kedvezmenyek\/#breadcrumb","itemListElement":[{"@type":"ListItem","position":1,"name":"Kezd\u0151lap","item":"https:\/\/www.iksz.eu\/"},{"@type":"ListItem","position":2,"name":"Kedvezm\u00e9nyek"}]},{"@type":"WebSite","@id":"https:\/\/www.iksz.eu\/#website","url":"https:\/\/www.iksz.eu\/","name":"Info Communication Trade Union \/ ICFTU","description":"","publisher":{"@id":"https:\/\/www.iksz.eu\/#organization"},"potentialAction":[{"@type":"SearchAction","target":{"@type":"EntryPoint","urlTemplate":"https:\/\/www.iksz.eu\/?s={search_term_string}"},"query-input":{"@type":"PropertyValueSpecification","valueRequired":true,"valueName":"search_term_string"}}],"inLanguage":"en-GB"},{"@type":"Organization","@id":"https:\/\/www.iksz.eu\/#organization","name":"Info Communication Trade Union \/ ICFTU","url":"https:\/\/www.iksz.eu\/","logo":{"@type":"ImageObject","inLanguage":"en-GB","@id":"https:\/\/www.iksz.eu\/#\/schema\/logo\/image\/","url":"https:\/\/www.iksz.eu\/wp-content\/uploads\/2025\/01\/cropped-ginop_iksz.png","contentUrl":"https:\/\/www.iksz.eu\/wp-content\/uploads\/2025\/01\/cropped-ginop_iksz.png","width":1125,"height":250,"caption":"Info Kommunik\u00e1ci\u00f3s Szakszervezet \/ IKSZ"},"image":{"@id":"https:\/\/www.iksz.eu\/#\/schema\/logo\/image\/"}}]}},"_links":{"self":[{"href":"https:\/\/www.iksz.eu\/en\/wp-json\/wp\/v2\/pages\/375","targetHints":{"allow":["GET"]}}],"collection":[{"href":"https:\/\/www.iksz.eu\/en\/wp-json\/wp\/v2\/pages"}],"about":[{"href":"https:\/\/www.iksz.eu\/en\/wp-json\/wp\/v2\/types\/page"}],"author":[{"embeddable":true,"href":"https:\/\/www.iksz.eu\/en\/wp-json\/wp\/v2\/users\/2"}],"replies":[{"embeddable":true,"href":"https:\/\/www.iksz.eu\/en\/wp-json\/wp\/v2\/comments?post=375"}],"version-history":[{"count":22,"href":"https:\/\/www.iksz.eu\/en\/wp-json\/wp\/v2\/pages\/375\/revisions"}],"predecessor-version":[{"id":931,"href":"https:\/\/www.iksz.eu\/en\/wp-json\/wp\/v2\/pages\/375\/revisions\/931"}],"wp:attachment":[{"href":"https:\/\/www.iksz.eu\/en\/wp-json\/wp\/v2\/media?parent=375"}],"curies":[{"name":"wp","href":"https:\/\/api.w.org\/{rel}","templated":true}]}}