{"id":679,"date":"2025-12-19T14:27:20","date_gmt":"2025-12-19T13:27:20","guid":{"rendered":"https:\/\/www.iksz.eu\/?page_id=679"},"modified":"2026-03-18T23:25:13","modified_gmt":"2026-03-18T22:25:13","slug":"szabalyzatok-nyomtatvanyok-rules-forms","status":"publish","type":"page","link":"https:\/\/www.iksz.eu\/en\/szabalyzatok-nyomtatvanyok-rules-forms\/","title":{"rendered":"Regulations, forms"},"content":{"rendered":"<p><a href=\"https:\/\/www.iksz.eu\/wp-content\/uploads\/2025\/12\/IKSZ_segelyezesi_szabalyzat_v4_2025_09_08.pdf\" target=\"_blank\" rel=\"noreferrer noopener\">Aid rules<\/a><\/p>\n\n\n\n<p><\/p>\n\n\n\n<p><a href=\"https:\/\/www.iksz.eu\/wp-content\/uploads\/2025\/12\/x_szocialis_segely_nyomtatvany_v1_0.pdf\" target=\"_blank\" rel=\"noreferrer noopener\">Social assistance form<\/a><\/p>\n\n\n\n<p><a href=\"https:\/\/www.iksz.eu\/wp-content\/uploads\/2025\/12\/x_temetesi_segely_nyomtatvany_v1_0.pdf\" target=\"_blank\" rel=\"noreferrer noopener\">Funeral assistance form<\/a><\/p>\n\n\n\n<p><a href=\"https:\/\/www.iksz.eu\/wp-content\/uploads\/2025\/12\/x_szocialis_egeszsegpenztar_nyomtatvany_v1-1.pdf\" target=\"_blank\" rel=\"noreferrer noopener\">Health insurance subsidy form<\/a><\/p>\n\n\n\n<p><\/p>","protected":false},"excerpt":{"rendered":"<p>Seg\u00e9lyez\u00e9si szab\u00e1lyzat Szoci\u00e1lis seg\u00e9ly nyomtatv\u00e1ny Temet\u00e9si seg\u00e9ly nyomtatv\u00e1ny Eg\u00e9szs\u00e9gp\u00e9nzt\u00e1ri t\u00e1mogat\u00e1s nyomtatv\u00e1ny<\/p>","protected":false},"author":1,"featured_media":0,"parent":0,"menu_order":0,"comment_status":"closed","ping_status":"closed","template":"","meta":{"footnotes":""},"class_list":["post-679","page","type-page","status-publish","hentry"],"yoast_head":"<!-- This site is optimized with the Yoast SEO plugin v27.4 - https:\/\/yoast.com\/product\/yoast-seo-wordpress\/ -->\n<title>Szab\u00e1lyzatok, nyomtatv\u00e1nyok - Info Kommunik\u00e1ci\u00f3s Szakszervezet<\/title>\n<meta name=\"robots\" content=\"index, follow, max-snippet:-1, max-image-preview:large, max-video-preview:-1\" \/>\n<link rel=\"canonical\" href=\"https:\/\/www.iksz.eu\/en\/szabalyzatok-nyomtatvanyok-rules-forms\/\" \/>\n<meta property=\"og:locale\" content=\"en_GB\" \/>\n<meta property=\"og:type\" content=\"article\" \/>\n<meta property=\"og:title\" content=\"Szab\u00e1lyzatok, nyomtatv\u00e1nyok - Info Kommunik\u00e1ci\u00f3s Szakszervezet\" \/>\n<meta property=\"og:description\" content=\"Seg\u00e9lyez\u00e9si szab\u00e1lyzat Szoci\u00e1lis seg\u00e9ly nyomtatv\u00e1ny Temet\u00e9si seg\u00e9ly nyomtatv\u00e1ny Eg\u00e9szs\u00e9gp\u00e9nzt\u00e1ri t\u00e1mogat\u00e1s nyomtatv\u00e1ny\" \/>\n<meta property=\"og:url\" content=\"https:\/\/www.iksz.eu\/en\/szabalyzatok-nyomtatvanyok-rules-forms\/\" \/>\n<meta property=\"og:site_name\" content=\"Info Kommunik\u00e1ci\u00f3s Szakszervezet\" \/>\n<meta property=\"article:modified_time\" content=\"2026-03-18T22:25:13+00:00\" \/>\n<meta name=\"twitter:card\" content=\"summary_large_image\" \/>\n<meta name=\"twitter:label1\" content=\"Estimated reading time\" \/>\n\t<meta name=\"twitter:data1\" content=\"1 minute\" \/>\n<script type=\"application\/ld+json\" class=\"yoast-schema-graph\">{\"@context\":\"https:\\\/\\\/schema.org\",\"@graph\":[{\"@type\":\"WebPage\",\"@id\":\"https:\\\/\\\/www.iksz.eu\\\/szabalyzatok-nyomtatvanyok-rules-forms\\\/\",\"url\":\"https:\\\/\\\/www.iksz.eu\\\/szabalyzatok-nyomtatvanyok-rules-forms\\\/\",\"name\":\"Szab\u00e1lyzatok, nyomtatv\u00e1nyok - Info Kommunik\u00e1ci\u00f3s Szakszervezet\",\"isPartOf\":{\"@id\":\"https:\\\/\\\/www.iksz.eu\\\/#website\"},\"datePublished\":\"2025-12-19T13:27:20+00:00\",\"dateModified\":\"2026-03-18T22:25:13+00:00\",\"breadcrumb\":{\"@id\":\"https:\\\/\\\/www.iksz.eu\\\/szabalyzatok-nyomtatvanyok-rules-forms\\\/#breadcrumb\"},\"inLanguage\":\"en-GB\",\"potentialAction\":[{\"@type\":\"ReadAction\",\"target\":[\"https:\\\/\\\/www.iksz.eu\\\/szabalyzatok-nyomtatvanyok-rules-forms\\\/\"]}]},{\"@type\":\"BreadcrumbList\",\"@id\":\"https:\\\/\\\/www.iksz.eu\\\/szabalyzatok-nyomtatvanyok-rules-forms\\\/#breadcrumb\",\"itemListElement\":[{\"@type\":\"ListItem\",\"position\":1,\"name\":\"Kezd\u0151lap\",\"item\":\"https:\\\/\\\/www.iksz.eu\\\/\"},{\"@type\":\"ListItem\",\"position\":2,\"name\":\"Szab\u00e1lyzatok, nyomtatv\u00e1nyok\"}]},{\"@type\":\"WebSite\",\"@id\":\"https:\\\/\\\/www.iksz.eu\\\/#website\",\"url\":\"https:\\\/\\\/www.iksz.eu\\\/\",\"name\":\"Info Kommunik\u00e1ci\u00f3s Szakszervezet \\\/ IKSZ\",\"description\":\"\",\"publisher\":{\"@id\":\"https:\\\/\\\/www.iksz.eu\\\/#organization\"},\"potentialAction\":[{\"@type\":\"SearchAction\",\"target\":{\"@type\":\"EntryPoint\",\"urlTemplate\":\"https:\\\/\\\/www.iksz.eu\\\/?s={search_term_string}\"},\"query-input\":{\"@type\":\"PropertyValueSpecification\",\"valueRequired\":true,\"valueName\":\"search_term_string\"}}],\"inLanguage\":\"en-GB\"},{\"@type\":\"Organization\",\"@id\":\"https:\\\/\\\/www.iksz.eu\\\/#organization\",\"name\":\"Info Kommunik\u00e1ci\u00f3s Szakszervezet \\\/ IKSZ\",\"url\":\"https:\\\/\\\/www.iksz.eu\\\/\",\"logo\":{\"@type\":\"ImageObject\",\"inLanguage\":\"en-GB\",\"@id\":\"https:\\\/\\\/www.iksz.eu\\\/#\\\/schema\\\/logo\\\/image\\\/\",\"url\":\"https:\\\/\\\/www.iksz.eu\\\/wp-content\\\/uploads\\\/2025\\\/01\\\/cropped-ginop_iksz.png\",\"contentUrl\":\"https:\\\/\\\/www.iksz.eu\\\/wp-content\\\/uploads\\\/2025\\\/01\\\/cropped-ginop_iksz.png\",\"width\":1125,\"height\":250,\"caption\":\"Info Kommunik\u00e1ci\u00f3s Szakszervezet \\\/ IKSZ\"},\"image\":{\"@id\":\"https:\\\/\\\/www.iksz.eu\\\/#\\\/schema\\\/logo\\\/image\\\/\"}}]}<\/script>\n<!-- \/ Yoast SEO plugin. -->","yoast_head_json":{"title":"Szab\u00e1lyzatok, nyomtatv\u00e1nyok - Info Kommunik\u00e1ci\u00f3s Szakszervezet","robots":{"index":"index","follow":"follow","max-snippet":"max-snippet:-1","max-image-preview":"max-image-preview:large","max-video-preview":"max-video-preview:-1"},"canonical":"https:\/\/www.iksz.eu\/en\/szabalyzatok-nyomtatvanyok-rules-forms\/","og_locale":"en_GB","og_type":"article","og_title":"Szab\u00e1lyzatok, nyomtatv\u00e1nyok - Info Kommunik\u00e1ci\u00f3s Szakszervezet","og_description":"Seg\u00e9lyez\u00e9si szab\u00e1lyzat Szoci\u00e1lis seg\u00e9ly nyomtatv\u00e1ny Temet\u00e9si seg\u00e9ly nyomtatv\u00e1ny Eg\u00e9szs\u00e9gp\u00e9nzt\u00e1ri t\u00e1mogat\u00e1s nyomtatv\u00e1ny","og_url":"https:\/\/www.iksz.eu\/en\/szabalyzatok-nyomtatvanyok-rules-forms\/","og_site_name":"Info Kommunik\u00e1ci\u00f3s Szakszervezet","article_modified_time":"2026-03-18T22:25:13+00:00","twitter_card":"summary_large_image","twitter_misc":{"Estimated reading time":"1 minute"},"schema":{"@context":"https:\/\/schema.org","@graph":[{"@type":"WebPage","@id":"https:\/\/www.iksz.eu\/szabalyzatok-nyomtatvanyok-rules-forms\/","url":"https:\/\/www.iksz.eu\/szabalyzatok-nyomtatvanyok-rules-forms\/","name":"Szab\u00e1lyzatok, nyomtatv\u00e1nyok - Info Kommunik\u00e1ci\u00f3s Szakszervezet","isPartOf":{"@id":"https:\/\/www.iksz.eu\/#website"},"datePublished":"2025-12-19T13:27:20+00:00","dateModified":"2026-03-18T22:25:13+00:00","breadcrumb":{"@id":"https:\/\/www.iksz.eu\/szabalyzatok-nyomtatvanyok-rules-forms\/#breadcrumb"},"inLanguage":"en-GB","potentialAction":[{"@type":"ReadAction","target":["https:\/\/www.iksz.eu\/szabalyzatok-nyomtatvanyok-rules-forms\/"]}]},{"@type":"BreadcrumbList","@id":"https:\/\/www.iksz.eu\/szabalyzatok-nyomtatvanyok-rules-forms\/#breadcrumb","itemListElement":[{"@type":"ListItem","position":1,"name":"Kezd\u0151lap","item":"https:\/\/www.iksz.eu\/"},{"@type":"ListItem","position":2,"name":"Szab\u00e1lyzatok, nyomtatv\u00e1nyok"}]},{"@type":"WebSite","@id":"https:\/\/www.iksz.eu\/#website","url":"https:\/\/www.iksz.eu\/","name":"Info Communication Trade Union \/ ICFTU","description":"","publisher":{"@id":"https:\/\/www.iksz.eu\/#organization"},"potentialAction":[{"@type":"SearchAction","target":{"@type":"EntryPoint","urlTemplate":"https:\/\/www.iksz.eu\/?s={search_term_string}"},"query-input":{"@type":"PropertyValueSpecification","valueRequired":true,"valueName":"search_term_string"}}],"inLanguage":"en-GB"},{"@type":"Organization","@id":"https:\/\/www.iksz.eu\/#organization","name":"Info Communication Trade Union \/ ICFTU","url":"https:\/\/www.iksz.eu\/","logo":{"@type":"ImageObject","inLanguage":"en-GB","@id":"https:\/\/www.iksz.eu\/#\/schema\/logo\/image\/","url":"https:\/\/www.iksz.eu\/wp-content\/uploads\/2025\/01\/cropped-ginop_iksz.png","contentUrl":"https:\/\/www.iksz.eu\/wp-content\/uploads\/2025\/01\/cropped-ginop_iksz.png","width":1125,"height":250,"caption":"Info Kommunik\u00e1ci\u00f3s Szakszervezet \/ IKSZ"},"image":{"@id":"https:\/\/www.iksz.eu\/#\/schema\/logo\/image\/"}}]}},"_links":{"self":[{"href":"https:\/\/www.iksz.eu\/en\/wp-json\/wp\/v2\/pages\/679","targetHints":{"allow":["GET"]}}],"collection":[{"href":"https:\/\/www.iksz.eu\/en\/wp-json\/wp\/v2\/pages"}],"about":[{"href":"https:\/\/www.iksz.eu\/en\/wp-json\/wp\/v2\/types\/page"}],"author":[{"embeddable":true,"href":"https:\/\/www.iksz.eu\/en\/wp-json\/wp\/v2\/users\/1"}],"replies":[{"embeddable":true,"href":"https:\/\/www.iksz.eu\/en\/wp-json\/wp\/v2\/comments?post=679"}],"version-history":[{"count":3,"href":"https:\/\/www.iksz.eu\/en\/wp-json\/wp\/v2\/pages\/679\/revisions"}],"predecessor-version":[{"id":747,"href":"https:\/\/www.iksz.eu\/en\/wp-json\/wp\/v2\/pages\/679\/revisions\/747"}],"wp:attachment":[{"href":"https:\/\/www.iksz.eu\/en\/wp-json\/wp\/v2\/media?parent=679"}],"curies":[{"name":"wp","href":"https:\/\/api.w.org\/{rel}","templated":true}]}}