{"id":752,"date":"2026-03-24T23:27:03","date_gmt":"2026-03-24T22:27:03","guid":{"rendered":"https:\/\/www.iksz.eu\/registration\/"},"modified":"2026-03-25T00:18:17","modified_gmt":"2026-03-24T23:18:17","slug":"registration","status":"publish","type":"page","link":"https:\/\/www.iksz.eu\/en\/registration\/","title":{"rendered":"Registration"},"content":{"rendered":"\t<div class='user-registration ur-frontend-form  ur-frontend-form--rounded ur-frontend-form--rounded-edge ' id='user-registration-form-751'>\n\t\t\t\t\t\t\t\t<form method='post' class='register' data-form-id=\"751\"\n\t\t\t\tdata-enable-strength-password=\"1\" data-minimum-password-strength=\"2\"\n\t\t\t\t\t\t\t\t\t\t\t\t\t\t\t data-captcha-enabled=\"1\">\n\n\t\t\t\t<div class=\"ur-form-row\" data-row-id=\"0\">\t\t\t\t\t\t\t<div class=\"ur-form-grid ur-grid-1\"\n\t\t\t\t\t\t\t\tstyle=\"width:48%\">\n\t\t\t\t\t\t\t\t\t\t\t\t\t\t\t\t<div  data-field-id=\"user_email\" class=\"ur-field-item field-user_email \" data-ref-id=\"user_email\" data-field-pattern-enabled=\"0\" data-field-pattern-value=\" \" data-field-pattern-message=\" \">\n\t\t\t\t\t\t\t\t\t\t<div class=\"form-row validate-required\" id=\"user_email_field\" data-priority=\"\" ><label for=\"user_email\" class=\"ur-label\">E-mail c\u00edm <abbr class=\"required\" title=\"required\">*<\/abbr><\/label> <span class=\"input-wrapper\"> <input  data-rules=\"\" data-id=\"user_email\" type=\"email\" class=\"input-text   input-email ur-frontend-field  \" name=\"user_email\" id=\"user_email\" placeholder=\"\"  value=\"\" required=\"required\" data-label=\"E-mail c\u00edm\" \/> <\/span> <span class=\"description\">A csatlakoz\u00e1skor haszn\u00e1lt e-mail c\u00edm.<\/span><\/div>\t\t\t\t\t\t\t\t\t<\/div>\n\t\t\t\t\t\t\t\t\t\t\t\t\t\t\t\t\t\t<div  data-field-id=\"user_pass\" class=\"ur-field-item field-user_pass \" data-ref-id=\"user_pass\" data-field-pattern-enabled=\"0\" data-field-pattern-value=\" \" data-field-pattern-message=\" \">\n\t\t\t\t\t\t\t\t\t\t<div class=\"form-row validate-required hide_show_password\" id=\"user_pass_field\" data-priority=\"\"><label for=\"user_pass\" class=\"ur-label\">Jelsz\u00f3 <abbr class=\"required\" title=\"required\">*<\/abbr><\/label> <span class=\"input-wrapper\"> <span class=\"password-input-group input-form-field-icons\"><input data-rules=\"\" data-id=\"user_pass\" type=\"password\" class=\"input-text  input-password ur-frontend-field  \" name=\"user_pass\" id=\"user_pass\" placeholder=\"er\u0151s jelsz\u00f3 k\u00f6telez\u0151\"  value=\"\" required=\"required\" data-label=\"Jelsz\u00f3\" \/><\/span> <\/span> <span class=\"description\">NE legyen egyik c\u00e9ges jelszavad sem!<\/span><\/div>\t\t\t\t\t\t\t\t\t<\/div>\n\t\t\t\t\t\t\t\t\t\t\t\t\t\t\t\t\t\t<div  data-field-id=\"user_confirm_password\" class=\"ur-field-item field-user_confirm_password \" data-ref-id=\"user_confirm_password\" data-field-pattern-enabled=\"0\" data-field-pattern-value=\" \" data-field-pattern-message=\" \">\n\t\t\t\t\t\t\t\t\t\t<div class=\"form-row validate-required hide_show_password\" id=\"user_confirm_password_field\" data-priority=\"\"><label for=\"user_confirm_password\" class=\"ur-label\">Jelsz\u00f3 meger\u0151s\u00edt\u00e9se <abbr class=\"required\" title=\"required\">*<\/abbr><\/label> <span class=\"input-wrapper\"> <span class=\"password-input-group input-form-field-icons\"><input data-rules=\"\" data-id=\"user_confirm_password\" type=\"password\" class=\"input-text  input-password ur-frontend-field  \" name=\"user_confirm_password\" id=\"user_confirm_password\" placeholder=\"\"  value=\"\" required=\"required\" data-label=\"Jelsz\u00f3 meger\u0151s\u00edt\u00e9se\" \/><\/span> <\/span> <\/div>\t\t\t\t\t\t\t\t\t<\/div>\n\t\t\t\t\t\t\t\t\t\t\t\t\t\t\t\t<\/div>\n\t\t\t\t\t\t\t\t\t\t\t\t\t\t<div class=\"ur-form-grid ur-grid-2\"\n\t\t\t\t\t\t\t\tstyle=\"width:48%\">\n\t\t\t\t\t\t\t\t\t\t\t\t\t\t\t\t<div  data-field-id=\"membership_field_1774391782\" class=\"ur-field-item field-membership \" data-ref-id=\"membership_field_1774391782\" data-field-pattern-enabled=\"0\" data-field-pattern-value=\" \" data-field-pattern-message=\" \">\n\t\t\t\t\t\t\t\t\t\t<div class=\"notice-container\">\n\t<div class=\"notice_red\">\n\t\t<span class=\"notice_message\"><\/span>\n\t\t<span class=\"close_notice\">&times;<\/span>\n\t<\/div>\n\n\t\t<input type=\"hidden\" id=\"urm-redirect-url\" name=\"ur-redirect-url\"\n\t\t   value=\"https:\/\/www.iksz.eu\/en\/membership-thankyou\/\"\/>\n<\/div>\n<!--user registration section-->\n<div id=\"ur-membership-registration\" class=\"ur_membership_registration_container ur-form-container\">\n\t\n\t<!--\tmembership-->\n\t<div id=\"urm-membership-list\" class=\"ur_membership_frontend_input_container radio\">\n\n\t\t<label\n\t\t\tclass=\"ur-label ur_membership_input_label required\">Tags\u00e1gi szint\t\t\t<abbr class=\"required\" title=\"required\">*<\/abbr>\n\t\t\t\t\t<\/label>\n\t\t<span class=\"description\">\n\t\t\t\t\t<\/span>\n\t\t\t\t\t\t<label class=\"ur_membership_input_label ur-label ur-normal-pricing\"\n\t\t\t\t\t\tfor=\"ur-membership-select-membership-758\"\n\t\t\t\t\t\tdata-membership-id=\"758\">\n\t\t\t\t\t<input class=\"ur_membership_input_class ur_membership_radio_input ur-frontend-field\"\n\t\t\t\t\t\t\tdata-key-name=\"ur-membership-id\"\n\t\t\t\t\t\t\tid=\"ur-membership-select-membership-758\"\n\t\t\t\t\t\t\ttype=\"radio\"\n\t\t\t\t\t\t\tname=\"urm_membership\"\n\t\t\t\t\t\t\tdata-name=membership_field_1774391782\t\t\t\t\t\t\tdata-label=membership\t\t\t\t\t\t\trequired=\"required\"\n\t\t\t\t\t\t\tvalue=\"758\"\n\t\t\t\t\t\t\tdata-urm-pg=''\n\t\t\t\t\t\t\tdata-urm-pg-type=\"free\"\n\t\t\t\t\t\t\tdata-urm-membership-amount=\"0\"\n\t\t\t\t\t\t\tdata-urm-pg-calculated-amount=\"0\"\n\t\t\t\t\t\t\t\t\t\t\t\t\t\tdata-urm-default-pg=\"\"\n\t\t\t\t\t\t\tdata-urm-local-currency-details = \"[]\"\n\t\t\t\t\t\t\tdata-urm-converted-amount = \"0\"\n\t\t\t\t\t\t\tdata-has-coupon-link=\"no\"\n\t\t\t\t\t\t\t\t\t\t\t\t\tdata-local-currency=\"\n\t\t\t\t\t\t\t\t\t\t\t\t\t\t\"\n\t\t\t\t\t\t\tdata-zone-id=\"\n\t\t\t\t\t\t\t\t\t\t\t\t\t\t\t\"\n\t\t\t\t\t>\n\t\t\t\t\t<span\n\t\t\t\t\t\tclass=\"ur-membership-duration\">tagok<\/span>\n\t\t\t\t\t<span\n\t\t\t\t\t\tclass=\"ur-membership-duration ur-membership-period-span\">Free<\/span>\n\t\t\t\t<\/label>\n\t\t\t\t<!--\tteam pricing container-->\n\t\t\t\t\t\t\t\t\t\t<span id=\"membership-input-notice\">\n\t\t<\/span>\n\t<\/div>\n\t<!--\tcoupon container-->\n\t\n\t<!--\ttotal container-->\n\t<div id=\"urm-total_container\"\n\t\tclass=\"ur_membership_frontend_input_container urm-d-none urm_hidden_payment_container\">\n\t\t\t\t\t\t\t\t<div class=\"urm-membership-total-value\">\n\t\t\t<label class=\"ur_membership_input_label ur-label\"\n\t\t\t\t\tfor=\"ur-membership-total\">Total<\/label>\n\t\t\t<span class=\"ur_membership_input_class\"\n\t\t\t\t\tid=\"ur-membership-total\"\n\t\t\t\t\tdata-key-name=\"Total\"\n\t\t\t\t\tdisabled\n\t\t\t>\n\t\t\t\t0\t\t\t<\/span>\n\t\t<\/div>\n\t\t<span id=\"total-input-notice\">\n\t\t<\/span>\n\t<\/div>\n\n\t<!--\tpayment gateway container -->\n\t<div\n\t\tclass=\"ur_membership_frontend_input_container urm_hidden_payment_container ur_payment_gateway_container urm-d-none\">\n\t\t<hr class=\"ur_membership_divider\">\n\t\t<span\n\t\t\tclass=\"ur_membership_input_label ur-label required\">Select Payment Gateway\t\t<\/span>\n\t\t<div id=\"payment-gateway-body\" class=\"ur_membership_frontend_input_container\">\n\t\t\t<div class=\"ur-membership-payment-gateway-lists\">\n\t\t\t\t\t\t\t\t\t<label class=\"ur_membership_input_label ur-label\"\n\t\t\t\t\t\t\tfor=\"ur-membership-paypal\">\n\t\t\t\t\t\t<input class=\"ur_membership_input_class pg-list\"\n\t\t\t\t\t\t\t\tdata-key-name=\"ur-payment-method\"\n\t\t\t\t\t\t\t\tid=\"ur-membership-paypal\"\n\t\t\t\t\t\t\t\ttype=\"radio\"\n\t\t\t\t\t\t\t\tname=\"urm_payment_method\"\n\t\t\t\t\t\t\t\trequired\n\t\t\t\t\t\t\t\tvalue=\"paypal\"\n\t\t\t\t\t\t\t\t\t\t\t\t\t>\n\t\t\t\t\t\t<span class=\"ur-membership-duration\">\n\t\t\t\t\t\t<img\n\t\t\t\t\t\t\tsrc=\"https:\/\/www.iksz.eu\/wp-content\/plugins\/user-registration\/assets\/images\/settings-icons\/membership-field\/paypal-logo.png\"\n\t\t\t\t\t\t\talt=\"Paypal\"\n\t\t\t\t\t\t\tclass=\"ur-membership-payment-gateway-logo\"\n\t\t\t\t\t\t\twidth=\"70px\"\n\t\t\t\t\t\t\/>\n\t\t\t\t\t<\/span>\n\t\t\t\t\t<\/label>\n\t\t\t\t\t\t\t\t\t<label class=\"ur_membership_input_label ur-label\"\n\t\t\t\t\t\t\tfor=\"ur-membership-stripe\">\n\t\t\t\t\t\t<input class=\"ur_membership_input_class pg-list\"\n\t\t\t\t\t\t\t\tdata-key-name=\"ur-payment-method\"\n\t\t\t\t\t\t\t\tid=\"ur-membership-stripe\"\n\t\t\t\t\t\t\t\ttype=\"radio\"\n\t\t\t\t\t\t\t\tname=\"urm_payment_method\"\n\t\t\t\t\t\t\t\trequired\n\t\t\t\t\t\t\t\tvalue=\"stripe\"\n\t\t\t\t\t\t\t\t\t\t\t\t\t>\n\t\t\t\t\t\t<span class=\"ur-membership-duration\">\n\t\t\t\t\t\t<img\n\t\t\t\t\t\t\tsrc=\"https:\/\/www.iksz.eu\/wp-content\/plugins\/user-registration\/assets\/images\/settings-icons\/membership-field\/stripe-logo.png\"\n\t\t\t\t\t\t\talt=\"Stripe\"\n\t\t\t\t\t\t\tclass=\"ur-membership-payment-gateway-logo\"\n\t\t\t\t\t\t\twidth=\"50px\"\n\t\t\t\t\t\t\/>\n\t\t\t\t\t<\/span>\n\t\t\t\t\t<\/label>\n\t\t\t\t\t\t\t\t\t<label class=\"ur_membership_input_label ur-label\"\n\t\t\t\t\t\t\tfor=\"ur-membership-bank\">\n\t\t\t\t\t\t<input class=\"ur_membership_input_class pg-list\"\n\t\t\t\t\t\t\t\tdata-key-name=\"ur-payment-method\"\n\t\t\t\t\t\t\t\tid=\"ur-membership-bank\"\n\t\t\t\t\t\t\t\ttype=\"radio\"\n\t\t\t\t\t\t\t\tname=\"urm_payment_method\"\n\t\t\t\t\t\t\t\trequired\n\t\t\t\t\t\t\t\tvalue=\"bank\"\n\t\t\t\t\t\t\t\t\t\t\t\t\t>\n\t\t\t\t\t\t<span class=\"ur-membership-duration\">\n\t\t\t\t\t\t<img\n\t\t\t\t\t\t\tsrc=\"https:\/\/www.iksz.eu\/wp-content\/plugins\/user-registration\/assets\/images\/settings-icons\/membership-field\/bank-logo.png\"\n\t\t\t\t\t\t\talt=\"Bank\"\n\t\t\t\t\t\t\tclass=\"ur-membership-payment-gateway-logo\"\n\t\t\t\t\t\t\twidth=\"40px\"\n\t\t\t\t\t\t\/>\n\t\t\t\t\t<\/span>\n\t\t\t\t\t<\/label>\n\t\t\t\t\t\t\t<\/div>\n\t\t\t<span id=\"payment-gateway-notice\" class=\"notice_red\"><\/span>\n\t\t<\/div>\n\t\t\t<\/div>\n\t<div class=\"ur_membership_frontend_input_container\">\n\t\t<div class=\"stripe-container urm-d-none\">\n\t\t\t<button type=\"button\" class=\"stripe-card-indicator ur-stripe-element-selected\"\n\t\t\t\t\tid=\"credit_card\">Credit Card<\/button>\n\t\t\t<div class=\"stripe-input-container\">\n\t\t\t\t<div id=\"card-element\">\n\t\t\t\t<\/div>\n\t\t\t<\/div>\n\t\t<\/div>\n\t\t\t<\/div>\n\n\t\n<\/div>\n\n<script type=\"text\/javascript\">\n\t(function( $ ) {\n\t\tfunction urToggleBankDetails() {\n\t\t\tvar selectedMethod = $( 'input[name=\"urm_payment_method\"]:checked' ).val();\n\t\t\tvar $container     = $( '#ur-bank-details-container' );\n\n\t\t\tif ( ! $container.length ) {\n\t\t\t\treturn;\n\t\t\t}\n\n\t\t\tif ( selectedMethod === 'bank' ) {\n\t\t\t\t$container.show();\n\t\t\t} else {\n\t\t\t\t$container.hide();\n\t\t\t}\n\t\t}\n\n\t\t$( document ).on( 'change', 'input[name=\"urm_payment_method\"]', urToggleBankDetails );\n\t\t$( document ).ready( urToggleBankDetails );\n\t})( jQuery );\n<\/script>\n\t\t\t\t\t\t\t\t\t<\/div>\n\t\t\t\t\t\t\t\t\t\t\t\t\t\t\t\t<\/div>\n\t\t\t\t\t\t\t\t\t\t\t\t\t<\/div>\n\t\t\t\t\t\t\t\t\t\t\t\t<div id=\"ur-recaptcha-node\"> <div id=\"node_recaptcha_register\" class=\"g-recaptcha\"><\/div><\/div>\t\t\t\t\t\t<div class=\"ur-button-container \" >\n\t\t\t\t\t\t\t\t\t\t\t\t\t\t<button type=\"submit\" class=\"btn button ur-submit-button submit\"  conditional_rules=\"&quot;&quot;\">\n\t\t\t\t\t\t\t\t<span><\/span>\n\t\t\t\t\t\t\t\tBek\u00fcld\u00e9s\t\t\t\t\t\t\t<\/button>\n\t\t\t\t\t\t\t\t\t\t\t\t\t\t\t\t\t\t\t\t<\/div>\n\t\t\t\t\t\t\n\t\t\t\t<div style=\"clear:both\"><\/div>\n\t\t\t\t\t\t\t\t<input type=\"hidden\" name=\"ur-registration-language\" value=\"en-GB\"\/>\n\t\t\t\t<input type=\"hidden\" name=\"ur-user-form-id\" value=\"751\"\/>\n\t\t\t\t<input type=\"hidden\" name=\"ur-redirect-url\" value=\"https:\/\/www.iksz.eu\/en\/membership-thankyou\/\"\/>\n\t\t\t\t<input type=\"hidden\" id=\"ur_frontend_form_nonce\" name=\"ur_frontend_form_nonce\" value=\"6f08fb4951\" \/>\n\t\t\t\t\n\t\t\t<\/form>\n\t\t\t\n\t\t<div style=\"clear:both\"><\/div>\n\t<\/div>\n\n\n","protected":false},"excerpt":{"rendered":"","protected":false},"author":1,"featured_media":0,"parent":0,"menu_order":0,"comment_status":"closed","ping_status":"closed","template":"","meta":{"footnotes":""},"class_list":["post-752","page","type-page","status-publish","hentry"],"yoast_head":"<!-- This site is optimized with the Yoast SEO plugin v27.4 - https:\/\/yoast.com\/product\/yoast-seo-wordpress\/ -->\n<title>Regisztr\u00e1ci\u00f3 - Info Kommunik\u00e1ci\u00f3s Szakszervezet<\/title>\n<meta name=\"robots\" content=\"index, follow, max-snippet:-1, max-image-preview:large, max-video-preview:-1\" \/>\n<link rel=\"canonical\" href=\"https:\/\/www.iksz.eu\/en\/registration\/\" \/>\n<meta property=\"og:locale\" content=\"en_GB\" \/>\n<meta property=\"og:type\" content=\"article\" \/>\n<meta property=\"og:title\" content=\"Regisztr\u00e1ci\u00f3 - Info Kommunik\u00e1ci\u00f3s Szakszervezet\" \/>\n<meta property=\"og:url\" content=\"https:\/\/www.iksz.eu\/en\/registration\/\" \/>\n<meta property=\"og:site_name\" content=\"Info Kommunik\u00e1ci\u00f3s Szakszervezet\" \/>\n<meta property=\"article:modified_time\" content=\"2026-03-24T23:18:17+00:00\" \/>\n<meta name=\"twitter:card\" content=\"summary_large_image\" \/>\n<meta name=\"twitter:label1\" content=\"Estimated reading time\" \/>\n\t<meta name=\"twitter:data1\" content=\"1 minute\" \/>\n<script type=\"application\/ld+json\" class=\"yoast-schema-graph\">{\"@context\":\"https:\\\/\\\/schema.org\",\"@graph\":[{\"@type\":\"WebPage\",\"@id\":\"https:\\\/\\\/www.iksz.eu\\\/registration\\\/\",\"url\":\"https:\\\/\\\/www.iksz.eu\\\/registration\\\/\",\"name\":\"Regisztr\u00e1ci\u00f3 - Info Kommunik\u00e1ci\u00f3s Szakszervezet\",\"isPartOf\":{\"@id\":\"https:\\\/\\\/www.iksz.eu\\\/#website\"},\"datePublished\":\"2026-03-24T22:27:03+00:00\",\"dateModified\":\"2026-03-24T23:18:17+00:00\",\"breadcrumb\":{\"@id\":\"https:\\\/\\\/www.iksz.eu\\\/registration\\\/#breadcrumb\"},\"inLanguage\":\"en-GB\",\"potentialAction\":[{\"@type\":\"ReadAction\",\"target\":[\"https:\\\/\\\/www.iksz.eu\\\/registration\\\/\"]}]},{\"@type\":\"BreadcrumbList\",\"@id\":\"https:\\\/\\\/www.iksz.eu\\\/registration\\\/#breadcrumb\",\"itemListElement\":[{\"@type\":\"ListItem\",\"position\":1,\"name\":\"Kezd\u0151lap\",\"item\":\"https:\\\/\\\/www.iksz.eu\\\/\"},{\"@type\":\"ListItem\",\"position\":2,\"name\":\"Regisztr\u00e1ci\u00f3\"}]},{\"@type\":\"WebSite\",\"@id\":\"https:\\\/\\\/www.iksz.eu\\\/#website\",\"url\":\"https:\\\/\\\/www.iksz.eu\\\/\",\"name\":\"Info Kommunik\u00e1ci\u00f3s Szakszervezet \\\/ IKSZ\",\"description\":\"\",\"publisher\":{\"@id\":\"https:\\\/\\\/www.iksz.eu\\\/#organization\"},\"potentialAction\":[{\"@type\":\"SearchAction\",\"target\":{\"@type\":\"EntryPoint\",\"urlTemplate\":\"https:\\\/\\\/www.iksz.eu\\\/?s={search_term_string}\"},\"query-input\":{\"@type\":\"PropertyValueSpecification\",\"valueRequired\":true,\"valueName\":\"search_term_string\"}}],\"inLanguage\":\"en-GB\"},{\"@type\":\"Organization\",\"@id\":\"https:\\\/\\\/www.iksz.eu\\\/#organization\",\"name\":\"Info Kommunik\u00e1ci\u00f3s Szakszervezet \\\/ IKSZ\",\"url\":\"https:\\\/\\\/www.iksz.eu\\\/\",\"logo\":{\"@type\":\"ImageObject\",\"inLanguage\":\"en-GB\",\"@id\":\"https:\\\/\\\/www.iksz.eu\\\/#\\\/schema\\\/logo\\\/image\\\/\",\"url\":\"https:\\\/\\\/www.iksz.eu\\\/wp-content\\\/uploads\\\/2025\\\/01\\\/cropped-ginop_iksz.png\",\"contentUrl\":\"https:\\\/\\\/www.iksz.eu\\\/wp-content\\\/uploads\\\/2025\\\/01\\\/cropped-ginop_iksz.png\",\"width\":1125,\"height\":250,\"caption\":\"Info Kommunik\u00e1ci\u00f3s Szakszervezet \\\/ IKSZ\"},\"image\":{\"@id\":\"https:\\\/\\\/www.iksz.eu\\\/#\\\/schema\\\/logo\\\/image\\\/\"}}]}<\/script>\n<!-- \/ Yoast SEO plugin. -->","yoast_head_json":{"title":"Regisztr\u00e1ci\u00f3 - Info Kommunik\u00e1ci\u00f3s Szakszervezet","robots":{"index":"index","follow":"follow","max-snippet":"max-snippet:-1","max-image-preview":"max-image-preview:large","max-video-preview":"max-video-preview:-1"},"canonical":"https:\/\/www.iksz.eu\/en\/registration\/","og_locale":"en_GB","og_type":"article","og_title":"Regisztr\u00e1ci\u00f3 - Info Kommunik\u00e1ci\u00f3s Szakszervezet","og_url":"https:\/\/www.iksz.eu\/en\/registration\/","og_site_name":"Info Kommunik\u00e1ci\u00f3s Szakszervezet","article_modified_time":"2026-03-24T23:18:17+00:00","twitter_card":"summary_large_image","twitter_misc":{"Estimated reading time":"1 minute"},"schema":{"@context":"https:\/\/schema.org","@graph":[{"@type":"WebPage","@id":"https:\/\/www.iksz.eu\/registration\/","url":"https:\/\/www.iksz.eu\/registration\/","name":"Regisztr\u00e1ci\u00f3 - Info Kommunik\u00e1ci\u00f3s Szakszervezet","isPartOf":{"@id":"https:\/\/www.iksz.eu\/#website"},"datePublished":"2026-03-24T22:27:03+00:00","dateModified":"2026-03-24T23:18:17+00:00","breadcrumb":{"@id":"https:\/\/www.iksz.eu\/registration\/#breadcrumb"},"inLanguage":"en-GB","potentialAction":[{"@type":"ReadAction","target":["https:\/\/www.iksz.eu\/registration\/"]}]},{"@type":"BreadcrumbList","@id":"https:\/\/www.iksz.eu\/registration\/#breadcrumb","itemListElement":[{"@type":"ListItem","position":1,"name":"Kezd\u0151lap","item":"https:\/\/www.iksz.eu\/"},{"@type":"ListItem","position":2,"name":"Regisztr\u00e1ci\u00f3"}]},{"@type":"WebSite","@id":"https:\/\/www.iksz.eu\/#website","url":"https:\/\/www.iksz.eu\/","name":"Info Communication Trade Union \/ ICFTU","description":"","publisher":{"@id":"https:\/\/www.iksz.eu\/#organization"},"potentialAction":[{"@type":"SearchAction","target":{"@type":"EntryPoint","urlTemplate":"https:\/\/www.iksz.eu\/?s={search_term_string}"},"query-input":{"@type":"PropertyValueSpecification","valueRequired":true,"valueName":"search_term_string"}}],"inLanguage":"en-GB"},{"@type":"Organization","@id":"https:\/\/www.iksz.eu\/#organization","name":"Info Communication Trade Union \/ ICFTU","url":"https:\/\/www.iksz.eu\/","logo":{"@type":"ImageObject","inLanguage":"en-GB","@id":"https:\/\/www.iksz.eu\/#\/schema\/logo\/image\/","url":"https:\/\/www.iksz.eu\/wp-content\/uploads\/2025\/01\/cropped-ginop_iksz.png","contentUrl":"https:\/\/www.iksz.eu\/wp-content\/uploads\/2025\/01\/cropped-ginop_iksz.png","width":1125,"height":250,"caption":"Info Kommunik\u00e1ci\u00f3s Szakszervezet \/ IKSZ"},"image":{"@id":"https:\/\/www.iksz.eu\/#\/schema\/logo\/image\/"}}]}},"_links":{"self":[{"href":"https:\/\/www.iksz.eu\/en\/wp-json\/wp\/v2\/pages\/752","targetHints":{"allow":["GET"]}}],"collection":[{"href":"https:\/\/www.iksz.eu\/en\/wp-json\/wp\/v2\/pages"}],"about":[{"href":"https:\/\/www.iksz.eu\/en\/wp-json\/wp\/v2\/types\/page"}],"author":[{"embeddable":true,"href":"https:\/\/www.iksz.eu\/en\/wp-json\/wp\/v2\/users\/1"}],"replies":[{"embeddable":true,"href":"https:\/\/www.iksz.eu\/en\/wp-json\/wp\/v2\/comments?post=752"}],"version-history":[{"count":1,"href":"https:\/\/www.iksz.eu\/en\/wp-json\/wp\/v2\/pages\/752\/revisions"}],"predecessor-version":[{"id":771,"href":"https:\/\/www.iksz.eu\/en\/wp-json\/wp\/v2\/pages\/752\/revisions\/771"}],"wp:attachment":[{"href":"https:\/\/www.iksz.eu\/en\/wp-json\/wp\/v2\/media?parent=752"}],"curies":[{"name":"wp","href":"https:\/\/api.w.org\/{rel}","templated":true}]}}