{"id":755,"date":"2026-03-24T23:27:03","date_gmt":"2026-03-24T22:27:03","guid":{"rendered":"https:\/\/www.iksz.eu\/lost-password\/"},"modified":"2026-03-24T23:38:57","modified_gmt":"2026-03-24T22:38:57","slug":"lost-password","status":"publish","type":"page","link":"https:\/\/www.iksz.eu\/en\/lost-password\/","title":{"rendered":"Elfelejtett jelsz\u00f3"},"content":{"rendered":"<div id=\"user-registration\" class=\"user-registration\">\n\n<div class=\"user-registration-message-container\">\n\t<\/div>\n\n<div class=\"ur-frontend-form login\" id=\"ur-frontend-form\">\n\t<form method=\"post\" class=\"user-registration-ResetPassword ur_lost_reset_password\" action=\"\">\n\t\t<div class=\"ur-form-row\">\n\t\t\t<div class=\"ur-form-grid\">\n\t\t\t\t<div class=\"ur-lost-password-content-container\">\n\n\t\t\t\t<p class=\"ur-lost-password-title\">\n\t\t\t\tLost your password? \t\t\t\t<\/p>\n\t\t\t\t<p class=\"ur-lost-password-message\">\n\t\t\t\tNo worries, we\u2019ll send you reset instructions via email.\t\t\t\t\t<\/p>\n\t\t\t\t<\/div>\n\n\t\t\t\t<p class=\"user-registration-form-row user-registration-form-row--first form-row form-row-first\">\n\t\t\t\t\t<label for=\"user_login\">\n\t\t\t\t\t\tUsername or Email\t\t\t\t\t\t<abbr class=\"required\" title=\"required\">*<\/abbr><\/label>\n\n\t\t\t\t\t<div class=\"ur-input-with-icon\">\n\t\t\t\t\t\t<svg xmlns=\"http:\/\/www.w3.org\/2000\/svg\" width=\"14\" height=\"15\" viewbox=\"0 0 14 15\" fill=\"none\" class=\"input-icon\">\n\t\t\t\t\t<path d=\"M2.33561 2.83301H11.6689C12.3106 2.83301 12.8356 3.35801 12.8356 3.99967V10.9997C12.8356 11.6413 12.3106 12.1663 11.6689 12.1663H2.33561C1.69395 12.1663 1.16895 11.6413 1.16895 10.9997V3.99967C1.16895 3.35801 1.69395 2.83301 2.33561 2.83301Z\" stroke=\"#858585\" stroke-linecap=\"round\" stroke-linejoin=\"round\"\/>\n\t\t\t\t\t\t<path d=\"M12.8356 4L7.00228 8.08333L1.16895 4\" stroke=\"#858585\" stroke-linecap=\"round\" stroke-linejoin=\"round\"\/>\n\t\t\t\t\t\t<\/svg>\n\t\t\t\t\t\t<input class=\"form-control user-registration-Input user-registration-Input--text\" type=\"text\" name=\"user_login\" id=\"user_login\" placeholder=\"Enter your email\" \/>\n\t\t\t\t<\/div>\n\n\t\t\t\t<\/p>\n\n\t\t\t\t<div class=\"clear\"><\/div>\n\n\t\t\t\t\n\t\t\t\t\n\t\t\t\t<p class=\"user-registration-form-row form-row\">\n\t\t\t\t\t<input type=\"hidden\" name=\"ur_reset_password\" value=\"true\" \/>\n\t\t\t\t\t<input type=\"submit\" class=\"user-registration-Button button ur-reset-password-btn\" value=\"Reset password \"\/>\n\t\t\t\t<\/p>\n\n\t\t\t\t<input type=\"hidden\" id=\"_wpnonce\" name=\"_wpnonce\" value=\"1ddb3defce\" \/><input type=\"hidden\" name=\"_wp_http_referer\" value=\"\/en\/wp-json\/wp\/v2\/pages\/755\" \/>\t\t\t<\/div>\n\t\t<\/div>\n\t<input type=\"hidden\" name=\"trp-form-language\" value=\"en\"\/><\/form>\n<\/div>\n<\/div>","protected":false},"excerpt":{"rendered":"","protected":false},"author":1,"featured_media":0,"parent":0,"menu_order":0,"comment_status":"closed","ping_status":"closed","template":"","meta":{"footnotes":""},"class_list":["post-755","page","type-page","status-publish","hentry"],"yoast_head":"<!-- This site is optimized with the Yoast SEO plugin v27.4 - https:\/\/yoast.com\/product\/yoast-seo-wordpress\/ -->\n<title>Elfelejtett jelsz\u00f3 - Info Kommunik\u00e1ci\u00f3s Szakszervezet<\/title>\n<meta name=\"robots\" content=\"index, follow, max-snippet:-1, max-image-preview:large, max-video-preview:-1\" \/>\n<link rel=\"canonical\" href=\"https:\/\/www.iksz.eu\/en\/lost-password\/\" \/>\n<meta property=\"og:locale\" content=\"en_GB\" \/>\n<meta property=\"og:type\" content=\"article\" \/>\n<meta property=\"og:title\" content=\"Elfelejtett jelsz\u00f3 - Info Kommunik\u00e1ci\u00f3s Szakszervezet\" \/>\n<meta property=\"og:url\" content=\"https:\/\/www.iksz.eu\/en\/lost-password\/\" \/>\n<meta property=\"og:site_name\" content=\"Info Kommunik\u00e1ci\u00f3s Szakszervezet\" \/>\n<meta property=\"article:modified_time\" content=\"2026-03-24T22:38:57+00:00\" \/>\n<meta name=\"twitter:card\" content=\"summary_large_image\" \/>\n<meta name=\"twitter:label1\" content=\"Estimated reading time\" \/>\n\t<meta name=\"twitter:data1\" content=\"1 minute\" \/>\n<script type=\"application\/ld+json\" class=\"yoast-schema-graph\">{\"@context\":\"https:\\\/\\\/schema.org\",\"@graph\":[{\"@type\":\"WebPage\",\"@id\":\"https:\\\/\\\/www.iksz.eu\\\/lost-password\\\/\",\"url\":\"https:\\\/\\\/www.iksz.eu\\\/lost-password\\\/\",\"name\":\"Elfelejtett jelsz\u00f3 - Info Kommunik\u00e1ci\u00f3s Szakszervezet\",\"isPartOf\":{\"@id\":\"https:\\\/\\\/www.iksz.eu\\\/#website\"},\"datePublished\":\"2026-03-24T22:27:03+00:00\",\"dateModified\":\"2026-03-24T22:38:57+00:00\",\"breadcrumb\":{\"@id\":\"https:\\\/\\\/www.iksz.eu\\\/lost-password\\\/#breadcrumb\"},\"inLanguage\":\"en-GB\",\"potentialAction\":[{\"@type\":\"ReadAction\",\"target\":[\"https:\\\/\\\/www.iksz.eu\\\/lost-password\\\/\"]}]},{\"@type\":\"BreadcrumbList\",\"@id\":\"https:\\\/\\\/www.iksz.eu\\\/lost-password\\\/#breadcrumb\",\"itemListElement\":[{\"@type\":\"ListItem\",\"position\":1,\"name\":\"Kezd\u0151lap\",\"item\":\"https:\\\/\\\/www.iksz.eu\\\/\"},{\"@type\":\"ListItem\",\"position\":2,\"name\":\"Elfelejtett jelsz\u00f3\"}]},{\"@type\":\"WebSite\",\"@id\":\"https:\\\/\\\/www.iksz.eu\\\/#website\",\"url\":\"https:\\\/\\\/www.iksz.eu\\\/\",\"name\":\"Info Kommunik\u00e1ci\u00f3s Szakszervezet \\\/ IKSZ\",\"description\":\"\",\"publisher\":{\"@id\":\"https:\\\/\\\/www.iksz.eu\\\/#organization\"},\"potentialAction\":[{\"@type\":\"SearchAction\",\"target\":{\"@type\":\"EntryPoint\",\"urlTemplate\":\"https:\\\/\\\/www.iksz.eu\\\/?s={search_term_string}\"},\"query-input\":{\"@type\":\"PropertyValueSpecification\",\"valueRequired\":true,\"valueName\":\"search_term_string\"}}],\"inLanguage\":\"en-GB\"},{\"@type\":\"Organization\",\"@id\":\"https:\\\/\\\/www.iksz.eu\\\/#organization\",\"name\":\"Info Kommunik\u00e1ci\u00f3s Szakszervezet \\\/ IKSZ\",\"url\":\"https:\\\/\\\/www.iksz.eu\\\/\",\"logo\":{\"@type\":\"ImageObject\",\"inLanguage\":\"en-GB\",\"@id\":\"https:\\\/\\\/www.iksz.eu\\\/#\\\/schema\\\/logo\\\/image\\\/\",\"url\":\"https:\\\/\\\/www.iksz.eu\\\/wp-content\\\/uploads\\\/2025\\\/01\\\/cropped-ginop_iksz.png\",\"contentUrl\":\"https:\\\/\\\/www.iksz.eu\\\/wp-content\\\/uploads\\\/2025\\\/01\\\/cropped-ginop_iksz.png\",\"width\":1125,\"height\":250,\"caption\":\"Info Kommunik\u00e1ci\u00f3s Szakszervezet \\\/ IKSZ\"},\"image\":{\"@id\":\"https:\\\/\\\/www.iksz.eu\\\/#\\\/schema\\\/logo\\\/image\\\/\"}}]}<\/script>\n<!-- \/ Yoast SEO plugin. -->","yoast_head_json":{"title":"Elfelejtett jelsz\u00f3 - Info Kommunik\u00e1ci\u00f3s Szakszervezet","robots":{"index":"index","follow":"follow","max-snippet":"max-snippet:-1","max-image-preview":"max-image-preview:large","max-video-preview":"max-video-preview:-1"},"canonical":"https:\/\/www.iksz.eu\/en\/lost-password\/","og_locale":"en_GB","og_type":"article","og_title":"Elfelejtett jelsz\u00f3 - Info Kommunik\u00e1ci\u00f3s Szakszervezet","og_url":"https:\/\/www.iksz.eu\/en\/lost-password\/","og_site_name":"Info Kommunik\u00e1ci\u00f3s Szakszervezet","article_modified_time":"2026-03-24T22:38:57+00:00","twitter_card":"summary_large_image","twitter_misc":{"Estimated reading time":"1 minute"},"schema":{"@context":"https:\/\/schema.org","@graph":[{"@type":"WebPage","@id":"https:\/\/www.iksz.eu\/lost-password\/","url":"https:\/\/www.iksz.eu\/lost-password\/","name":"Elfelejtett jelsz\u00f3 - Info Kommunik\u00e1ci\u00f3s Szakszervezet","isPartOf":{"@id":"https:\/\/www.iksz.eu\/#website"},"datePublished":"2026-03-24T22:27:03+00:00","dateModified":"2026-03-24T22:38:57+00:00","breadcrumb":{"@id":"https:\/\/www.iksz.eu\/lost-password\/#breadcrumb"},"inLanguage":"en-GB","potentialAction":[{"@type":"ReadAction","target":["https:\/\/www.iksz.eu\/lost-password\/"]}]},{"@type":"BreadcrumbList","@id":"https:\/\/www.iksz.eu\/lost-password\/#breadcrumb","itemListElement":[{"@type":"ListItem","position":1,"name":"Kezd\u0151lap","item":"https:\/\/www.iksz.eu\/"},{"@type":"ListItem","position":2,"name":"Elfelejtett jelsz\u00f3"}]},{"@type":"WebSite","@id":"https:\/\/www.iksz.eu\/#website","url":"https:\/\/www.iksz.eu\/","name":"Info Communication Trade Union \/ ICFTU","description":"","publisher":{"@id":"https:\/\/www.iksz.eu\/#organization"},"potentialAction":[{"@type":"SearchAction","target":{"@type":"EntryPoint","urlTemplate":"https:\/\/www.iksz.eu\/?s={search_term_string}"},"query-input":{"@type":"PropertyValueSpecification","valueRequired":true,"valueName":"search_term_string"}}],"inLanguage":"en-GB"},{"@type":"Organization","@id":"https:\/\/www.iksz.eu\/#organization","name":"Info Communication Trade Union \/ ICFTU","url":"https:\/\/www.iksz.eu\/","logo":{"@type":"ImageObject","inLanguage":"en-GB","@id":"https:\/\/www.iksz.eu\/#\/schema\/logo\/image\/","url":"https:\/\/www.iksz.eu\/wp-content\/uploads\/2025\/01\/cropped-ginop_iksz.png","contentUrl":"https:\/\/www.iksz.eu\/wp-content\/uploads\/2025\/01\/cropped-ginop_iksz.png","width":1125,"height":250,"caption":"Info Kommunik\u00e1ci\u00f3s Szakszervezet \/ IKSZ"},"image":{"@id":"https:\/\/www.iksz.eu\/#\/schema\/logo\/image\/"}}]}},"_links":{"self":[{"href":"https:\/\/www.iksz.eu\/en\/wp-json\/wp\/v2\/pages\/755","targetHints":{"allow":["GET"]}}],"collection":[{"href":"https:\/\/www.iksz.eu\/en\/wp-json\/wp\/v2\/pages"}],"about":[{"href":"https:\/\/www.iksz.eu\/en\/wp-json\/wp\/v2\/types\/page"}],"author":[{"embeddable":true,"href":"https:\/\/www.iksz.eu\/en\/wp-json\/wp\/v2\/users\/1"}],"replies":[{"embeddable":true,"href":"https:\/\/www.iksz.eu\/en\/wp-json\/wp\/v2\/comments?post=755"}],"version-history":[{"count":1,"href":"https:\/\/www.iksz.eu\/en\/wp-json\/wp\/v2\/pages\/755\/revisions"}],"predecessor-version":[{"id":763,"href":"https:\/\/www.iksz.eu\/en\/wp-json\/wp\/v2\/pages\/755\/revisions\/763"}],"wp:attachment":[{"href":"https:\/\/www.iksz.eu\/en\/wp-json\/wp\/v2\/media?parent=755"}],"curies":[{"name":"wp","href":"https:\/\/api.w.org\/{rel}","templated":true}]}}