{"id":760,"date":"2026-03-24T23:34:41","date_gmt":"2026-03-24T22:34:41","guid":{"rendered":"https:\/\/www.iksz.eu\/?page_id=760"},"modified":"2026-04-14T22:36:24","modified_gmt":"2026-04-14T21:36:24","slug":"tagoknak-szolo-informaciok","status":"publish","type":"page","link":"https:\/\/www.iksz.eu\/en\/tagoknak-szolo-informaciok\/","title":{"rendered":"Members' area"},"content":{"rendered":"<p class=\"has-vivid-green-cyan-color has-text-color has-link-color wp-elements-0461cb406b4802fb522753de2df6d246\"><a href=\"https:\/\/www.iksz.eu\/en\/idopont-foglalasa-ugyintezesre\/\" target=\"_blank\" rel=\"noreferrer noopener\">ID\u0150PONT FOGLAL\u00c1SA \u00dcGYINT\u00c9Z\u00c9SHEZ<\/a><\/p>\n\n\n\n<p><a href=\"https:\/\/www.iksz.eu\/en\/biztositassal-kapcsolatos-ugyintezes\/\" target=\"_blank\" rel=\"noreferrer noopener\">Biztos\u00edt\u00e1si inform\u00e1ci\u00f3k\/nyomtatv\u00e1nyok<\/a><\/p>\n\n\n\n<p><a href=\"https:\/\/www.iksz.eu\/en\/metro-kedvezmeny\/\" target=\"_blank\" rel=\"noreferrer noopener\">Metro kedvezm\u00e9ny be\u00e1ll\u00edt\u00e1sa + inform\u00e1ci\u00f3<\/a><\/p>\n\n\n\n<p><a href=\"https:\/\/www.iksz.eu\/en\/tagoknak-szolo-informaciok\/autoapolasi-termekek-kedvezmennyel\/\" target=\"_blank\" rel=\"noreferrer noopener\">Car care products with discount<\/a><\/p>\n\n\n\n<p><a href=\"https:\/\/www.iksz.eu\/en\/tagoknak-szolo-informaciok\/gyermelyi-rendelessel-kapcsolatos-informaciok\/\" target=\"_blank\" rel=\"noreferrer noopener\">Information with regards to ordering Gyermelyi products<\/a><\/p>\n\n\n\n<p><a href=\"https:\/\/www.iksz.eu\/en\/tagoknak-szolo-informaciok\/munkajogi-segely\/\" target=\"_blank\" rel=\"noreferrer noopener\">Munkajogi jogseg\u00e9ly<\/a><\/p>\n\n\n\n<p><a href=\"https:\/\/www.iksz.eu\/en\/tagoknak-szolo-informaciok\/polgari-jogi-jogsegely\/\" target=\"_blank\" rel=\"noreferrer noopener\">Polg\u00e1ri jogi jogseg\u00e9ly<\/a><\/p>\n\n\n\n<p><a href=\"https:\/\/www.iksz.eu\/en\/login\/\">(oldalr\u00f3l val\u00f3 kil\u00e9p\u00e9s)<\/a><\/p>\n\n\n\n<p><\/p>","protected":false},"excerpt":{"rendered":"<p>ID\u0150PONT FOGLAL\u00c1SA \u00dcGYINT\u00c9Z\u00c9SHEZ Biztos\u00edt\u00e1si inform\u00e1ci\u00f3k\/nyomtatv\u00e1nyok Metro kedvezm\u00e9ny be\u00e1ll\u00edt\u00e1sa + inform\u00e1ci\u00f3 Aut\u00f3\u00e1pol\u00e1si term\u00e9kek kedvezm\u00e9nnyel Gyermelyi rendel\u00e9ssel kapcsolatos inform\u00e1ci\u00f3k Munkajogi jogseg\u00e9ly Polg\u00e1ri jogi jogseg\u00e9ly (oldalr\u00f3l val\u00f3 kil\u00e9p\u00e9s)<\/p>","protected":false},"author":1,"featured_media":0,"parent":0,"menu_order":0,"comment_status":"closed","ping_status":"closed","template":"","meta":{"footnotes":""},"class_list":["post-760","page","type-page","status-publish","hentry"],"yoast_head":"<!-- This site is optimized with the Yoast SEO plugin v27.4 - https:\/\/yoast.com\/product\/yoast-seo-wordpress\/ -->\n<title>Tagoknak sz\u00f3l\u00f3 inform\u00e1ci\u00f3k - Info Kommunik\u00e1ci\u00f3s Szakszervezet<\/title>\n<meta name=\"robots\" content=\"index, follow, max-snippet:-1, max-image-preview:large, max-video-preview:-1\" \/>\n<link rel=\"canonical\" href=\"https:\/\/www.iksz.eu\/en\/tagoknak-szolo-informaciok\/\" \/>\n<meta property=\"og:locale\" content=\"en_GB\" \/>\n<meta property=\"og:type\" content=\"article\" \/>\n<meta property=\"og:title\" content=\"Tagoknak sz\u00f3l\u00f3 inform\u00e1ci\u00f3k - Info Kommunik\u00e1ci\u00f3s Szakszervezet\" \/>\n<meta property=\"og:description\" content=\"ID\u0150PONT FOGLAL\u00c1SA \u00dcGYINT\u00c9Z\u00c9SHEZ Biztos\u00edt\u00e1si inform\u00e1ci\u00f3k\/nyomtatv\u00e1nyok Metro kedvezm\u00e9ny be\u00e1ll\u00edt\u00e1sa + inform\u00e1ci\u00f3 Aut\u00f3\u00e1pol\u00e1si term\u00e9kek kedvezm\u00e9nnyel Gyermelyi rendel\u00e9ssel kapcsolatos inform\u00e1ci\u00f3k Munkajogi jogseg\u00e9ly Polg\u00e1ri jogi jogseg\u00e9ly (oldalr\u00f3l val\u00f3 kil\u00e9p\u00e9s)\" \/>\n<meta property=\"og:url\" content=\"https:\/\/www.iksz.eu\/en\/tagoknak-szolo-informaciok\/\" \/>\n<meta property=\"og:site_name\" content=\"Info Kommunik\u00e1ci\u00f3s Szakszervezet\" \/>\n<meta property=\"article:modified_time\" content=\"2026-04-14T21:36:24+00:00\" \/>\n<meta name=\"twitter:card\" content=\"summary_large_image\" \/>\n<meta name=\"twitter:label1\" content=\"Estimated reading time\" \/>\n\t<meta name=\"twitter:data1\" content=\"1 minute\" \/>\n<script type=\"application\/ld+json\" class=\"yoast-schema-graph\">{\"@context\":\"https:\\\/\\\/schema.org\",\"@graph\":[{\"@type\":\"WebPage\",\"@id\":\"https:\\\/\\\/www.iksz.eu\\\/tagoknak-szolo-informaciok\\\/\",\"url\":\"https:\\\/\\\/www.iksz.eu\\\/tagoknak-szolo-informaciok\\\/\",\"name\":\"Tagoknak sz\u00f3l\u00f3 inform\u00e1ci\u00f3k - Info Kommunik\u00e1ci\u00f3s Szakszervezet\",\"isPartOf\":{\"@id\":\"https:\\\/\\\/www.iksz.eu\\\/#website\"},\"datePublished\":\"2026-03-24T22:34:41+00:00\",\"dateModified\":\"2026-04-14T21:36:24+00:00\",\"breadcrumb\":{\"@id\":\"https:\\\/\\\/www.iksz.eu\\\/tagoknak-szolo-informaciok\\\/#breadcrumb\"},\"inLanguage\":\"en-GB\",\"potentialAction\":[{\"@type\":\"ReadAction\",\"target\":[\"https:\\\/\\\/www.iksz.eu\\\/tagoknak-szolo-informaciok\\\/\"]}]},{\"@type\":\"BreadcrumbList\",\"@id\":\"https:\\\/\\\/www.iksz.eu\\\/tagoknak-szolo-informaciok\\\/#breadcrumb\",\"itemListElement\":[{\"@type\":\"ListItem\",\"position\":1,\"name\":\"Kezd\u0151lap\",\"item\":\"https:\\\/\\\/www.iksz.eu\\\/\"},{\"@type\":\"ListItem\",\"position\":2,\"name\":\"Tagoknak sz\u00f3l\u00f3 inform\u00e1ci\u00f3k\"}]},{\"@type\":\"WebSite\",\"@id\":\"https:\\\/\\\/www.iksz.eu\\\/#website\",\"url\":\"https:\\\/\\\/www.iksz.eu\\\/\",\"name\":\"Info Kommunik\u00e1ci\u00f3s Szakszervezet \\\/ IKSZ\",\"description\":\"\",\"publisher\":{\"@id\":\"https:\\\/\\\/www.iksz.eu\\\/#organization\"},\"potentialAction\":[{\"@type\":\"SearchAction\",\"target\":{\"@type\":\"EntryPoint\",\"urlTemplate\":\"https:\\\/\\\/www.iksz.eu\\\/?s={search_term_string}\"},\"query-input\":{\"@type\":\"PropertyValueSpecification\",\"valueRequired\":true,\"valueName\":\"search_term_string\"}}],\"inLanguage\":\"en-GB\"},{\"@type\":\"Organization\",\"@id\":\"https:\\\/\\\/www.iksz.eu\\\/#organization\",\"name\":\"Info Kommunik\u00e1ci\u00f3s Szakszervezet \\\/ IKSZ\",\"url\":\"https:\\\/\\\/www.iksz.eu\\\/\",\"logo\":{\"@type\":\"ImageObject\",\"inLanguage\":\"en-GB\",\"@id\":\"https:\\\/\\\/www.iksz.eu\\\/#\\\/schema\\\/logo\\\/image\\\/\",\"url\":\"https:\\\/\\\/www.iksz.eu\\\/wp-content\\\/uploads\\\/2025\\\/01\\\/cropped-ginop_iksz.png\",\"contentUrl\":\"https:\\\/\\\/www.iksz.eu\\\/wp-content\\\/uploads\\\/2025\\\/01\\\/cropped-ginop_iksz.png\",\"width\":1125,\"height\":250,\"caption\":\"Info Kommunik\u00e1ci\u00f3s Szakszervezet \\\/ IKSZ\"},\"image\":{\"@id\":\"https:\\\/\\\/www.iksz.eu\\\/#\\\/schema\\\/logo\\\/image\\\/\"}}]}<\/script>\n<!-- \/ Yoast SEO plugin. -->","yoast_head_json":{"title":"Tagoknak sz\u00f3l\u00f3 inform\u00e1ci\u00f3k - Info Kommunik\u00e1ci\u00f3s Szakszervezet","robots":{"index":"index","follow":"follow","max-snippet":"max-snippet:-1","max-image-preview":"max-image-preview:large","max-video-preview":"max-video-preview:-1"},"canonical":"https:\/\/www.iksz.eu\/en\/tagoknak-szolo-informaciok\/","og_locale":"en_GB","og_type":"article","og_title":"Tagoknak sz\u00f3l\u00f3 inform\u00e1ci\u00f3k - Info Kommunik\u00e1ci\u00f3s Szakszervezet","og_description":"ID\u0150PONT FOGLAL\u00c1SA \u00dcGYINT\u00c9Z\u00c9SHEZ Biztos\u00edt\u00e1si inform\u00e1ci\u00f3k\/nyomtatv\u00e1nyok Metro kedvezm\u00e9ny be\u00e1ll\u00edt\u00e1sa + inform\u00e1ci\u00f3 Aut\u00f3\u00e1pol\u00e1si term\u00e9kek kedvezm\u00e9nnyel Gyermelyi rendel\u00e9ssel kapcsolatos inform\u00e1ci\u00f3k Munkajogi jogseg\u00e9ly Polg\u00e1ri jogi jogseg\u00e9ly (oldalr\u00f3l val\u00f3 kil\u00e9p\u00e9s)","og_url":"https:\/\/www.iksz.eu\/en\/tagoknak-szolo-informaciok\/","og_site_name":"Info Kommunik\u00e1ci\u00f3s Szakszervezet","article_modified_time":"2026-04-14T21:36:24+00:00","twitter_card":"summary_large_image","twitter_misc":{"Estimated reading time":"1 minute"},"schema":{"@context":"https:\/\/schema.org","@graph":[{"@type":"WebPage","@id":"https:\/\/www.iksz.eu\/tagoknak-szolo-informaciok\/","url":"https:\/\/www.iksz.eu\/tagoknak-szolo-informaciok\/","name":"Tagoknak sz\u00f3l\u00f3 inform\u00e1ci\u00f3k - Info Kommunik\u00e1ci\u00f3s Szakszervezet","isPartOf":{"@id":"https:\/\/www.iksz.eu\/#website"},"datePublished":"2026-03-24T22:34:41+00:00","dateModified":"2026-04-14T21:36:24+00:00","breadcrumb":{"@id":"https:\/\/www.iksz.eu\/tagoknak-szolo-informaciok\/#breadcrumb"},"inLanguage":"en-GB","potentialAction":[{"@type":"ReadAction","target":["https:\/\/www.iksz.eu\/tagoknak-szolo-informaciok\/"]}]},{"@type":"BreadcrumbList","@id":"https:\/\/www.iksz.eu\/tagoknak-szolo-informaciok\/#breadcrumb","itemListElement":[{"@type":"ListItem","position":1,"name":"Kezd\u0151lap","item":"https:\/\/www.iksz.eu\/"},{"@type":"ListItem","position":2,"name":"Tagoknak sz\u00f3l\u00f3 inform\u00e1ci\u00f3k"}]},{"@type":"WebSite","@id":"https:\/\/www.iksz.eu\/#website","url":"https:\/\/www.iksz.eu\/","name":"Info Communication Trade Union \/ ICFTU","description":"","publisher":{"@id":"https:\/\/www.iksz.eu\/#organization"},"potentialAction":[{"@type":"SearchAction","target":{"@type":"EntryPoint","urlTemplate":"https:\/\/www.iksz.eu\/?s={search_term_string}"},"query-input":{"@type":"PropertyValueSpecification","valueRequired":true,"valueName":"search_term_string"}}],"inLanguage":"en-GB"},{"@type":"Organization","@id":"https:\/\/www.iksz.eu\/#organization","name":"Info Communication Trade Union \/ ICFTU","url":"https:\/\/www.iksz.eu\/","logo":{"@type":"ImageObject","inLanguage":"en-GB","@id":"https:\/\/www.iksz.eu\/#\/schema\/logo\/image\/","url":"https:\/\/www.iksz.eu\/wp-content\/uploads\/2025\/01\/cropped-ginop_iksz.png","contentUrl":"https:\/\/www.iksz.eu\/wp-content\/uploads\/2025\/01\/cropped-ginop_iksz.png","width":1125,"height":250,"caption":"Info Kommunik\u00e1ci\u00f3s Szakszervezet \/ IKSZ"},"image":{"@id":"https:\/\/www.iksz.eu\/#\/schema\/logo\/image\/"}}]}},"_links":{"self":[{"href":"https:\/\/www.iksz.eu\/en\/wp-json\/wp\/v2\/pages\/760","targetHints":{"allow":["GET"]}}],"collection":[{"href":"https:\/\/www.iksz.eu\/en\/wp-json\/wp\/v2\/pages"}],"about":[{"href":"https:\/\/www.iksz.eu\/en\/wp-json\/wp\/v2\/types\/page"}],"author":[{"embeddable":true,"href":"https:\/\/www.iksz.eu\/en\/wp-json\/wp\/v2\/users\/1"}],"replies":[{"embeddable":true,"href":"https:\/\/www.iksz.eu\/en\/wp-json\/wp\/v2\/comments?post=760"}],"version-history":[{"count":14,"href":"https:\/\/www.iksz.eu\/en\/wp-json\/wp\/v2\/pages\/760\/revisions"}],"predecessor-version":[{"id":1073,"href":"https:\/\/www.iksz.eu\/en\/wp-json\/wp\/v2\/pages\/760\/revisions\/1073"}],"wp:attachment":[{"href":"https:\/\/www.iksz.eu\/en\/wp-json\/wp\/v2\/media?parent=760"}],"curies":[{"name":"wp","href":"https:\/\/api.w.org\/{rel}","templated":true}]}}