{"id":785,"date":"2026-03-25T07:36:30","date_gmt":"2026-03-25T06:36:30","guid":{"rendered":"https:\/\/www.iksz.eu\/?page_id=785"},"modified":"2026-03-31T22:39:41","modified_gmt":"2026-03-31T21:39:41","slug":"asz007-levonassal","status":"publish","type":"page","link":"https:\/\/www.iksz.eu\/en\/belepesi-es-kilepesi-nyilatkozatok\/asz007-levonassal\/","title":{"rendered":"ASZ007 (DT-ITTC) b\u00e9rb\u0151l levon\u00e1ssal"},"content":{"rendered":"\n<div class=\"wpcf7 no-js\" id=\"wpcf7-f782-o1\" lang=\"hu-HU\" dir=\"ltr\" data-wpcf7-id=\"782\">\n<div class=\"screen-reader-response\"><p role=\"status\" aria-live=\"polite\" aria-atomic=\"true\"><\/p> <ul><\/ul><\/div>\n<form action=\"\/en\/wp-json\/wp\/v2\/pages\/785#wpcf7-f782-o1\" method=\"post\" class=\"wpcf7-form init\" aria-label=\"Kapcsolatfelv\u00e9teli \u0171rlap\" novalidate=\"novalidate\" data-status=\"init\">\n<fieldset class=\"hidden-fields-container\"><input type=\"hidden\" name=\"_wpcf7\" value=\"782\" \/><input type=\"hidden\" name=\"_wpcf7_version\" value=\"6.1.5\" \/><input type=\"hidden\" name=\"_wpcf7_locale\" value=\"hu_HU\" \/><input type=\"hidden\" name=\"_wpcf7_unit_tag\" value=\"wpcf7-f782-o1\" \/><input type=\"hidden\" name=\"_wpcf7_container_post\" value=\"0\" \/><input type=\"hidden\" name=\"_wpcf7_posted_data_hash\" value=\"\" \/><input type=\"hidden\" name=\"redirect_nonce\" value=\"49ed77e199\" \/><input type=\"hidden\" name=\"wpcf7cfpdf_hidden_name\" value=\"iksz_csatlakozasi_[your-name]\" \/><input type=\"hidden\" name=\"wpcf7cfpdf_hidden_reference\" value=\"277783e0\" \/><input type=\"hidden\" name=\"wpcf7cfpdf_hidden_date\" value=\"2026.04.17.\" \/>\n<\/fieldset>\n<p><label> N\u00e9v<br \/>\n<span class=\"wpcf7-form-control-wrap\" data-name=\"your-name\"><input size=\"40\" maxlength=\"400\" class=\"wpcf7-form-control wpcf7-text wpcf7-validates-as-required\" autocomplete=\"name\" aria-required=\"true\" aria-invalid=\"false\" value=\"\" type=\"text\" name=\"your-name\" \/><\/span> <\/label>\n<\/p>\n<p><label> Le\u00e1nykori n\u00e9v<br \/>\n<span class=\"wpcf7-form-control-wrap\" data-name=\"your-maiden\"><input size=\"40\" maxlength=\"400\" class=\"wpcf7-form-control wpcf7-text\" autocomplete=\"maidenname\" aria-invalid=\"false\" value=\"\" type=\"text\" name=\"your-maiden\" \/><\/span> <\/label>\n<\/p>\n<p><label> Anyja neve (le\u00e1nykori)<br \/>\n<span class=\"wpcf7-form-control-wrap\" data-name=\"mothers-maiden\"><input size=\"40\" maxlength=\"400\" class=\"wpcf7-form-control wpcf7-text wpcf7-validates-as-required\" autocomplete=\"mothersname\" aria-required=\"true\" aria-invalid=\"false\" value=\"\" type=\"text\" name=\"mothers-maiden\" \/><\/span> <\/label>\n<\/p>\n<p><label> Sz\u00fclet\u00e9si hely \u00e9s id\u0151<br \/>\n<span class=\"wpcf7-form-control-wrap\" data-name=\"your-pob\"><input size=\"40\" maxlength=\"400\" class=\"wpcf7-form-control wpcf7-text wpcf7-validates-as-required\" autocomplete=\"pob\" aria-required=\"true\" aria-invalid=\"false\" value=\"\" type=\"text\" name=\"your-pob\" \/><\/span> <\/label>\n<\/p>\n<p><label> \u00c1lland\u00f3 lakc\u00edm (ir\u00e1ny\u00edt\u00f3sz\u00e1m, v\u00e1ros, utca \u00e9s h\u00e1zsz\u00e1m\/emelet\/ajt\u00f3)<br \/>\n<span class=\"wpcf7-form-control-wrap\" data-name=\"your-address\"><input size=\"40\" maxlength=\"400\" class=\"wpcf7-form-control wpcf7-text wpcf7-validates-as-required\" autocomplete=\"add\" aria-required=\"true\" aria-invalid=\"false\" value=\"\" type=\"text\" name=\"your-address\" \/><\/span> <\/label>\n<\/p>\n<p><label> Munk\u00e1ltat\u00f3<br \/>\n<span class=\"wpcf7-form-control-wrap\" data-name=\"text-642\"><input size=\"40\" maxlength=\"400\" class=\"wpcf7-form-control wpcf7-text\" aria-invalid=\"false\" placeholder=\"Deutsche Telekom ITTC Hungary Kft.\" value=\"\" type=\"text\" name=\"text-642\" \/><\/span> <\/label>\n<\/p>\n<p><label> Telefonsz\u00e1m<br \/>\n<span class=\"wpcf7-form-control-wrap\" data-name=\"tel-106\"><input size=\"40\" maxlength=\"400\" class=\"wpcf7-form-control wpcf7-tel wpcf7-text wpcf7-validates-as-tel\" aria-invalid=\"false\" value=\"\" type=\"tel\" name=\"tel-106\" \/><\/span> <\/label>\n<\/p>\n<p><label> CIAM azonos\u00edt\u00f3<br \/>\n<span class=\"wpcf7-form-control-wrap\" data-name=\"your-ciam\"><input size=\"40\" maxlength=\"400\" class=\"wpcf7-form-control wpcf7-text wpcf7-validates-as-required\" autocomplete=\"ciam\" aria-required=\"true\" aria-invalid=\"false\" value=\"\" type=\"text\" name=\"your-ciam\" \/><\/span> <\/label>\n<\/p>\n<p><label> Aj\u00e1nl\u00f3 c\u00e9ges e-mail c\u00edme<br \/>\n<span class=\"wpcf7-form-control-wrap\" data-name=\"ref-email\"><input size=\"40\" maxlength=\"400\" class=\"wpcf7-form-control wpcf7-email wpcf7-text wpcf7-validates-as-email\" autocomplete=\"refemail\" aria-invalid=\"false\" value=\"\" type=\"email\" name=\"ref-email\" \/><\/span> <\/label>\n<\/p>\n<p><label> E-mail c\u00edmed<br \/>\n<span class=\"wpcf7-form-control-wrap\" data-name=\"your-email\"><input size=\"40\" maxlength=\"400\" class=\"wpcf7-form-control wpcf7-email wpcf7-validates-as-required wpcf7-text wpcf7-validates-as-email\" autocomplete=\"email\" aria-required=\"true\" aria-invalid=\"false\" value=\"\" type=\"email\" name=\"your-email\" \/><\/span> <\/label>\n<\/p>\n<p><label> D\u00e1tum<br \/>\n<span class=\"wpcf7-form-control-wrap\" data-name=\"date-467\"><input class=\"wpcf7-form-control wpcf7-date wpcf7-validates-as-required wpcf7-validates-as-date\" aria-required=\"true\" aria-invalid=\"false\" value=\"\" type=\"date\" name=\"date-467\" \/><\/span> <\/label>\n<\/p>\n<p><input class=\"wpcf7-form-control wpcf7-submit has-spinner\" type=\"submit\" value=\"Bek\u00fcld\u00e9s\" \/>\n<\/p><p style=\"display: none !important;\" class=\"akismet-fields-container\" data-prefix=\"_wpcf7_ak_\"><label>&#916;<textarea name=\"_wpcf7_ak_hp_textarea\" cols=\"45\" rows=\"8\" maxlength=\"100\"><\/textarea><\/label><input type=\"hidden\" id=\"ak_js_1\" name=\"_wpcf7_ak_js\" value=\"101\"\/><script>document.getElementById( \"ak_js_1\" ).setAttribute( \"value\", ( new Date() ).getTime() );<\/script><\/p><div class=\"wpcf7-response-output\" aria-hidden=\"true\"><\/div>\n<\/form>\n<\/div>\n\n\n\n\n<p class=\"has-vivid-red-color has-text-color has-link-color wp-elements-833a10cfb5e28a4cdb544ddf2ac8faad\"><strong>Az online kit\u00f6lt\u00e9ssel elfogadom az\u00a0<a href=\"https:\/\/www.iksz.eu\/adatkezelesi-tajekoztato\/\" target=\"_blank\" rel=\"noreferrer noopener\">adatbiztons\u00e1gi ir\u00e1nyelveket<\/a>\u00a0*<\/strong><\/p>\n","protected":false},"excerpt":{"rendered":"<p>Az online kit\u00f6lt\u00e9ssel elfogadom az\u00a0adatbiztons\u00e1gi ir\u00e1nyelveket\u00a0*<\/p>","protected":false},"author":1,"featured_media":0,"parent":107,"menu_order":0,"comment_status":"closed","ping_status":"closed","template":"","meta":{"footnotes":""},"class_list":["post-785","page","type-page","status-publish","hentry"],"yoast_head":"<!-- This site is optimized with the Yoast SEO plugin v27.4 - https:\/\/yoast.com\/product\/yoast-seo-wordpress\/ -->\n<title>ASZ007 (DT-ITTC) b\u00e9rb\u0151l levon\u00e1ssal - Info Kommunik\u00e1ci\u00f3s Szakszervezet<\/title>\n<meta name=\"robots\" content=\"index, follow, max-snippet:-1, max-image-preview:large, max-video-preview:-1\" \/>\n<link rel=\"canonical\" href=\"https:\/\/www.iksz.eu\/en\/belepesi-es-kilepesi-nyilatkozatok\/asz007-levonassal\/\" \/>\n<meta property=\"og:locale\" content=\"en_GB\" \/>\n<meta property=\"og:type\" content=\"article\" \/>\n<meta property=\"og:title\" content=\"ASZ007 (DT-ITTC) b\u00e9rb\u0151l levon\u00e1ssal - Info Kommunik\u00e1ci\u00f3s Szakszervezet\" \/>\n<meta property=\"og:description\" content=\"Az online kit\u00f6lt\u00e9ssel elfogadom az\u00a0adatbiztons\u00e1gi ir\u00e1nyelveket\u00a0*\" \/>\n<meta property=\"og:url\" content=\"https:\/\/www.iksz.eu\/en\/belepesi-es-kilepesi-nyilatkozatok\/asz007-levonassal\/\" \/>\n<meta property=\"og:site_name\" content=\"Info Kommunik\u00e1ci\u00f3s Szakszervezet\" \/>\n<meta property=\"article:modified_time\" content=\"2026-03-31T21:39:41+00:00\" \/>\n<meta name=\"twitter:card\" content=\"summary_large_image\" \/>\n<meta name=\"twitter:label1\" content=\"Estimated reading time\" \/>\n\t<meta name=\"twitter:data1\" content=\"1 minute\" \/>\n<script type=\"application\/ld+json\" class=\"yoast-schema-graph\">{\"@context\":\"https:\\\/\\\/schema.org\",\"@graph\":[{\"@type\":\"WebPage\",\"@id\":\"https:\\\/\\\/www.iksz.eu\\\/belepesi-es-kilepesi-nyilatkozatok\\\/asz007-levonassal\\\/\",\"url\":\"https:\\\/\\\/www.iksz.eu\\\/belepesi-es-kilepesi-nyilatkozatok\\\/asz007-levonassal\\\/\",\"name\":\"ASZ007 (DT-ITTC) b\u00e9rb\u0151l levon\u00e1ssal - Info Kommunik\u00e1ci\u00f3s Szakszervezet\",\"isPartOf\":{\"@id\":\"https:\\\/\\\/www.iksz.eu\\\/#website\"},\"datePublished\":\"2026-03-25T06:36:30+00:00\",\"dateModified\":\"2026-03-31T21:39:41+00:00\",\"breadcrumb\":{\"@id\":\"https:\\\/\\\/www.iksz.eu\\\/belepesi-es-kilepesi-nyilatkozatok\\\/asz007-levonassal\\\/#breadcrumb\"},\"inLanguage\":\"en-GB\",\"potentialAction\":[{\"@type\":\"ReadAction\",\"target\":[\"https:\\\/\\\/www.iksz.eu\\\/belepesi-es-kilepesi-nyilatkozatok\\\/asz007-levonassal\\\/\"]}]},{\"@type\":\"BreadcrumbList\",\"@id\":\"https:\\\/\\\/www.iksz.eu\\\/belepesi-es-kilepesi-nyilatkozatok\\\/asz007-levonassal\\\/#breadcrumb\",\"itemListElement\":[{\"@type\":\"ListItem\",\"position\":1,\"name\":\"Kezd\u0151lap\",\"item\":\"https:\\\/\\\/www.iksz.eu\\\/\"},{\"@type\":\"ListItem\",\"position\":2,\"name\":\"Csatlakoz\u00e1si nyilatkozatok\",\"item\":\"https:\\\/\\\/www.iksz.eu\\\/belepesi-es-kilepesi-nyilatkozatok\\\/\"},{\"@type\":\"ListItem\",\"position\":3,\"name\":\"ASZ007 (DT-ITTC) b\u00e9rb\u0151l levon\u00e1ssal\"}]},{\"@type\":\"WebSite\",\"@id\":\"https:\\\/\\\/www.iksz.eu\\\/#website\",\"url\":\"https:\\\/\\\/www.iksz.eu\\\/\",\"name\":\"Info Kommunik\u00e1ci\u00f3s Szakszervezet \\\/ IKSZ\",\"description\":\"\",\"publisher\":{\"@id\":\"https:\\\/\\\/www.iksz.eu\\\/#organization\"},\"potentialAction\":[{\"@type\":\"SearchAction\",\"target\":{\"@type\":\"EntryPoint\",\"urlTemplate\":\"https:\\\/\\\/www.iksz.eu\\\/?s={search_term_string}\"},\"query-input\":{\"@type\":\"PropertyValueSpecification\",\"valueRequired\":true,\"valueName\":\"search_term_string\"}}],\"inLanguage\":\"en-GB\"},{\"@type\":\"Organization\",\"@id\":\"https:\\\/\\\/www.iksz.eu\\\/#organization\",\"name\":\"Info Kommunik\u00e1ci\u00f3s Szakszervezet \\\/ IKSZ\",\"url\":\"https:\\\/\\\/www.iksz.eu\\\/\",\"logo\":{\"@type\":\"ImageObject\",\"inLanguage\":\"en-GB\",\"@id\":\"https:\\\/\\\/www.iksz.eu\\\/#\\\/schema\\\/logo\\\/image\\\/\",\"url\":\"https:\\\/\\\/www.iksz.eu\\\/wp-content\\\/uploads\\\/2025\\\/01\\\/cropped-ginop_iksz.png\",\"contentUrl\":\"https:\\\/\\\/www.iksz.eu\\\/wp-content\\\/uploads\\\/2025\\\/01\\\/cropped-ginop_iksz.png\",\"width\":1125,\"height\":250,\"caption\":\"Info Kommunik\u00e1ci\u00f3s Szakszervezet \\\/ IKSZ\"},\"image\":{\"@id\":\"https:\\\/\\\/www.iksz.eu\\\/#\\\/schema\\\/logo\\\/image\\\/\"}}]}<\/script>\n<!-- \/ Yoast SEO plugin. -->","yoast_head_json":{"title":"ASZ007 (DT-ITTC) b\u00e9rb\u0151l levon\u00e1ssal - Info Kommunik\u00e1ci\u00f3s Szakszervezet","robots":{"index":"index","follow":"follow","max-snippet":"max-snippet:-1","max-image-preview":"max-image-preview:large","max-video-preview":"max-video-preview:-1"},"canonical":"https:\/\/www.iksz.eu\/en\/belepesi-es-kilepesi-nyilatkozatok\/asz007-levonassal\/","og_locale":"en_GB","og_type":"article","og_title":"ASZ007 (DT-ITTC) b\u00e9rb\u0151l levon\u00e1ssal - Info Kommunik\u00e1ci\u00f3s Szakszervezet","og_description":"Az online kit\u00f6lt\u00e9ssel elfogadom az\u00a0adatbiztons\u00e1gi ir\u00e1nyelveket\u00a0*","og_url":"https:\/\/www.iksz.eu\/en\/belepesi-es-kilepesi-nyilatkozatok\/asz007-levonassal\/","og_site_name":"Info Kommunik\u00e1ci\u00f3s Szakszervezet","article_modified_time":"2026-03-31T21:39:41+00:00","twitter_card":"summary_large_image","twitter_misc":{"Estimated reading time":"1 minute"},"schema":{"@context":"https:\/\/schema.org","@graph":[{"@type":"WebPage","@id":"https:\/\/www.iksz.eu\/belepesi-es-kilepesi-nyilatkozatok\/asz007-levonassal\/","url":"https:\/\/www.iksz.eu\/belepesi-es-kilepesi-nyilatkozatok\/asz007-levonassal\/","name":"ASZ007 (DT-ITTC) b\u00e9rb\u0151l levon\u00e1ssal - Info Kommunik\u00e1ci\u00f3s Szakszervezet","isPartOf":{"@id":"https:\/\/www.iksz.eu\/#website"},"datePublished":"2026-03-25T06:36:30+00:00","dateModified":"2026-03-31T21:39:41+00:00","breadcrumb":{"@id":"https:\/\/www.iksz.eu\/belepesi-es-kilepesi-nyilatkozatok\/asz007-levonassal\/#breadcrumb"},"inLanguage":"en-GB","potentialAction":[{"@type":"ReadAction","target":["https:\/\/www.iksz.eu\/belepesi-es-kilepesi-nyilatkozatok\/asz007-levonassal\/"]}]},{"@type":"BreadcrumbList","@id":"https:\/\/www.iksz.eu\/belepesi-es-kilepesi-nyilatkozatok\/asz007-levonassal\/#breadcrumb","itemListElement":[{"@type":"ListItem","position":1,"name":"Kezd\u0151lap","item":"https:\/\/www.iksz.eu\/"},{"@type":"ListItem","position":2,"name":"Csatlakoz\u00e1si nyilatkozatok","item":"https:\/\/www.iksz.eu\/belepesi-es-kilepesi-nyilatkozatok\/"},{"@type":"ListItem","position":3,"name":"ASZ007 (DT-ITTC) b\u00e9rb\u0151l levon\u00e1ssal"}]},{"@type":"WebSite","@id":"https:\/\/www.iksz.eu\/#website","url":"https:\/\/www.iksz.eu\/","name":"Info Communication Trade Union \/ ICFTU","description":"","publisher":{"@id":"https:\/\/www.iksz.eu\/#organization"},"potentialAction":[{"@type":"SearchAction","target":{"@type":"EntryPoint","urlTemplate":"https:\/\/www.iksz.eu\/?s={search_term_string}"},"query-input":{"@type":"PropertyValueSpecification","valueRequired":true,"valueName":"search_term_string"}}],"inLanguage":"en-GB"},{"@type":"Organization","@id":"https:\/\/www.iksz.eu\/#organization","name":"Info Communication Trade Union \/ ICFTU","url":"https:\/\/www.iksz.eu\/","logo":{"@type":"ImageObject","inLanguage":"en-GB","@id":"https:\/\/www.iksz.eu\/#\/schema\/logo\/image\/","url":"https:\/\/www.iksz.eu\/wp-content\/uploads\/2025\/01\/cropped-ginop_iksz.png","contentUrl":"https:\/\/www.iksz.eu\/wp-content\/uploads\/2025\/01\/cropped-ginop_iksz.png","width":1125,"height":250,"caption":"Info Kommunik\u00e1ci\u00f3s Szakszervezet \/ IKSZ"},"image":{"@id":"https:\/\/www.iksz.eu\/#\/schema\/logo\/image\/"}}]}},"_links":{"self":[{"href":"https:\/\/www.iksz.eu\/en\/wp-json\/wp\/v2\/pages\/785","targetHints":{"allow":["GET"]}}],"collection":[{"href":"https:\/\/www.iksz.eu\/en\/wp-json\/wp\/v2\/pages"}],"about":[{"href":"https:\/\/www.iksz.eu\/en\/wp-json\/wp\/v2\/types\/page"}],"author":[{"embeddable":true,"href":"https:\/\/www.iksz.eu\/en\/wp-json\/wp\/v2\/users\/1"}],"replies":[{"embeddable":true,"href":"https:\/\/www.iksz.eu\/en\/wp-json\/wp\/v2\/comments?post=785"}],"version-history":[{"count":3,"href":"https:\/\/www.iksz.eu\/en\/wp-json\/wp\/v2\/pages\/785\/revisions"}],"predecessor-version":[{"id":939,"href":"https:\/\/www.iksz.eu\/en\/wp-json\/wp\/v2\/pages\/785\/revisions\/939"}],"up":[{"embeddable":true,"href":"https:\/\/www.iksz.eu\/en\/wp-json\/wp\/v2\/pages\/107"}],"wp:attachment":[{"href":"https:\/\/www.iksz.eu\/en\/wp-json\/wp\/v2\/media?parent=785"}],"curies":[{"name":"wp","href":"https:\/\/api.w.org\/{rel}","templated":true}]}}