{"id":81,"date":"2024-01-05T11:18:13","date_gmt":"2024-01-05T11:18:13","guid":{"rendered":"https:\/\/www.iksz.eu\/?page_id=81"},"modified":"2026-03-25T01:08:25","modified_gmt":"2026-03-25T00:08:25","slug":"telekommunikacios-szakszervezet","status":"publish","type":"page","link":"https:\/\/www.iksz.eu\/en\/","title":{"rendered":"Home page"},"content":{"rendered":"<h2 class=\"wp-block-heading\">Welcome to all our visitors and interested visitors!<\/h2>\n\n\n\n<p>Using the menu bar, you can access our brochures, membership declarations, as well as discounts and other content available to our members.<\/p>\n\n\n\n<p><\/p>\n\n\n\n<p class=\"has-small-font-size\"><em>The site only stores and processes your email address (after voluntary registration, to log in to the private part of the site). Our privacy policy and information are available at the bottom of the page.<\/em><\/p>","protected":false},"excerpt":{"rendered":"<p>\u00dcdv\u00f6zl\u00fcnk minden kedves l\u00e1togat\u00f3t, \u00e9rdekl\u0151d\u0151t! A men\u00fcsor haszn\u00e1lat\u00e1val el\u00e9rhet\u0151ek ismertet\u0151ink, csatlakoz\u00e1si nyilatkozataink, valamint tagjaink sz\u00e1m\u00e1ra el\u00e9rhet\u0151 kedvezm\u00e9nyeink \u00e9s egy\u00e9b tartalmaink. Az oldal \u00e1ltal egyed\u00fcl e-mail c\u00edmet t\u00e1rolunk, kezel\u00fcnk (\u00f6nk\u00e9ntes regisztr\u00e1ci\u00f3t k\u00f6vet\u0151en, az oldal priv\u00e1t r\u00e9sz\u00e9re val\u00f3 bejelentkez\u00e9shez). Adatv\u00e9delmi szab\u00e1lyzatunk \u00e9s t\u00e1j\u00e9koztat\u00f3nk a lap alj\u00e1n el\u00e9rhet\u0151.<\/p>","protected":false},"author":1,"featured_media":0,"parent":0,"menu_order":0,"comment_status":"closed","ping_status":"closed","template":"","meta":{"footnotes":""},"class_list":["post-81","page","type-page","status-publish","hentry"],"yoast_head":"<!-- This site is optimized with the Yoast SEO plugin v27.4 - https:\/\/yoast.com\/product\/yoast-seo-wordpress\/ -->\n<title>Kezd\u0151lap - Info Kommunik\u00e1ci\u00f3s Szakszervezet<\/title>\n<meta name=\"description\" content=\"Csatlakozz telekommunik\u00e1ci\u00f3s szakszervezet\u00fcnkh\u00f6z, \u00e9s \u00e9lvezd a tagjainknak j\u00e1r\u00f3 kedvezm\u00e9nyeket \u00e9s t\u00e1mogat\u00e1sokat.\" \/>\n<meta name=\"robots\" content=\"index, follow, max-snippet:-1, max-image-preview:large, max-video-preview:-1\" \/>\n<link rel=\"canonical\" href=\"https:\/\/www.iksz.eu\/en\/\" \/>\n<meta property=\"og:locale\" content=\"en_GB\" \/>\n<meta property=\"og:type\" content=\"article\" \/>\n<meta property=\"og:title\" content=\"Kezd\u0151lap - Info Kommunik\u00e1ci\u00f3s Szakszervezet\" \/>\n<meta property=\"og:description\" content=\"Csatlakozz telekommunik\u00e1ci\u00f3s szakszervezet\u00fcnkh\u00f6z, \u00e9s \u00e9lvezd a tagjainknak j\u00e1r\u00f3 kedvezm\u00e9nyeket \u00e9s t\u00e1mogat\u00e1sokat.\" \/>\n<meta property=\"og:url\" content=\"https:\/\/www.iksz.eu\/en\/\" \/>\n<meta property=\"og:site_name\" content=\"Info Kommunik\u00e1ci\u00f3s Szakszervezet\" \/>\n<meta property=\"article:modified_time\" content=\"2026-03-25T00:08:25+00:00\" \/>\n<meta name=\"twitter:card\" content=\"summary_large_image\" \/>\n<meta name=\"twitter:label1\" content=\"Estimated reading time\" \/>\n\t<meta name=\"twitter:data1\" content=\"1 minute\" \/>\n<script type=\"application\/ld+json\" class=\"yoast-schema-graph\">{\"@context\":\"https:\\\/\\\/schema.org\",\"@graph\":[{\"@type\":\"WebPage\",\"@id\":\"https:\\\/\\\/www.iksz.eu\\\/\",\"url\":\"https:\\\/\\\/www.iksz.eu\\\/\",\"name\":\"Kezd\u0151lap - Info Kommunik\u00e1ci\u00f3s Szakszervezet\",\"isPartOf\":{\"@id\":\"https:\\\/\\\/www.iksz.eu\\\/#website\"},\"datePublished\":\"2024-01-05T11:18:13+00:00\",\"dateModified\":\"2026-03-25T00:08:25+00:00\",\"description\":\"Csatlakozz telekommunik\u00e1ci\u00f3s szakszervezet\u00fcnkh\u00f6z, \u00e9s \u00e9lvezd a tagjainknak j\u00e1r\u00f3 kedvezm\u00e9nyeket \u00e9s t\u00e1mogat\u00e1sokat.\",\"breadcrumb\":{\"@id\":\"https:\\\/\\\/www.iksz.eu\\\/#breadcrumb\"},\"inLanguage\":\"en-GB\",\"potentialAction\":[{\"@type\":\"ReadAction\",\"target\":[\"https:\\\/\\\/www.iksz.eu\\\/\"]}]},{\"@type\":\"BreadcrumbList\",\"@id\":\"https:\\\/\\\/www.iksz.eu\\\/#breadcrumb\",\"itemListElement\":[{\"@type\":\"ListItem\",\"position\":1,\"name\":\"Kezd\u0151lap\",\"item\":\"https:\\\/\\\/www.iksz.eu\\\/\"},{\"@type\":\"ListItem\",\"position\":2,\"name\":\"Kezd\u0151lap\"}]},{\"@type\":\"WebSite\",\"@id\":\"https:\\\/\\\/www.iksz.eu\\\/#website\",\"url\":\"https:\\\/\\\/www.iksz.eu\\\/\",\"name\":\"Info Kommunik\u00e1ci\u00f3s Szakszervezet \\\/ IKSZ\",\"description\":\"\",\"publisher\":{\"@id\":\"https:\\\/\\\/www.iksz.eu\\\/#organization\"},\"potentialAction\":[{\"@type\":\"SearchAction\",\"target\":{\"@type\":\"EntryPoint\",\"urlTemplate\":\"https:\\\/\\\/www.iksz.eu\\\/?s={search_term_string}\"},\"query-input\":{\"@type\":\"PropertyValueSpecification\",\"valueRequired\":true,\"valueName\":\"search_term_string\"}}],\"inLanguage\":\"en-GB\"},{\"@type\":\"Organization\",\"@id\":\"https:\\\/\\\/www.iksz.eu\\\/#organization\",\"name\":\"Info Kommunik\u00e1ci\u00f3s Szakszervezet \\\/ IKSZ\",\"url\":\"https:\\\/\\\/www.iksz.eu\\\/\",\"logo\":{\"@type\":\"ImageObject\",\"inLanguage\":\"en-GB\",\"@id\":\"https:\\\/\\\/www.iksz.eu\\\/#\\\/schema\\\/logo\\\/image\\\/\",\"url\":\"https:\\\/\\\/www.iksz.eu\\\/wp-content\\\/uploads\\\/2025\\\/01\\\/cropped-ginop_iksz.png\",\"contentUrl\":\"https:\\\/\\\/www.iksz.eu\\\/wp-content\\\/uploads\\\/2025\\\/01\\\/cropped-ginop_iksz.png\",\"width\":1125,\"height\":250,\"caption\":\"Info Kommunik\u00e1ci\u00f3s Szakszervezet \\\/ IKSZ\"},\"image\":{\"@id\":\"https:\\\/\\\/www.iksz.eu\\\/#\\\/schema\\\/logo\\\/image\\\/\"}}]}<\/script>\n<!-- \/ Yoast SEO plugin. -->","yoast_head_json":{"title":"Kezd\u0151lap - Info Kommunik\u00e1ci\u00f3s Szakszervezet","description":"Csatlakozz telekommunik\u00e1ci\u00f3s szakszervezet\u00fcnkh\u00f6z, \u00e9s \u00e9lvezd a tagjainknak j\u00e1r\u00f3 kedvezm\u00e9nyeket \u00e9s t\u00e1mogat\u00e1sokat.","robots":{"index":"index","follow":"follow","max-snippet":"max-snippet:-1","max-image-preview":"max-image-preview:large","max-video-preview":"max-video-preview:-1"},"canonical":"https:\/\/www.iksz.eu\/en\/","og_locale":"en_GB","og_type":"article","og_title":"Kezd\u0151lap - Info Kommunik\u00e1ci\u00f3s Szakszervezet","og_description":"Csatlakozz telekommunik\u00e1ci\u00f3s szakszervezet\u00fcnkh\u00f6z, \u00e9s \u00e9lvezd a tagjainknak j\u00e1r\u00f3 kedvezm\u00e9nyeket \u00e9s t\u00e1mogat\u00e1sokat.","og_url":"https:\/\/www.iksz.eu\/en\/","og_site_name":"Info Kommunik\u00e1ci\u00f3s Szakszervezet","article_modified_time":"2026-03-25T00:08:25+00:00","twitter_card":"summary_large_image","twitter_misc":{"Estimated reading time":"1 minute"},"schema":{"@context":"https:\/\/schema.org","@graph":[{"@type":"WebPage","@id":"https:\/\/www.iksz.eu\/","url":"https:\/\/www.iksz.eu\/","name":"Kezd\u0151lap - Info Kommunik\u00e1ci\u00f3s Szakszervezet","isPartOf":{"@id":"https:\/\/www.iksz.eu\/#website"},"datePublished":"2024-01-05T11:18:13+00:00","dateModified":"2026-03-25T00:08:25+00:00","description":"Csatlakozz telekommunik\u00e1ci\u00f3s szakszervezet\u00fcnkh\u00f6z, \u00e9s \u00e9lvezd a tagjainknak j\u00e1r\u00f3 kedvezm\u00e9nyeket \u00e9s t\u00e1mogat\u00e1sokat.","breadcrumb":{"@id":"https:\/\/www.iksz.eu\/#breadcrumb"},"inLanguage":"en-GB","potentialAction":[{"@type":"ReadAction","target":["https:\/\/www.iksz.eu\/"]}]},{"@type":"BreadcrumbList","@id":"https:\/\/www.iksz.eu\/#breadcrumb","itemListElement":[{"@type":"ListItem","position":1,"name":"Kezd\u0151lap","item":"https:\/\/www.iksz.eu\/"},{"@type":"ListItem","position":2,"name":"Kezd\u0151lap"}]},{"@type":"WebSite","@id":"https:\/\/www.iksz.eu\/#website","url":"https:\/\/www.iksz.eu\/","name":"Info Communication Trade Union \/ ICFTU","description":"","publisher":{"@id":"https:\/\/www.iksz.eu\/#organization"},"potentialAction":[{"@type":"SearchAction","target":{"@type":"EntryPoint","urlTemplate":"https:\/\/www.iksz.eu\/?s={search_term_string}"},"query-input":{"@type":"PropertyValueSpecification","valueRequired":true,"valueName":"search_term_string"}}],"inLanguage":"en-GB"},{"@type":"Organization","@id":"https:\/\/www.iksz.eu\/#organization","name":"Info Communication Trade Union \/ ICFTU","url":"https:\/\/www.iksz.eu\/","logo":{"@type":"ImageObject","inLanguage":"en-GB","@id":"https:\/\/www.iksz.eu\/#\/schema\/logo\/image\/","url":"https:\/\/www.iksz.eu\/wp-content\/uploads\/2025\/01\/cropped-ginop_iksz.png","contentUrl":"https:\/\/www.iksz.eu\/wp-content\/uploads\/2025\/01\/cropped-ginop_iksz.png","width":1125,"height":250,"caption":"Info Kommunik\u00e1ci\u00f3s Szakszervezet \/ IKSZ"},"image":{"@id":"https:\/\/www.iksz.eu\/#\/schema\/logo\/image\/"}}]}},"_links":{"self":[{"href":"https:\/\/www.iksz.eu\/en\/wp-json\/wp\/v2\/pages\/81","targetHints":{"allow":["GET"]}}],"collection":[{"href":"https:\/\/www.iksz.eu\/en\/wp-json\/wp\/v2\/pages"}],"about":[{"href":"https:\/\/www.iksz.eu\/en\/wp-json\/wp\/v2\/types\/page"}],"author":[{"embeddable":true,"href":"https:\/\/www.iksz.eu\/en\/wp-json\/wp\/v2\/users\/1"}],"replies":[{"embeddable":true,"href":"https:\/\/www.iksz.eu\/en\/wp-json\/wp\/v2\/comments?post=81"}],"version-history":[{"count":29,"href":"https:\/\/www.iksz.eu\/en\/wp-json\/wp\/v2\/pages\/81\/revisions"}],"predecessor-version":[{"id":779,"href":"https:\/\/www.iksz.eu\/en\/wp-json\/wp\/v2\/pages\/81\/revisions\/779"}],"wp:attachment":[{"href":"https:\/\/www.iksz.eu\/en\/wp-json\/wp\/v2\/media?parent=81"}],"curies":[{"name":"wp","href":"https:\/\/api.w.org\/{rel}","templated":true}]}}