{"id":889,"date":"2026-03-29T20:05:39","date_gmt":"2026-03-29T19:05:39","guid":{"rendered":"https:\/\/www.iksz.eu\/?page_id=889"},"modified":"2026-03-29T20:06:34","modified_gmt":"2026-03-29T19:06:34","slug":"offline-nyilatkozatok","status":"publish","type":"page","link":"https:\/\/www.iksz.eu\/en\/belepesi-es-kilepesi-nyilatkozatok\/offline-nyilatkozatok\/","title":{"rendered":"Offline nyilatkozatok"},"content":{"rendered":"<p><strong>LO006 - DT-TSI<\/strong><\/p>\n\n\n\n<p><a href=\"https:\/\/www.iksz.eu\/wp-content\/uploads\/2024\/01\/IKSZ_belepesi_levonassal_ASZ006_DTTSI_v_1_7.pdf\" data-type=\"link\" data-id=\"https:\/\/www.iksz.eu\/wp-content\/uploads\/2024\/01\/IKSZ_belepesi_levonassal_ASZ006_DTTSI_v_1_5.pdf\" target=\"_blank\" rel=\"noreferrer noopener\">ASZ006 (DT-TSI) entry declaration (with payroll deduction)<\/a><\/p>\n\n\n\n<p><a href=\"https:\/\/www.iksz.eu\/wp-content\/uploads\/2024\/01\/IKSZ_belepesi_onkentes_ASZ006_DTTSI_v_1_7.pdf\" data-type=\"link\" data-id=\"https:\/\/www.iksz.eu\/wp-content\/uploads\/2024\/01\/IKSZ_belepesi_onkentes_ASZ006_DTTSI_v_1_5.pdf\" target=\"_blank\" rel=\"noreferrer noopener\">ASZ006 (DT-TSI) entry declaration (with voluntary payment)<\/a><\/p>\n\n\n\n<p><a href=\"https:\/\/www.iksz.eu\/wp-content\/uploads\/2024\/02\/IKSZ_belepesi_onkentes_gyakornok_ASZ006_DTTSI_v_1_7.pdf\" data-type=\"link\" data-id=\"https:\/\/www.iksz.eu\/wp-content\/uploads\/2024\/01\/IKSZ_belepesi_onkentes_ASZ006_DTTSI_v_1_5.pdf\" target=\"_blank\" rel=\"noreferrer noopener\">ASZ006 (DT-TSI) entry declaration for trainees (with voluntary payment)<\/a><\/p>\n\n\n\n<p><a href=\"https:\/\/www.iksz.eu\/wp-content\/uploads\/2024\/01\/IKSZ_application_deduction_ASZ006_DTTSI_v1_7_EN.pdf\" data-type=\"link\" data-id=\"https:\/\/www.iksz.eu\/wp-content\/uploads\/2024\/01\/IKSZ_application_deduction_ASZ006_DTTSI_v1_5_EN.pdf\" target=\"_blank\" rel=\"noreferrer noopener\">ASZ006\/LO006 (DT-TSI) application form (with deduction by payroll)<\/a><\/p>\n\n\n\n<p><a href=\"https:\/\/www.iksz.eu\/wp-content\/uploads\/2024\/02\/IKSZ_application_self_ASZ006_DTTSI_v1_7_EN.pdf\" data-type=\"link\" data-id=\"https:\/\/www.iksz.eu\/wp-content\/uploads\/2024\/01\/IKSZ_application_deduction_ASZ006_DTTSI_v1_5_EN.pdf\" target=\"_blank\" rel=\"noreferrer noopener\">ASZ006\/LO006 (DT-TSI) application form (with self payment)<\/a><\/p>\n\n\n\n<p><a href=\"https:\/\/www.iksz.eu\/wp-content\/uploads\/2024\/02\/IKSZ_application_self_trainee_ASZ006_DTTSI_v1_7_EN.pdf\" data-type=\"link\" data-id=\"https:\/\/www.iksz.eu\/wp-content\/uploads\/2024\/01\/IKSZ_application_deduction_ASZ006_DTTSI_v1_5_EN.pdf\" target=\"_blank\" rel=\"noreferrer noopener\">ASZ006\/LO006 (DT-TSI) application form for trainees (with self payment)<\/a><\/p>\n\n\n\n<p class=\"has-black-color has-text-color has-link-color wp-elements-3d08aab6e7bfd6a2d437a71756ca6027\">\u2014\u2013<\/p>\n\n\n\n<p><strong>LO007 - DT-ITTC<\/strong><\/p>\n\n\n\n<p><a href=\"https:\/\/www.iksz.eu\/wp-content\/uploads\/2024\/01\/IKSZ_belepesi_levonassal_ASZ007_DTITTC_v_1_7.pdf\" data-type=\"link\" data-id=\"https:\/\/www.iksz.eu\/wp-content\/uploads\/2024\/01\/IKSZ_belepesi_levonassal_ASZ007_DTITTC_v_1_5.pdf\" target=\"_blank\" rel=\"noreferrer noopener\">ASZ007 (DT-ITTC) entry declaration (with payroll deduction)<\/a><\/p>\n\n\n\n<p><a href=\"https:\/\/www.iksz.eu\/wp-content\/uploads\/2024\/01\/IKSZ_belepesi_onkentes_ASZ007_DTITTC_v_1_7.pdf\" data-type=\"link\" data-id=\"https:\/\/www.iksz.eu\/wp-content\/uploads\/2024\/01\/IKSZ_belepesi_onkentes_ASZ007_DTITTC_v_1_5.pdf\" target=\"_blank\" rel=\"noreferrer noopener\">ASZ007 (DT-ITTC) entry form (with voluntary payment)<\/a><\/p>\n\n\n\n<p><a href=\"https:\/\/www.iksz.eu\/wp-content\/uploads\/2024\/02\/IKSZ_belepesi_onkentes_gyakornok_ASZ007_DTITTC_v_1_7.pdf\" data-type=\"link\" data-id=\"https:\/\/www.iksz.eu\/wp-content\/uploads\/2024\/01\/IKSZ_belepesi_onkentes_ASZ007_DTITTC_v_1_5.pdf\" target=\"_blank\" rel=\"noreferrer noopener\">ASZ007 (DT-ITTC) entry form for trainees (with voluntary payment)<\/a><\/p>\n\n\n\n<p><a href=\"https:\/\/www.iksz.eu\/wp-content\/uploads\/2024\/01\/IKSZ_application_deduction_ASZ007_DTITTC_v1_7_EN.pdf\" data-type=\"link\" data-id=\"https:\/\/www.iksz.eu\/wp-content\/uploads\/2024\/01\/IKSZ_application_deduction_ASZ007_DTITTC_v1_5_EN.pdf\" target=\"_blank\" rel=\"noreferrer noopener\">ASZ007\/LO007 (DT-ITTC) application form (with deduction by payroll)<\/a><\/p>\n\n\n\n<p><a href=\"https:\/\/www.iksz.eu\/wp-content\/uploads\/2024\/02\/IKSZ_application_self_ASZ007_DTITTC_v1_7_EN.pdf\" data-type=\"link\" data-id=\"https:\/\/www.iksz.eu\/wp-content\/uploads\/2024\/01\/IKSZ_application_deduction_ASZ007_DTITTC_v1_5_EN.pdf\" target=\"_blank\" rel=\"noreferrer noopener\">ASZ007\/LO007 (DT-ITTC) application form (with self payment)<\/a><\/p>\n\n\n\n<p><a href=\"https:\/\/www.iksz.eu\/wp-content\/uploads\/2024\/02\/IKSZ_application_self_trainee_ASZ007_DTITTC_v1_7_EN.pdf\" data-type=\"link\" data-id=\"https:\/\/www.iksz.eu\/wp-content\/uploads\/2024\/01\/IKSZ_application_deduction_ASZ007_DTITTC_v1_5_EN.pdf\" target=\"_blank\" rel=\"noreferrer noopener\">ASZ007\/LO007 (DT-ITTC) application form for trainees (with self payment)<\/a><\/p>\n\n\n\n<p class=\"has-black-color has-text-color has-link-color wp-elements-3d08aab6e7bfd6a2d437a71756ca6027\">\u2014\u2013<\/p>\n\n\n\n<p><strong>LO099 - n\/DT<\/strong><\/p>\n\n\n\n<p><a href=\"https:\/\/www.iksz.eu\/wp-content\/uploads\/2026\/02\/IKSZ_belepesi_onkentes_ASZ099_v1_8.pdf\" target=\"_blank\" rel=\"noreferrer noopener\">ASZ099 (ICT employees outside DT-ITS) entry declaration<\/a><\/p>\n\n\n\n<p><a href=\"https:\/\/www.iksz.eu\/wp-content\/uploads\/2026\/02\/IKSZ_application_self_ASZ099_v1_8_EN.pdf\" target=\"_blank\" rel=\"noreferrer noopener\">ASZ099\/LO099 (ICT employees outside of DT-ITS) application form<\/a><\/p>\n\n\n\n<p class=\"has-black-color has-text-color has-link-color wp-elements-3d08aab6e7bfd6a2d437a71756ca6027\">\u2014\u2013<\/p>\n\n\n\n<p><strong>Exit<\/strong><\/p>\n\n\n\n<p><a href=\"https:\/\/www.iksz.eu\/wp-content\/uploads\/2024\/03\/IKSZ_kilepesi_v1_5.pdf\" data-type=\"link\" data-id=\"https:\/\/www.iksz.eu\/wp-content\/uploads\/2024\/01\/IKSZ_kilepesi_v1_4.pdf\" target=\"_blank\" rel=\"noreferrer noopener\">Exit declaration (all ASZ)<\/a><\/p>\n\n\n\n<p><a data-type=\"link\" data-id=\"https:\/\/www.iksz.eu\/wp-content\/uploads\/2024\/01\/IKSZ_exit_v1_4.pdf\" href=\"https:\/\/www.iksz.eu\/wp-content\/uploads\/2024\/03\/IKSZ_exit_v1_5.pdf\" target=\"_blank\" rel=\"noreferrer noopener\">Exit form (all LO)<\/a><\/p>","protected":false},"excerpt":{"rendered":"<p>ASZ006 &#8211; DT-TSI ASZ006 (DT-TSI) bel\u00e9p\u00e9si nyilatkozat (b\u00e9rsz\u00e1mfejt\u0151i levon\u00e1ssal) ASZ006 (DT-TSI) bel\u00e9p\u00e9si nyilatkozat (\u00f6nk\u00e9ntes befizet\u00e9ssel) ASZ006 (DT-TSI) bel\u00e9p\u00e9si nyilatkozat gyakornokoknak (\u00f6nk\u00e9ntes befizet\u00e9ssel) ASZ006\/LO006 (DT-TSI) application form (with deduction by payroll) ASZ006\/LO006 (DT-TSI) application form (with self payment) ASZ006\/LO006 (DT-TSI) application form for trainees (with self payment) &#8212;&#8211; ASZ007 &#8211; DT-ITTC ASZ007 (DT-ITTC) bel\u00e9p\u00e9si nyilatkozat (b\u00e9rsz\u00e1mfejt\u0151i &hellip; <\/p>\n<p class=\"link-more\"><a href=\"https:\/\/www.iksz.eu\/en\/belepesi-es-kilepesi-nyilatkozatok\/offline-nyilatkozatok\/\" class=\"more-link\">Continue reading<span class=\"screen-reader-text\"> &#8222;Offline nyilatkozatok&#8221;<\/span><\/a><\/p>","protected":false},"author":1,"featured_media":0,"parent":107,"menu_order":0,"comment_status":"closed","ping_status":"closed","template":"","meta":{"footnotes":""},"class_list":["post-889","page","type-page","status-publish","hentry"],"yoast_head":"<!-- This site is optimized with the Yoast SEO plugin v27.4 - https:\/\/yoast.com\/product\/yoast-seo-wordpress\/ -->\n<title>Offline nyilatkozatok - Info Kommunik\u00e1ci\u00f3s Szakszervezet<\/title>\n<meta name=\"robots\" content=\"index, follow, max-snippet:-1, max-image-preview:large, max-video-preview:-1\" \/>\n<link rel=\"canonical\" href=\"https:\/\/www.iksz.eu\/en\/belepesi-es-kilepesi-nyilatkozatok\/offline-nyilatkozatok\/\" \/>\n<meta property=\"og:locale\" content=\"en_GB\" \/>\n<meta property=\"og:type\" content=\"article\" \/>\n<meta property=\"og:title\" content=\"Offline nyilatkozatok - Info Kommunik\u00e1ci\u00f3s Szakszervezet\" \/>\n<meta property=\"og:description\" content=\"ASZ006 &#8211; DT-TSI ASZ006 (DT-TSI) bel\u00e9p\u00e9si nyilatkozat (b\u00e9rsz\u00e1mfejt\u0151i levon\u00e1ssal) ASZ006 (DT-TSI) bel\u00e9p\u00e9si nyilatkozat (\u00f6nk\u00e9ntes befizet\u00e9ssel) ASZ006 (DT-TSI) bel\u00e9p\u00e9si nyilatkozat gyakornokoknak (\u00f6nk\u00e9ntes befizet\u00e9ssel) ASZ006\/LO006 (DT-TSI) application form (with deduction by payroll) ASZ006\/LO006 (DT-TSI) application form (with self payment) ASZ006\/LO006 (DT-TSI) application form for trainees (with self payment) &#8212;&#8211; ASZ007 &#8211; DT-ITTC ASZ007 (DT-ITTC) bel\u00e9p\u00e9si nyilatkozat (b\u00e9rsz\u00e1mfejt\u0151i &hellip; Continue reading &quot;Offline nyilatkozatok&quot;\" \/>\n<meta property=\"og:url\" content=\"https:\/\/www.iksz.eu\/en\/belepesi-es-kilepesi-nyilatkozatok\/offline-nyilatkozatok\/\" \/>\n<meta property=\"og:site_name\" content=\"Info Kommunik\u00e1ci\u00f3s Szakszervezet\" \/>\n<meta property=\"article:modified_time\" content=\"2026-03-29T19:06:34+00:00\" \/>\n<meta name=\"twitter:card\" content=\"summary_large_image\" \/>\n<meta name=\"twitter:label1\" content=\"Estimated reading time\" \/>\n\t<meta name=\"twitter:data1\" content=\"1 minute\" \/>\n<script type=\"application\/ld+json\" class=\"yoast-schema-graph\">{\"@context\":\"https:\\\/\\\/schema.org\",\"@graph\":[{\"@type\":\"WebPage\",\"@id\":\"https:\\\/\\\/www.iksz.eu\\\/belepesi-es-kilepesi-nyilatkozatok\\\/offline-nyilatkozatok\\\/\",\"url\":\"https:\\\/\\\/www.iksz.eu\\\/belepesi-es-kilepesi-nyilatkozatok\\\/offline-nyilatkozatok\\\/\",\"name\":\"Offline nyilatkozatok - Info Kommunik\u00e1ci\u00f3s Szakszervezet\",\"isPartOf\":{\"@id\":\"https:\\\/\\\/www.iksz.eu\\\/#website\"},\"datePublished\":\"2026-03-29T19:05:39+00:00\",\"dateModified\":\"2026-03-29T19:06:34+00:00\",\"breadcrumb\":{\"@id\":\"https:\\\/\\\/www.iksz.eu\\\/belepesi-es-kilepesi-nyilatkozatok\\\/offline-nyilatkozatok\\\/#breadcrumb\"},\"inLanguage\":\"en-GB\",\"potentialAction\":[{\"@type\":\"ReadAction\",\"target\":[\"https:\\\/\\\/www.iksz.eu\\\/belepesi-es-kilepesi-nyilatkozatok\\\/offline-nyilatkozatok\\\/\"]}]},{\"@type\":\"BreadcrumbList\",\"@id\":\"https:\\\/\\\/www.iksz.eu\\\/belepesi-es-kilepesi-nyilatkozatok\\\/offline-nyilatkozatok\\\/#breadcrumb\",\"itemListElement\":[{\"@type\":\"ListItem\",\"position\":1,\"name\":\"Kezd\u0151lap\",\"item\":\"https:\\\/\\\/www.iksz.eu\\\/\"},{\"@type\":\"ListItem\",\"position\":2,\"name\":\"Csatlakoz\u00e1si nyilatkozatok\",\"item\":\"https:\\\/\\\/www.iksz.eu\\\/belepesi-es-kilepesi-nyilatkozatok\\\/\"},{\"@type\":\"ListItem\",\"position\":3,\"name\":\"Offline nyilatkozatok\"}]},{\"@type\":\"WebSite\",\"@id\":\"https:\\\/\\\/www.iksz.eu\\\/#website\",\"url\":\"https:\\\/\\\/www.iksz.eu\\\/\",\"name\":\"Info Kommunik\u00e1ci\u00f3s Szakszervezet \\\/ IKSZ\",\"description\":\"\",\"publisher\":{\"@id\":\"https:\\\/\\\/www.iksz.eu\\\/#organization\"},\"potentialAction\":[{\"@type\":\"SearchAction\",\"target\":{\"@type\":\"EntryPoint\",\"urlTemplate\":\"https:\\\/\\\/www.iksz.eu\\\/?s={search_term_string}\"},\"query-input\":{\"@type\":\"PropertyValueSpecification\",\"valueRequired\":true,\"valueName\":\"search_term_string\"}}],\"inLanguage\":\"en-GB\"},{\"@type\":\"Organization\",\"@id\":\"https:\\\/\\\/www.iksz.eu\\\/#organization\",\"name\":\"Info Kommunik\u00e1ci\u00f3s Szakszervezet \\\/ IKSZ\",\"url\":\"https:\\\/\\\/www.iksz.eu\\\/\",\"logo\":{\"@type\":\"ImageObject\",\"inLanguage\":\"en-GB\",\"@id\":\"https:\\\/\\\/www.iksz.eu\\\/#\\\/schema\\\/logo\\\/image\\\/\",\"url\":\"https:\\\/\\\/www.iksz.eu\\\/wp-content\\\/uploads\\\/2025\\\/01\\\/cropped-ginop_iksz.png\",\"contentUrl\":\"https:\\\/\\\/www.iksz.eu\\\/wp-content\\\/uploads\\\/2025\\\/01\\\/cropped-ginop_iksz.png\",\"width\":1125,\"height\":250,\"caption\":\"Info Kommunik\u00e1ci\u00f3s Szakszervezet \\\/ IKSZ\"},\"image\":{\"@id\":\"https:\\\/\\\/www.iksz.eu\\\/#\\\/schema\\\/logo\\\/image\\\/\"}}]}<\/script>\n<!-- \/ Yoast SEO plugin. -->","yoast_head_json":{"title":"Offline nyilatkozatok - Info Kommunik\u00e1ci\u00f3s Szakszervezet","robots":{"index":"index","follow":"follow","max-snippet":"max-snippet:-1","max-image-preview":"max-image-preview:large","max-video-preview":"max-video-preview:-1"},"canonical":"https:\/\/www.iksz.eu\/en\/belepesi-es-kilepesi-nyilatkozatok\/offline-nyilatkozatok\/","og_locale":"en_GB","og_type":"article","og_title":"Offline nyilatkozatok - Info Kommunik\u00e1ci\u00f3s Szakszervezet","og_description":"ASZ006 &#8211; DT-TSI ASZ006 (DT-TSI) bel\u00e9p\u00e9si nyilatkozat (b\u00e9rsz\u00e1mfejt\u0151i levon\u00e1ssal) ASZ006 (DT-TSI) bel\u00e9p\u00e9si nyilatkozat (\u00f6nk\u00e9ntes befizet\u00e9ssel) ASZ006 (DT-TSI) bel\u00e9p\u00e9si nyilatkozat gyakornokoknak (\u00f6nk\u00e9ntes befizet\u00e9ssel) ASZ006\/LO006 (DT-TSI) application form (with deduction by payroll) ASZ006\/LO006 (DT-TSI) application form (with self payment) ASZ006\/LO006 (DT-TSI) application form for trainees (with self payment) &#8212;&#8211; ASZ007 &#8211; DT-ITTC ASZ007 (DT-ITTC) bel\u00e9p\u00e9si nyilatkozat (b\u00e9rsz\u00e1mfejt\u0151i &hellip; Continue reading \"Offline nyilatkozatok\"","og_url":"https:\/\/www.iksz.eu\/en\/belepesi-es-kilepesi-nyilatkozatok\/offline-nyilatkozatok\/","og_site_name":"Info Kommunik\u00e1ci\u00f3s Szakszervezet","article_modified_time":"2026-03-29T19:06:34+00:00","twitter_card":"summary_large_image","twitter_misc":{"Estimated reading time":"1 minute"},"schema":{"@context":"https:\/\/schema.org","@graph":[{"@type":"WebPage","@id":"https:\/\/www.iksz.eu\/belepesi-es-kilepesi-nyilatkozatok\/offline-nyilatkozatok\/","url":"https:\/\/www.iksz.eu\/belepesi-es-kilepesi-nyilatkozatok\/offline-nyilatkozatok\/","name":"Offline nyilatkozatok - Info Kommunik\u00e1ci\u00f3s Szakszervezet","isPartOf":{"@id":"https:\/\/www.iksz.eu\/#website"},"datePublished":"2026-03-29T19:05:39+00:00","dateModified":"2026-03-29T19:06:34+00:00","breadcrumb":{"@id":"https:\/\/www.iksz.eu\/belepesi-es-kilepesi-nyilatkozatok\/offline-nyilatkozatok\/#breadcrumb"},"inLanguage":"en-GB","potentialAction":[{"@type":"ReadAction","target":["https:\/\/www.iksz.eu\/belepesi-es-kilepesi-nyilatkozatok\/offline-nyilatkozatok\/"]}]},{"@type":"BreadcrumbList","@id":"https:\/\/www.iksz.eu\/belepesi-es-kilepesi-nyilatkozatok\/offline-nyilatkozatok\/#breadcrumb","itemListElement":[{"@type":"ListItem","position":1,"name":"Kezd\u0151lap","item":"https:\/\/www.iksz.eu\/"},{"@type":"ListItem","position":2,"name":"Csatlakoz\u00e1si nyilatkozatok","item":"https:\/\/www.iksz.eu\/belepesi-es-kilepesi-nyilatkozatok\/"},{"@type":"ListItem","position":3,"name":"Offline nyilatkozatok"}]},{"@type":"WebSite","@id":"https:\/\/www.iksz.eu\/#website","url":"https:\/\/www.iksz.eu\/","name":"Info Communication Trade Union \/ ICFTU","description":"","publisher":{"@id":"https:\/\/www.iksz.eu\/#organization"},"potentialAction":[{"@type":"SearchAction","target":{"@type":"EntryPoint","urlTemplate":"https:\/\/www.iksz.eu\/?s={search_term_string}"},"query-input":{"@type":"PropertyValueSpecification","valueRequired":true,"valueName":"search_term_string"}}],"inLanguage":"en-GB"},{"@type":"Organization","@id":"https:\/\/www.iksz.eu\/#organization","name":"Info Communication Trade Union \/ ICFTU","url":"https:\/\/www.iksz.eu\/","logo":{"@type":"ImageObject","inLanguage":"en-GB","@id":"https:\/\/www.iksz.eu\/#\/schema\/logo\/image\/","url":"https:\/\/www.iksz.eu\/wp-content\/uploads\/2025\/01\/cropped-ginop_iksz.png","contentUrl":"https:\/\/www.iksz.eu\/wp-content\/uploads\/2025\/01\/cropped-ginop_iksz.png","width":1125,"height":250,"caption":"Info Kommunik\u00e1ci\u00f3s Szakszervezet \/ IKSZ"},"image":{"@id":"https:\/\/www.iksz.eu\/#\/schema\/logo\/image\/"}}]}},"_links":{"self":[{"href":"https:\/\/www.iksz.eu\/en\/wp-json\/wp\/v2\/pages\/889","targetHints":{"allow":["GET"]}}],"collection":[{"href":"https:\/\/www.iksz.eu\/en\/wp-json\/wp\/v2\/pages"}],"about":[{"href":"https:\/\/www.iksz.eu\/en\/wp-json\/wp\/v2\/types\/page"}],"author":[{"embeddable":true,"href":"https:\/\/www.iksz.eu\/en\/wp-json\/wp\/v2\/users\/1"}],"replies":[{"embeddable":true,"href":"https:\/\/www.iksz.eu\/en\/wp-json\/wp\/v2\/comments?post=889"}],"version-history":[{"count":2,"href":"https:\/\/www.iksz.eu\/en\/wp-json\/wp\/v2\/pages\/889\/revisions"}],"predecessor-version":[{"id":892,"href":"https:\/\/www.iksz.eu\/en\/wp-json\/wp\/v2\/pages\/889\/revisions\/892"}],"up":[{"embeddable":true,"href":"https:\/\/www.iksz.eu\/en\/wp-json\/wp\/v2\/pages\/107"}],"wp:attachment":[{"href":"https:\/\/www.iksz.eu\/en\/wp-json\/wp\/v2\/media?parent=889"}],"curies":[{"name":"wp","href":"https:\/\/api.w.org\/{rel}","templated":true}]}}