{"id":90,"date":"2024-01-05T11:27:10","date_gmt":"2024-01-05T11:27:10","guid":{"rendered":"https:\/\/www.iksz.eu\/?page_id=90"},"modified":"2026-04-14T00:04:46","modified_gmt":"2026-04-13T23:04:46","slug":"rolunk","status":"publish","type":"page","link":"https:\/\/www.iksz.eu\/en\/rolunk\/","title":{"rendered":"About us &amp; contact"},"content":{"rendered":"<p><strong>Info Communication Trade Union<\/strong><\/p>\n\n\n\n<p class=\"has-vivid-cyan-blue-color has-text-color has-link-color has-small-font-size wp-elements-ecbbb4cfdbbae917eba4bdfe5d4fedb7\">(telecoms union, IT union)<\/p>\n\n\n\n<p>4002 Debrecen, Mad\u00e1rbirs utca 7.<\/p>\n\n\n\n<p><strong>C\u00e9gjegyz\u00e9k sz\u00e1m:<\/strong> 09-02-0005024<\/p>\n\n\n\n<p><strong>Ad\u00f3sz\u00e1m: <\/strong>19213482-1-09<\/p>\n\n\n\n<p><strong>Eln\u00f6k: <\/strong>Nagy <span style=\"text-decoration: underline;\">Zsolt <\/span>Thomas<\/p>\n\n\n\n<p><strong>Eln\u00f6ks\u00e9gi tagok: <\/strong>R\u00e1cz J\u00f3zsefn\u00e9 (Era) \u00e9s Vill\u00e1s Zsolt<\/p>\n\n\n\n<p><strong>Telefon: <\/strong>+36-30-185-3519, Nagy <span style=\"text-decoration: underline;\">Zsolt<\/span> Tam\u00e1s (president)<\/p>\n\n\n\n<p><strong>e-mail: <\/strong>info@iksz.eu<\/p>\n\n\n\n<p class=\"has-luminous-vivid-orange-color has-text-color has-link-color wp-elements-86798c5a1e52e515e39c910d0c1e0549\">Our membership: <strong>959<\/strong> f\u0151 (2026.04.13.)<\/p>\n\n\n\n<p><a href=\"https:\/\/yam-united.telekom.com\/workspaces\/info-kommunikacios-szakszervezet-iksz\/apps\/content\/kezdooldal\" data-type=\"link\" data-id=\"https:\/\/yam-united.telekom.com\/workspaces\/info-kommunikacios-szakszervezet-iksz\/apps\/content\/kezdooldal\" target=\"_blank\" rel=\"noreferrer noopener\">For DT-ITTC and DT-TSI colleagues more information<\/a> (works only from a corporate environment)<\/p>\n\n\n\n<p><\/p>\n\n\n\n<p>If you want to offer a discount to our members (at least 10%), <a href=\"https:\/\/www.iksz.eu\/wp-content\/uploads\/2024\/01\/IKSZ_szallitoi_kotelezettsegvallalasi_nyilatkozat.pdf\" data-type=\"link\" data-id=\"https:\/\/www.iksz.eu\/wp-content\/uploads\/2024\/01\/IKSZ_szallitoi_kotelezettsegvallalasi_nyilatkozat.pdf\" target=\"_blank\" rel=\"noreferrer noopener\">THIS<\/a> download the form, fill it in and send it to our e-mail address, and your company will be listed as a sponsor in the \u201eDiscounts\u201d menu.<\/p>\n\n\n\n<p>_<\/p>\n\n\n\n<p><strong>Az Info Kommunik\u00e1ci\u00f3s Szakszervezet (IKSZ) t\u00f6rt\u00e9nete&nbsp;\u00e9s sikere<\/strong><\/p>\n\n\n\n<p>Az Info Kommunik\u00e1ci\u00f3s Szakszervezet egy modern, tagk\u00f6zpont\u00fa \u00e9rdekk\u00e9pviseleti szervezet, amely 2019-ben j\u00f6tt l\u00e9tre azzal a c\u00e9llal, hogy \u00faj szeml\u00e9letet hozzon a munkav\u00e1llal\u00f3i \u00e9rdekk\u00e9pviseletbe az IT Services Hungary Kft.-ben (mely a jelenben Deutsche Telekom TSI Hungary Kft. \u00e9s Deutsche Telekom ITTC Hungary Kft. n\u00e9ven m\u0171k\u00f6dik tov\u00e1bb).<\/p>\n\n\n\n<p><strong>Mi\u00e9rt j\u00f6tt l\u00e9tre az IKSZ?<\/strong><\/p>\n\n\n\n<p>Az el\u0151zm\u00e9nyszervezethez k\u00e9pest rugalmas \u00e9s agilis m\u0171k\u00f6d\u00e9st t\u0171zt\u00fcnk&nbsp;ki c\u00e9lul megsz\u00fcntetve a nem \u00e1tl\u00e1that\u00f3 k\u00f6zponti m\u0171k\u00f6d\u00e9st, mert a tagok&nbsp;sajnos nem voltak megel\u00e9gedve a szakszervezeti k\u00f6zponttal, \u00fagy \u00e9rezt\u00e9k, csak a befizet\u00e9seik fontosak, de cser\u00e9be csak kev\u00e9s dolgot v\u00e1rhattak el.<\/p>\n\n\n\n<p>A tagok l\u00e9tsz\u00e1ma 2019 \u00e9s 2023 k\u00f6z\u00f6tt kisebb l\u00e9pt\u00e9kben emelkedett, majd 2023 \u00e9v v\u00e9g\u00e9n elindult egy nagyobb l\u00e9tsz\u00e1mn\u00f6veked\u00e9s, amikor az el\u0151zm\u00e9nyszakszervezet t\u00f6bb, mint fele \u00fagy d\u00f6nt\u00f6tt a Deutsche Telekom TSI Hungary Kft-ben, hogy egy hat\u00e9konyan \u00e9s \u00e1tl\u00e1that\u00f3an m\u0171k\u00f6d\u0151 szakszervezetben szeretn\u00e9nek tagok lenni, ahol a tags\u00e1g van a k\u00f6z\u00e9ppontban \u00e9s minden juttat\u00e1s minden tag r\u00e9sz\u00e9re el\u00e9rhet\u0151 korl\u00e1tok n\u00e9lk\u00fcl. A t\u00f6bblet juttat\u00e1sokat (magasabb biztos\u00edt\u00e1si fedezet eszk\u00f6z\u00f6kre \u00e9s balestre, korl\u00e1tlan jogi tan\u00e1csad\u00e1s) kevesebb tags\u00e1gi d\u00edjjal tudtuk megval\u00f3s\u00edtani tagjaink r\u00e9sz\u00e9re, hiszen nem voltak \u00e9s nincsenek tisztelettd\u00edjak, b\u00e9rek kifizetve a tagok \u00e1ltal befizetett tags\u00e1gi d\u00edjakb\u00f3l, minden tiszts\u00e9gvisel\u0151nk \u00f6nk\u00e9ntesen a m\u00e1sok\u00e9rt val\u00f3 tenniakar\u00e1s meggy\u0151z\u0151d\u00e9s\u00e9b\u0151l v\u00e9gzi \u00e9rdekv\u00e9delmi feladatait k\u00f6z\u00f6ss\u00e9g\u00fcnk tagjai\u00e9rt, szakszervezeti munkaid\u0151kedvezm\u00e9ny keret terh\u00e9re.<\/p>\n\n\n\n<p>Az IKSZ k\u00f6vetkez\u0151 nagyobb m\u00e9rt\u00e9k\u0171 n\u00f6veked\u00e9se 2024 szeptember\u00e9t\u0151l k\u00f6vetkezett be, amikor a Deutsche Telekom ITTC Hungary Kft-b\u0151l az el\u0151zm\u00e9nyszakszervezet tagjai k\u00f6zel 85%-ban csatlakoztak szakszervezeti k\u00f6z\u00f6ss\u00e9g\u00fcnkh\u00f6z.&nbsp;<\/p>\n\n\n\n<p>Az IKSZ az info kommunik\u00e1ci\u00f3s \u00e1gazatban tev\u00e9kenyked\u0151 c\u00e9gekben dolgoz\u00f3 munkav\u00e1llal\u00f3knak ny\u00fajt teljes k\u00f6r\u0171 \u00e9rdekv\u00e9delmet. A folyamatos n\u00f6veked\u00e9snek k\u00f6sz\u00f6nhet\u0151en, a &nbsp;k\u00f6z\u00f6ss\u00e9g ereje is egyre \u00e9rezhet\u0151bb, \u00e9s er\u0151s\u00f6dik az \u00e9rdek\u00e9rv\u00e9nyes\u00edt\u00e9s is a munk\u00e1ltat\u00f3kkal folytatott t\u00e1rgyal\u00e1sokon.<\/p>\n\n\n\n<p>A n\u00f6veked\u00e9s\u00fcnk 3 alappill\u00e9re:<\/p>\n\n\n\n<ul class=\"wp-block-list\">\n<li>tagok aj\u00e1nl\u00e1sa<\/li>\n\n\n\n<li>k\u00f6z\u00f6ss\u00e9gi bizalom&nbsp;<\/li>\n\n\n\n<li>val\u00f3s, k\u00e9zzelfoghat\u00f3 szoci\u00e1lis \u00e9s egy\u00e9b szolg\u00e1ltat\u00e1sok, kedvezm\u00e9nyek<\/li>\n<\/ul>\n\n\n\n<p>A szervezet elve az, hogy t\u00f6reksz\u00fcnk arra, hogy a tagok \u00e9rezz\u00e9k \u00fagy, hogy a szakszervezeti tags\u00e1g az egy megt\u00e9r\u00fcl\u0151 befektet\u00e9s, melyet meger\u0151s\u00edt a folyamatosan emelked\u0151 tagl\u00e9tsz\u00e1munk.<\/p>\n\n\n\n<p><strong>Mit jelent az IKSZ tags\u00e1g?<\/strong><\/p>\n\n\n\n<p>Az IKSZ egyik legfontosabb alapelve, hogy a tags\u00e1gi d\u00edj jelent\u0151s r\u00e9sz\u00e9t visszaforgatjuk a tagoknak szolg\u00e1ltat\u00e1sok form\u00e1j\u00e1ban.<\/p>\n\n\n\n<p><strong>Biztons\u00e1g minden \u00e9lethelyzetben<\/strong><\/p>\n\n\n\n<p><strong>A tags\u00e1g egyfajta biztons\u00e1gi h\u00e1l\u00f3t ny\u00fajt a szakszervezet\u00fcnk tagjainak:<\/strong><\/p>\n\n\n\n<ul class=\"wp-block-list\">\n<li>Balesetbiztos\u00edt\u00e1s (munkaid\u0151ben \u00e9s azon t\u00fal is)&nbsp;<\/li>\n\n\n\n<li>Eszk\u00f6z felel\u0151ss\u00e9gbiztos\u00edt\u00e1s (pl. laptop, c\u00e9ges eszk\u00f6z\u00f6k)&nbsp;<\/li>\n\n\n\n<li>Ingyenes \u00e9s korl\u00e1tlan jogi tan\u00e1csad\u00e1s&nbsp;<\/li>\n\n\n\n<li>Jogv\u00e9delem<\/li>\n<\/ul>\n\n\n\n<p><strong>Tov\u00e1bbi el\u0151ny\u00f6k a tagjaink sz\u00e1m\u00e1ra:<\/strong><\/p>\n\n\n\n<ul class=\"wp-block-list\">\n<li>Baleseti t\u00e1pp\u00e9nz t\u00e1mogat\u00e1s&nbsp;<\/li>\n\n\n\n<li>Szoci\u00e1lis \u00e9s temet\u00e9si juttat\u00e1sok<\/li>\n\n\n\n<li>Metro discount<\/li>\n\n\n\n<li>Gyermelyi kedvezm\u00e9ny<\/li>\n\n\n\n<li>Liga kedvezm\u00e9nyek<\/li>\n\n\n\n<li>IKSZ kedvezm\u00e9nyek (pl. gyermekprogramok, wellness, last minute wellness, utalv\u00e1nyok)&nbsp;<\/li>\n<\/ul>\n\n\n\n<p><strong>Az Info kommunik\u00e1ci\u00f3s Szakszervezet nem csak \u00e9rdekk\u00e9pviselet, hanem akt\u00edv k\u00f6z\u00f6ss\u00e9g is:<\/strong><\/p>\n\n\n\n<ul class=\"wp-block-list\">\n<li>rendszeres online esem\u00e9nyek (pl. jogi, eg\u00e9szs\u00e9g\u00fcgyi, biztos\u00edt\u00e1si t\u00e9m\u00e1kban)&nbsp;<\/li>\n\n\n\n<li>szak\u00e9rt\u0151i tan\u00e1csad\u00e1sok&nbsp;<\/li>\n\n\n\n<li>k\u00f6z\u00f6ss\u00e9gi programok&nbsp;<\/li>\n<\/ul>\n\n\n\n<p><strong>Az IKSZ tagja a LIGA Szakszervezetek konf\u00f6der\u00e1ci\u00f3nak is, amely orsz\u00e1gos szinten biztos\u00edt \u00e9rdekk\u00e9pviseleti h\u00e1tteret.<\/strong><\/p>","protected":false},"excerpt":{"rendered":"<p>Info Kommunik\u00e1ci\u00f3s Szakszervezet (telekommunik\u00e1ci\u00f3s szakszervezet, informatikai szakszervezet) 4002 Debrecen, Mad\u00e1rbirs utca 7. C\u00e9gjegyz\u00e9k sz\u00e1m: 09-02-0005024 Ad\u00f3sz\u00e1m: 19213482-1-09 Eln\u00f6k: Nagy Zsolt Tam\u00e1s Eln\u00f6ks\u00e9gi tagok: R\u00e1cz J\u00f3zsefn\u00e9 (Era) \u00e9s Vill\u00e1s Zsolt Telefon: +36-30-185-3519, Nagy Zsolt Tam\u00e1s (eln\u00f6k) e-mail: info@iksz.eu Tagl\u00e9tsz\u00e1munk: 959 f\u0151 (2026.04.13.) DT-ITTC \u00e9s DT-TSI koll\u00e9g\u00e1knak tov\u00e1bbi inform\u00e1ci\u00f3k (csak c\u00e9ges k\u00f6rnyezetb\u0151l m\u0171k\u00f6dik) Amennyiben szeretn\u00e9l kedvezm\u00e9nyt ny\u00fajtani &hellip; <\/p>\n<p class=\"link-more\"><a href=\"https:\/\/www.iksz.eu\/en\/rolunk\/\" class=\"more-link\">Continue reading<span class=\"screen-reader-text\"> &#8222;R\u00f3lunk &amp; kapcsolat&#8221;<\/span><\/a><\/p>","protected":false},"author":1,"featured_media":0,"parent":0,"menu_order":0,"comment_status":"closed","ping_status":"closed","template":"","meta":{"footnotes":""},"class_list":["post-90","page","type-page","status-publish","hentry"],"yoast_head":"<!-- This site is optimized with the Yoast SEO plugin v27.4 - https:\/\/yoast.com\/product\/yoast-seo-wordpress\/ -->\n<title>R\u00f3lunk &amp; kapcsolat - Info Kommunik\u00e1ci\u00f3s Szakszervezet<\/title>\n<meta name=\"robots\" content=\"index, follow, max-snippet:-1, max-image-preview:large, max-video-preview:-1\" \/>\n<link rel=\"canonical\" href=\"https:\/\/www.iksz.eu\/en\/rolunk\/\" \/>\n<meta property=\"og:locale\" content=\"en_GB\" \/>\n<meta property=\"og:type\" content=\"article\" \/>\n<meta property=\"og:title\" content=\"R\u00f3lunk &amp; kapcsolat - Info Kommunik\u00e1ci\u00f3s Szakszervezet\" \/>\n<meta property=\"og:description\" content=\"Info Kommunik\u00e1ci\u00f3s Szakszervezet (telekommunik\u00e1ci\u00f3s szakszervezet, informatikai szakszervezet) 4002 Debrecen, Mad\u00e1rbirs utca 7. C\u00e9gjegyz\u00e9k sz\u00e1m: 09-02-0005024 Ad\u00f3sz\u00e1m: 19213482-1-09 Eln\u00f6k: Nagy Zsolt Tam\u00e1s Eln\u00f6ks\u00e9gi tagok: R\u00e1cz J\u00f3zsefn\u00e9 (Era) \u00e9s Vill\u00e1s Zsolt Telefon: +36-30-185-3519, Nagy Zsolt Tam\u00e1s (eln\u00f6k) e-mail: info@iksz.eu Tagl\u00e9tsz\u00e1munk: 959 f\u0151 (2026.04.13.) DT-ITTC \u00e9s DT-TSI koll\u00e9g\u00e1knak tov\u00e1bbi inform\u00e1ci\u00f3k (csak c\u00e9ges k\u00f6rnyezetb\u0151l m\u0171k\u00f6dik) Amennyiben szeretn\u00e9l kedvezm\u00e9nyt ny\u00fajtani &hellip; Continue reading &quot;R\u00f3lunk &amp; kapcsolat&quot;\" \/>\n<meta property=\"og:url\" content=\"https:\/\/www.iksz.eu\/en\/rolunk\/\" \/>\n<meta property=\"og:site_name\" content=\"Info Kommunik\u00e1ci\u00f3s Szakszervezet\" \/>\n<meta property=\"article:modified_time\" content=\"2026-04-13T23:04:46+00:00\" \/>\n<meta name=\"twitter:card\" content=\"summary_large_image\" \/>\n<meta name=\"twitter:label1\" content=\"Estimated reading time\" \/>\n\t<meta name=\"twitter:data1\" content=\"3 minutes\" \/>\n<script type=\"application\/ld+json\" class=\"yoast-schema-graph\">{\"@context\":\"https:\\\/\\\/schema.org\",\"@graph\":[{\"@type\":\"WebPage\",\"@id\":\"https:\\\/\\\/www.iksz.eu\\\/rolunk\\\/\",\"url\":\"https:\\\/\\\/www.iksz.eu\\\/rolunk\\\/\",\"name\":\"R\u00f3lunk &amp; kapcsolat - Info Kommunik\u00e1ci\u00f3s Szakszervezet\",\"isPartOf\":{\"@id\":\"https:\\\/\\\/www.iksz.eu\\\/#website\"},\"datePublished\":\"2024-01-05T11:27:10+00:00\",\"dateModified\":\"2026-04-13T23:04:46+00:00\",\"breadcrumb\":{\"@id\":\"https:\\\/\\\/www.iksz.eu\\\/rolunk\\\/#breadcrumb\"},\"inLanguage\":\"en-GB\",\"potentialAction\":[{\"@type\":\"ReadAction\",\"target\":[\"https:\\\/\\\/www.iksz.eu\\\/rolunk\\\/\"]}]},{\"@type\":\"BreadcrumbList\",\"@id\":\"https:\\\/\\\/www.iksz.eu\\\/rolunk\\\/#breadcrumb\",\"itemListElement\":[{\"@type\":\"ListItem\",\"position\":1,\"name\":\"Kezd\u0151lap\",\"item\":\"https:\\\/\\\/www.iksz.eu\\\/\"},{\"@type\":\"ListItem\",\"position\":2,\"name\":\"R\u00f3lunk &amp; kapcsolat\"}]},{\"@type\":\"WebSite\",\"@id\":\"https:\\\/\\\/www.iksz.eu\\\/#website\",\"url\":\"https:\\\/\\\/www.iksz.eu\\\/\",\"name\":\"Info Kommunik\u00e1ci\u00f3s Szakszervezet \\\/ IKSZ\",\"description\":\"\",\"publisher\":{\"@id\":\"https:\\\/\\\/www.iksz.eu\\\/#organization\"},\"potentialAction\":[{\"@type\":\"SearchAction\",\"target\":{\"@type\":\"EntryPoint\",\"urlTemplate\":\"https:\\\/\\\/www.iksz.eu\\\/?s={search_term_string}\"},\"query-input\":{\"@type\":\"PropertyValueSpecification\",\"valueRequired\":true,\"valueName\":\"search_term_string\"}}],\"inLanguage\":\"en-GB\"},{\"@type\":\"Organization\",\"@id\":\"https:\\\/\\\/www.iksz.eu\\\/#organization\",\"name\":\"Info Kommunik\u00e1ci\u00f3s Szakszervezet \\\/ IKSZ\",\"url\":\"https:\\\/\\\/www.iksz.eu\\\/\",\"logo\":{\"@type\":\"ImageObject\",\"inLanguage\":\"en-GB\",\"@id\":\"https:\\\/\\\/www.iksz.eu\\\/#\\\/schema\\\/logo\\\/image\\\/\",\"url\":\"https:\\\/\\\/www.iksz.eu\\\/wp-content\\\/uploads\\\/2025\\\/01\\\/cropped-ginop_iksz.png\",\"contentUrl\":\"https:\\\/\\\/www.iksz.eu\\\/wp-content\\\/uploads\\\/2025\\\/01\\\/cropped-ginop_iksz.png\",\"width\":1125,\"height\":250,\"caption\":\"Info Kommunik\u00e1ci\u00f3s Szakszervezet \\\/ IKSZ\"},\"image\":{\"@id\":\"https:\\\/\\\/www.iksz.eu\\\/#\\\/schema\\\/logo\\\/image\\\/\"}}]}<\/script>\n<!-- \/ Yoast SEO plugin. -->","yoast_head_json":{"title":"R\u00f3lunk &amp; kapcsolat - Info Kommunik\u00e1ci\u00f3s Szakszervezet","robots":{"index":"index","follow":"follow","max-snippet":"max-snippet:-1","max-image-preview":"max-image-preview:large","max-video-preview":"max-video-preview:-1"},"canonical":"https:\/\/www.iksz.eu\/en\/rolunk\/","og_locale":"en_GB","og_type":"article","og_title":"R\u00f3lunk &amp; kapcsolat - Info Kommunik\u00e1ci\u00f3s Szakszervezet","og_description":"Info Kommunik\u00e1ci\u00f3s Szakszervezet (telekommunik\u00e1ci\u00f3s szakszervezet, informatikai szakszervezet) 4002 Debrecen, Mad\u00e1rbirs utca 7. C\u00e9gjegyz\u00e9k sz\u00e1m: 09-02-0005024 Ad\u00f3sz\u00e1m: 19213482-1-09 Eln\u00f6k: Nagy Zsolt Tam\u00e1s Eln\u00f6ks\u00e9gi tagok: R\u00e1cz J\u00f3zsefn\u00e9 (Era) \u00e9s Vill\u00e1s Zsolt Telefon: +36-30-185-3519, Nagy Zsolt Tam\u00e1s (eln\u00f6k) e-mail: info@iksz.eu Tagl\u00e9tsz\u00e1munk: 959 f\u0151 (2026.04.13.) DT-ITTC \u00e9s DT-TSI koll\u00e9g\u00e1knak tov\u00e1bbi inform\u00e1ci\u00f3k (csak c\u00e9ges k\u00f6rnyezetb\u0151l m\u0171k\u00f6dik) Amennyiben szeretn\u00e9l kedvezm\u00e9nyt ny\u00fajtani &hellip; Continue reading \"R\u00f3lunk &amp; kapcsolat\"","og_url":"https:\/\/www.iksz.eu\/en\/rolunk\/","og_site_name":"Info Kommunik\u00e1ci\u00f3s Szakszervezet","article_modified_time":"2026-04-13T23:04:46+00:00","twitter_card":"summary_large_image","twitter_misc":{"Estimated reading time":"3 minutes"},"schema":{"@context":"https:\/\/schema.org","@graph":[{"@type":"WebPage","@id":"https:\/\/www.iksz.eu\/rolunk\/","url":"https:\/\/www.iksz.eu\/rolunk\/","name":"R\u00f3lunk &amp; kapcsolat - Info Kommunik\u00e1ci\u00f3s Szakszervezet","isPartOf":{"@id":"https:\/\/www.iksz.eu\/#website"},"datePublished":"2024-01-05T11:27:10+00:00","dateModified":"2026-04-13T23:04:46+00:00","breadcrumb":{"@id":"https:\/\/www.iksz.eu\/rolunk\/#breadcrumb"},"inLanguage":"en-GB","potentialAction":[{"@type":"ReadAction","target":["https:\/\/www.iksz.eu\/rolunk\/"]}]},{"@type":"BreadcrumbList","@id":"https:\/\/www.iksz.eu\/rolunk\/#breadcrumb","itemListElement":[{"@type":"ListItem","position":1,"name":"Kezd\u0151lap","item":"https:\/\/www.iksz.eu\/"},{"@type":"ListItem","position":2,"name":"R\u00f3lunk &amp; kapcsolat"}]},{"@type":"WebSite","@id":"https:\/\/www.iksz.eu\/#website","url":"https:\/\/www.iksz.eu\/","name":"Info Communication Trade Union \/ ICFTU","description":"","publisher":{"@id":"https:\/\/www.iksz.eu\/#organization"},"potentialAction":[{"@type":"SearchAction","target":{"@type":"EntryPoint","urlTemplate":"https:\/\/www.iksz.eu\/?s={search_term_string}"},"query-input":{"@type":"PropertyValueSpecification","valueRequired":true,"valueName":"search_term_string"}}],"inLanguage":"en-GB"},{"@type":"Organization","@id":"https:\/\/www.iksz.eu\/#organization","name":"Info Communication Trade Union \/ ICFTU","url":"https:\/\/www.iksz.eu\/","logo":{"@type":"ImageObject","inLanguage":"en-GB","@id":"https:\/\/www.iksz.eu\/#\/schema\/logo\/image\/","url":"https:\/\/www.iksz.eu\/wp-content\/uploads\/2025\/01\/cropped-ginop_iksz.png","contentUrl":"https:\/\/www.iksz.eu\/wp-content\/uploads\/2025\/01\/cropped-ginop_iksz.png","width":1125,"height":250,"caption":"Info Kommunik\u00e1ci\u00f3s Szakszervezet \/ IKSZ"},"image":{"@id":"https:\/\/www.iksz.eu\/#\/schema\/logo\/image\/"}}]}},"_links":{"self":[{"href":"https:\/\/www.iksz.eu\/en\/wp-json\/wp\/v2\/pages\/90","targetHints":{"allow":["GET"]}}],"collection":[{"href":"https:\/\/www.iksz.eu\/en\/wp-json\/wp\/v2\/pages"}],"about":[{"href":"https:\/\/www.iksz.eu\/en\/wp-json\/wp\/v2\/types\/page"}],"author":[{"embeddable":true,"href":"https:\/\/www.iksz.eu\/en\/wp-json\/wp\/v2\/users\/1"}],"replies":[{"embeddable":true,"href":"https:\/\/www.iksz.eu\/en\/wp-json\/wp\/v2\/comments?post=90"}],"version-history":[{"count":74,"href":"https:\/\/www.iksz.eu\/en\/wp-json\/wp\/v2\/pages\/90\/revisions"}],"predecessor-version":[{"id":1015,"href":"https:\/\/www.iksz.eu\/en\/wp-json\/wp\/v2\/pages\/90\/revisions\/1015"}],"wp:attachment":[{"href":"https:\/\/www.iksz.eu\/en\/wp-json\/wp\/v2\/media?parent=90"}],"curies":[{"name":"wp","href":"https:\/\/api.w.org\/{rel}","templated":true}]}}