{"id":92,"date":"2024-01-05T11:27:28","date_gmt":"2024-01-05T11:27:28","guid":{"rendered":"https:\/\/www.iksz.eu\/?page_id=92"},"modified":"2026-03-18T23:23:54","modified_gmt":"2026-03-18T22:23:54","slug":"dokumentumok","status":"publish","type":"page","link":"https:\/\/www.iksz.eu\/en\/dokumentumok\/","title":{"rendered":"Descriptors"},"content":{"rendered":"<p class=\"has-pale-pink-color has-text-color has-link-color has-small-font-size wp-elements-94bf8493bc16f505c66bc0defdc5cf15\"><a href=\"https:\/\/yam-united.telekom.com\/workspaces\/info-kommunikacios-szakszervezet-iksz\/apps\/content\/kezdooldal\" data-type=\"link\" data-id=\"https:\/\/yam-united.telekom.com\/workspaces\/info-kommunikacios-szakszervezet-iksz\/apps\/content\/kezdooldal\" target=\"_blank\" rel=\"noreferrer noopener\">More information for DT-ITS employees (DT-ITTC and DT-TSI - only available from the company internal network)<\/a><\/p>\n\n\n\n<p class=\"has-black-color has-text-color has-link-color wp-elements-3d08aab6e7bfd6a2d437a71756ca6027\">\u2014\u2013<\/p>\n\n\n\n<p><a href=\"https:\/\/www.iksz.eu\/wp-content\/uploads\/2025\/12\/IKSZ_offer_006_HU-1.pdf\" target=\"_blank\" rel=\"noreferrer noopener\">ASZ006 (DT-TSI) tariff and service description<\/a><\/p>\n\n\n\n<p><a href=\"https:\/\/www.iksz.eu\/wp-content\/uploads\/2025\/12\/IKSZ_offer_006_EN-1.pdf\" target=\"_blank\" rel=\"noreferrer noopener\">ASZ006\/LO006 (DT-TSI) fee and service information<\/a><\/p>\n\n\n\n<p><a href=\"https:\/\/www.iksz.eu\/wp-content\/uploads\/2024\/09\/IKSZ_ASZ006_fees_and_services_RU_DT_TSI.pdf\" data-type=\"link\" data-id=\"https:\/\/www.iksz.eu\/wp-content\/uploads\/2024\/01\/IKSZ_offer_006_EN.pdf\" target=\"_blank\" rel=\"noreferrer noopener\">ASZ006\/LO006 (DT-TSI) Tariff and Service Information<\/a><\/p>\n\n\n\n<p class=\"has-black-color has-text-color has-link-color wp-elements-3d08aab6e7bfd6a2d437a71756ca6027\">\u2014\u2013<\/p>\n\n\n\n<p><a href=\"https:\/\/www.iksz.eu\/wp-content\/uploads\/2025\/12\/IKSZ_offer_007_HU-1.pdf\" target=\"_blank\" rel=\"noreferrer noopener\">ASZ007 (DT-ITTC) tariff and service description<\/a><\/p>\n\n\n\n<p><a href=\"https:\/\/www.iksz.eu\/wp-content\/uploads\/2025\/12\/IKSZ_offer_007_EN-1.pdf\" target=\"_blank\" rel=\"noreferrer noopener\">ASZ007\/LO007 (DT-ITTC) fee and service information<\/a><\/p>\n\n\n\n<p><a href=\"https:\/\/www.iksz.eu\/wp-content\/uploads\/2024\/09\/IKSZ_ASZ007_fees_and_services_RU_DT_ITTC.pdf\" data-type=\"link\" data-id=\"https:\/\/www.iksz.eu\/wp-content\/uploads\/2024\/01\/IKSZ_offer_006_EN.pdf\" target=\"_blank\" rel=\"noreferrer noopener\">ASZ007\/LO007 (DT-ITTC) Tariff and service information<\/a><\/p>\n\n\n\n<p class=\"has-black-color has-text-color has-link-color wp-elements-3d08aab6e7bfd6a2d437a71756ca6027\">\u2014\u2013<\/p>\n\n\n\n<p><a href=\"https:\/\/www.iksz.eu\/wp-content\/uploads\/2025\/12\/IKSZ_offer_099_HU-1.pdf\" target=\"_blank\" rel=\"noreferrer noopener\">ASZ099 (ICT employees other than DT-ITS) Fees and services brochure<\/a><\/p>\n\n\n\n<p><a href=\"https:\/\/www.iksz.eu\/wp-content\/uploads\/2025\/12\/IKSZ_offer_099_EN-1.pdf\" target=\"_blank\" rel=\"noreferrer noopener\">ASZ099\/LO099 (ICT employees outside of DT-ITS) fee and service information<\/a><\/p>\n\n\n\n<p><\/p>","protected":false},"excerpt":{"rendered":"<p>Tov\u00e1bbi inform\u00e1ci\u00f3k DT-ITS dolgoz\u00f3knak (DT-ITTC \u00e9s DT-TSI &#8211; csak c\u00e9ges, bels\u0151 h\u00e1l\u00f3zatr\u00f3l \u00e9rhet\u0151 el) &#8212;&#8211; ASZ006 (DT-TSI) d\u00edj- \u00e9s szolg\u00e1ltat\u00e1s ismertet\u0151 ASZ006\/LO006 (DT-TSI) fee and service information ASZ006\/LO006 (DT-TSI) \u0418\u043d\u0444\u043e\u0440\u043c\u0430\u0446\u0438\u044f \u043e \u0442\u0430\u0440\u0438\u0444\u0430\u0445 \u0438 \u0443\u0441\u043b\u0443\u0433\u0430\u0445 &#8212;&#8211; ASZ007 (DT-ITTC) d\u00edj- \u00e9s szolg\u00e1ltat\u00e1s ismertet\u0151 ASZ007\/LO007 (DT-ITTC) fee and service information ASZ007\/LO007 (DT-ITTC) \u0418\u043d\u0444\u043e\u0440\u043c\u0430\u0446\u0438\u044f \u043e \u0442\u0430\u0440\u0438\u0444\u0430\u0445 \u0438 \u0443\u0441\u043b\u0443\u0433\u0430\u0445 &#8212;&#8211; &hellip; <\/p>\n<p class=\"link-more\"><a href=\"https:\/\/www.iksz.eu\/en\/dokumentumok\/\" class=\"more-link\">Continue reading<span class=\"screen-reader-text\"> &#8222;Ismertet\u0151k&#8221;<\/span><\/a><\/p>","protected":false},"author":1,"featured_media":0,"parent":0,"menu_order":0,"comment_status":"closed","ping_status":"closed","template":"","meta":{"footnotes":""},"class_list":["post-92","page","type-page","status-publish","hentry"],"yoast_head":"<!-- This site is optimized with the Yoast SEO plugin v27.4 - https:\/\/yoast.com\/product\/yoast-seo-wordpress\/ -->\n<title>Ismertet\u0151k - Info Kommunik\u00e1ci\u00f3s Szakszervezet<\/title>\n<meta name=\"robots\" content=\"index, follow, max-snippet:-1, max-image-preview:large, max-video-preview:-1\" \/>\n<link rel=\"canonical\" href=\"https:\/\/www.iksz.eu\/en\/dokumentumok\/\" \/>\n<meta property=\"og:locale\" content=\"en_GB\" \/>\n<meta property=\"og:type\" content=\"article\" \/>\n<meta property=\"og:title\" content=\"Ismertet\u0151k - Info Kommunik\u00e1ci\u00f3s Szakszervezet\" \/>\n<meta property=\"og:description\" content=\"Tov\u00e1bbi inform\u00e1ci\u00f3k DT-ITS dolgoz\u00f3knak (DT-ITTC \u00e9s DT-TSI &#8211; csak c\u00e9ges, bels\u0151 h\u00e1l\u00f3zatr\u00f3l \u00e9rhet\u0151 el) &#8212;&#8211; ASZ006 (DT-TSI) d\u00edj- \u00e9s szolg\u00e1ltat\u00e1s ismertet\u0151 ASZ006\/LO006 (DT-TSI) fee and service information ASZ006\/LO006 (DT-TSI) \u0418\u043d\u0444\u043e\u0440\u043c\u0430\u0446\u0438\u044f \u043e \u0442\u0430\u0440\u0438\u0444\u0430\u0445 \u0438 \u0443\u0441\u043b\u0443\u0433\u0430\u0445 &#8212;&#8211; ASZ007 (DT-ITTC) d\u00edj- \u00e9s szolg\u00e1ltat\u00e1s ismertet\u0151 ASZ007\/LO007 (DT-ITTC) fee and service information ASZ007\/LO007 (DT-ITTC) \u0418\u043d\u0444\u043e\u0440\u043c\u0430\u0446\u0438\u044f \u043e \u0442\u0430\u0440\u0438\u0444\u0430\u0445 \u0438 \u0443\u0441\u043b\u0443\u0433\u0430\u0445 &#8212;&#8211; &hellip; Continue reading &quot;Ismertet\u0151k&quot;\" \/>\n<meta property=\"og:url\" content=\"https:\/\/www.iksz.eu\/en\/dokumentumok\/\" \/>\n<meta property=\"og:site_name\" content=\"Info Kommunik\u00e1ci\u00f3s Szakszervezet\" \/>\n<meta property=\"article:modified_time\" content=\"2026-03-18T22:23:54+00:00\" \/>\n<meta name=\"twitter:card\" content=\"summary_large_image\" \/>\n<meta name=\"twitter:label1\" content=\"Estimated reading time\" \/>\n\t<meta name=\"twitter:data1\" content=\"1 minute\" \/>\n<script type=\"application\/ld+json\" class=\"yoast-schema-graph\">{\"@context\":\"https:\\\/\\\/schema.org\",\"@graph\":[{\"@type\":\"WebPage\",\"@id\":\"https:\\\/\\\/www.iksz.eu\\\/dokumentumok\\\/\",\"url\":\"https:\\\/\\\/www.iksz.eu\\\/dokumentumok\\\/\",\"name\":\"Ismertet\u0151k - Info Kommunik\u00e1ci\u00f3s Szakszervezet\",\"isPartOf\":{\"@id\":\"https:\\\/\\\/www.iksz.eu\\\/#website\"},\"datePublished\":\"2024-01-05T11:27:28+00:00\",\"dateModified\":\"2026-03-18T22:23:54+00:00\",\"breadcrumb\":{\"@id\":\"https:\\\/\\\/www.iksz.eu\\\/dokumentumok\\\/#breadcrumb\"},\"inLanguage\":\"en-GB\",\"potentialAction\":[{\"@type\":\"ReadAction\",\"target\":[\"https:\\\/\\\/www.iksz.eu\\\/dokumentumok\\\/\"]}]},{\"@type\":\"BreadcrumbList\",\"@id\":\"https:\\\/\\\/www.iksz.eu\\\/dokumentumok\\\/#breadcrumb\",\"itemListElement\":[{\"@type\":\"ListItem\",\"position\":1,\"name\":\"Kezd\u0151lap\",\"item\":\"https:\\\/\\\/www.iksz.eu\\\/\"},{\"@type\":\"ListItem\",\"position\":2,\"name\":\"Ismertet\u0151k\"}]},{\"@type\":\"WebSite\",\"@id\":\"https:\\\/\\\/www.iksz.eu\\\/#website\",\"url\":\"https:\\\/\\\/www.iksz.eu\\\/\",\"name\":\"Info Kommunik\u00e1ci\u00f3s Szakszervezet \\\/ IKSZ\",\"description\":\"\",\"publisher\":{\"@id\":\"https:\\\/\\\/www.iksz.eu\\\/#organization\"},\"potentialAction\":[{\"@type\":\"SearchAction\",\"target\":{\"@type\":\"EntryPoint\",\"urlTemplate\":\"https:\\\/\\\/www.iksz.eu\\\/?s={search_term_string}\"},\"query-input\":{\"@type\":\"PropertyValueSpecification\",\"valueRequired\":true,\"valueName\":\"search_term_string\"}}],\"inLanguage\":\"en-GB\"},{\"@type\":\"Organization\",\"@id\":\"https:\\\/\\\/www.iksz.eu\\\/#organization\",\"name\":\"Info Kommunik\u00e1ci\u00f3s Szakszervezet \\\/ IKSZ\",\"url\":\"https:\\\/\\\/www.iksz.eu\\\/\",\"logo\":{\"@type\":\"ImageObject\",\"inLanguage\":\"en-GB\",\"@id\":\"https:\\\/\\\/www.iksz.eu\\\/#\\\/schema\\\/logo\\\/image\\\/\",\"url\":\"https:\\\/\\\/www.iksz.eu\\\/wp-content\\\/uploads\\\/2025\\\/01\\\/cropped-ginop_iksz.png\",\"contentUrl\":\"https:\\\/\\\/www.iksz.eu\\\/wp-content\\\/uploads\\\/2025\\\/01\\\/cropped-ginop_iksz.png\",\"width\":1125,\"height\":250,\"caption\":\"Info Kommunik\u00e1ci\u00f3s Szakszervezet \\\/ IKSZ\"},\"image\":{\"@id\":\"https:\\\/\\\/www.iksz.eu\\\/#\\\/schema\\\/logo\\\/image\\\/\"}}]}<\/script>\n<!-- \/ Yoast SEO plugin. -->","yoast_head_json":{"title":"Ismertet\u0151k - Info Kommunik\u00e1ci\u00f3s Szakszervezet","robots":{"index":"index","follow":"follow","max-snippet":"max-snippet:-1","max-image-preview":"max-image-preview:large","max-video-preview":"max-video-preview:-1"},"canonical":"https:\/\/www.iksz.eu\/en\/dokumentumok\/","og_locale":"en_GB","og_type":"article","og_title":"Ismertet\u0151k - Info Kommunik\u00e1ci\u00f3s Szakszervezet","og_description":"Tov\u00e1bbi inform\u00e1ci\u00f3k DT-ITS dolgoz\u00f3knak (DT-ITTC \u00e9s DT-TSI &#8211; csak c\u00e9ges, bels\u0151 h\u00e1l\u00f3zatr\u00f3l \u00e9rhet\u0151 el) &#8212;&#8211; ASZ006 (DT-TSI) d\u00edj- \u00e9s szolg\u00e1ltat\u00e1s ismertet\u0151 ASZ006\/LO006 (DT-TSI) fee and service information ASZ006\/LO006 (DT-TSI) \u0418\u043d\u0444\u043e\u0440\u043c\u0430\u0446\u0438\u044f \u043e \u0442\u0430\u0440\u0438\u0444\u0430\u0445 \u0438 \u0443\u0441\u043b\u0443\u0433\u0430\u0445 &#8212;&#8211; ASZ007 (DT-ITTC) d\u00edj- \u00e9s szolg\u00e1ltat\u00e1s ismertet\u0151 ASZ007\/LO007 (DT-ITTC) fee and service information ASZ007\/LO007 (DT-ITTC) \u0418\u043d\u0444\u043e\u0440\u043c\u0430\u0446\u0438\u044f \u043e \u0442\u0430\u0440\u0438\u0444\u0430\u0445 \u0438 \u0443\u0441\u043b\u0443\u0433\u0430\u0445 &#8212;&#8211; &hellip; Continue reading \"Ismertet\u0151k\"","og_url":"https:\/\/www.iksz.eu\/en\/dokumentumok\/","og_site_name":"Info Kommunik\u00e1ci\u00f3s Szakszervezet","article_modified_time":"2026-03-18T22:23:54+00:00","twitter_card":"summary_large_image","twitter_misc":{"Estimated reading time":"1 minute"},"schema":{"@context":"https:\/\/schema.org","@graph":[{"@type":"WebPage","@id":"https:\/\/www.iksz.eu\/dokumentumok\/","url":"https:\/\/www.iksz.eu\/dokumentumok\/","name":"Ismertet\u0151k - Info Kommunik\u00e1ci\u00f3s Szakszervezet","isPartOf":{"@id":"https:\/\/www.iksz.eu\/#website"},"datePublished":"2024-01-05T11:27:28+00:00","dateModified":"2026-03-18T22:23:54+00:00","breadcrumb":{"@id":"https:\/\/www.iksz.eu\/dokumentumok\/#breadcrumb"},"inLanguage":"en-GB","potentialAction":[{"@type":"ReadAction","target":["https:\/\/www.iksz.eu\/dokumentumok\/"]}]},{"@type":"BreadcrumbList","@id":"https:\/\/www.iksz.eu\/dokumentumok\/#breadcrumb","itemListElement":[{"@type":"ListItem","position":1,"name":"Kezd\u0151lap","item":"https:\/\/www.iksz.eu\/"},{"@type":"ListItem","position":2,"name":"Ismertet\u0151k"}]},{"@type":"WebSite","@id":"https:\/\/www.iksz.eu\/#website","url":"https:\/\/www.iksz.eu\/","name":"Info Communication Trade Union \/ ICFTU","description":"","publisher":{"@id":"https:\/\/www.iksz.eu\/#organization"},"potentialAction":[{"@type":"SearchAction","target":{"@type":"EntryPoint","urlTemplate":"https:\/\/www.iksz.eu\/?s={search_term_string}"},"query-input":{"@type":"PropertyValueSpecification","valueRequired":true,"valueName":"search_term_string"}}],"inLanguage":"en-GB"},{"@type":"Organization","@id":"https:\/\/www.iksz.eu\/#organization","name":"Info Communication Trade Union \/ ICFTU","url":"https:\/\/www.iksz.eu\/","logo":{"@type":"ImageObject","inLanguage":"en-GB","@id":"https:\/\/www.iksz.eu\/#\/schema\/logo\/image\/","url":"https:\/\/www.iksz.eu\/wp-content\/uploads\/2025\/01\/cropped-ginop_iksz.png","contentUrl":"https:\/\/www.iksz.eu\/wp-content\/uploads\/2025\/01\/cropped-ginop_iksz.png","width":1125,"height":250,"caption":"Info Kommunik\u00e1ci\u00f3s Szakszervezet \/ IKSZ"},"image":{"@id":"https:\/\/www.iksz.eu\/#\/schema\/logo\/image\/"}}]}},"_links":{"self":[{"href":"https:\/\/www.iksz.eu\/en\/wp-json\/wp\/v2\/pages\/92","targetHints":{"allow":["GET"]}}],"collection":[{"href":"https:\/\/www.iksz.eu\/en\/wp-json\/wp\/v2\/pages"}],"about":[{"href":"https:\/\/www.iksz.eu\/en\/wp-json\/wp\/v2\/types\/page"}],"author":[{"embeddable":true,"href":"https:\/\/www.iksz.eu\/en\/wp-json\/wp\/v2\/users\/1"}],"replies":[{"embeddable":true,"href":"https:\/\/www.iksz.eu\/en\/wp-json\/wp\/v2\/comments?post=92"}],"version-history":[{"count":25,"href":"https:\/\/www.iksz.eu\/en\/wp-json\/wp\/v2\/pages\/92\/revisions"}],"predecessor-version":[{"id":743,"href":"https:\/\/www.iksz.eu\/en\/wp-json\/wp\/v2\/pages\/92\/revisions\/743"}],"wp:attachment":[{"href":"https:\/\/www.iksz.eu\/en\/wp-json\/wp\/v2\/media?parent=92"}],"curies":[{"name":"wp","href":"https:\/\/api.w.org\/{rel}","templated":true}]}}