{"id":984,"date":"2026-04-13T11:11:42","date_gmt":"2026-04-13T10:11:42","guid":{"rendered":"https:\/\/www.iksz.eu\/?page_id=984"},"modified":"2026-04-16T22:29:54","modified_gmt":"2026-04-16T21:29:54","slug":"munkavallaloi-kisokos","status":"publish","type":"page","link":"https:\/\/www.iksz.eu\/en\/munkavallaloi-kisokos\/","title":{"rendered":"Munkav\u00e1llal\u00f3i kisokos"},"content":{"rendered":"<p><a href=\"https:\/\/liganet.hu\/11099-jogpont-kiadvanyok.html\" target=\"_blank\" rel=\"noreferrer noopener\">Liga munkajogi kiadv\u00e1nyok<\/a><\/p>\n\n\n\n<p><a href=\"https:\/\/www.jogpontok.hu\/JogpontokKiadvanyai\" target=\"_blank\" rel=\"noreferrer noopener\">JogpontOK kiadv\u00e1nyok<\/a><\/p>\n\n\n\n<p><a href=\"https:\/\/net.jogtar.hu\/jogszabaly?docid=a1200001.tv\" target=\"_blank\" rel=\"noreferrer noopener\">A Munka T\u00f6rv\u00e9nyk\u00f6nyve<\/a><\/p>\n\n\n\n<hr class=\"wp-block-separator has-alpha-channel-opacity\"\/>\n\n\n\n<p><a href=\"https:\/\/www.iksz.eu\/en\/ber-osszehasonlito\/\" target=\"_blank\" rel=\"noreferrer noopener\">B\u00e9r \u00f6sszehasonl\u00edt\u00f3<\/a><\/p>\n\n\n\n<p><a href=\"https:\/\/www.iksz.eu\/en\/vegkielegites-kalkulator\/\" target=\"_blank\" rel=\"noreferrer noopener\">V\u00e9gkiel\u00e9g\u00edt\u00e9s kalkul\u00e1tor<\/a><\/p>\n\n\n\n<p><a href=\"https:\/\/www.iksz.eu\/en\/ber-inflacio-kalkulator\/\" target=\"_blank\" rel=\"noreferrer noopener\">B\u00e9r-infl\u00e1ci\u00f3 kalkul\u00e1tor<\/a><\/p>\n\n\n\n<p><a href=\"https:\/\/www.iksz.eu\/en\/nyugdij-kalkulator\/\" target=\"_blank\" rel=\"noreferrer noopener\">Nyugd\u00edj kalkul\u00e1tor<\/a><\/p>\n\n\n\n<p><a href=\"https:\/\/www.iksz.eu\/en\/nav-uzemanyag-koltsegterites-kalkulator\/\" target=\"_blank\" rel=\"noreferrer noopener\">NAV \u00fczemanyag k\u00f6lts\u00e9gt\u00e9r\u00edt\u00e9s kalkul\u00e1tor<\/a><\/p>\n\n\n\n<p><a href=\"https:\/\/www.iksz.eu\/en\/munkaba-jarasi-koltsegterites-kalkulator\/\" target=\"_blank\" rel=\"noreferrer noopener\">Munk\u00e1ba j\u00e1r\u00e1si k\u00f6lts\u00e9gt\u00e9r\u00edt\u00e9s kalkul\u00e1tor<\/a><\/p>\n\n\n\n<p><a href=\"https:\/\/www.iksz.eu\/en\/tulora-illetmeny-kalkulator\/\" target=\"_blank\" rel=\"noreferrer noopener\">T\u00fal\u00f3ra illetm\u00e9ny kalkul\u00e1tor<\/a><\/p>\n\n\n\n<p><a href=\"https:\/\/www.iksz.eu\/en\/tappenz-kalkulator\/\" target=\"_blank\" rel=\"noreferrer noopener\">T\u00e1pp\u00e9nz kalkul\u00e1tor<\/a><\/p>\n\n\n\n<p><a href=\"https:\/\/www.iksz.eu\/en\/netto-ber-kalkulator\/\" target=\"_blank\" rel=\"noreferrer noopener\">Nett\u00f3 b\u00e9r kalkul\u00e1tor<\/a><\/p>\n\n\n\n<p><a href=\"https:\/\/www.iksz.eu\/en\/netto-ber-valuta-kalkulator\/\" target=\"_blank\" rel=\"noreferrer noopener\">Nett\u00f3 b\u00e9r &#8211; valuta kalkul\u00e1tor<\/a><\/p>\n\n\n\n<p><a href=\"https:\/\/www.iksz.eu\/en\/szabadsag-kalkulator\/\" target=\"_blank\" rel=\"noreferrer noopener\">Szabads\u00e1g kalkul\u00e1tor<\/a><\/p>\n\n\n\n<p><a href=\"https:\/\/www.iksz.eu\/en\/cafeteria-optimalizalo\/\" target=\"_blank\" rel=\"noreferrer noopener\">Cafeteria optimaliz\u00e1l\u00f3<\/a><\/p>\n\n\n\n<p><a href=\"https:\/\/www.iksz.eu\/en\/auto-vasarlas-kalkulator\/\" target=\"_blank\" rel=\"noreferrer noopener\">Aut\u00f3 v\u00e1s\u00e1rl\u00e1s kalkul\u00e1tor<\/a><\/p>\n\n\n\n<p><a href=\"https:\/\/www.iksz.eu\/en\/ingatlan-vasarlas-kalkulator\/\" target=\"_blank\" rel=\"noreferrer noopener\">Ingatlanv\u00e1s\u00e1rl\u00e1s kalkul\u00e1tor<\/a><\/p>\n\n\n\n<hr class=\"wp-block-separator has-alpha-channel-opacity\"\/>\n\n\n\n<p><a href=\"https:\/\/www.iksz.eu\/en\/munkaltato-felmondas-kozos-megegyezes\/\" target=\"_blank\" rel=\"noreferrer noopener\">Munk\u00e1ltat\u00f3i felmond\u00e1s\/K\u00f6z\u00f6s megegyez\u00e9s<\/a><\/p>\n\n\n\n<p><a href=\"https:\/\/www.iksz.eu\/en\/hatarozott-ideju-munkaszerzodes-megszuntetese\/\" target=\"_blank\" rel=\"noreferrer noopener\">Hat\u00e1rozott idej\u0171 munkaszerz\u0151d\u00e9s felmond\u00e1sa<\/a><\/p>\n\n\n\n<hr class=\"wp-block-separator has-alpha-channel-opacity\"\/>\n\n\n\n<p><a href=\"https:\/\/www.iksz.eu\/en\/szakszervezet-uzemi-tanacs-munkavedelmi-kepviselo\/\" target=\"_blank\" rel=\"noreferrer noopener\">Szakszervezetek &#8211; \u00dczemi Tan\u00e1csok &#8211; Munkav\u00e9delmi K\u00e9pvisel\u0151k<\/a><\/p>\n\n\n\n<p><a href=\"https:\/\/www.iksz.eu\/en\/munkavedelmi-tajekoztato-az-ict-szektorban\/\" target=\"_blank\" rel=\"noreferrer noopener\">Munkav\u00e9delmi t\u00e1j\u00e9koztat\u00f3 az ICT szektorban<\/a><\/p>\n\n\n\n<p><a href=\"https:\/\/www.iksz.eu\/en\/tipikus-kerdesek-allasinterjukon\/\" target=\"_blank\" rel=\"noreferrer noopener\">Tipikus k\u00e9rd\u00e9sek \u00e1ll\u00e1sinterj\u00fakon<\/a><\/p>\n\n\n\n<hr class=\"wp-block-separator has-alpha-channel-opacity\"\/>\n\n\n\n<p><a href=\"https:\/\/www.iksz.eu\/en\/ev-elektromos-toltoallomasok-magyarorszagon\/\" target=\"_blank\" rel=\"noreferrer noopener\">EV t\u00f6lt\u0151k Magyarorsz\u00e1gon<\/a><\/p>\n\n\n\n<p><a href=\"https:\/\/www.iksz.eu\/en\/uzemanyag-allomasok-magyarorszagon\/\" target=\"_blank\" rel=\"noreferrer noopener\">\u00dczemanyag \u00e1llom\u00e1sok Magyarorsz\u00e1gon<\/a><\/p>\n\n\n\n<p><a href=\"https:\/\/www.iksz.eu\/en\/korhazak-stb\/\" target=\"_blank\" rel=\"noreferrer noopener\">K\u00f3rh\u00e1zak stb.<\/a><\/p>\n\n\n\n<p><a href=\"https:\/\/www.iksz.eu\/en\/autogumi-ajanlo\/\" target=\"_blank\" rel=\"noreferrer noopener\">Aut\u00f3gumi aj\u00e1nl\u00f3<\/a><\/p>","protected":false},"excerpt":{"rendered":"<p>Liga munkajogi kiadv\u00e1nyok JogpontOK kiadv\u00e1nyok A Munka T\u00f6rv\u00e9nyk\u00f6nyve B\u00e9r \u00f6sszehasonl\u00edt\u00f3 V\u00e9gkiel\u00e9g\u00edt\u00e9s kalkul\u00e1tor B\u00e9r-infl\u00e1ci\u00f3 kalkul\u00e1tor Nyugd\u00edj kalkul\u00e1tor NAV \u00fczemanyag k\u00f6lts\u00e9gt\u00e9r\u00edt\u00e9s kalkul\u00e1tor Munk\u00e1ba j\u00e1r\u00e1si k\u00f6lts\u00e9gt\u00e9r\u00edt\u00e9s kalkul\u00e1tor T\u00fal\u00f3ra illetm\u00e9ny kalkul\u00e1tor T\u00e1pp\u00e9nz kalkul\u00e1tor Nett\u00f3 b\u00e9r kalkul\u00e1tor Nett\u00f3 b\u00e9r &#8211; valuta kalkul\u00e1tor Szabads\u00e1g kalkul\u00e1tor Cafeteria optimaliz\u00e1l\u00f3 Aut\u00f3 v\u00e1s\u00e1rl\u00e1s kalkul\u00e1tor Ingatlanv\u00e1s\u00e1rl\u00e1s kalkul\u00e1tor Munk\u00e1ltat\u00f3i felmond\u00e1s\/K\u00f6z\u00f6s megegyez\u00e9s Hat\u00e1rozott idej\u0171 munkaszerz\u0151d\u00e9s felmond\u00e1sa Szakszervezetek &#8211; &hellip; <\/p>\n<p class=\"link-more\"><a href=\"https:\/\/www.iksz.eu\/en\/munkavallaloi-kisokos\/\" class=\"more-link\">Continue reading<span class=\"screen-reader-text\"> &#8222;Munkav\u00e1llal\u00f3i kisokos&#8221;<\/span><\/a><\/p>","protected":false},"author":1,"featured_media":0,"parent":0,"menu_order":0,"comment_status":"closed","ping_status":"closed","template":"","meta":{"footnotes":""},"class_list":["post-984","page","type-page","status-publish","hentry"],"yoast_head":"<!-- This site is optimized with the Yoast SEO plugin v27.4 - https:\/\/yoast.com\/product\/yoast-seo-wordpress\/ -->\n<title>Munkav\u00e1llal\u00f3i kisokos - Info Kommunik\u00e1ci\u00f3s Szakszervezet<\/title>\n<meta name=\"robots\" content=\"index, follow, max-snippet:-1, max-image-preview:large, max-video-preview:-1\" \/>\n<link rel=\"canonical\" href=\"https:\/\/www.iksz.eu\/en\/munkavallaloi-kisokos\/\" \/>\n<meta property=\"og:locale\" content=\"en_GB\" \/>\n<meta property=\"og:type\" content=\"article\" \/>\n<meta property=\"og:title\" content=\"Munkav\u00e1llal\u00f3i kisokos - Info Kommunik\u00e1ci\u00f3s Szakszervezet\" \/>\n<meta property=\"og:description\" content=\"Liga munkajogi kiadv\u00e1nyok JogpontOK kiadv\u00e1nyok A Munka T\u00f6rv\u00e9nyk\u00f6nyve B\u00e9r \u00f6sszehasonl\u00edt\u00f3 V\u00e9gkiel\u00e9g\u00edt\u00e9s kalkul\u00e1tor B\u00e9r-infl\u00e1ci\u00f3 kalkul\u00e1tor Nyugd\u00edj kalkul\u00e1tor NAV \u00fczemanyag k\u00f6lts\u00e9gt\u00e9r\u00edt\u00e9s kalkul\u00e1tor Munk\u00e1ba j\u00e1r\u00e1si k\u00f6lts\u00e9gt\u00e9r\u00edt\u00e9s kalkul\u00e1tor T\u00fal\u00f3ra illetm\u00e9ny kalkul\u00e1tor T\u00e1pp\u00e9nz kalkul\u00e1tor Nett\u00f3 b\u00e9r kalkul\u00e1tor Nett\u00f3 b\u00e9r &#8211; valuta kalkul\u00e1tor Szabads\u00e1g kalkul\u00e1tor Cafeteria optimaliz\u00e1l\u00f3 Aut\u00f3 v\u00e1s\u00e1rl\u00e1s kalkul\u00e1tor Ingatlanv\u00e1s\u00e1rl\u00e1s kalkul\u00e1tor Munk\u00e1ltat\u00f3i felmond\u00e1s\/K\u00f6z\u00f6s megegyez\u00e9s Hat\u00e1rozott idej\u0171 munkaszerz\u0151d\u00e9s felmond\u00e1sa Szakszervezetek &#8211; &hellip; Continue reading &quot;Munkav\u00e1llal\u00f3i kisokos&quot;\" \/>\n<meta property=\"og:url\" content=\"https:\/\/www.iksz.eu\/en\/munkavallaloi-kisokos\/\" \/>\n<meta property=\"og:site_name\" content=\"Info Kommunik\u00e1ci\u00f3s Szakszervezet\" \/>\n<meta property=\"article:modified_time\" content=\"2026-04-16T21:29:54+00:00\" \/>\n<meta name=\"twitter:card\" content=\"summary_large_image\" \/>\n<meta name=\"twitter:label1\" content=\"Estimated reading time\" \/>\n\t<meta name=\"twitter:data1\" content=\"1 minute\" \/>\n<script type=\"application\/ld+json\" class=\"yoast-schema-graph\">{\"@context\":\"https:\\\/\\\/schema.org\",\"@graph\":[{\"@type\":\"WebPage\",\"@id\":\"https:\\\/\\\/www.iksz.eu\\\/munkavallaloi-kisokos\\\/\",\"url\":\"https:\\\/\\\/www.iksz.eu\\\/munkavallaloi-kisokos\\\/\",\"name\":\"Munkav\u00e1llal\u00f3i kisokos - Info Kommunik\u00e1ci\u00f3s Szakszervezet\",\"isPartOf\":{\"@id\":\"https:\\\/\\\/www.iksz.eu\\\/#website\"},\"datePublished\":\"2026-04-13T10:11:42+00:00\",\"dateModified\":\"2026-04-16T21:29:54+00:00\",\"breadcrumb\":{\"@id\":\"https:\\\/\\\/www.iksz.eu\\\/munkavallaloi-kisokos\\\/#breadcrumb\"},\"inLanguage\":\"en-GB\",\"potentialAction\":[{\"@type\":\"ReadAction\",\"target\":[\"https:\\\/\\\/www.iksz.eu\\\/munkavallaloi-kisokos\\\/\"]}]},{\"@type\":\"BreadcrumbList\",\"@id\":\"https:\\\/\\\/www.iksz.eu\\\/munkavallaloi-kisokos\\\/#breadcrumb\",\"itemListElement\":[{\"@type\":\"ListItem\",\"position\":1,\"name\":\"Kezd\u0151lap\",\"item\":\"https:\\\/\\\/www.iksz.eu\\\/\"},{\"@type\":\"ListItem\",\"position\":2,\"name\":\"Munkav\u00e1llal\u00f3i kisokos\"}]},{\"@type\":\"WebSite\",\"@id\":\"https:\\\/\\\/www.iksz.eu\\\/#website\",\"url\":\"https:\\\/\\\/www.iksz.eu\\\/\",\"name\":\"Info Kommunik\u00e1ci\u00f3s Szakszervezet \\\/ IKSZ\",\"description\":\"\",\"publisher\":{\"@id\":\"https:\\\/\\\/www.iksz.eu\\\/#organization\"},\"potentialAction\":[{\"@type\":\"SearchAction\",\"target\":{\"@type\":\"EntryPoint\",\"urlTemplate\":\"https:\\\/\\\/www.iksz.eu\\\/?s={search_term_string}\"},\"query-input\":{\"@type\":\"PropertyValueSpecification\",\"valueRequired\":true,\"valueName\":\"search_term_string\"}}],\"inLanguage\":\"en-GB\"},{\"@type\":\"Organization\",\"@id\":\"https:\\\/\\\/www.iksz.eu\\\/#organization\",\"name\":\"Info Kommunik\u00e1ci\u00f3s Szakszervezet \\\/ IKSZ\",\"url\":\"https:\\\/\\\/www.iksz.eu\\\/\",\"logo\":{\"@type\":\"ImageObject\",\"inLanguage\":\"en-GB\",\"@id\":\"https:\\\/\\\/www.iksz.eu\\\/#\\\/schema\\\/logo\\\/image\\\/\",\"url\":\"https:\\\/\\\/www.iksz.eu\\\/wp-content\\\/uploads\\\/2025\\\/01\\\/cropped-ginop_iksz.png\",\"contentUrl\":\"https:\\\/\\\/www.iksz.eu\\\/wp-content\\\/uploads\\\/2025\\\/01\\\/cropped-ginop_iksz.png\",\"width\":1125,\"height\":250,\"caption\":\"Info Kommunik\u00e1ci\u00f3s Szakszervezet \\\/ IKSZ\"},\"image\":{\"@id\":\"https:\\\/\\\/www.iksz.eu\\\/#\\\/schema\\\/logo\\\/image\\\/\"}}]}<\/script>\n<!-- \/ Yoast SEO plugin. -->","yoast_head_json":{"title":"Munkav\u00e1llal\u00f3i kisokos - Info Kommunik\u00e1ci\u00f3s Szakszervezet","robots":{"index":"index","follow":"follow","max-snippet":"max-snippet:-1","max-image-preview":"max-image-preview:large","max-video-preview":"max-video-preview:-1"},"canonical":"https:\/\/www.iksz.eu\/en\/munkavallaloi-kisokos\/","og_locale":"en_GB","og_type":"article","og_title":"Munkav\u00e1llal\u00f3i kisokos - Info Kommunik\u00e1ci\u00f3s Szakszervezet","og_description":"Liga munkajogi kiadv\u00e1nyok JogpontOK kiadv\u00e1nyok A Munka T\u00f6rv\u00e9nyk\u00f6nyve B\u00e9r \u00f6sszehasonl\u00edt\u00f3 V\u00e9gkiel\u00e9g\u00edt\u00e9s kalkul\u00e1tor B\u00e9r-infl\u00e1ci\u00f3 kalkul\u00e1tor Nyugd\u00edj kalkul\u00e1tor NAV \u00fczemanyag k\u00f6lts\u00e9gt\u00e9r\u00edt\u00e9s kalkul\u00e1tor Munk\u00e1ba j\u00e1r\u00e1si k\u00f6lts\u00e9gt\u00e9r\u00edt\u00e9s kalkul\u00e1tor T\u00fal\u00f3ra illetm\u00e9ny kalkul\u00e1tor T\u00e1pp\u00e9nz kalkul\u00e1tor Nett\u00f3 b\u00e9r kalkul\u00e1tor Nett\u00f3 b\u00e9r &#8211; valuta kalkul\u00e1tor Szabads\u00e1g kalkul\u00e1tor Cafeteria optimaliz\u00e1l\u00f3 Aut\u00f3 v\u00e1s\u00e1rl\u00e1s kalkul\u00e1tor Ingatlanv\u00e1s\u00e1rl\u00e1s kalkul\u00e1tor Munk\u00e1ltat\u00f3i felmond\u00e1s\/K\u00f6z\u00f6s megegyez\u00e9s Hat\u00e1rozott idej\u0171 munkaszerz\u0151d\u00e9s felmond\u00e1sa Szakszervezetek &#8211; &hellip; Continue reading \"Munkav\u00e1llal\u00f3i kisokos\"","og_url":"https:\/\/www.iksz.eu\/en\/munkavallaloi-kisokos\/","og_site_name":"Info Kommunik\u00e1ci\u00f3s Szakszervezet","article_modified_time":"2026-04-16T21:29:54+00:00","twitter_card":"summary_large_image","twitter_misc":{"Estimated reading time":"1 minute"},"schema":{"@context":"https:\/\/schema.org","@graph":[{"@type":"WebPage","@id":"https:\/\/www.iksz.eu\/munkavallaloi-kisokos\/","url":"https:\/\/www.iksz.eu\/munkavallaloi-kisokos\/","name":"Munkav\u00e1llal\u00f3i kisokos - Info Kommunik\u00e1ci\u00f3s Szakszervezet","isPartOf":{"@id":"https:\/\/www.iksz.eu\/#website"},"datePublished":"2026-04-13T10:11:42+00:00","dateModified":"2026-04-16T21:29:54+00:00","breadcrumb":{"@id":"https:\/\/www.iksz.eu\/munkavallaloi-kisokos\/#breadcrumb"},"inLanguage":"en-GB","potentialAction":[{"@type":"ReadAction","target":["https:\/\/www.iksz.eu\/munkavallaloi-kisokos\/"]}]},{"@type":"BreadcrumbList","@id":"https:\/\/www.iksz.eu\/munkavallaloi-kisokos\/#breadcrumb","itemListElement":[{"@type":"ListItem","position":1,"name":"Kezd\u0151lap","item":"https:\/\/www.iksz.eu\/"},{"@type":"ListItem","position":2,"name":"Munkav\u00e1llal\u00f3i kisokos"}]},{"@type":"WebSite","@id":"https:\/\/www.iksz.eu\/#website","url":"https:\/\/www.iksz.eu\/","name":"Info Communication Trade Union \/ ICFTU","description":"","publisher":{"@id":"https:\/\/www.iksz.eu\/#organization"},"potentialAction":[{"@type":"SearchAction","target":{"@type":"EntryPoint","urlTemplate":"https:\/\/www.iksz.eu\/?s={search_term_string}"},"query-input":{"@type":"PropertyValueSpecification","valueRequired":true,"valueName":"search_term_string"}}],"inLanguage":"en-GB"},{"@type":"Organization","@id":"https:\/\/www.iksz.eu\/#organization","name":"Info Communication Trade Union \/ ICFTU","url":"https:\/\/www.iksz.eu\/","logo":{"@type":"ImageObject","inLanguage":"en-GB","@id":"https:\/\/www.iksz.eu\/#\/schema\/logo\/image\/","url":"https:\/\/www.iksz.eu\/wp-content\/uploads\/2025\/01\/cropped-ginop_iksz.png","contentUrl":"https:\/\/www.iksz.eu\/wp-content\/uploads\/2025\/01\/cropped-ginop_iksz.png","width":1125,"height":250,"caption":"Info Kommunik\u00e1ci\u00f3s Szakszervezet \/ IKSZ"},"image":{"@id":"https:\/\/www.iksz.eu\/#\/schema\/logo\/image\/"}}]}},"_links":{"self":[{"href":"https:\/\/www.iksz.eu\/en\/wp-json\/wp\/v2\/pages\/984","targetHints":{"allow":["GET"]}}],"collection":[{"href":"https:\/\/www.iksz.eu\/en\/wp-json\/wp\/v2\/pages"}],"about":[{"href":"https:\/\/www.iksz.eu\/en\/wp-json\/wp\/v2\/types\/page"}],"author":[{"embeddable":true,"href":"https:\/\/www.iksz.eu\/en\/wp-json\/wp\/v2\/users\/1"}],"replies":[{"embeddable":true,"href":"https:\/\/www.iksz.eu\/en\/wp-json\/wp\/v2\/comments?post=984"}],"version-history":[{"count":28,"href":"https:\/\/www.iksz.eu\/en\/wp-json\/wp\/v2\/pages\/984\/revisions"}],"predecessor-version":[{"id":1178,"href":"https:\/\/www.iksz.eu\/en\/wp-json\/wp\/v2\/pages\/984\/revisions\/1178"}],"wp:attachment":[{"href":"https:\/\/www.iksz.eu\/en\/wp-json\/wp\/v2\/media?parent=984"}],"curies":[{"name":"wp","href":"https:\/\/api.w.org\/{rel}","templated":true}]}}