{"id":998,"date":"2026-04-13T23:01:09","date_gmt":"2026-04-13T22:01:09","guid":{"rendered":"https:\/\/www.iksz.eu\/?page_id=998"},"modified":"2026-04-13T23:04:33","modified_gmt":"2026-04-13T22:04:33","slug":"munkaltato-felmondas-kozos-megegyezes","status":"publish","type":"page","link":"https:\/\/www.iksz.eu\/en\/munkaltato-felmondas-kozos-megegyezes\/","title":{"rendered":"Munk\u00e1ltat\u00f3i felmond\u00e1s\/k\u00f6z\u00f6s megegyez\u00e9s"},"content":{"rendered":"<h3 class=\"wp-block-heading\">1. Az aranyszab\u00e1ly: A szerz\u0151d\u00e9s t\u00edpus\u00e1nak meghat\u00e1roz\u00e1sa<\/h3>\n\n\n\n<p>El\u0151sz\u00f6r is n\u00e9zd meg a c\u00edmet! <strong>Munk\u00e1ltat\u00f3i felmond\u00e1s<\/strong>r\u00f3l van sz\u00f3, vagy <strong>K\u00f6z\u00f6s megegyez\u00e9s<\/strong>r\u0151l?<\/p>\n\n\n\n<ul class=\"wp-block-list\">\n<li><strong><strong>Munk\u00e1ltat\u00f3i felmond\u00e1s<\/strong>:<\/strong> A munk\u00e1ltat\u00f3 egyoldal\u00faan r\u00fag ki. Szigor\u00faan be kell tartania a felmond\u00e1si id\u0151re \u00e9s a v\u00e9gkiel\u00e9g\u00edt\u00e9sre vonatkoz\u00f3 t\u00f6rv\u00e9nyi el\u0151\u00edr\u00e1sokat. Te csak visszaigazolod a dokumentum \u00e1tv\u00e9tel\u00e9t; nem az\u00e9rt t\u00e1rgyalsz a felt\u00e9telekr\u0151l, mert a t\u00f6rv\u00e9ny el\u0151\u00edrja azokat.<\/li>\n\n\n\n<li><strong><strong>K\u00f6z\u00f6s megegyez\u00e9s<\/strong>:<\/strong> Ez egy teljesen \u00faj szerz\u0151d\u00e9s, amely k\u00f6z\u00f6s megegyez\u00e9ssel sz\u00fcnteti meg a munkaviszonyt. <strong>Minden t\u00e1rgyalhat\u00f3<\/strong>. A munk\u00e1ltat\u00f3k gyakran ezt r\u00e9szes\u00edtik el\u0151nyben, mert ez megv\u00e9di \u0151ket a jogellenes felmond\u00e1si perekt\u0151l. Ha k\u00f6lcs\u00f6n\u00f6s meg\u00e1llapod\u00e1st k\u00edn\u00e1lnak, nem kell azonnal al\u00e1\u00edrnod \u200b\u200b\u2013 vidd haza, olvasd el, \u00e9s t\u00e1rgyalj!<\/li>\n<\/ul>\n\n\n\n<hr class=\"wp-block-separator has-alpha-channel-opacity\"\/>\n\n\n\n<h3 class=\"wp-block-heading\">2. A l\u00e9nyeg, amit bele kell foglalni<\/h3>\n\n\n\n<p>Ha k\u00f6z\u00f6s meg\u00e1llapod\u00e1st \u00edrtok al\u00e1, gy\u0151z\u0151djetek meg r\u00f3la, hogy ezek k\u00f6z\u00fcl mindegyik t\u00e9tel kifejezetten le van \u00edrva! A sz\u00f3beli \u00edg\u00e9retek semmit sem jelentenek.<\/p>\n\n\n\n<ul class=\"wp-block-list\">\n<li><strong>Pontos befejez\u00e9si d\u00e1tum<\/strong>: A munkaviszony hivatalos megsz\u0171n\u00e9s\u00e9nek konkr\u00e9t d\u00e1tuma.<\/li>\n\n\n\n<li><strong>Felmond\u00e1si id\u0151 \u00e9s a munkav\u00e9gz\u00e9s al\u00f3li felment\u00e9s ideje<\/strong>: A szerz\u0151d\u00e9snek tartalmaznia kell a felmond\u00e1si id\u0151t. Ami m\u00e9g fontosabb, fel kell t\u00fcntetnie benne, hogy mentes\u00fcl-e a munkav\u00e9gz\u00e9s al\u00f3l ebben az id\u0151szakban. Ha mentes\u00fcl, akkor kifejezetten fel kell t\u00fcntetnie, hogy ebben az id\u0151szakban tov\u00e1bbra is megkapja a teljes t\u00e1voll\u00e9ti d\u00edj\u00e1t.<\/li>\n\n\n\n<li><strong>T\u00e9teles p\u00e9nz\u00fcgyi kifizet\u00e9sek<\/strong>: Ne fogadj el hom\u00e1lyos \u201ev\u00e9gs\u0151 kifizet\u00e9s\u201d z\u00e1rad\u00e9kot! A szerz\u0151d\u00e9snek tartalmaznia kell a k\u00f6vetkez\u0151ket:\n<ul class=\"wp-block-list\">\n<li>A v\u00e9gs\u0151 rendes fizet\u00e9se.<\/li>\n\n\n\n<li>A felhalmozott, de ki nem vett szabads\u00e1gnapok kifizet\u00e9se.<\/li>\n\n\n\n<li>A v\u00e9gkiel\u00e9g\u00edt\u00e9s \u00f6sszege (a kor\u00e1bban kisz\u00e1m\u00edtott alap\u00f6sszeget haszn\u00e1lva, mint az abszol\u00fat minim\u00e1lis t\u00e1rgyal\u00e1si kiindul\u00f3pontot).<\/li>\n\n\n\n<li>A jogosult \u00e9ves b\u00f3nuszok, 13. havi fizet\u00e9s vagy jutal\u00e9kok.<\/li>\n<\/ul>\n<\/li>\n\n\n\n<li><strong>Fizet\u00e9si hat\u00e1rid\u0151<\/strong>: Az a konkr\u00e9t d\u00e1tum, ameddig a teljes p\u00e9nz meg\u00e9rkezik a banksz\u00e1ml\u00e1j\u00e1ra (gyakran az utols\u00f3 munkanap vagy a felmond\u00e1st\u00f3l sz\u00e1m\u00edtott 5 munkanapon bel\u00fcl).<\/li>\n\n\n\n<li><strong>C\u00e9ges tulajdon visszaszolg\u00e1ltat\u00e1sa<\/strong>: Egy\u00e9rtelm\u0171 lista arr\u00f3l, hogy mit kell visszaadnia (laptop, telefon, aut\u00f3, kulcsok), \u00e9s a hat\u00e1rid\u0151, \u00edgy biztos\u00edtva, hogy k\u00e9s\u0151bb ne tudj\u00e1k azt \u00e1ll\u00edtani, hogy \u00d6n lopott el valamit.<\/li>\n<\/ul>\n\n\n\n<hr class=\"wp-block-separator has-alpha-channel-opacity\"\/>\n\n\n\n<h3 class=\"wp-block-heading\">3. &#8222;V\u00f6r\u00f6s z\u00e1szl\u00f3k&#8221; (figyelmeztet\u0151 jelek), amelyekre figyelni kell<\/h3>\n\n\n\n<p>Al\u00e1\u00edr\u00e1s el\u0151tt figyelmesen olvasd el a szerz\u0151d\u00e9st, hogy megbizonyosodj arr\u00f3l, hogy a munk\u00e1ltat\u00f3 nem csemp\u00e9szett bele olyan z\u00e1rad\u00e9kokat, amelyek korl\u00e1tozz\u00e1k a j\u00f6v\u0151det, vagy h\u00e1tr\u00e1nyos megk\u00fcl\u00f6nb\u00f6ztet\u00e9st okoznak!<\/p>\n\n\n\n<ul class=\"wp-block-list\">\n<li><strong>A \u201eTov\u00e1bbi k\u00f6vetel\u00e9sek kiz\u00e1r\u00e1sa\u201d z\u00e1rad\u00e9k<\/strong>: A legt\u00f6bb k\u00f6z\u00f6s meg\u00e1llapod\u00e1s a k\u00f6vetkez\u0151 mondattal z\u00e1rul: \u201eA felek kijelentik, hogy tov\u00e1bbi p\u00e9nz\u00fcgyi vagy jogi k\u00f6vetel\u00e9seik nincsenek egym\u00e1ssal szemben.\u201d Ne \u00edrj al\u00e1 ilyen z\u00e1rad\u00e9kkal ell\u00e1tott dokumentumot, hacsak nem vagy 100%-ig biztos abban, hogy minden egyes Neked j\u00e1r\u00f3 Forint szerepel a szerz\u0151d\u00e9sben! Az al\u00e1\u00edr\u00e1s ut\u00e1n k\u00e9s\u0151bb nem perelheted a munk\u00e1ltat\u00f3t kifizetetlen t\u00fal\u00f3r\u00e1k\u00e9rt vagy hi\u00e1nyz\u00f3 b\u00f3nuszok\u00e9rt.<\/li>\n\n\n\n<li><strong>Rejtett versenytilalmi z\u00e1rad\u00e9kok<\/strong>: Ellen\u0151rizd, hogy nem korl\u00e1toznak-e abban, hogy 6-12 h\u00f3napig egy versenyt\u00e1rsn\u00e1l dolgozz! Magyarorsz\u00e1gon a munk\u00e1ltat\u00f3 nem \u00e9rv\u00e9nyes\u00edtheti jogilag a munkaviszony megsz\u0171n\u00e9se ut\u00e1ni versenytilalmi z\u00e1rad\u00e9kot, hacsak nem fizet Neked megfelel\u0151 alapb\u00e9rt (\u00e1ltal\u00e1ban az alapfizet\u00e9s legal\u00e1bb 33%-\u00e1t a korl\u00e1toz\u00e1s id\u0151tartam\u00e1ra).<\/li>\n\n\n\n<li><strong>Hom\u00e1lyos hivatkoz\u00e1sok a \u201eV\u00e1llalati ir\u00e1nyelvekre\u201d<\/strong>: Gy\u0151z\u0151dj meg arr\u00f3l, hogy minden felt\u00e9tel k\u00f6zvetlen\u00fcl a szerz\u0151d\u00e9sben szerepel, ahelyett, hogy k\u00fcls\u0151 k\u00e9zik\u00f6nyvekre hivatkozna a munk\u00e1ltat\u00f3, amelyeket az (a munk\u00e1ltat\u00f3) m\u00f3dos\u00edthat!<\/li>\n\n\n\n<li><strong>Tisztess\u00e9gtelen nyom\u00e1sgyakorl\u00e1s<\/strong>: Ha a HR vagy a vezet\u0151s\u00e9g azt mondja Neked: \u201eEzt most azonnal al\u00e1 kell \u00edrnod, miel\u0151tt elhagyod a szob\u00e1t\u201d, az egy komoly v\u00e9szjelz\u00e9s! Jogilag mindig jogosult vagy arra, hogy \u00e1tvedd a szerz\u0151d\u00e9st, konzult\u00e1lj egy \u00fcgyv\u00e9ddel, \u00e9s \u00e9sszer\u0171 id\u0151n bel\u00fcl (\u00e1ltal\u00e1ban n\u00e9h\u00e1ny napon bel\u00fcl) visszak\u00fcldd.<\/li>\n<\/ul>","protected":false},"excerpt":{"rendered":"<p>1. Az aranyszab\u00e1ly: A szerz\u0151d\u00e9s t\u00edpus\u00e1nak meghat\u00e1roz\u00e1sa El\u0151sz\u00f6r is n\u00e9zd meg a c\u00edmet! Munk\u00e1ltat\u00f3i felmond\u00e1sr\u00f3l van sz\u00f3, vagy K\u00f6z\u00f6s megegyez\u00e9sr\u0151l? 2. A l\u00e9nyeg, amit bele kell foglalni Ha k\u00f6z\u00f6s meg\u00e1llapod\u00e1st \u00edrtok al\u00e1, gy\u0151z\u0151djetek meg r\u00f3la, hogy ezek k\u00f6z\u00fcl mindegyik t\u00e9tel kifejezetten le van \u00edrva! A sz\u00f3beli \u00edg\u00e9retek semmit sem jelentenek. 3. &#8222;V\u00f6r\u00f6s z\u00e1szl\u00f3k&#8221; (figyelmeztet\u0151 jelek), &hellip; <\/p>\n<p class=\"link-more\"><a href=\"https:\/\/www.iksz.eu\/en\/munkaltato-felmondas-kozos-megegyezes\/\" class=\"more-link\">Continue reading<span class=\"screen-reader-text\"> &#8222;Munk\u00e1ltat\u00f3i felmond\u00e1s\/k\u00f6z\u00f6s megegyez\u00e9s&#8221;<\/span><\/a><\/p>","protected":false},"author":1,"featured_media":0,"parent":0,"menu_order":0,"comment_status":"closed","ping_status":"closed","template":"","meta":{"footnotes":""},"class_list":["post-998","page","type-page","status-publish","hentry"],"yoast_head":"<!-- This site is optimized with the Yoast SEO plugin v27.4 - https:\/\/yoast.com\/product\/yoast-seo-wordpress\/ -->\n<title>Munk\u00e1ltat\u00f3i felmond\u00e1s\/k\u00f6z\u00f6s megegyez\u00e9s - Info Kommunik\u00e1ci\u00f3s Szakszervezet<\/title>\n<meta name=\"robots\" content=\"index, follow, max-snippet:-1, max-image-preview:large, max-video-preview:-1\" \/>\n<link rel=\"canonical\" href=\"https:\/\/www.iksz.eu\/en\/munkaltato-felmondas-kozos-megegyezes\/\" \/>\n<meta property=\"og:locale\" content=\"en_GB\" \/>\n<meta property=\"og:type\" content=\"article\" \/>\n<meta property=\"og:title\" content=\"Munk\u00e1ltat\u00f3i felmond\u00e1s\/k\u00f6z\u00f6s megegyez\u00e9s - Info Kommunik\u00e1ci\u00f3s Szakszervezet\" \/>\n<meta property=\"og:description\" content=\"1. Az aranyszab\u00e1ly: A szerz\u0151d\u00e9s t\u00edpus\u00e1nak meghat\u00e1roz\u00e1sa El\u0151sz\u00f6r is n\u00e9zd meg a c\u00edmet! Munk\u00e1ltat\u00f3i felmond\u00e1sr\u00f3l van sz\u00f3, vagy K\u00f6z\u00f6s megegyez\u00e9sr\u0151l? 2. A l\u00e9nyeg, amit bele kell foglalni Ha k\u00f6z\u00f6s meg\u00e1llapod\u00e1st \u00edrtok al\u00e1, gy\u0151z\u0151djetek meg r\u00f3la, hogy ezek k\u00f6z\u00fcl mindegyik t\u00e9tel kifejezetten le van \u00edrva! A sz\u00f3beli \u00edg\u00e9retek semmit sem jelentenek. 3. &#8222;V\u00f6r\u00f6s z\u00e1szl\u00f3k&#8221; (figyelmeztet\u0151 jelek), &hellip; Continue reading &quot;Munk\u00e1ltat\u00f3i felmond\u00e1s\/k\u00f6z\u00f6s megegyez\u00e9s&quot;\" \/>\n<meta property=\"og:url\" content=\"https:\/\/www.iksz.eu\/en\/munkaltato-felmondas-kozos-megegyezes\/\" \/>\n<meta property=\"og:site_name\" content=\"Info Kommunik\u00e1ci\u00f3s Szakszervezet\" \/>\n<meta property=\"article:modified_time\" content=\"2026-04-13T22:04:33+00:00\" \/>\n<meta name=\"twitter:card\" content=\"summary_large_image\" \/>\n<meta name=\"twitter:label1\" content=\"Estimated reading time\" \/>\n\t<meta name=\"twitter:data1\" content=\"3 minutes\" \/>\n<script type=\"application\/ld+json\" class=\"yoast-schema-graph\">{\"@context\":\"https:\\\/\\\/schema.org\",\"@graph\":[{\"@type\":\"WebPage\",\"@id\":\"https:\\\/\\\/www.iksz.eu\\\/munkaltato-felmondas-kozos-megegyezes\\\/\",\"url\":\"https:\\\/\\\/www.iksz.eu\\\/munkaltato-felmondas-kozos-megegyezes\\\/\",\"name\":\"Munk\u00e1ltat\u00f3i felmond\u00e1s\\\/k\u00f6z\u00f6s megegyez\u00e9s - Info Kommunik\u00e1ci\u00f3s Szakszervezet\",\"isPartOf\":{\"@id\":\"https:\\\/\\\/www.iksz.eu\\\/#website\"},\"datePublished\":\"2026-04-13T22:01:09+00:00\",\"dateModified\":\"2026-04-13T22:04:33+00:00\",\"breadcrumb\":{\"@id\":\"https:\\\/\\\/www.iksz.eu\\\/munkaltato-felmondas-kozos-megegyezes\\\/#breadcrumb\"},\"inLanguage\":\"en-GB\",\"potentialAction\":[{\"@type\":\"ReadAction\",\"target\":[\"https:\\\/\\\/www.iksz.eu\\\/munkaltato-felmondas-kozos-megegyezes\\\/\"]}]},{\"@type\":\"BreadcrumbList\",\"@id\":\"https:\\\/\\\/www.iksz.eu\\\/munkaltato-felmondas-kozos-megegyezes\\\/#breadcrumb\",\"itemListElement\":[{\"@type\":\"ListItem\",\"position\":1,\"name\":\"Kezd\u0151lap\",\"item\":\"https:\\\/\\\/www.iksz.eu\\\/\"},{\"@type\":\"ListItem\",\"position\":2,\"name\":\"Munk\u00e1ltat\u00f3i felmond\u00e1s\\\/k\u00f6z\u00f6s megegyez\u00e9s\"}]},{\"@type\":\"WebSite\",\"@id\":\"https:\\\/\\\/www.iksz.eu\\\/#website\",\"url\":\"https:\\\/\\\/www.iksz.eu\\\/\",\"name\":\"Info Kommunik\u00e1ci\u00f3s Szakszervezet \\\/ IKSZ\",\"description\":\"\",\"publisher\":{\"@id\":\"https:\\\/\\\/www.iksz.eu\\\/#organization\"},\"potentialAction\":[{\"@type\":\"SearchAction\",\"target\":{\"@type\":\"EntryPoint\",\"urlTemplate\":\"https:\\\/\\\/www.iksz.eu\\\/?s={search_term_string}\"},\"query-input\":{\"@type\":\"PropertyValueSpecification\",\"valueRequired\":true,\"valueName\":\"search_term_string\"}}],\"inLanguage\":\"en-GB\"},{\"@type\":\"Organization\",\"@id\":\"https:\\\/\\\/www.iksz.eu\\\/#organization\",\"name\":\"Info Kommunik\u00e1ci\u00f3s Szakszervezet \\\/ IKSZ\",\"url\":\"https:\\\/\\\/www.iksz.eu\\\/\",\"logo\":{\"@type\":\"ImageObject\",\"inLanguage\":\"en-GB\",\"@id\":\"https:\\\/\\\/www.iksz.eu\\\/#\\\/schema\\\/logo\\\/image\\\/\",\"url\":\"https:\\\/\\\/www.iksz.eu\\\/wp-content\\\/uploads\\\/2025\\\/01\\\/cropped-ginop_iksz.png\",\"contentUrl\":\"https:\\\/\\\/www.iksz.eu\\\/wp-content\\\/uploads\\\/2025\\\/01\\\/cropped-ginop_iksz.png\",\"width\":1125,\"height\":250,\"caption\":\"Info Kommunik\u00e1ci\u00f3s Szakszervezet \\\/ IKSZ\"},\"image\":{\"@id\":\"https:\\\/\\\/www.iksz.eu\\\/#\\\/schema\\\/logo\\\/image\\\/\"}}]}<\/script>\n<!-- \/ Yoast SEO plugin. -->","yoast_head_json":{"title":"Munk\u00e1ltat\u00f3i felmond\u00e1s\/k\u00f6z\u00f6s megegyez\u00e9s - Info Kommunik\u00e1ci\u00f3s Szakszervezet","robots":{"index":"index","follow":"follow","max-snippet":"max-snippet:-1","max-image-preview":"max-image-preview:large","max-video-preview":"max-video-preview:-1"},"canonical":"https:\/\/www.iksz.eu\/en\/munkaltato-felmondas-kozos-megegyezes\/","og_locale":"en_GB","og_type":"article","og_title":"Munk\u00e1ltat\u00f3i felmond\u00e1s\/k\u00f6z\u00f6s megegyez\u00e9s - Info Kommunik\u00e1ci\u00f3s Szakszervezet","og_description":"1. Az aranyszab\u00e1ly: A szerz\u0151d\u00e9s t\u00edpus\u00e1nak meghat\u00e1roz\u00e1sa El\u0151sz\u00f6r is n\u00e9zd meg a c\u00edmet! Munk\u00e1ltat\u00f3i felmond\u00e1sr\u00f3l van sz\u00f3, vagy K\u00f6z\u00f6s megegyez\u00e9sr\u0151l? 2. A l\u00e9nyeg, amit bele kell foglalni Ha k\u00f6z\u00f6s meg\u00e1llapod\u00e1st \u00edrtok al\u00e1, gy\u0151z\u0151djetek meg r\u00f3la, hogy ezek k\u00f6z\u00fcl mindegyik t\u00e9tel kifejezetten le van \u00edrva! A sz\u00f3beli \u00edg\u00e9retek semmit sem jelentenek. 3. &#8222;V\u00f6r\u00f6s z\u00e1szl\u00f3k&#8221; (figyelmeztet\u0151 jelek), &hellip; Continue reading \"Munk\u00e1ltat\u00f3i felmond\u00e1s\/k\u00f6z\u00f6s megegyez\u00e9s\"","og_url":"https:\/\/www.iksz.eu\/en\/munkaltato-felmondas-kozos-megegyezes\/","og_site_name":"Info Kommunik\u00e1ci\u00f3s Szakszervezet","article_modified_time":"2026-04-13T22:04:33+00:00","twitter_card":"summary_large_image","twitter_misc":{"Estimated reading time":"3 minutes"},"schema":{"@context":"https:\/\/schema.org","@graph":[{"@type":"WebPage","@id":"https:\/\/www.iksz.eu\/munkaltato-felmondas-kozos-megegyezes\/","url":"https:\/\/www.iksz.eu\/munkaltato-felmondas-kozos-megegyezes\/","name":"Munk\u00e1ltat\u00f3i felmond\u00e1s\/k\u00f6z\u00f6s megegyez\u00e9s - Info Kommunik\u00e1ci\u00f3s Szakszervezet","isPartOf":{"@id":"https:\/\/www.iksz.eu\/#website"},"datePublished":"2026-04-13T22:01:09+00:00","dateModified":"2026-04-13T22:04:33+00:00","breadcrumb":{"@id":"https:\/\/www.iksz.eu\/munkaltato-felmondas-kozos-megegyezes\/#breadcrumb"},"inLanguage":"en-GB","potentialAction":[{"@type":"ReadAction","target":["https:\/\/www.iksz.eu\/munkaltato-felmondas-kozos-megegyezes\/"]}]},{"@type":"BreadcrumbList","@id":"https:\/\/www.iksz.eu\/munkaltato-felmondas-kozos-megegyezes\/#breadcrumb","itemListElement":[{"@type":"ListItem","position":1,"name":"Kezd\u0151lap","item":"https:\/\/www.iksz.eu\/"},{"@type":"ListItem","position":2,"name":"Munk\u00e1ltat\u00f3i felmond\u00e1s\/k\u00f6z\u00f6s megegyez\u00e9s"}]},{"@type":"WebSite","@id":"https:\/\/www.iksz.eu\/#website","url":"https:\/\/www.iksz.eu\/","name":"Info Communication Trade Union \/ ICFTU","description":"","publisher":{"@id":"https:\/\/www.iksz.eu\/#organization"},"potentialAction":[{"@type":"SearchAction","target":{"@type":"EntryPoint","urlTemplate":"https:\/\/www.iksz.eu\/?s={search_term_string}"},"query-input":{"@type":"PropertyValueSpecification","valueRequired":true,"valueName":"search_term_string"}}],"inLanguage":"en-GB"},{"@type":"Organization","@id":"https:\/\/www.iksz.eu\/#organization","name":"Info Communication Trade Union \/ ICFTU","url":"https:\/\/www.iksz.eu\/","logo":{"@type":"ImageObject","inLanguage":"en-GB","@id":"https:\/\/www.iksz.eu\/#\/schema\/logo\/image\/","url":"https:\/\/www.iksz.eu\/wp-content\/uploads\/2025\/01\/cropped-ginop_iksz.png","contentUrl":"https:\/\/www.iksz.eu\/wp-content\/uploads\/2025\/01\/cropped-ginop_iksz.png","width":1125,"height":250,"caption":"Info Kommunik\u00e1ci\u00f3s Szakszervezet \/ IKSZ"},"image":{"@id":"https:\/\/www.iksz.eu\/#\/schema\/logo\/image\/"}}]}},"_links":{"self":[{"href":"https:\/\/www.iksz.eu\/en\/wp-json\/wp\/v2\/pages\/998","targetHints":{"allow":["GET"]}}],"collection":[{"href":"https:\/\/www.iksz.eu\/en\/wp-json\/wp\/v2\/pages"}],"about":[{"href":"https:\/\/www.iksz.eu\/en\/wp-json\/wp\/v2\/types\/page"}],"author":[{"embeddable":true,"href":"https:\/\/www.iksz.eu\/en\/wp-json\/wp\/v2\/users\/1"}],"replies":[{"embeddable":true,"href":"https:\/\/www.iksz.eu\/en\/wp-json\/wp\/v2\/comments?post=998"}],"version-history":[{"count":3,"href":"https:\/\/www.iksz.eu\/en\/wp-json\/wp\/v2\/pages\/998\/revisions"}],"predecessor-version":[{"id":1003,"href":"https:\/\/www.iksz.eu\/en\/wp-json\/wp\/v2\/pages\/998\/revisions\/1003"}],"wp:attachment":[{"href":"https:\/\/www.iksz.eu\/en\/wp-json\/wp\/v2\/media?parent=998"}],"curies":[{"name":"wp","href":"https:\/\/api.w.org\/{rel}","templated":true}]}}